{"id":5235,"date":"2016-03-07T14:49:44","date_gmt":"2016-03-07T19:49:44","guid":{"rendered":"http:\/\/gpjbaker.com\/fr\/?page_id=5235"},"modified":"2025-09-08T14:40:55","modified_gmt":"2025-09-08T19:40:55","slug":"thom-filicia","status":"publish","type":"page","link":"https:\/\/www.gpjbaker.com\/fr\/marques\/kravet\/thom-filicia\/","title":{"rendered":"Thom Filicia"},"content":{"rendered":"<div class=\"wpb-content-wrapper\">[vc_row full_width=&#8221;1&#8243;][vc_column][vc_column_text]D\u00e9corateur d&#8217;int\u00e9rieur, Thom Filicia jouit d&#8217;une r\u00e9putation mondiale pour ses d\u00e9corations \u00e0 la fois contemporaines et classiques, \u00e0 l&#8217;esth\u00e9tisme chaleureux, et qui refl\u00e8tent la personnalit\u00e9 de ses clients. La cr\u00e9ativit\u00e9 incontournable de Filicia a \u00e9t\u00e9 maintes fois r\u00e9compens\u00e9e et ses cr\u00e9ations publi\u00e9es dans de nombreux magazines \u00e0 travers le monde. Sa collection s&#8217;inspire du chic am\u00e9ricain, avec des tissus aux basiques confortables, faciles \u00e0 vivre, et qui comporte \u00e9galement des imprim\u00e9s audacieux et exclusifs. La collection de Thom propose aussi de la passementerie tr\u00e8s raffin\u00e9e, des cordons, des rubans tr\u00e8s actuels pour apporter la touche finale \u00e0 tout projet d&#8217;ameublement.[\/vc_column_text][vc_raw_js]JTNDc2NyaXB0JTIwdHlwZSUzRCUyMnRleHQlMkZqYXZhc2NyaXB0JTIyJTNFJTIwdmFyJTIwc2VhcmNoVVJMJTIwJTNEJTIwJTIyc29ydCUzRERBVEUlMjZ1c2UlM0RNdWx0aXB1cnBvc2UlMkNVcGhvbHN0ZXJ5JTJDQ3VydGFpbnMlMjZjb2xsZWN0aW9uJTNEVGhvbSUyMEZpbGljaWElMjBDb2xsZWN0aW9uJTIyJTNCJTNDJTJGc2NyaXB0JTNF[\/vc_raw_js][\/vc_column][\/vc_row]<\/div>","protected":false},"excerpt":{"rendered":"[vc_row full_width=&#8221;1&#8243;][vc_column][vc_column_text]D\u00e9corateur d&#8217;int\u00e9rieur, Thom Filicia jouit d&#8217;une r\u00e9putation mondiale pour ses d\u00e9corations \u00e0 la fois contemporaines et classiques, \u00e0 l&#8217;esth\u00e9tisme chaleureux, et qui refl\u00e8tent la personnalit\u00e9 de ses clients. La cr\u00e9ativit\u00e9 incontournable de Filicia a \u00e9t\u00e9 maintes fois r\u00e9compens\u00e9e et ses cr\u00e9ations publi\u00e9es dans de nombreux magazines \u00e0 travers le monde. Sa collection s&#8217;inspire du&#8230; <a class=\"view-article\" href=\"https:\/\/www.gpjbaker.com\/fr\/marques\/kravet\/thom-filicia\/\">Voir l&#8217;article<\/a>","protected":false},"author":1,"featured_media":5584,"parent":5291,"menu_order":9,"comment_status":"closed","ping_status":"closed","template":"template-collections.php","meta":{"footnotes":""},"class_list":["post-5235","page","type-page","status-publish","has-post-thumbnail","hentry","page_language-fr"],"yoast_head":"<!-- This site is optimized with the Yoast SEO plugin v26.8 - https:\/\/yoast.com\/product\/yoast-seo-wordpress\/ -->\n<title>Thom Filicia - G P &amp; J Baker<\/title>\n<meta name=\"robots\" content=\"index, follow, max-snippet:-1, max-image-preview:large, max-video-preview:-1\" \/>\n<link rel=\"canonical\" href=\"https:\/\/www.gpjbaker.com\/fr\/marques\/kravet\/thom-filicia\/\" \/>\n<meta property=\"og:locale\" content=\"fr_FR\" \/>\n<meta property=\"og:type\" content=\"article\" \/>\n<meta property=\"og:title\" content=\"Thom Filicia - G P &amp; J Baker\" \/>\n<meta property=\"og:description\" content=\"[vc_row full_width=&#8221;1&#8243;][vc_column][vc_column_text]D\u00e9corateur d&#8217;int\u00e9rieur, Thom Filicia jouit d&#8217;une r\u00e9putation mondiale pour ses d\u00e9corations \u00e0 la fois contemporaines et classiques, \u00e0 l&#8217;esth\u00e9tisme chaleureux, et qui refl\u00e8tent la personnalit\u00e9 de ses clients. La cr\u00e9ativit\u00e9 incontournable de Filicia a \u00e9t\u00e9 maintes fois r\u00e9compens\u00e9e et ses cr\u00e9ations publi\u00e9es dans de nombreux magazines \u00e0 travers le monde. Sa collection s&#8217;inspire du... Voir l&#039;article\" \/>\n<meta property=\"og:url\" content=\"https:\/\/www.gpjbaker.com\/fr\/marques\/kravet\/thom-filicia\/\" \/>\n<meta property=\"og:site_name\" content=\"G P &amp; J Baker\" \/>\n<meta property=\"article:modified_time\" content=\"2025-09-08T19:40:55+00:00\" \/>\n<meta property=\"og:image\" content=\"https:\/\/www.gpjbaker.com\/wp-content\/uploads\/2016\/03\/thom_filicia_thumb.jpg\" \/>\n\t<meta property=\"og:image:width\" content=\"393\" \/>\n\t<meta property=\"og:image:height\" content=\"255\" \/>\n\t<meta property=\"og:image:type\" content=\"image\/jpeg\" \/>\n<meta name=\"twitter:card\" content=\"summary_large_image\" \/>\n<meta name=\"twitter:label1\" content=\"Est. reading time\" \/>\n\t<meta name=\"twitter:data1\" content=\"1 minute\" \/>\n<script type=\"application\/ld+json\" class=\"yoast-schema-graph\">{\"@context\":\"https:\/\/schema.org\",\"@graph\":[{\"@type\":\"WebPage\",\"@id\":\"https:\/\/www.gpjbaker.com\/fr\/marques\/kravet\/thom-filicia\/\",\"url\":\"https:\/\/www.gpjbaker.com\/fr\/marques\/kravet\/thom-filicia\/\",\"name\":\"Thom Filicia - G P &amp; J Baker\",\"isPartOf\":{\"@id\":\"https:\/\/www.gpjbaker.com\/#website\"},\"primaryImageOfPage\":{\"@id\":\"https:\/\/www.gpjbaker.com\/fr\/marques\/kravet\/thom-filicia\/#primaryimage\"},\"image\":{\"@id\":\"https:\/\/www.gpjbaker.com\/fr\/marques\/kravet\/thom-filicia\/#primaryimage\"},\"thumbnailUrl\":\"https:\/\/www.gpjbaker.com\/wp-content\/uploads\/2016\/03\/thom_filicia_thumb.jpg\",\"datePublished\":\"2016-03-07T19:49:44+00:00\",\"dateModified\":\"2025-09-08T19:40:55+00:00\",\"breadcrumb\":{\"@id\":\"https:\/\/www.gpjbaker.com\/fr\/marques\/kravet\/thom-filicia\/#breadcrumb\"},\"inLanguage\":\"fr-FR\",\"potentialAction\":[{\"@type\":\"ReadAction\",\"target\":[\"https:\/\/www.gpjbaker.com\/fr\/marques\/kravet\/thom-filicia\/\"]}]},{\"@type\":\"ImageObject\",\"inLanguage\":\"fr-FR\",\"@id\":\"https:\/\/www.gpjbaker.com\/fr\/marques\/kravet\/thom-filicia\/#primaryimage\",\"url\":\"https:\/\/www.gpjbaker.com\/wp-content\/uploads\/2016\/03\/thom_filicia_thumb.jpg\",\"contentUrl\":\"https:\/\/www.gpjbaker.com\/wp-content\/uploads\/2016\/03\/thom_filicia_thumb.jpg\",\"width\":393,\"height\":255,\"caption\":\"American Chic, aux basiques confortables et faciles \u00e0 vivre avec aussi d'audacieux imprim\u00e9s griff\u00e9s aux textures sophistiqu\u00e9es\"},{\"@type\":\"BreadcrumbList\",\"@id\":\"https:\/\/www.gpjbaker.com\/fr\/marques\/kravet\/thom-filicia\/#breadcrumb\",\"itemListElement\":[{\"@type\":\"ListItem\",\"position\":1,\"name\":\"Home\",\"item\":\"https:\/\/www.gpjbaker.com\/fr\/\"},{\"@type\":\"ListItem\",\"position\":2,\"name\":\"Marques\",\"item\":\"https:\/\/www.gpjbaker.com\/fr\/marques\/\"},{\"@type\":\"ListItem\",\"position\":3,\"name\":\"Kravet\",\"item\":\"https:\/\/www.gpjbaker.com\/fr\/marques\/kravet\/\"},{\"@type\":\"ListItem\",\"position\":4,\"name\":\"Thom Filicia\"}]},{\"@type\":\"WebSite\",\"@id\":\"https:\/\/www.gpjbaker.com\/#website\",\"url\":\"https:\/\/www.gpjbaker.com\/\",\"name\":\"G P &amp; J Baker\",\"description\":\"\",\"potentialAction\":[{\"@type\":\"SearchAction\",\"target\":{\"@type\":\"EntryPoint\",\"urlTemplate\":\"https:\/\/www.gpjbaker.com\/?s={search_term_string}\"},\"query-input\":{\"@type\":\"PropertyValueSpecification\",\"valueRequired\":true,\"valueName\":\"search_term_string\"}}],\"inLanguage\":\"fr-FR\"}]}<\/script>\n<!-- \/ Yoast SEO plugin. -->","yoast_head_json":{"title":"Thom Filicia - G P &amp; J Baker","robots":{"index":"index","follow":"follow","max-snippet":"max-snippet:-1","max-image-preview":"max-image-preview:large","max-video-preview":"max-video-preview:-1"},"canonical":"https:\/\/www.gpjbaker.com\/fr\/marques\/kravet\/thom-filicia\/","og_locale":"fr_FR","og_type":"article","og_title":"Thom Filicia - G P &amp; J Baker","og_description":"[vc_row full_width=&#8221;1&#8243;][vc_column][vc_column_text]D\u00e9corateur d&#8217;int\u00e9rieur, Thom Filicia jouit d&#8217;une r\u00e9putation mondiale pour ses d\u00e9corations \u00e0 la fois contemporaines et classiques, \u00e0 l&#8217;esth\u00e9tisme chaleureux, et qui refl\u00e8tent la personnalit\u00e9 de ses clients. La cr\u00e9ativit\u00e9 incontournable de Filicia a \u00e9t\u00e9 maintes fois r\u00e9compens\u00e9e et ses cr\u00e9ations publi\u00e9es dans de nombreux magazines \u00e0 travers le monde. Sa collection s&#8217;inspire du... Voir l'article","og_url":"https:\/\/www.gpjbaker.com\/fr\/marques\/kravet\/thom-filicia\/","og_site_name":"G P &amp; J Baker","article_modified_time":"2025-09-08T19:40:55+00:00","og_image":[{"width":393,"height":255,"url":"https:\/\/www.gpjbaker.com\/wp-content\/uploads\/2016\/03\/thom_filicia_thumb.jpg","type":"image\/jpeg"}],"twitter_card":"summary_large_image","twitter_misc":{"Est. reading time":"1 minute"},"schema":{"@context":"https:\/\/schema.org","@graph":[{"@type":"WebPage","@id":"https:\/\/www.gpjbaker.com\/fr\/marques\/kravet\/thom-filicia\/","url":"https:\/\/www.gpjbaker.com\/fr\/marques\/kravet\/thom-filicia\/","name":"Thom Filicia - G P &amp; J Baker","isPartOf":{"@id":"https:\/\/www.gpjbaker.com\/#website"},"primaryImageOfPage":{"@id":"https:\/\/www.gpjbaker.com\/fr\/marques\/kravet\/thom-filicia\/#primaryimage"},"image":{"@id":"https:\/\/www.gpjbaker.com\/fr\/marques\/kravet\/thom-filicia\/#primaryimage"},"thumbnailUrl":"https:\/\/www.gpjbaker.com\/wp-content\/uploads\/2016\/03\/thom_filicia_thumb.jpg","datePublished":"2016-03-07T19:49:44+00:00","dateModified":"2025-09-08T19:40:55+00:00","breadcrumb":{"@id":"https:\/\/www.gpjbaker.com\/fr\/marques\/kravet\/thom-filicia\/#breadcrumb"},"inLanguage":"fr-FR","potentialAction":[{"@type":"ReadAction","target":["https:\/\/www.gpjbaker.com\/fr\/marques\/kravet\/thom-filicia\/"]}]},{"@type":"ImageObject","inLanguage":"fr-FR","@id":"https:\/\/www.gpjbaker.com\/fr\/marques\/kravet\/thom-filicia\/#primaryimage","url":"https:\/\/www.gpjbaker.com\/wp-content\/uploads\/2016\/03\/thom_filicia_thumb.jpg","contentUrl":"https:\/\/www.gpjbaker.com\/wp-content\/uploads\/2016\/03\/thom_filicia_thumb.jpg","width":393,"height":255,"caption":"American Chic, aux basiques confortables et faciles \u00e0 vivre avec aussi d'audacieux imprim\u00e9s griff\u00e9s aux textures sophistiqu\u00e9es"},{"@type":"BreadcrumbList","@id":"https:\/\/www.gpjbaker.com\/fr\/marques\/kravet\/thom-filicia\/#breadcrumb","itemListElement":[{"@type":"ListItem","position":1,"name":"Home","item":"https:\/\/www.gpjbaker.com\/fr\/"},{"@type":"ListItem","position":2,"name":"Marques","item":"https:\/\/www.gpjbaker.com\/fr\/marques\/"},{"@type":"ListItem","position":3,"name":"Kravet","item":"https:\/\/www.gpjbaker.com\/fr\/marques\/kravet\/"},{"@type":"ListItem","position":4,"name":"Thom Filicia"}]},{"@type":"WebSite","@id":"https:\/\/www.gpjbaker.com\/#website","url":"https:\/\/www.gpjbaker.com\/","name":"G P &amp; J Baker","description":"","potentialAction":[{"@type":"SearchAction","target":{"@type":"EntryPoint","urlTemplate":"https:\/\/www.gpjbaker.com\/?s={search_term_string}"},"query-input":{"@type":"PropertyValueSpecification","valueRequired":true,"valueName":"search_term_string"}}],"inLanguage":"fr-FR"}]}},"_links":{"self":[{"href":"https:\/\/www.gpjbaker.com\/fr\/wp-json\/wp\/v2\/pages\/5235","targetHints":{"allow":["GET"]}}],"collection":[{"href":"https:\/\/www.gpjbaker.com\/fr\/wp-json\/wp\/v2\/pages"}],"about":[{"href":"https:\/\/www.gpjbaker.com\/fr\/wp-json\/wp\/v2\/types\/page"}],"author":[{"embeddable":true,"href":"https:\/\/www.gpjbaker.com\/fr\/wp-json\/wp\/v2\/users\/1"}],"replies":[{"embeddable":true,"href":"https:\/\/www.gpjbaker.com\/fr\/wp-json\/wp\/v2\/comments?post=5235"}],"version-history":[{"count":1,"href":"https:\/\/www.gpjbaker.com\/fr\/wp-json\/wp\/v2\/pages\/5235\/revisions"}],"predecessor-version":[{"id":6224,"href":"https:\/\/www.gpjbaker.com\/fr\/wp-json\/wp\/v2\/pages\/5235\/revisions\/6224"}],"up":[{"embeddable":true,"href":"https:\/\/www.gpjbaker.com\/fr\/wp-json\/wp\/v2\/pages\/5291"}],"wp:featuredmedia":[{"embeddable":true,"href":"https:\/\/www.gpjbaker.com\/fr\/wp-json\/wp\/v2\/media\/5584"}],"wp:attachment":[{"href":"https:\/\/www.gpjbaker.com\/fr\/wp-json\/wp\/v2\/media?parent=5235"}],"curies":[{"name":"wp","href":"https:\/\/api.w.org\/{rel}","templated":true}]}}