{"id":5234,"date":"2016-03-07T14:32:53","date_gmt":"2016-03-07T19:32:53","guid":{"rendered":"http:\/\/gpjbaker.com\/fr\/?page_id=5234"},"modified":"2025-09-08T14:40:56","modified_gmt":"2025-09-08T19:40:56","slug":"diane-von-furstenberg","status":"publish","type":"page","link":"https:\/\/www.gpjbaker.com\/fr\/marques\/kravet\/diane-von-furstenberg\/","title":{"rendered":"Diane von Furstenberg"},"content":{"rendered":"<div class=\"wpb-content-wrapper\">[vc_row full_width=&#8221;1&#8243;][vc_column][vc_column_text]La premi\u00e8re collection de tissus Von Furstenberg pour Kravet est le moyen le plus s\u00fbr de faire entrer la haute couture \u00e0 votre domicile. Cette collection, aux audacieux imprim\u00e9s d&#8217;animaux qui caract\u00e9risent cette cr\u00e9atrice, chat tachet\u00e9 ou z\u00e8bre funk, est fortement ancr\u00e9e sur le noir et blanc avec quelques touches de couleur. Elle propose aussi des figures g\u00e9om\u00e9triques abstraites, pour une touche d&#8217;\u00e9clectisme con\u00e7ue pour \u00eatre coordonn\u00e9e et assortie. Les coloris propos\u00e9s vont de la groseille et teintes orang\u00e9es, inspir\u00e9s des couchers de soleil du Rajasthan, aux bleus clair pour rappeler la mer des Cara\u00efbes et \u00e0 des tonalit\u00e9s neutres, sable et gris, inspir\u00e9es du d\u00e9sert. La collection comprend aussi de la passementerie sur mesure pour accentuer un exotisme cher \u00e0 cette cr\u00e9atrice, \u00e0 l&#8217;esth\u00e9tisme renomm\u00e9e.[\/vc_column_text][vc_raw_js]JTNDc2NyaXB0JTIwdHlwZSUzRCUyMnRleHQlMkZqYXZhc2NyaXB0JTIyJTNFJTIwdmFyJTIwZmFicmljc1VSTCUyMCUzRCUyMCUyMnNvcnQlM0REQVRFJTI2dXNlJTNETXVsdGlwdXJwb3NlJTJDVXBob2xzdGVyeSUyQ0N1cnRhaW5zJTI2Y29sbGVjdGlvbiUzRERpYW5lJTIwVm9uJTIwRnVyc3RlbmJlcmclMjBTaWduYXR1cmUlMjIlM0IlMjB2YXIlMjB0cmltVVJMJTIwJTNEJTIwJTIyc29ydCUzRERBVEUlMjZ1c2UlM0RUcmltJTI2Y29sbGVjdGlvbiUzRERpYW5lJTIwVm9uJTIwRnVyc3RlbmJlcmclMjBTaWduYXR1cmUlMjBUcmltJTIyJTNCJTNDJTJGc2NyaXB0JTNF[\/vc_raw_js][\/vc_column][\/vc_row]<\/div>","protected":false},"excerpt":{"rendered":"[vc_row full_width=&#8221;1&#8243;][vc_column][vc_column_text]La premi\u00e8re collection de tissus Von Furstenberg pour Kravet est le moyen le plus s\u00fbr de faire entrer la haute couture \u00e0 votre domicile. Cette collection, aux audacieux imprim\u00e9s d&#8217;animaux qui caract\u00e9risent cette cr\u00e9atrice, chat tachet\u00e9 ou z\u00e8bre funk, est fortement ancr\u00e9e sur le noir et blanc avec quelques touches de couleur. Elle propose&#8230; <a class=\"view-article\" href=\"https:\/\/www.gpjbaker.com\/fr\/marques\/kravet\/diane-von-furstenberg\/\">Voir l&#8217;article<\/a>","protected":false},"author":1,"featured_media":6211,"parent":5291,"menu_order":20,"comment_status":"closed","ping_status":"closed","template":"template-collections.php","meta":{"footnotes":""},"class_list":["post-5234","page","type-page","status-publish","has-post-thumbnail","hentry","page_language-fr"],"yoast_head":"<!-- This site is optimized with the Yoast SEO plugin v26.8 - https:\/\/yoast.com\/product\/yoast-seo-wordpress\/ -->\n<title>Diane von Furstenberg - G P &amp; J Baker<\/title>\n<meta name=\"robots\" content=\"index, follow, max-snippet:-1, max-image-preview:large, max-video-preview:-1\" \/>\n<link rel=\"canonical\" href=\"https:\/\/www.gpjbaker.com\/fr\/marques\/kravet\/diane-von-furstenberg\/\" \/>\n<meta property=\"og:locale\" content=\"fr_FR\" \/>\n<meta property=\"og:type\" content=\"article\" \/>\n<meta property=\"og:title\" content=\"Diane von Furstenberg - G P &amp; J Baker\" \/>\n<meta property=\"og:description\" content=\"[vc_row full_width=&#8221;1&#8243;][vc_column][vc_column_text]La premi\u00e8re collection de tissus Von Furstenberg pour Kravet est le moyen le plus s\u00fbr de faire entrer la haute couture \u00e0 votre domicile. Cette collection, aux audacieux imprim\u00e9s d&#8217;animaux qui caract\u00e9risent cette cr\u00e9atrice, chat tachet\u00e9 ou z\u00e8bre funk, est fortement ancr\u00e9e sur le noir et blanc avec quelques touches de couleur. Elle propose... Voir l&#039;article\" \/>\n<meta property=\"og:url\" content=\"https:\/\/www.gpjbaker.com\/fr\/marques\/kravet\/diane-von-furstenberg\/\" \/>\n<meta property=\"og:site_name\" content=\"G P &amp; J Baker\" \/>\n<meta property=\"article:modified_time\" content=\"2025-09-08T19:40:56+00:00\" \/>\n<meta property=\"og:image\" content=\"https:\/\/www.gpjbaker.com\/wp-content\/uploads\/2015\/09\/dvf_thumb.jpg\" \/>\n\t<meta property=\"og:image:width\" content=\"393\" \/>\n\t<meta property=\"og:image:height\" content=\"255\" \/>\n\t<meta property=\"og:image:type\" content=\"image\/jpeg\" \/>\n<meta name=\"twitter:card\" content=\"summary_large_image\" \/>\n<meta name=\"twitter:label1\" content=\"Est. reading time\" \/>\n\t<meta name=\"twitter:data1\" content=\"1 minute\" \/>\n<script type=\"application\/ld+json\" class=\"yoast-schema-graph\">{\"@context\":\"https:\/\/schema.org\",\"@graph\":[{\"@type\":\"WebPage\",\"@id\":\"https:\/\/www.gpjbaker.com\/fr\/marques\/kravet\/diane-von-furstenberg\/\",\"url\":\"https:\/\/www.gpjbaker.com\/fr\/marques\/kravet\/diane-von-furstenberg\/\",\"name\":\"Diane von Furstenberg - G P &amp; J Baker\",\"isPartOf\":{\"@id\":\"https:\/\/www.gpjbaker.com\/#website\"},\"primaryImageOfPage\":{\"@id\":\"https:\/\/www.gpjbaker.com\/fr\/marques\/kravet\/diane-von-furstenberg\/#primaryimage\"},\"image\":{\"@id\":\"https:\/\/www.gpjbaker.com\/fr\/marques\/kravet\/diane-von-furstenberg\/#primaryimage\"},\"thumbnailUrl\":\"https:\/\/www.gpjbaker.com\/wp-content\/uploads\/2015\/09\/dvf_thumb.jpg\",\"datePublished\":\"2016-03-07T19:32:53+00:00\",\"dateModified\":\"2025-09-08T19:40:56+00:00\",\"breadcrumb\":{\"@id\":\"https:\/\/www.gpjbaker.com\/fr\/marques\/kravet\/diane-von-furstenberg\/#breadcrumb\"},\"inLanguage\":\"fr-FR\",\"potentialAction\":[{\"@type\":\"ReadAction\",\"target\":[\"https:\/\/www.gpjbaker.com\/fr\/marques\/kravet\/diane-von-furstenberg\/\"]}]},{\"@type\":\"ImageObject\",\"inLanguage\":\"fr-FR\",\"@id\":\"https:\/\/www.gpjbaker.com\/fr\/marques\/kravet\/diane-von-furstenberg\/#primaryimage\",\"url\":\"https:\/\/www.gpjbaker.com\/wp-content\/uploads\/2015\/09\/dvf_thumb.jpg\",\"contentUrl\":\"https:\/\/www.gpjbaker.com\/wp-content\/uploads\/2015\/09\/dvf_thumb.jpg\",\"width\":393,\"height\":255,\"caption\":\"Ic\u00f4ne l\u00e9gendaire de la mode, DVF apporte son merveilleux sens cr\u00e9atif et de la couleur \u00e0 cette collection\"},{\"@type\":\"BreadcrumbList\",\"@id\":\"https:\/\/www.gpjbaker.com\/fr\/marques\/kravet\/diane-von-furstenberg\/#breadcrumb\",\"itemListElement\":[{\"@type\":\"ListItem\",\"position\":1,\"name\":\"Home\",\"item\":\"https:\/\/www.gpjbaker.com\/fr\/\"},{\"@type\":\"ListItem\",\"position\":2,\"name\":\"Marques\",\"item\":\"https:\/\/www.gpjbaker.com\/fr\/marques\/\"},{\"@type\":\"ListItem\",\"position\":3,\"name\":\"Kravet\",\"item\":\"https:\/\/www.gpjbaker.com\/fr\/marques\/kravet\/\"},{\"@type\":\"ListItem\",\"position\":4,\"name\":\"Diane von Furstenberg\"}]},{\"@type\":\"WebSite\",\"@id\":\"https:\/\/www.gpjbaker.com\/#website\",\"url\":\"https:\/\/www.gpjbaker.com\/\",\"name\":\"G P &amp; J Baker\",\"description\":\"\",\"potentialAction\":[{\"@type\":\"SearchAction\",\"target\":{\"@type\":\"EntryPoint\",\"urlTemplate\":\"https:\/\/www.gpjbaker.com\/?s={search_term_string}\"},\"query-input\":{\"@type\":\"PropertyValueSpecification\",\"valueRequired\":true,\"valueName\":\"search_term_string\"}}],\"inLanguage\":\"fr-FR\"}]}<\/script>\n<!-- \/ Yoast SEO plugin. -->","yoast_head_json":{"title":"Diane von Furstenberg - G P &amp; J Baker","robots":{"index":"index","follow":"follow","max-snippet":"max-snippet:-1","max-image-preview":"max-image-preview:large","max-video-preview":"max-video-preview:-1"},"canonical":"https:\/\/www.gpjbaker.com\/fr\/marques\/kravet\/diane-von-furstenberg\/","og_locale":"fr_FR","og_type":"article","og_title":"Diane von Furstenberg - G P &amp; J Baker","og_description":"[vc_row full_width=&#8221;1&#8243;][vc_column][vc_column_text]La premi\u00e8re collection de tissus Von Furstenberg pour Kravet est le moyen le plus s\u00fbr de faire entrer la haute couture \u00e0 votre domicile. Cette collection, aux audacieux imprim\u00e9s d&#8217;animaux qui caract\u00e9risent cette cr\u00e9atrice, chat tachet\u00e9 ou z\u00e8bre funk, est fortement ancr\u00e9e sur le noir et blanc avec quelques touches de couleur. Elle propose... Voir l'article","og_url":"https:\/\/www.gpjbaker.com\/fr\/marques\/kravet\/diane-von-furstenberg\/","og_site_name":"G P &amp; J Baker","article_modified_time":"2025-09-08T19:40:56+00:00","og_image":[{"width":393,"height":255,"url":"https:\/\/www.gpjbaker.com\/wp-content\/uploads\/2015\/09\/dvf_thumb.jpg","type":"image\/jpeg"}],"twitter_card":"summary_large_image","twitter_misc":{"Est. reading time":"1 minute"},"schema":{"@context":"https:\/\/schema.org","@graph":[{"@type":"WebPage","@id":"https:\/\/www.gpjbaker.com\/fr\/marques\/kravet\/diane-von-furstenberg\/","url":"https:\/\/www.gpjbaker.com\/fr\/marques\/kravet\/diane-von-furstenberg\/","name":"Diane von Furstenberg - G P &amp; J Baker","isPartOf":{"@id":"https:\/\/www.gpjbaker.com\/#website"},"primaryImageOfPage":{"@id":"https:\/\/www.gpjbaker.com\/fr\/marques\/kravet\/diane-von-furstenberg\/#primaryimage"},"image":{"@id":"https:\/\/www.gpjbaker.com\/fr\/marques\/kravet\/diane-von-furstenberg\/#primaryimage"},"thumbnailUrl":"https:\/\/www.gpjbaker.com\/wp-content\/uploads\/2015\/09\/dvf_thumb.jpg","datePublished":"2016-03-07T19:32:53+00:00","dateModified":"2025-09-08T19:40:56+00:00","breadcrumb":{"@id":"https:\/\/www.gpjbaker.com\/fr\/marques\/kravet\/diane-von-furstenberg\/#breadcrumb"},"inLanguage":"fr-FR","potentialAction":[{"@type":"ReadAction","target":["https:\/\/www.gpjbaker.com\/fr\/marques\/kravet\/diane-von-furstenberg\/"]}]},{"@type":"ImageObject","inLanguage":"fr-FR","@id":"https:\/\/www.gpjbaker.com\/fr\/marques\/kravet\/diane-von-furstenberg\/#primaryimage","url":"https:\/\/www.gpjbaker.com\/wp-content\/uploads\/2015\/09\/dvf_thumb.jpg","contentUrl":"https:\/\/www.gpjbaker.com\/wp-content\/uploads\/2015\/09\/dvf_thumb.jpg","width":393,"height":255,"caption":"Ic\u00f4ne l\u00e9gendaire de la mode, DVF apporte son merveilleux sens cr\u00e9atif et de la couleur \u00e0 cette collection"},{"@type":"BreadcrumbList","@id":"https:\/\/www.gpjbaker.com\/fr\/marques\/kravet\/diane-von-furstenberg\/#breadcrumb","itemListElement":[{"@type":"ListItem","position":1,"name":"Home","item":"https:\/\/www.gpjbaker.com\/fr\/"},{"@type":"ListItem","position":2,"name":"Marques","item":"https:\/\/www.gpjbaker.com\/fr\/marques\/"},{"@type":"ListItem","position":3,"name":"Kravet","item":"https:\/\/www.gpjbaker.com\/fr\/marques\/kravet\/"},{"@type":"ListItem","position":4,"name":"Diane von Furstenberg"}]},{"@type":"WebSite","@id":"https:\/\/www.gpjbaker.com\/#website","url":"https:\/\/www.gpjbaker.com\/","name":"G P &amp; J Baker","description":"","potentialAction":[{"@type":"SearchAction","target":{"@type":"EntryPoint","urlTemplate":"https:\/\/www.gpjbaker.com\/?s={search_term_string}"},"query-input":{"@type":"PropertyValueSpecification","valueRequired":true,"valueName":"search_term_string"}}],"inLanguage":"fr-FR"}]}},"_links":{"self":[{"href":"https:\/\/www.gpjbaker.com\/fr\/wp-json\/wp\/v2\/pages\/5234","targetHints":{"allow":["GET"]}}],"collection":[{"href":"https:\/\/www.gpjbaker.com\/fr\/wp-json\/wp\/v2\/pages"}],"about":[{"href":"https:\/\/www.gpjbaker.com\/fr\/wp-json\/wp\/v2\/types\/page"}],"author":[{"embeddable":true,"href":"https:\/\/www.gpjbaker.com\/fr\/wp-json\/wp\/v2\/users\/1"}],"replies":[{"embeddable":true,"href":"https:\/\/www.gpjbaker.com\/fr\/wp-json\/wp\/v2\/comments?post=5234"}],"version-history":[{"count":1,"href":"https:\/\/www.gpjbaker.com\/fr\/wp-json\/wp\/v2\/pages\/5234\/revisions"}],"predecessor-version":[{"id":6212,"href":"https:\/\/www.gpjbaker.com\/fr\/wp-json\/wp\/v2\/pages\/5234\/revisions\/6212"}],"up":[{"embeddable":true,"href":"https:\/\/www.gpjbaker.com\/fr\/wp-json\/wp\/v2\/pages\/5291"}],"wp:featuredmedia":[{"embeddable":true,"href":"https:\/\/www.gpjbaker.com\/fr\/wp-json\/wp\/v2\/media\/6211"}],"wp:attachment":[{"href":"https:\/\/www.gpjbaker.com\/fr\/wp-json\/wp\/v2\/media?parent=5234"}],"curies":[{"name":"wp","href":"https:\/\/api.w.org\/{rel}","templated":true}]}}