{"id":5228,"date":"2016-03-07T16:55:29","date_gmt":"2016-03-07T21:55:29","guid":{"rendered":"http:\/\/gpjbaker.com\/fr\/?page_id=5228"},"modified":"2025-09-09T11:17:35","modified_gmt":"2025-09-09T16:17:35","slug":"heirloom-wallpapers","status":"publish","type":"page","link":"https:\/\/www.gpjbaker.com\/fr\/marques\/mulberry-home\/heirloom-wallpapers\/","title":{"rendered":"Heirloom Wallpapers"},"content":{"rendered":"<div class=\"wpb-content-wrapper\">[vc_row full_width=&#8221;1&#8243;][vc_column][vc_column_text]Cette superbe collection propose des papiers peints aux motifs aussi audacieux que subtils.\u00a0De ravissants motifs \u00e0 fleurs s&#8217;inspirant de l&#8217;impression au tampon du 19\u00e8me si\u00e8cle ainsi qu&#8217;un \u00e9l\u00e9gant cachemire faisant r\u00e9f\u00e9rence aux ch\u00e2les indiens sont associ\u00e9s aux embl\u00e9matiques &#8220;Flying Ducks&#8221; de Mulberry Home.\u00a0Mais la collection propose aussi des damas d\u00e9licatement orn\u00e9s, un joli petit motif et de belles \u00e9toffes \u00e0 rayure aux proportions bien \u00e9quilibr\u00e9es .\r\n\r\nLes coloris se d\u00e9clinent en toute une gamme de coloris, au rouge si caract\u00e9ristique, ambre et am\u00e9thyste, bleu serein, eau du Nil, gris ardoise et d\u00e9licates teintes naturelles vanille et amande.[\/vc_column_text][vc_raw_js]JTNDc2NyaXB0JTIwdHlwZSUzRCUyMnRleHQlMkZqYXZhc2NyaXB0JTIyJTNFJTIwdmFyJTIwc2VhcmNoVVJMJTIwJTNEJTIwJTIyc29ydCUzRERBVEUlMjZ1c2UlM0RXYWxsY292ZXJpbmclMjZjb2xsZWN0aW9uJTNESGVpcmxvb20lMjBXYWxscGFwZXJzJTIyJTNCJTNDJTJGc2NyaXB0JTNF[\/vc_raw_js][\/vc_column][\/vc_row]<\/div>","protected":false},"excerpt":{"rendered":"[vc_row full_width=&#8221;1&#8243;][vc_column][vc_column_text]Cette superbe collection propose des papiers peints aux motifs aussi audacieux que subtils.\u00a0De ravissants motifs \u00e0 fleurs s&#8217;inspirant de l&#8217;impression au tampon du 19\u00e8me si\u00e8cle ainsi qu&#8217;un \u00e9l\u00e9gant cachemire faisant r\u00e9f\u00e9rence aux ch\u00e2les indiens sont associ\u00e9s aux embl\u00e9matiques &#8220;Flying Ducks&#8221; de Mulberry Home.\u00a0Mais la collection propose aussi des damas d\u00e9licatement orn\u00e9s, un joli petit&#8230; <a class=\"view-article\" href=\"https:\/\/www.gpjbaker.com\/fr\/marques\/mulberry-home\/heirloom-wallpapers\/\">Voir l&#8217;article<\/a>","protected":false},"author":1,"featured_media":6440,"parent":5294,"menu_order":7,"comment_status":"closed","ping_status":"closed","template":"template-collections.php","meta":{"footnotes":""},"class_list":["post-5228","page","type-page","status-publish","has-post-thumbnail","hentry","page_language-fr"],"yoast_head":"<!-- This site is optimized with the Yoast SEO plugin v26.8 - https:\/\/yoast.com\/product\/yoast-seo-wordpress\/ -->\n<title>Heirloom Wallpapers - G P &amp; J Baker<\/title>\n<meta name=\"robots\" content=\"index, follow, max-snippet:-1, max-image-preview:large, max-video-preview:-1\" \/>\n<link rel=\"canonical\" href=\"https:\/\/www.gpjbaker.com\/fr\/marques\/mulberry-home\/heirloom-wallpapers\/\" \/>\n<meta property=\"og:locale\" content=\"fr_FR\" \/>\n<meta property=\"og:type\" content=\"article\" \/>\n<meta property=\"og:title\" content=\"Heirloom Wallpapers - G P &amp; J Baker\" \/>\n<meta property=\"og:description\" content=\"[vc_row full_width=&#8221;1&#8243;][vc_column][vc_column_text]Cette superbe collection propose des papiers peints aux motifs aussi audacieux que subtils.\u00a0De ravissants motifs \u00e0 fleurs s&#8217;inspirant de l&#8217;impression au tampon du 19\u00e8me si\u00e8cle ainsi qu&#8217;un \u00e9l\u00e9gant cachemire faisant r\u00e9f\u00e9rence aux ch\u00e2les indiens sont associ\u00e9s aux embl\u00e9matiques &#8220;Flying Ducks&#8221; de Mulberry Home.\u00a0Mais la collection propose aussi des damas d\u00e9licatement orn\u00e9s, un joli petit... Voir l&#039;article\" \/>\n<meta property=\"og:url\" content=\"https:\/\/www.gpjbaker.com\/fr\/marques\/mulberry-home\/heirloom-wallpapers\/\" \/>\n<meta property=\"og:site_name\" content=\"G P &amp; J Baker\" \/>\n<meta property=\"article:modified_time\" content=\"2025-09-09T16:17:35+00:00\" \/>\n<meta property=\"og:image\" content=\"https:\/\/www.gpjbaker.com\/wp-content\/uploads\/2016\/03\/col-heirloom-wallpaper-e1478897286932.jpg\" \/>\n\t<meta property=\"og:image:width\" content=\"400\" \/>\n\t<meta property=\"og:image:height\" content=\"255\" \/>\n\t<meta property=\"og:image:type\" content=\"image\/jpeg\" \/>\n<meta name=\"twitter:card\" content=\"summary_large_image\" \/>\n<meta name=\"twitter:label1\" content=\"Est. reading time\" \/>\n\t<meta name=\"twitter:data1\" content=\"1 minute\" \/>\n<script type=\"application\/ld+json\" class=\"yoast-schema-graph\">{\"@context\":\"https:\/\/schema.org\",\"@graph\":[{\"@type\":\"WebPage\",\"@id\":\"https:\/\/www.gpjbaker.com\/fr\/marques\/mulberry-home\/heirloom-wallpapers\/\",\"url\":\"https:\/\/www.gpjbaker.com\/fr\/marques\/mulberry-home\/heirloom-wallpapers\/\",\"name\":\"Heirloom Wallpapers - G P &amp; J Baker\",\"isPartOf\":{\"@id\":\"https:\/\/www.gpjbaker.com\/#website\"},\"primaryImageOfPage\":{\"@id\":\"https:\/\/www.gpjbaker.com\/fr\/marques\/mulberry-home\/heirloom-wallpapers\/#primaryimage\"},\"image\":{\"@id\":\"https:\/\/www.gpjbaker.com\/fr\/marques\/mulberry-home\/heirloom-wallpapers\/#primaryimage\"},\"thumbnailUrl\":\"https:\/\/www.gpjbaker.com\/wp-content\/uploads\/2016\/03\/col-heirloom-wallpaper-e1478897286932.jpg\",\"datePublished\":\"2016-03-07T21:55:29+00:00\",\"dateModified\":\"2025-09-09T16:17:35+00:00\",\"breadcrumb\":{\"@id\":\"https:\/\/www.gpjbaker.com\/fr\/marques\/mulberry-home\/heirloom-wallpapers\/#breadcrumb\"},\"inLanguage\":\"fr-FR\",\"potentialAction\":[{\"@type\":\"ReadAction\",\"target\":[\"https:\/\/www.gpjbaker.com\/fr\/marques\/mulberry-home\/heirloom-wallpapers\/\"]}]},{\"@type\":\"ImageObject\",\"inLanguage\":\"fr-FR\",\"@id\":\"https:\/\/www.gpjbaker.com\/fr\/marques\/mulberry-home\/heirloom-wallpapers\/#primaryimage\",\"url\":\"https:\/\/www.gpjbaker.com\/wp-content\/uploads\/2016\/03\/col-heirloom-wallpaper-e1478897286932.jpg\",\"contentUrl\":\"https:\/\/www.gpjbaker.com\/wp-content\/uploads\/2016\/03\/col-heirloom-wallpaper-e1478897286932.jpg\",\"width\":400,\"height\":255,\"caption\":\"Cette extraordinaire ligne de papiers peints exclusifs propose des motifs \u00e0 la fois audacieux et subtils dans les tr\u00e8s belles tonalit\u00e9s de Mulberry Home\"},{\"@type\":\"BreadcrumbList\",\"@id\":\"https:\/\/www.gpjbaker.com\/fr\/marques\/mulberry-home\/heirloom-wallpapers\/#breadcrumb\",\"itemListElement\":[{\"@type\":\"ListItem\",\"position\":1,\"name\":\"Home\",\"item\":\"https:\/\/www.gpjbaker.com\/fr\/\"},{\"@type\":\"ListItem\",\"position\":2,\"name\":\"Marques\",\"item\":\"https:\/\/www.gpjbaker.com\/fr\/marques\/\"},{\"@type\":\"ListItem\",\"position\":3,\"name\":\"Mulberry Home\",\"item\":\"https:\/\/www.gpjbaker.com\/fr\/marques\/mulberry-home\/\"},{\"@type\":\"ListItem\",\"position\":4,\"name\":\"Heirloom Wallpapers\"}]},{\"@type\":\"WebSite\",\"@id\":\"https:\/\/www.gpjbaker.com\/#website\",\"url\":\"https:\/\/www.gpjbaker.com\/\",\"name\":\"G P &amp; J Baker\",\"description\":\"\",\"potentialAction\":[{\"@type\":\"SearchAction\",\"target\":{\"@type\":\"EntryPoint\",\"urlTemplate\":\"https:\/\/www.gpjbaker.com\/?s={search_term_string}\"},\"query-input\":{\"@type\":\"PropertyValueSpecification\",\"valueRequired\":true,\"valueName\":\"search_term_string\"}}],\"inLanguage\":\"fr-FR\"}]}<\/script>\n<!-- \/ Yoast SEO plugin. -->","yoast_head_json":{"title":"Heirloom Wallpapers - G P &amp; J Baker","robots":{"index":"index","follow":"follow","max-snippet":"max-snippet:-1","max-image-preview":"max-image-preview:large","max-video-preview":"max-video-preview:-1"},"canonical":"https:\/\/www.gpjbaker.com\/fr\/marques\/mulberry-home\/heirloom-wallpapers\/","og_locale":"fr_FR","og_type":"article","og_title":"Heirloom Wallpapers - G P &amp; J Baker","og_description":"[vc_row full_width=&#8221;1&#8243;][vc_column][vc_column_text]Cette superbe collection propose des papiers peints aux motifs aussi audacieux que subtils.\u00a0De ravissants motifs \u00e0 fleurs s&#8217;inspirant de l&#8217;impression au tampon du 19\u00e8me si\u00e8cle ainsi qu&#8217;un \u00e9l\u00e9gant cachemire faisant r\u00e9f\u00e9rence aux ch\u00e2les indiens sont associ\u00e9s aux embl\u00e9matiques &#8220;Flying Ducks&#8221; de Mulberry Home.\u00a0Mais la collection propose aussi des damas d\u00e9licatement orn\u00e9s, un joli petit... Voir l'article","og_url":"https:\/\/www.gpjbaker.com\/fr\/marques\/mulberry-home\/heirloom-wallpapers\/","og_site_name":"G P &amp; J Baker","article_modified_time":"2025-09-09T16:17:35+00:00","og_image":[{"width":400,"height":255,"url":"https:\/\/www.gpjbaker.com\/wp-content\/uploads\/2016\/03\/col-heirloom-wallpaper-e1478897286932.jpg","type":"image\/jpeg"}],"twitter_card":"summary_large_image","twitter_misc":{"Est. reading time":"1 minute"},"schema":{"@context":"https:\/\/schema.org","@graph":[{"@type":"WebPage","@id":"https:\/\/www.gpjbaker.com\/fr\/marques\/mulberry-home\/heirloom-wallpapers\/","url":"https:\/\/www.gpjbaker.com\/fr\/marques\/mulberry-home\/heirloom-wallpapers\/","name":"Heirloom Wallpapers - G P &amp; J Baker","isPartOf":{"@id":"https:\/\/www.gpjbaker.com\/#website"},"primaryImageOfPage":{"@id":"https:\/\/www.gpjbaker.com\/fr\/marques\/mulberry-home\/heirloom-wallpapers\/#primaryimage"},"image":{"@id":"https:\/\/www.gpjbaker.com\/fr\/marques\/mulberry-home\/heirloom-wallpapers\/#primaryimage"},"thumbnailUrl":"https:\/\/www.gpjbaker.com\/wp-content\/uploads\/2016\/03\/col-heirloom-wallpaper-e1478897286932.jpg","datePublished":"2016-03-07T21:55:29+00:00","dateModified":"2025-09-09T16:17:35+00:00","breadcrumb":{"@id":"https:\/\/www.gpjbaker.com\/fr\/marques\/mulberry-home\/heirloom-wallpapers\/#breadcrumb"},"inLanguage":"fr-FR","potentialAction":[{"@type":"ReadAction","target":["https:\/\/www.gpjbaker.com\/fr\/marques\/mulberry-home\/heirloom-wallpapers\/"]}]},{"@type":"ImageObject","inLanguage":"fr-FR","@id":"https:\/\/www.gpjbaker.com\/fr\/marques\/mulberry-home\/heirloom-wallpapers\/#primaryimage","url":"https:\/\/www.gpjbaker.com\/wp-content\/uploads\/2016\/03\/col-heirloom-wallpaper-e1478897286932.jpg","contentUrl":"https:\/\/www.gpjbaker.com\/wp-content\/uploads\/2016\/03\/col-heirloom-wallpaper-e1478897286932.jpg","width":400,"height":255,"caption":"Cette extraordinaire ligne de papiers peints exclusifs propose des motifs \u00e0 la fois audacieux et subtils dans les tr\u00e8s belles tonalit\u00e9s de Mulberry Home"},{"@type":"BreadcrumbList","@id":"https:\/\/www.gpjbaker.com\/fr\/marques\/mulberry-home\/heirloom-wallpapers\/#breadcrumb","itemListElement":[{"@type":"ListItem","position":1,"name":"Home","item":"https:\/\/www.gpjbaker.com\/fr\/"},{"@type":"ListItem","position":2,"name":"Marques","item":"https:\/\/www.gpjbaker.com\/fr\/marques\/"},{"@type":"ListItem","position":3,"name":"Mulberry Home","item":"https:\/\/www.gpjbaker.com\/fr\/marques\/mulberry-home\/"},{"@type":"ListItem","position":4,"name":"Heirloom Wallpapers"}]},{"@type":"WebSite","@id":"https:\/\/www.gpjbaker.com\/#website","url":"https:\/\/www.gpjbaker.com\/","name":"G P &amp; J Baker","description":"","potentialAction":[{"@type":"SearchAction","target":{"@type":"EntryPoint","urlTemplate":"https:\/\/www.gpjbaker.com\/?s={search_term_string}"},"query-input":{"@type":"PropertyValueSpecification","valueRequired":true,"valueName":"search_term_string"}}],"inLanguage":"fr-FR"}]}},"_links":{"self":[{"href":"https:\/\/www.gpjbaker.com\/fr\/wp-json\/wp\/v2\/pages\/5228","targetHints":{"allow":["GET"]}}],"collection":[{"href":"https:\/\/www.gpjbaker.com\/fr\/wp-json\/wp\/v2\/pages"}],"about":[{"href":"https:\/\/www.gpjbaker.com\/fr\/wp-json\/wp\/v2\/types\/page"}],"author":[{"embeddable":true,"href":"https:\/\/www.gpjbaker.com\/fr\/wp-json\/wp\/v2\/users\/1"}],"replies":[{"embeddable":true,"href":"https:\/\/www.gpjbaker.com\/fr\/wp-json\/wp\/v2\/comments?post=5228"}],"version-history":[{"count":1,"href":"https:\/\/www.gpjbaker.com\/fr\/wp-json\/wp\/v2\/pages\/5228\/revisions"}],"predecessor-version":[{"id":6181,"href":"https:\/\/www.gpjbaker.com\/fr\/wp-json\/wp\/v2\/pages\/5228\/revisions\/6181"}],"up":[{"embeddable":true,"href":"https:\/\/www.gpjbaker.com\/fr\/wp-json\/wp\/v2\/pages\/5294"}],"wp:featuredmedia":[{"embeddable":true,"href":"https:\/\/www.gpjbaker.com\/fr\/wp-json\/wp\/v2\/media\/6440"}],"wp:attachment":[{"href":"https:\/\/www.gpjbaker.com\/fr\/wp-json\/wp\/v2\/media?parent=5228"}],"curies":[{"name":"wp","href":"https:\/\/api.w.org\/{rel}","templated":true}]}}