{"id":5227,"date":"2016-03-07T14:03:57","date_gmt":"2016-03-07T19:03:57","guid":{"rendered":"http:\/\/gpjbaker.com\/fr\/?page_id=5227"},"modified":"2025-09-11T14:58:35","modified_gmt":"2025-09-11T19:58:35","slug":"crayford-wallpaper","status":"publish","type":"page","link":"https:\/\/www.gpjbaker.com\/fr\/marques\/gp-j-baker\/crayford-wallpaper\/","title":{"rendered":"Crayford Wallpaper"},"content":{"rendered":"<div class=\"wpb-content-wrapper\">[vc_row full_width=&#8221;1&#8243;][vc_column][vc_column_text]Ces merveilleux tr\u00e9sors provenant des archives de GP &amp; J Baker ont inspir\u00e9 cette exceptionnelle collection. Ces documents historiques uniques, r\u00e9interpr\u00e9t\u00e9s avec fra\u00eecheur, ont ainsi permis d&#8217;\u00e9laborer une gamme d\u2019\u00e9blouissants papiers peints dans diff\u00e9rentes tailles de motifs.\r\n\r\nLes nouvelles tonalit\u00e9s de cette collection introduisent de nouveaux coloris avec un jaune vif et un joli indigo moyen, tandis que des tons patin\u00e9s et des textures en relief sugg\u00e8rent le charme de l\u2019impression au tampon d\u2019antan.[\/vc_column_text][vc_raw_js]JTNDc2NyaXB0JTIwdHlwZSUzRCUyMnRleHQlMkZqYXZhc2NyaXB0JTIyJTNFJTIwJTBBJTBBdmFyJTIwc2VhcmNoVVJMJTIwJTNEJTIwJTIyc29ydCUzRERBVEUlMjZ1c2UlM0RXYWxsY292ZXJpbmclMjZjb2xsZWN0aW9uJTNEQ3JheWZvcmQlMjIlM0IlMEElMEElM0MlMkZzY3JpcHQlM0U=[\/vc_raw_js][\/vc_column][\/vc_row]<\/div>","protected":false},"excerpt":{"rendered":"[vc_row full_width=&#8221;1&#8243;][vc_column][vc_column_text]Ces merveilleux tr\u00e9sors provenant des archives de GP &amp; J Baker ont inspir\u00e9 cette exceptionnelle collection. Ces documents historiques uniques, r\u00e9interpr\u00e9t\u00e9s avec fra\u00eecheur, ont ainsi permis d&#8217;\u00e9laborer une gamme d\u2019\u00e9blouissants papiers peints dans diff\u00e9rentes tailles de motifs. Les nouvelles tonalit\u00e9s de cette collection introduisent de nouveaux coloris avec un jaune vif et un joli&#8230; <a class=\"view-article\" href=\"https:\/\/www.gpjbaker.com\/fr\/marques\/gp-j-baker\/crayford-wallpaper\/\">Voir l&#8217;article<\/a>","protected":false},"author":1,"featured_media":5532,"parent":4605,"menu_order":11,"comment_status":"closed","ping_status":"closed","template":"template-collections.php","meta":{"footnotes":""},"class_list":["post-5227","page","type-page","status-publish","has-post-thumbnail","hentry","page_language-fr"],"yoast_head":"<!-- This site is optimized with the Yoast SEO plugin v26.8 - https:\/\/yoast.com\/product\/yoast-seo-wordpress\/ -->\n<title>Crayford Wallpaper - G P &amp; J Baker<\/title>\n<meta name=\"robots\" content=\"index, follow, max-snippet:-1, max-image-preview:large, max-video-preview:-1\" \/>\n<link rel=\"canonical\" href=\"https:\/\/www.gpjbaker.com\/fr\/marques\/gp-j-baker\/crayford-wallpaper\/\" \/>\n<meta property=\"og:locale\" content=\"fr_FR\" \/>\n<meta property=\"og:type\" content=\"article\" \/>\n<meta property=\"og:title\" content=\"Crayford Wallpaper - G P &amp; J Baker\" \/>\n<meta property=\"og:description\" content=\"[vc_row full_width=&#8221;1&#8243;][vc_column][vc_column_text]Ces merveilleux tr\u00e9sors provenant des archives de GP &amp; J Baker ont inspir\u00e9 cette exceptionnelle collection. Ces documents historiques uniques, r\u00e9interpr\u00e9t\u00e9s avec fra\u00eecheur, ont ainsi permis d&#8217;\u00e9laborer une gamme d\u2019\u00e9blouissants papiers peints dans diff\u00e9rentes tailles de motifs. Les nouvelles tonalit\u00e9s de cette collection introduisent de nouveaux coloris avec un jaune vif et un joli... Voir l&#039;article\" \/>\n<meta property=\"og:url\" content=\"https:\/\/www.gpjbaker.com\/fr\/marques\/gp-j-baker\/crayford-wallpaper\/\" \/>\n<meta property=\"og:site_name\" content=\"G P &amp; J Baker\" \/>\n<meta property=\"article:modified_time\" content=\"2025-09-11T19:58:35+00:00\" \/>\n<meta property=\"og:image\" content=\"https:\/\/www.gpjbaker.com\/wp-content\/uploads\/2016\/03\/col-crayford-wallpaper.jpg\" \/>\n\t<meta property=\"og:image:width\" content=\"400\" \/>\n\t<meta property=\"og:image:height\" content=\"255\" \/>\n\t<meta property=\"og:image:type\" content=\"image\/jpeg\" \/>\n<meta name=\"twitter:card\" content=\"summary_large_image\" \/>\n<meta name=\"twitter:label1\" content=\"Est. reading time\" \/>\n\t<meta name=\"twitter:data1\" content=\"1 minute\" \/>\n<script type=\"application\/ld+json\" class=\"yoast-schema-graph\">{\"@context\":\"https:\/\/schema.org\",\"@graph\":[{\"@type\":\"WebPage\",\"@id\":\"https:\/\/www.gpjbaker.com\/fr\/marques\/gp-j-baker\/crayford-wallpaper\/\",\"url\":\"https:\/\/www.gpjbaker.com\/fr\/marques\/gp-j-baker\/crayford-wallpaper\/\",\"name\":\"Crayford Wallpaper - G P &amp; J Baker\",\"isPartOf\":{\"@id\":\"https:\/\/www.gpjbaker.com\/#website\"},\"primaryImageOfPage\":{\"@id\":\"https:\/\/www.gpjbaker.com\/fr\/marques\/gp-j-baker\/crayford-wallpaper\/#primaryimage\"},\"image\":{\"@id\":\"https:\/\/www.gpjbaker.com\/fr\/marques\/gp-j-baker\/crayford-wallpaper\/#primaryimage\"},\"thumbnailUrl\":\"https:\/\/www.gpjbaker.com\/wp-content\/uploads\/2016\/03\/col-crayford-wallpaper.jpg\",\"datePublished\":\"2016-03-07T19:03:57+00:00\",\"dateModified\":\"2025-09-11T19:58:35+00:00\",\"breadcrumb\":{\"@id\":\"https:\/\/www.gpjbaker.com\/fr\/marques\/gp-j-baker\/crayford-wallpaper\/#breadcrumb\"},\"inLanguage\":\"fr-FR\",\"potentialAction\":[{\"@type\":\"ReadAction\",\"target\":[\"https:\/\/www.gpjbaker.com\/fr\/marques\/gp-j-baker\/crayford-wallpaper\/\"]}]},{\"@type\":\"ImageObject\",\"inLanguage\":\"fr-FR\",\"@id\":\"https:\/\/www.gpjbaker.com\/fr\/marques\/gp-j-baker\/crayford-wallpaper\/#primaryimage\",\"url\":\"https:\/\/www.gpjbaker.com\/wp-content\/uploads\/2016\/03\/col-crayford-wallpaper.jpg\",\"contentUrl\":\"https:\/\/www.gpjbaker.com\/wp-content\/uploads\/2016\/03\/col-crayford-wallpaper.jpg\",\"width\":400,\"height\":255,\"caption\":\"Des documents historiques exceptionnels provenant de GP &amp; J Baker r\u00e9interpr\u00e9t\u00e9s avec fra\u00eecheur, une gamme qui propose d'\u00e9blouissants papiers peints dans diff\u00e9rentes tailles de motifs\"},{\"@type\":\"BreadcrumbList\",\"@id\":\"https:\/\/www.gpjbaker.com\/fr\/marques\/gp-j-baker\/crayford-wallpaper\/#breadcrumb\",\"itemListElement\":[{\"@type\":\"ListItem\",\"position\":1,\"name\":\"Home\",\"item\":\"https:\/\/www.gpjbaker.com\/fr\/\"},{\"@type\":\"ListItem\",\"position\":2,\"name\":\"Marques\",\"item\":\"https:\/\/www.gpjbaker.com\/fr\/marques\/\"},{\"@type\":\"ListItem\",\"position\":3,\"name\":\"GP &#038; J Baker\",\"item\":\"https:\/\/www.gpjbaker.com\/fr\/marques\/gp-j-baker\/\"},{\"@type\":\"ListItem\",\"position\":4,\"name\":\"Crayford Wallpaper\"}]},{\"@type\":\"WebSite\",\"@id\":\"https:\/\/www.gpjbaker.com\/#website\",\"url\":\"https:\/\/www.gpjbaker.com\/\",\"name\":\"G P &amp; J Baker\",\"description\":\"\",\"potentialAction\":[{\"@type\":\"SearchAction\",\"target\":{\"@type\":\"EntryPoint\",\"urlTemplate\":\"https:\/\/www.gpjbaker.com\/?s={search_term_string}\"},\"query-input\":{\"@type\":\"PropertyValueSpecification\",\"valueRequired\":true,\"valueName\":\"search_term_string\"}}],\"inLanguage\":\"fr-FR\"}]}<\/script>\n<!-- \/ Yoast SEO plugin. -->","yoast_head_json":{"title":"Crayford Wallpaper - G P &amp; J Baker","robots":{"index":"index","follow":"follow","max-snippet":"max-snippet:-1","max-image-preview":"max-image-preview:large","max-video-preview":"max-video-preview:-1"},"canonical":"https:\/\/www.gpjbaker.com\/fr\/marques\/gp-j-baker\/crayford-wallpaper\/","og_locale":"fr_FR","og_type":"article","og_title":"Crayford Wallpaper - G P &amp; J Baker","og_description":"[vc_row full_width=&#8221;1&#8243;][vc_column][vc_column_text]Ces merveilleux tr\u00e9sors provenant des archives de GP &amp; J Baker ont inspir\u00e9 cette exceptionnelle collection. Ces documents historiques uniques, r\u00e9interpr\u00e9t\u00e9s avec fra\u00eecheur, ont ainsi permis d&#8217;\u00e9laborer une gamme d\u2019\u00e9blouissants papiers peints dans diff\u00e9rentes tailles de motifs. Les nouvelles tonalit\u00e9s de cette collection introduisent de nouveaux coloris avec un jaune vif et un joli... Voir l'article","og_url":"https:\/\/www.gpjbaker.com\/fr\/marques\/gp-j-baker\/crayford-wallpaper\/","og_site_name":"G P &amp; J Baker","article_modified_time":"2025-09-11T19:58:35+00:00","og_image":[{"width":400,"height":255,"url":"https:\/\/www.gpjbaker.com\/wp-content\/uploads\/2016\/03\/col-crayford-wallpaper.jpg","type":"image\/jpeg"}],"twitter_card":"summary_large_image","twitter_misc":{"Est. reading time":"1 minute"},"schema":{"@context":"https:\/\/schema.org","@graph":[{"@type":"WebPage","@id":"https:\/\/www.gpjbaker.com\/fr\/marques\/gp-j-baker\/crayford-wallpaper\/","url":"https:\/\/www.gpjbaker.com\/fr\/marques\/gp-j-baker\/crayford-wallpaper\/","name":"Crayford Wallpaper - G P &amp; J Baker","isPartOf":{"@id":"https:\/\/www.gpjbaker.com\/#website"},"primaryImageOfPage":{"@id":"https:\/\/www.gpjbaker.com\/fr\/marques\/gp-j-baker\/crayford-wallpaper\/#primaryimage"},"image":{"@id":"https:\/\/www.gpjbaker.com\/fr\/marques\/gp-j-baker\/crayford-wallpaper\/#primaryimage"},"thumbnailUrl":"https:\/\/www.gpjbaker.com\/wp-content\/uploads\/2016\/03\/col-crayford-wallpaper.jpg","datePublished":"2016-03-07T19:03:57+00:00","dateModified":"2025-09-11T19:58:35+00:00","breadcrumb":{"@id":"https:\/\/www.gpjbaker.com\/fr\/marques\/gp-j-baker\/crayford-wallpaper\/#breadcrumb"},"inLanguage":"fr-FR","potentialAction":[{"@type":"ReadAction","target":["https:\/\/www.gpjbaker.com\/fr\/marques\/gp-j-baker\/crayford-wallpaper\/"]}]},{"@type":"ImageObject","inLanguage":"fr-FR","@id":"https:\/\/www.gpjbaker.com\/fr\/marques\/gp-j-baker\/crayford-wallpaper\/#primaryimage","url":"https:\/\/www.gpjbaker.com\/wp-content\/uploads\/2016\/03\/col-crayford-wallpaper.jpg","contentUrl":"https:\/\/www.gpjbaker.com\/wp-content\/uploads\/2016\/03\/col-crayford-wallpaper.jpg","width":400,"height":255,"caption":"Des documents historiques exceptionnels provenant de GP &amp; J Baker r\u00e9interpr\u00e9t\u00e9s avec fra\u00eecheur, une gamme qui propose d'\u00e9blouissants papiers peints dans diff\u00e9rentes tailles de motifs"},{"@type":"BreadcrumbList","@id":"https:\/\/www.gpjbaker.com\/fr\/marques\/gp-j-baker\/crayford-wallpaper\/#breadcrumb","itemListElement":[{"@type":"ListItem","position":1,"name":"Home","item":"https:\/\/www.gpjbaker.com\/fr\/"},{"@type":"ListItem","position":2,"name":"Marques","item":"https:\/\/www.gpjbaker.com\/fr\/marques\/"},{"@type":"ListItem","position":3,"name":"GP &#038; J Baker","item":"https:\/\/www.gpjbaker.com\/fr\/marques\/gp-j-baker\/"},{"@type":"ListItem","position":4,"name":"Crayford Wallpaper"}]},{"@type":"WebSite","@id":"https:\/\/www.gpjbaker.com\/#website","url":"https:\/\/www.gpjbaker.com\/","name":"G P &amp; J Baker","description":"","potentialAction":[{"@type":"SearchAction","target":{"@type":"EntryPoint","urlTemplate":"https:\/\/www.gpjbaker.com\/?s={search_term_string}"},"query-input":{"@type":"PropertyValueSpecification","valueRequired":true,"valueName":"search_term_string"}}],"inLanguage":"fr-FR"}]}},"_links":{"self":[{"href":"https:\/\/www.gpjbaker.com\/fr\/wp-json\/wp\/v2\/pages\/5227","targetHints":{"allow":["GET"]}}],"collection":[{"href":"https:\/\/www.gpjbaker.com\/fr\/wp-json\/wp\/v2\/pages"}],"about":[{"href":"https:\/\/www.gpjbaker.com\/fr\/wp-json\/wp\/v2\/types\/page"}],"author":[{"embeddable":true,"href":"https:\/\/www.gpjbaker.com\/fr\/wp-json\/wp\/v2\/users\/1"}],"replies":[{"embeddable":true,"href":"https:\/\/www.gpjbaker.com\/fr\/wp-json\/wp\/v2\/comments?post=5227"}],"version-history":[{"count":1,"href":"https:\/\/www.gpjbaker.com\/fr\/wp-json\/wp\/v2\/pages\/5227\/revisions"}],"predecessor-version":[{"id":6118,"href":"https:\/\/www.gpjbaker.com\/fr\/wp-json\/wp\/v2\/pages\/5227\/revisions\/6118"}],"up":[{"embeddable":true,"href":"https:\/\/www.gpjbaker.com\/fr\/wp-json\/wp\/v2\/pages\/4605"}],"wp:featuredmedia":[{"embeddable":true,"href":"https:\/\/www.gpjbaker.com\/fr\/wp-json\/wp\/v2\/media\/5532"}],"wp:attachment":[{"href":"https:\/\/www.gpjbaker.com\/fr\/wp-json\/wp\/v2\/media?parent=5227"}],"curies":[{"name":"wp","href":"https:\/\/api.w.org\/{rel}","templated":true}]}}