{"id":5205,"date":"2016-03-07T12:13:27","date_gmt":"2016-03-07T17:13:27","guid":{"rendered":"http:\/\/gpjbaker.com\/fr\/?page_id=5205"},"modified":"2025-09-08T12:50:26","modified_gmt":"2025-09-08T17:50:26","slug":"opera-garden-wallpaper","status":"publish","type":"page","link":"https:\/\/www.gpjbaker.com\/fr\/marques\/baker-lifestyle\/opera-garden-wallpaper\/","title":{"rendered":"Opera Garden Wallpaper"},"content":{"rendered":"<div class=\"wpb-content-wrapper\">[vc_row full_width=&#8221;1&#8243;][vc_column][vc_column_text]\r\n<div id=\"lipsum\">\r\n\r\nInspir\u00e9e par les magnifiques jardins du 18 \u00e8me si\u00e8cle de West Green House et sa superbe saison musicale estivale d&#8217;op\u00e9ras baroque, la collection Opera Garden c\u00e9l\u00e8bre l&#8217;harmonie entre la musique et la nature.\r\n\r\nLe charmant paysage de ses jardins, arbustes pleins de fantaisie, potagers, lacs sereins et vifs cours d&#8217;eau se refl\u00e8te dans une collection de beaux papiers peints cr\u00e9\u00e9s pour saisir la v\u00e9ritable essence de West Green.\u00a0Ils nous font ainsi d\u00e9couvrir une irr\u00e9sistible couv\u00e9e de jolies poules, un petit motif d\u00e9licat, des adaptations de reproductions d&#8217;assiettes plates &#8220;vieux saule&#8221; classiques, des cartes anciennes du temps des botanistes, un motif \u00e0 rayures tr\u00e8s chic et de nostalgiques dessins de feuilles d&#8217;automne.\r\n\r\n<\/div>\r\n[\/vc_column_text][vc_raw_js]JTNDc2NyaXB0JTIwdHlwZSUzRCUyMnRleHQlMkZqYXZhc2NyaXB0JTIyJTNFJTIwJTBBJTBBdmFyJTIwc2VhcmNoVVJMJTIwJTNEJTIwJTIyc29ydCUzRERBVEUlMjZ1c2UlM0RXYWxsY292ZXJpbmclMjZjb2xsZWN0aW9uJTNET3BlcmElMjBHYXJkZW4lMjIlM0IlMEElMEElM0MlMkZzY3JpcHQlM0UlMEE=[\/vc_raw_js][\/vc_column][\/vc_row]<\/div>","protected":false},"excerpt":{"rendered":"[vc_row full_width=&#8221;1&#8243;][vc_column][vc_column_text] Inspir\u00e9e par les magnifiques jardins du 18 \u00e8me si\u00e8cle de West Green House et sa superbe saison musicale estivale d&#8217;op\u00e9ras baroque, la collection Opera Garden c\u00e9l\u00e8bre l&#8217;harmonie entre la musique et la nature. Le charmant paysage de ses jardins, arbustes pleins de fantaisie, potagers, lacs sereins et vifs cours d&#8217;eau se refl\u00e8te dans&#8230; <a class=\"view-article\" href=\"https:\/\/www.gpjbaker.com\/fr\/marques\/baker-lifestyle\/opera-garden-wallpaper\/\">Voir l&#8217;article<\/a>","protected":false},"author":1,"featured_media":5558,"parent":5290,"menu_order":9,"comment_status":"closed","ping_status":"closed","template":"template-collections.php","meta":{"footnotes":""},"class_list":["post-5205","page","type-page","status-publish","has-post-thumbnail","hentry","page_language-fr"],"yoast_head":"<!-- This site is optimized with the Yoast SEO plugin v26.8 - https:\/\/yoast.com\/product\/yoast-seo-wordpress\/ -->\n<title>Opera Garden Wallpaper - G P &amp; J Baker<\/title>\n<meta name=\"robots\" content=\"index, follow, max-snippet:-1, max-image-preview:large, max-video-preview:-1\" \/>\n<link rel=\"canonical\" href=\"https:\/\/www.gpjbaker.com\/fr\/marques\/baker-lifestyle\/opera-garden-wallpaper\/\" \/>\n<meta property=\"og:locale\" content=\"fr_FR\" \/>\n<meta property=\"og:type\" content=\"article\" \/>\n<meta property=\"og:title\" content=\"Opera Garden Wallpaper - G P &amp; J Baker\" \/>\n<meta property=\"og:description\" content=\"[vc_row full_width=&#8221;1&#8243;][vc_column][vc_column_text] Inspir\u00e9e par les magnifiques jardins du 18 \u00e8me si\u00e8cle de West Green House et sa superbe saison musicale estivale d&#8217;op\u00e9ras baroque, la collection Opera Garden c\u00e9l\u00e8bre l&#8217;harmonie entre la musique et la nature. Le charmant paysage de ses jardins, arbustes pleins de fantaisie, potagers, lacs sereins et vifs cours d&#8217;eau se refl\u00e8te dans... Voir l&#039;article\" \/>\n<meta property=\"og:url\" content=\"https:\/\/www.gpjbaker.com\/fr\/marques\/baker-lifestyle\/opera-garden-wallpaper\/\" \/>\n<meta property=\"og:site_name\" content=\"G P &amp; J Baker\" \/>\n<meta property=\"article:modified_time\" content=\"2025-09-08T17:50:26+00:00\" \/>\n<meta property=\"og:image\" content=\"https:\/\/www.gpjbaker.com\/wp-content\/uploads\/2016\/03\/col-opera-gardens-wallpaper.jpg\" \/>\n\t<meta property=\"og:image:width\" content=\"400\" \/>\n\t<meta property=\"og:image:height\" content=\"255\" \/>\n\t<meta property=\"og:image:type\" content=\"image\/jpeg\" \/>\n<meta name=\"twitter:card\" content=\"summary_large_image\" \/>\n<meta name=\"twitter:label1\" content=\"Est. reading time\" \/>\n\t<meta name=\"twitter:data1\" content=\"1 minute\" \/>\n<script type=\"application\/ld+json\" class=\"yoast-schema-graph\">{\"@context\":\"https:\/\/schema.org\",\"@graph\":[{\"@type\":\"WebPage\",\"@id\":\"https:\/\/www.gpjbaker.com\/fr\/marques\/baker-lifestyle\/opera-garden-wallpaper\/\",\"url\":\"https:\/\/www.gpjbaker.com\/fr\/marques\/baker-lifestyle\/opera-garden-wallpaper\/\",\"name\":\"Opera Garden Wallpaper - G P &amp; J Baker\",\"isPartOf\":{\"@id\":\"https:\/\/www.gpjbaker.com\/#website\"},\"primaryImageOfPage\":{\"@id\":\"https:\/\/www.gpjbaker.com\/fr\/marques\/baker-lifestyle\/opera-garden-wallpaper\/#primaryimage\"},\"image\":{\"@id\":\"https:\/\/www.gpjbaker.com\/fr\/marques\/baker-lifestyle\/opera-garden-wallpaper\/#primaryimage\"},\"thumbnailUrl\":\"https:\/\/www.gpjbaker.com\/wp-content\/uploads\/2016\/03\/col-opera-gardens-wallpaper.jpg\",\"datePublished\":\"2016-03-07T17:13:27+00:00\",\"dateModified\":\"2025-09-08T17:50:26+00:00\",\"breadcrumb\":{\"@id\":\"https:\/\/www.gpjbaker.com\/fr\/marques\/baker-lifestyle\/opera-garden-wallpaper\/#breadcrumb\"},\"inLanguage\":\"fr-FR\",\"potentialAction\":[{\"@type\":\"ReadAction\",\"target\":[\"https:\/\/www.gpjbaker.com\/fr\/marques\/baker-lifestyle\/opera-garden-wallpaper\/\"]}]},{\"@type\":\"ImageObject\",\"inLanguage\":\"fr-FR\",\"@id\":\"https:\/\/www.gpjbaker.com\/fr\/marques\/baker-lifestyle\/opera-garden-wallpaper\/#primaryimage\",\"url\":\"https:\/\/www.gpjbaker.com\/wp-content\/uploads\/2016\/03\/col-opera-gardens-wallpaper.jpg\",\"contentUrl\":\"https:\/\/www.gpjbaker.com\/wp-content\/uploads\/2016\/03\/col-opera-gardens-wallpaper.jpg\",\"width\":400,\"height\":255,\"caption\":\"Une collection de papiers peints inspir\u00e9s par la botanique et pleins de fantaisie pour refl\u00e9ter l'atmosph\u00e8re du 18\u00e8me si\u00e8cle de West Green House\"},{\"@type\":\"BreadcrumbList\",\"@id\":\"https:\/\/www.gpjbaker.com\/fr\/marques\/baker-lifestyle\/opera-garden-wallpaper\/#breadcrumb\",\"itemListElement\":[{\"@type\":\"ListItem\",\"position\":1,\"name\":\"Home\",\"item\":\"https:\/\/www.gpjbaker.com\/fr\/\"},{\"@type\":\"ListItem\",\"position\":2,\"name\":\"Marques\",\"item\":\"https:\/\/www.gpjbaker.com\/fr\/marques\/\"},{\"@type\":\"ListItem\",\"position\":3,\"name\":\"Baker Lifestyle\",\"item\":\"https:\/\/www.gpjbaker.com\/fr\/marques\/baker-lifestyle\/\"},{\"@type\":\"ListItem\",\"position\":4,\"name\":\"Opera Garden Wallpaper\"}]},{\"@type\":\"WebSite\",\"@id\":\"https:\/\/www.gpjbaker.com\/#website\",\"url\":\"https:\/\/www.gpjbaker.com\/\",\"name\":\"G P &amp; J Baker\",\"description\":\"\",\"potentialAction\":[{\"@type\":\"SearchAction\",\"target\":{\"@type\":\"EntryPoint\",\"urlTemplate\":\"https:\/\/www.gpjbaker.com\/?s={search_term_string}\"},\"query-input\":{\"@type\":\"PropertyValueSpecification\",\"valueRequired\":true,\"valueName\":\"search_term_string\"}}],\"inLanguage\":\"fr-FR\"}]}<\/script>\n<!-- \/ Yoast SEO plugin. -->","yoast_head_json":{"title":"Opera Garden Wallpaper - G P &amp; J Baker","robots":{"index":"index","follow":"follow","max-snippet":"max-snippet:-1","max-image-preview":"max-image-preview:large","max-video-preview":"max-video-preview:-1"},"canonical":"https:\/\/www.gpjbaker.com\/fr\/marques\/baker-lifestyle\/opera-garden-wallpaper\/","og_locale":"fr_FR","og_type":"article","og_title":"Opera Garden Wallpaper - G P &amp; J Baker","og_description":"[vc_row full_width=&#8221;1&#8243;][vc_column][vc_column_text] Inspir\u00e9e par les magnifiques jardins du 18 \u00e8me si\u00e8cle de West Green House et sa superbe saison musicale estivale d&#8217;op\u00e9ras baroque, la collection Opera Garden c\u00e9l\u00e8bre l&#8217;harmonie entre la musique et la nature. Le charmant paysage de ses jardins, arbustes pleins de fantaisie, potagers, lacs sereins et vifs cours d&#8217;eau se refl\u00e8te dans... Voir l'article","og_url":"https:\/\/www.gpjbaker.com\/fr\/marques\/baker-lifestyle\/opera-garden-wallpaper\/","og_site_name":"G P &amp; J Baker","article_modified_time":"2025-09-08T17:50:26+00:00","og_image":[{"width":400,"height":255,"url":"https:\/\/www.gpjbaker.com\/wp-content\/uploads\/2016\/03\/col-opera-gardens-wallpaper.jpg","type":"image\/jpeg"}],"twitter_card":"summary_large_image","twitter_misc":{"Est. reading time":"1 minute"},"schema":{"@context":"https:\/\/schema.org","@graph":[{"@type":"WebPage","@id":"https:\/\/www.gpjbaker.com\/fr\/marques\/baker-lifestyle\/opera-garden-wallpaper\/","url":"https:\/\/www.gpjbaker.com\/fr\/marques\/baker-lifestyle\/opera-garden-wallpaper\/","name":"Opera Garden Wallpaper - G P &amp; J Baker","isPartOf":{"@id":"https:\/\/www.gpjbaker.com\/#website"},"primaryImageOfPage":{"@id":"https:\/\/www.gpjbaker.com\/fr\/marques\/baker-lifestyle\/opera-garden-wallpaper\/#primaryimage"},"image":{"@id":"https:\/\/www.gpjbaker.com\/fr\/marques\/baker-lifestyle\/opera-garden-wallpaper\/#primaryimage"},"thumbnailUrl":"https:\/\/www.gpjbaker.com\/wp-content\/uploads\/2016\/03\/col-opera-gardens-wallpaper.jpg","datePublished":"2016-03-07T17:13:27+00:00","dateModified":"2025-09-08T17:50:26+00:00","breadcrumb":{"@id":"https:\/\/www.gpjbaker.com\/fr\/marques\/baker-lifestyle\/opera-garden-wallpaper\/#breadcrumb"},"inLanguage":"fr-FR","potentialAction":[{"@type":"ReadAction","target":["https:\/\/www.gpjbaker.com\/fr\/marques\/baker-lifestyle\/opera-garden-wallpaper\/"]}]},{"@type":"ImageObject","inLanguage":"fr-FR","@id":"https:\/\/www.gpjbaker.com\/fr\/marques\/baker-lifestyle\/opera-garden-wallpaper\/#primaryimage","url":"https:\/\/www.gpjbaker.com\/wp-content\/uploads\/2016\/03\/col-opera-gardens-wallpaper.jpg","contentUrl":"https:\/\/www.gpjbaker.com\/wp-content\/uploads\/2016\/03\/col-opera-gardens-wallpaper.jpg","width":400,"height":255,"caption":"Une collection de papiers peints inspir\u00e9s par la botanique et pleins de fantaisie pour refl\u00e9ter l'atmosph\u00e8re du 18\u00e8me si\u00e8cle de West Green House"},{"@type":"BreadcrumbList","@id":"https:\/\/www.gpjbaker.com\/fr\/marques\/baker-lifestyle\/opera-garden-wallpaper\/#breadcrumb","itemListElement":[{"@type":"ListItem","position":1,"name":"Home","item":"https:\/\/www.gpjbaker.com\/fr\/"},{"@type":"ListItem","position":2,"name":"Marques","item":"https:\/\/www.gpjbaker.com\/fr\/marques\/"},{"@type":"ListItem","position":3,"name":"Baker Lifestyle","item":"https:\/\/www.gpjbaker.com\/fr\/marques\/baker-lifestyle\/"},{"@type":"ListItem","position":4,"name":"Opera Garden Wallpaper"}]},{"@type":"WebSite","@id":"https:\/\/www.gpjbaker.com\/#website","url":"https:\/\/www.gpjbaker.com\/","name":"G P &amp; J Baker","description":"","potentialAction":[{"@type":"SearchAction","target":{"@type":"EntryPoint","urlTemplate":"https:\/\/www.gpjbaker.com\/?s={search_term_string}"},"query-input":{"@type":"PropertyValueSpecification","valueRequired":true,"valueName":"search_term_string"}}],"inLanguage":"fr-FR"}]}},"_links":{"self":[{"href":"https:\/\/www.gpjbaker.com\/fr\/wp-json\/wp\/v2\/pages\/5205","targetHints":{"allow":["GET"]}}],"collection":[{"href":"https:\/\/www.gpjbaker.com\/fr\/wp-json\/wp\/v2\/pages"}],"about":[{"href":"https:\/\/www.gpjbaker.com\/fr\/wp-json\/wp\/v2\/types\/page"}],"author":[{"embeddable":true,"href":"https:\/\/www.gpjbaker.com\/fr\/wp-json\/wp\/v2\/users\/1"}],"replies":[{"embeddable":true,"href":"https:\/\/www.gpjbaker.com\/fr\/wp-json\/wp\/v2\/comments?post=5205"}],"version-history":[{"count":1,"href":"https:\/\/www.gpjbaker.com\/fr\/wp-json\/wp\/v2\/pages\/5205\/revisions"}],"predecessor-version":[{"id":6143,"href":"https:\/\/www.gpjbaker.com\/fr\/wp-json\/wp\/v2\/pages\/5205\/revisions\/6143"}],"up":[{"embeddable":true,"href":"https:\/\/www.gpjbaker.com\/fr\/wp-json\/wp\/v2\/pages\/5290"}],"wp:featuredmedia":[{"embeddable":true,"href":"https:\/\/www.gpjbaker.com\/fr\/wp-json\/wp\/v2\/media\/5558"}],"wp:attachment":[{"href":"https:\/\/www.gpjbaker.com\/fr\/wp-json\/wp\/v2\/media?parent=5205"}],"curies":[{"name":"wp","href":"https:\/\/api.w.org\/{rel}","templated":true}]}}