{"id":5141,"date":"2016-03-07T16:37:14","date_gmt":"2016-03-07T21:37:14","guid":{"rendered":"http:\/\/gpjbaker.com\/fr\/?page_id=5141"},"modified":"2025-09-08T14:45:38","modified_gmt":"2025-09-08T19:45:38","slug":"oscar-de-la-renta","status":"publish","type":"page","link":"https:\/\/www.gpjbaker.com\/fr\/marques\/lee-jofa\/oscar-de-la-renta\/","title":{"rendered":"Oscar De La Renta"},"content":{"rendered":"<div class=\"wpb-content-wrapper\">[vc_row full_width=&#8221;1&#8243;][vc_column][vc_column_text]Oscar de la Renta, l&#8217;un des plus grands couturiers au monde, a cr\u00e9\u00e9 deux superbes collections pour Lee Jofa.\u00a0Dans le sillage de la pr\u00e9c\u00e9dente collection, cette nouvelle collection propose un travail de tr\u00e8s grande qualit\u00e9 aux finitions soign\u00e9es, marque de fabrique d&#8217;Oscar de la Renta.\r\n\r\nUn chintz aux motifs fleuris et romantiques, des broderies exotiques sur une \u00e9toffe d&#8217;inspiration kuba, cette collection est en osmose avec la cr\u00e9ativit\u00e9 de ses collections haute couture. De nouveaux motifs brod\u00e9s, de pr\u00e9cieux ikats ainsi que des motifs d&#8217;inspiration ethnique, aux tr\u00e8s belles tonalit\u00e9s, sont d\u00e9clin\u00e9s selon une vision r\u00e9solument moderne pour ajouter une touche de sophistication et d&#8217;\u00e9l\u00e9gance \u00e0 chaque int\u00e9rieur.[\/vc_column_text][vc_raw_js]JTNDc2NyaXB0JTIwdHlwZSUzRCUyMnRleHQlMkZqYXZhc2NyaXB0JTIyJTNFJTIwJTBBJTBBdmFyJTIwc2VhcmNoVVJMJTIwJTNEJTIwJTIyc29ydCUzRERBVEUlMjZ1c2UlM0RNdWx0aXB1cnBvc2UlMkNVcGhvbHN0ZXJ5JTJDQ3VydGFpbnMlMjZjb2xsZWN0aW9uJTNET3NjYXIlMjBEZSUyMExhJTIwUmVudGElMjBJaSUyMiUzQiUwQSUwQSUzQyUyRnNjcmlwdCUzRQ==[\/vc_raw_js][\/vc_column][\/vc_row]<\/div>","protected":false},"excerpt":{"rendered":"[vc_row full_width=&#8221;1&#8243;][vc_column][vc_column_text]Oscar de la Renta, l&#8217;un des plus grands couturiers au monde, a cr\u00e9\u00e9 deux superbes collections pour Lee Jofa.\u00a0Dans le sillage de la pr\u00e9c\u00e9dente collection, cette nouvelle collection propose un travail de tr\u00e8s grande qualit\u00e9 aux finitions soign\u00e9es, marque de fabrique d&#8217;Oscar de la Renta. Un chintz aux motifs fleuris et romantiques, des broderies&#8230; <a class=\"view-article\" href=\"https:\/\/www.gpjbaker.com\/fr\/marques\/lee-jofa\/oscar-de-la-renta\/\">Voir l&#8217;article<\/a>","protected":false},"author":1,"featured_media":5586,"parent":5287,"menu_order":15,"comment_status":"closed","ping_status":"closed","template":"template-collections.php","meta":{"footnotes":""},"class_list":["post-5141","page","type-page","status-publish","has-post-thumbnail","hentry","page_language-fr"],"yoast_head":"<!-- This site is optimized with the Yoast SEO plugin v26.8 - https:\/\/yoast.com\/product\/yoast-seo-wordpress\/ -->\n<title>Oscar De La Renta - G P &amp; J Baker<\/title>\n<meta name=\"robots\" content=\"index, follow, max-snippet:-1, max-image-preview:large, max-video-preview:-1\" \/>\n<link rel=\"canonical\" href=\"https:\/\/www.gpjbaker.com\/fr\/marques\/lee-jofa\/oscar-de-la-renta\/\" \/>\n<meta property=\"og:locale\" content=\"fr_FR\" \/>\n<meta property=\"og:type\" content=\"article\" \/>\n<meta property=\"og:title\" content=\"Oscar De La Renta - G P &amp; J Baker\" \/>\n<meta property=\"og:description\" content=\"[vc_row full_width=&#8221;1&#8243;][vc_column][vc_column_text]Oscar de la Renta, l&#8217;un des plus grands couturiers au monde, a cr\u00e9\u00e9 deux superbes collections pour Lee Jofa.\u00a0Dans le sillage de la pr\u00e9c\u00e9dente collection, cette nouvelle collection propose un travail de tr\u00e8s grande qualit\u00e9 aux finitions soign\u00e9es, marque de fabrique d&#8217;Oscar de la Renta. Un chintz aux motifs fleuris et romantiques, des broderies... Voir l&#039;article\" \/>\n<meta property=\"og:url\" content=\"https:\/\/www.gpjbaker.com\/fr\/marques\/lee-jofa\/oscar-de-la-renta\/\" \/>\n<meta property=\"og:site_name\" content=\"G P &amp; J Baker\" \/>\n<meta property=\"article:modified_time\" content=\"2025-09-08T19:45:38+00:00\" \/>\n<meta property=\"og:image\" content=\"https:\/\/www.gpjbaker.com\/wp-content\/uploads\/2016\/03\/lee_jofa_brand_thumb.jpg\" \/>\n\t<meta property=\"og:image:width\" content=\"400\" \/>\n\t<meta property=\"og:image:height\" content=\"255\" \/>\n\t<meta property=\"og:image:type\" content=\"image\/jpeg\" \/>\n<meta name=\"twitter:card\" content=\"summary_large_image\" \/>\n<meta name=\"twitter:label1\" content=\"Est. reading time\" \/>\n\t<meta name=\"twitter:data1\" content=\"1 minute\" \/>\n<script type=\"application\/ld+json\" class=\"yoast-schema-graph\">{\"@context\":\"https:\/\/schema.org\",\"@graph\":[{\"@type\":\"WebPage\",\"@id\":\"https:\/\/www.gpjbaker.com\/fr\/marques\/lee-jofa\/oscar-de-la-renta\/\",\"url\":\"https:\/\/www.gpjbaker.com\/fr\/marques\/lee-jofa\/oscar-de-la-renta\/\",\"name\":\"Oscar De La Renta - G P &amp; J Baker\",\"isPartOf\":{\"@id\":\"https:\/\/www.gpjbaker.com\/#website\"},\"primaryImageOfPage\":{\"@id\":\"https:\/\/www.gpjbaker.com\/fr\/marques\/lee-jofa\/oscar-de-la-renta\/#primaryimage\"},\"image\":{\"@id\":\"https:\/\/www.gpjbaker.com\/fr\/marques\/lee-jofa\/oscar-de-la-renta\/#primaryimage\"},\"thumbnailUrl\":\"https:\/\/www.gpjbaker.com\/wp-content\/uploads\/2016\/03\/lee_jofa_brand_thumb.jpg\",\"datePublished\":\"2016-03-07T21:37:14+00:00\",\"dateModified\":\"2025-09-08T19:45:38+00:00\",\"breadcrumb\":{\"@id\":\"https:\/\/www.gpjbaker.com\/fr\/marques\/lee-jofa\/oscar-de-la-renta\/#breadcrumb\"},\"inLanguage\":\"fr-FR\",\"potentialAction\":[{\"@type\":\"ReadAction\",\"target\":[\"https:\/\/www.gpjbaker.com\/fr\/marques\/lee-jofa\/oscar-de-la-renta\/\"]}]},{\"@type\":\"ImageObject\",\"inLanguage\":\"fr-FR\",\"@id\":\"https:\/\/www.gpjbaker.com\/fr\/marques\/lee-jofa\/oscar-de-la-renta\/#primaryimage\",\"url\":\"https:\/\/www.gpjbaker.com\/wp-content\/uploads\/2016\/03\/lee_jofa_brand_thumb.jpg\",\"contentUrl\":\"https:\/\/www.gpjbaker.com\/wp-content\/uploads\/2016\/03\/lee_jofa_brand_thumb.jpg\",\"width\":400,\"height\":255,\"caption\":\"Dans le sillage de la pr\u00e9c\u00e9dente collection, cette nouvelle collection propose un travail de tr\u00e8s grande qualit\u00e9 aux finitions soign\u00e9es, marque de fabrique d'Oscar de la Renta.\"},{\"@type\":\"BreadcrumbList\",\"@id\":\"https:\/\/www.gpjbaker.com\/fr\/marques\/lee-jofa\/oscar-de-la-renta\/#breadcrumb\",\"itemListElement\":[{\"@type\":\"ListItem\",\"position\":1,\"name\":\"Home\",\"item\":\"https:\/\/www.gpjbaker.com\/fr\/\"},{\"@type\":\"ListItem\",\"position\":2,\"name\":\"Marques\",\"item\":\"https:\/\/www.gpjbaker.com\/fr\/marques\/\"},{\"@type\":\"ListItem\",\"position\":3,\"name\":\"Lee Jofa\",\"item\":\"https:\/\/www.gpjbaker.com\/fr\/marques\/lee-jofa\/\"},{\"@type\":\"ListItem\",\"position\":4,\"name\":\"Oscar De La Renta\"}]},{\"@type\":\"WebSite\",\"@id\":\"https:\/\/www.gpjbaker.com\/#website\",\"url\":\"https:\/\/www.gpjbaker.com\/\",\"name\":\"G P &amp; J Baker\",\"description\":\"\",\"potentialAction\":[{\"@type\":\"SearchAction\",\"target\":{\"@type\":\"EntryPoint\",\"urlTemplate\":\"https:\/\/www.gpjbaker.com\/?s={search_term_string}\"},\"query-input\":{\"@type\":\"PropertyValueSpecification\",\"valueRequired\":true,\"valueName\":\"search_term_string\"}}],\"inLanguage\":\"fr-FR\"}]}<\/script>\n<!-- \/ Yoast SEO plugin. -->","yoast_head_json":{"title":"Oscar De La Renta - G P &amp; J Baker","robots":{"index":"index","follow":"follow","max-snippet":"max-snippet:-1","max-image-preview":"max-image-preview:large","max-video-preview":"max-video-preview:-1"},"canonical":"https:\/\/www.gpjbaker.com\/fr\/marques\/lee-jofa\/oscar-de-la-renta\/","og_locale":"fr_FR","og_type":"article","og_title":"Oscar De La Renta - G P &amp; J Baker","og_description":"[vc_row full_width=&#8221;1&#8243;][vc_column][vc_column_text]Oscar de la Renta, l&#8217;un des plus grands couturiers au monde, a cr\u00e9\u00e9 deux superbes collections pour Lee Jofa.\u00a0Dans le sillage de la pr\u00e9c\u00e9dente collection, cette nouvelle collection propose un travail de tr\u00e8s grande qualit\u00e9 aux finitions soign\u00e9es, marque de fabrique d&#8217;Oscar de la Renta. Un chintz aux motifs fleuris et romantiques, des broderies... Voir l'article","og_url":"https:\/\/www.gpjbaker.com\/fr\/marques\/lee-jofa\/oscar-de-la-renta\/","og_site_name":"G P &amp; J Baker","article_modified_time":"2025-09-08T19:45:38+00:00","og_image":[{"width":400,"height":255,"url":"https:\/\/www.gpjbaker.com\/wp-content\/uploads\/2016\/03\/lee_jofa_brand_thumb.jpg","type":"image\/jpeg"}],"twitter_card":"summary_large_image","twitter_misc":{"Est. reading time":"1 minute"},"schema":{"@context":"https:\/\/schema.org","@graph":[{"@type":"WebPage","@id":"https:\/\/www.gpjbaker.com\/fr\/marques\/lee-jofa\/oscar-de-la-renta\/","url":"https:\/\/www.gpjbaker.com\/fr\/marques\/lee-jofa\/oscar-de-la-renta\/","name":"Oscar De La Renta - G P &amp; J Baker","isPartOf":{"@id":"https:\/\/www.gpjbaker.com\/#website"},"primaryImageOfPage":{"@id":"https:\/\/www.gpjbaker.com\/fr\/marques\/lee-jofa\/oscar-de-la-renta\/#primaryimage"},"image":{"@id":"https:\/\/www.gpjbaker.com\/fr\/marques\/lee-jofa\/oscar-de-la-renta\/#primaryimage"},"thumbnailUrl":"https:\/\/www.gpjbaker.com\/wp-content\/uploads\/2016\/03\/lee_jofa_brand_thumb.jpg","datePublished":"2016-03-07T21:37:14+00:00","dateModified":"2025-09-08T19:45:38+00:00","breadcrumb":{"@id":"https:\/\/www.gpjbaker.com\/fr\/marques\/lee-jofa\/oscar-de-la-renta\/#breadcrumb"},"inLanguage":"fr-FR","potentialAction":[{"@type":"ReadAction","target":["https:\/\/www.gpjbaker.com\/fr\/marques\/lee-jofa\/oscar-de-la-renta\/"]}]},{"@type":"ImageObject","inLanguage":"fr-FR","@id":"https:\/\/www.gpjbaker.com\/fr\/marques\/lee-jofa\/oscar-de-la-renta\/#primaryimage","url":"https:\/\/www.gpjbaker.com\/wp-content\/uploads\/2016\/03\/lee_jofa_brand_thumb.jpg","contentUrl":"https:\/\/www.gpjbaker.com\/wp-content\/uploads\/2016\/03\/lee_jofa_brand_thumb.jpg","width":400,"height":255,"caption":"Dans le sillage de la pr\u00e9c\u00e9dente collection, cette nouvelle collection propose un travail de tr\u00e8s grande qualit\u00e9 aux finitions soign\u00e9es, marque de fabrique d'Oscar de la Renta."},{"@type":"BreadcrumbList","@id":"https:\/\/www.gpjbaker.com\/fr\/marques\/lee-jofa\/oscar-de-la-renta\/#breadcrumb","itemListElement":[{"@type":"ListItem","position":1,"name":"Home","item":"https:\/\/www.gpjbaker.com\/fr\/"},{"@type":"ListItem","position":2,"name":"Marques","item":"https:\/\/www.gpjbaker.com\/fr\/marques\/"},{"@type":"ListItem","position":3,"name":"Lee Jofa","item":"https:\/\/www.gpjbaker.com\/fr\/marques\/lee-jofa\/"},{"@type":"ListItem","position":4,"name":"Oscar De La Renta"}]},{"@type":"WebSite","@id":"https:\/\/www.gpjbaker.com\/#website","url":"https:\/\/www.gpjbaker.com\/","name":"G P &amp; J Baker","description":"","potentialAction":[{"@type":"SearchAction","target":{"@type":"EntryPoint","urlTemplate":"https:\/\/www.gpjbaker.com\/?s={search_term_string}"},"query-input":{"@type":"PropertyValueSpecification","valueRequired":true,"valueName":"search_term_string"}}],"inLanguage":"fr-FR"}]}},"_links":{"self":[{"href":"https:\/\/www.gpjbaker.com\/fr\/wp-json\/wp\/v2\/pages\/5141","targetHints":{"allow":["GET"]}}],"collection":[{"href":"https:\/\/www.gpjbaker.com\/fr\/wp-json\/wp\/v2\/pages"}],"about":[{"href":"https:\/\/www.gpjbaker.com\/fr\/wp-json\/wp\/v2\/types\/page"}],"author":[{"embeddable":true,"href":"https:\/\/www.gpjbaker.com\/fr\/wp-json\/wp\/v2\/users\/1"}],"replies":[{"embeddable":true,"href":"https:\/\/www.gpjbaker.com\/fr\/wp-json\/wp\/v2\/comments?post=5141"}],"version-history":[{"count":1,"href":"https:\/\/www.gpjbaker.com\/fr\/wp-json\/wp\/v2\/pages\/5141\/revisions"}],"predecessor-version":[{"id":6233,"href":"https:\/\/www.gpjbaker.com\/fr\/wp-json\/wp\/v2\/pages\/5141\/revisions\/6233"}],"up":[{"embeddable":true,"href":"https:\/\/www.gpjbaker.com\/fr\/wp-json\/wp\/v2\/pages\/5287"}],"wp:featuredmedia":[{"embeddable":true,"href":"https:\/\/www.gpjbaker.com\/fr\/wp-json\/wp\/v2\/media\/5586"}],"wp:attachment":[{"href":"https:\/\/www.gpjbaker.com\/fr\/wp-json\/wp\/v2\/media?parent=5141"}],"curies":[{"name":"wp","href":"https:\/\/api.w.org\/{rel}","templated":true}]}}