{"id":5113,"date":"2016-03-07T13:50:18","date_gmt":"2016-03-07T18:50:18","guid":{"rendered":"http:\/\/gpjbaker.com\/fr\/?page_id=5113"},"modified":"2025-09-11T14:06:36","modified_gmt":"2025-09-11T19:06:36","slug":"david-hicks-by-ashley-hicks-wallpaper","status":"publish","type":"page","link":"https:\/\/www.gpjbaker.com\/fr\/marques\/gp-j-baker\/david-hicks-by-ashley-hicks-wallpaper\/","title":{"rendered":"David Hicks by Ashley Hicks Wallpaper"},"content":{"rendered":"<div class=\"wpb-content-wrapper\">[vc_row full_width=&#8221;1&#8243;][vc_column][vc_column_text]R\u00e9put\u00e9 pour son usage audacieux de la couleur, son \u00e9clectisme et ses motifs g\u00e9om\u00e9triques, David Hicks est reconnu comme l&#8217;un des designers britanniques les plus talentueux et novateurs de la fin du 20\u00e8me si\u00e8cle.\r\n\r\nCette magnifique et nouvelle collection de papiers peints David Hicks, tir\u00e9e de mod\u00e8les originaux d&#8217;archives, a \u00e9t\u00e9 cr\u00e9\u00e9e par GP &amp; J Baker en collaboration avec son fils, Ashley Hicks. Elle associe le graphisme puissant de son p\u00e8re et son sens inn\u00e9 de la couleur \u00e0 une touche contemporaine plus douce et plus facile avec de beaux motifs g\u00e9om\u00e9triques dynamiques ou de grands motifs floraux stylis\u00e9s.[\/vc_column_text][vc_raw_js]JTNDc2NyaXB0JTIwdHlwZSUzRCUyMnRleHQlMkZqYXZhc2NyaXB0JTIyJTNFJTIwJTBBJTBBdmFyJTIwc2VhcmNoVVJMJTIwJTNEJTIwJTIyc29ydCUzRERBVEUlMjZ1c2UlM0RXYWxsY292ZXJpbmclMjZjb2xsZWN0aW9uJTNERGF2aWQlMjBIaWNrcyUyMEJ5JTIwQXNobGV5JTIwSGlja3MlMkNEYXZpZCUyMEhpY2tzJTIwMiUyMEJ5JTIwQXNobGV5JTIwSGlja3MlMkNEYXZpZCUyMEhpY2tzJTIwMyUyMEJ5JTIwQXNobGV5JTIwSGlja3MlMkNEYXZpZCUyMEhpY2tzJTIwQ29sbGVjdGlvbiUyMiUzQiUwQSUwQSUzQyUyRnNjcmlwdCUzRQ==[\/vc_raw_js][\/vc_column][\/vc_row]<\/div>","protected":false},"excerpt":{"rendered":"[vc_row full_width=&#8221;1&#8243;][vc_column][vc_column_text]R\u00e9put\u00e9 pour son usage audacieux de la couleur, son \u00e9clectisme et ses motifs g\u00e9om\u00e9triques, David Hicks est reconnu comme l&#8217;un des designers britanniques les plus talentueux et novateurs de la fin du 20\u00e8me si\u00e8cle. Cette magnifique et nouvelle collection de papiers peints David Hicks, tir\u00e9e de mod\u00e8les originaux d&#8217;archives, a \u00e9t\u00e9 cr\u00e9\u00e9e par GP&#8230; <a class=\"view-article\" href=\"https:\/\/www.gpjbaker.com\/fr\/marques\/gp-j-baker\/david-hicks-by-ashley-hicks-wallpaper\/\">Voir l&#8217;article<\/a>","protected":false},"author":1,"featured_media":5011,"parent":4605,"menu_order":7,"comment_status":"closed","ping_status":"closed","template":"template-collections.php","meta":{"footnotes":""},"class_list":["post-5113","page","type-page","status-publish","has-post-thumbnail","hentry","page_language-fr"],"yoast_head":"<!-- This site is optimized with the Yoast SEO plugin v26.8 - https:\/\/yoast.com\/product\/yoast-seo-wordpress\/ -->\n<title>David Hicks by Ashley Hicks Wallpaper - G P &amp; J Baker<\/title>\n<meta name=\"robots\" content=\"index, follow, max-snippet:-1, max-image-preview:large, max-video-preview:-1\" \/>\n<link rel=\"canonical\" href=\"https:\/\/www.gpjbaker.com\/fr\/marques\/gp-j-baker\/david-hicks-by-ashley-hicks-wallpaper\/\" \/>\n<meta property=\"og:locale\" content=\"fr_FR\" \/>\n<meta property=\"og:type\" content=\"article\" \/>\n<meta property=\"og:title\" content=\"David Hicks by Ashley Hicks Wallpaper - G P &amp; J Baker\" \/>\n<meta property=\"og:description\" content=\"[vc_row full_width=&#8221;1&#8243;][vc_column][vc_column_text]R\u00e9put\u00e9 pour son usage audacieux de la couleur, son \u00e9clectisme et ses motifs g\u00e9om\u00e9triques, David Hicks est reconnu comme l&#8217;un des designers britanniques les plus talentueux et novateurs de la fin du 20\u00e8me si\u00e8cle. Cette magnifique et nouvelle collection de papiers peints David Hicks, tir\u00e9e de mod\u00e8les originaux d&#8217;archives, a \u00e9t\u00e9 cr\u00e9\u00e9e par GP... Voir l&#039;article\" \/>\n<meta property=\"og:url\" content=\"https:\/\/www.gpjbaker.com\/fr\/marques\/gp-j-baker\/david-hicks-by-ashley-hicks-wallpaper\/\" \/>\n<meta property=\"og:site_name\" content=\"G P &amp; J Baker\" \/>\n<meta property=\"article:modified_time\" content=\"2025-09-11T19:06:36+00:00\" \/>\n<meta property=\"og:image\" content=\"https:\/\/www.gpjbaker.com\/wp-content\/uploads\/2015\/09\/image-24-1-e1478895084117.jpg\" \/>\n\t<meta property=\"og:image:width\" content=\"400\" \/>\n\t<meta property=\"og:image:height\" content=\"255\" \/>\n\t<meta property=\"og:image:type\" content=\"image\/jpeg\" \/>\n<meta name=\"twitter:card\" content=\"summary_large_image\" \/>\n<meta name=\"twitter:label1\" content=\"Est. reading time\" \/>\n\t<meta name=\"twitter:data1\" content=\"1 minute\" \/>\n<script type=\"application\/ld+json\" class=\"yoast-schema-graph\">{\"@context\":\"https:\/\/schema.org\",\"@graph\":[{\"@type\":\"WebPage\",\"@id\":\"https:\/\/www.gpjbaker.com\/fr\/marques\/gp-j-baker\/david-hicks-by-ashley-hicks-wallpaper\/\",\"url\":\"https:\/\/www.gpjbaker.com\/fr\/marques\/gp-j-baker\/david-hicks-by-ashley-hicks-wallpaper\/\",\"name\":\"David Hicks by Ashley Hicks Wallpaper - G P &amp; J Baker\",\"isPartOf\":{\"@id\":\"https:\/\/www.gpjbaker.com\/#website\"},\"primaryImageOfPage\":{\"@id\":\"https:\/\/www.gpjbaker.com\/fr\/marques\/gp-j-baker\/david-hicks-by-ashley-hicks-wallpaper\/#primaryimage\"},\"image\":{\"@id\":\"https:\/\/www.gpjbaker.com\/fr\/marques\/gp-j-baker\/david-hicks-by-ashley-hicks-wallpaper\/#primaryimage\"},\"thumbnailUrl\":\"https:\/\/www.gpjbaker.com\/wp-content\/uploads\/2015\/09\/image-24-1-e1478895084117.jpg\",\"datePublished\":\"2016-03-07T18:50:18+00:00\",\"dateModified\":\"2025-09-11T19:06:36+00:00\",\"breadcrumb\":{\"@id\":\"https:\/\/www.gpjbaker.com\/fr\/marques\/gp-j-baker\/david-hicks-by-ashley-hicks-wallpaper\/#breadcrumb\"},\"inLanguage\":\"fr-FR\",\"potentialAction\":[{\"@type\":\"ReadAction\",\"target\":[\"https:\/\/www.gpjbaker.com\/fr\/marques\/gp-j-baker\/david-hicks-by-ashley-hicks-wallpaper\/\"]}]},{\"@type\":\"ImageObject\",\"inLanguage\":\"fr-FR\",\"@id\":\"https:\/\/www.gpjbaker.com\/fr\/marques\/gp-j-baker\/david-hicks-by-ashley-hicks-wallpaper\/#primaryimage\",\"url\":\"https:\/\/www.gpjbaker.com\/wp-content\/uploads\/2015\/09\/image-24-1-e1478895084117.jpg\",\"contentUrl\":\"https:\/\/www.gpjbaker.com\/wp-content\/uploads\/2015\/09\/image-24-1-e1478895084117.jpg\",\"width\":400,\"height\":255,\"caption\":\"Cette tr\u00e8s belle et nouvelle collection de papiers peints de David Hicks associe son graphisme audacieux et son sens inn\u00e9 de la couleur \u00e0 une touche plus contemporaine et passe-partout\"},{\"@type\":\"BreadcrumbList\",\"@id\":\"https:\/\/www.gpjbaker.com\/fr\/marques\/gp-j-baker\/david-hicks-by-ashley-hicks-wallpaper\/#breadcrumb\",\"itemListElement\":[{\"@type\":\"ListItem\",\"position\":1,\"name\":\"Home\",\"item\":\"https:\/\/www.gpjbaker.com\/fr\/\"},{\"@type\":\"ListItem\",\"position\":2,\"name\":\"Marques\",\"item\":\"https:\/\/www.gpjbaker.com\/fr\/marques\/\"},{\"@type\":\"ListItem\",\"position\":3,\"name\":\"GP &#038; J Baker\",\"item\":\"https:\/\/www.gpjbaker.com\/fr\/marques\/gp-j-baker\/\"},{\"@type\":\"ListItem\",\"position\":4,\"name\":\"David Hicks by Ashley Hicks Wallpaper\"}]},{\"@type\":\"WebSite\",\"@id\":\"https:\/\/www.gpjbaker.com\/#website\",\"url\":\"https:\/\/www.gpjbaker.com\/\",\"name\":\"G P &amp; J Baker\",\"description\":\"\",\"potentialAction\":[{\"@type\":\"SearchAction\",\"target\":{\"@type\":\"EntryPoint\",\"urlTemplate\":\"https:\/\/www.gpjbaker.com\/?s={search_term_string}\"},\"query-input\":{\"@type\":\"PropertyValueSpecification\",\"valueRequired\":true,\"valueName\":\"search_term_string\"}}],\"inLanguage\":\"fr-FR\"}]}<\/script>\n<!-- \/ Yoast SEO plugin. -->","yoast_head_json":{"title":"David Hicks by Ashley Hicks Wallpaper - G P &amp; J Baker","robots":{"index":"index","follow":"follow","max-snippet":"max-snippet:-1","max-image-preview":"max-image-preview:large","max-video-preview":"max-video-preview:-1"},"canonical":"https:\/\/www.gpjbaker.com\/fr\/marques\/gp-j-baker\/david-hicks-by-ashley-hicks-wallpaper\/","og_locale":"fr_FR","og_type":"article","og_title":"David Hicks by Ashley Hicks Wallpaper - G P &amp; J Baker","og_description":"[vc_row full_width=&#8221;1&#8243;][vc_column][vc_column_text]R\u00e9put\u00e9 pour son usage audacieux de la couleur, son \u00e9clectisme et ses motifs g\u00e9om\u00e9triques, David Hicks est reconnu comme l&#8217;un des designers britanniques les plus talentueux et novateurs de la fin du 20\u00e8me si\u00e8cle. Cette magnifique et nouvelle collection de papiers peints David Hicks, tir\u00e9e de mod\u00e8les originaux d&#8217;archives, a \u00e9t\u00e9 cr\u00e9\u00e9e par GP... Voir l'article","og_url":"https:\/\/www.gpjbaker.com\/fr\/marques\/gp-j-baker\/david-hicks-by-ashley-hicks-wallpaper\/","og_site_name":"G P &amp; J Baker","article_modified_time":"2025-09-11T19:06:36+00:00","og_image":[{"width":400,"height":255,"url":"https:\/\/www.gpjbaker.com\/wp-content\/uploads\/2015\/09\/image-24-1-e1478895084117.jpg","type":"image\/jpeg"}],"twitter_card":"summary_large_image","twitter_misc":{"Est. reading time":"1 minute"},"schema":{"@context":"https:\/\/schema.org","@graph":[{"@type":"WebPage","@id":"https:\/\/www.gpjbaker.com\/fr\/marques\/gp-j-baker\/david-hicks-by-ashley-hicks-wallpaper\/","url":"https:\/\/www.gpjbaker.com\/fr\/marques\/gp-j-baker\/david-hicks-by-ashley-hicks-wallpaper\/","name":"David Hicks by Ashley Hicks Wallpaper - G P &amp; J Baker","isPartOf":{"@id":"https:\/\/www.gpjbaker.com\/#website"},"primaryImageOfPage":{"@id":"https:\/\/www.gpjbaker.com\/fr\/marques\/gp-j-baker\/david-hicks-by-ashley-hicks-wallpaper\/#primaryimage"},"image":{"@id":"https:\/\/www.gpjbaker.com\/fr\/marques\/gp-j-baker\/david-hicks-by-ashley-hicks-wallpaper\/#primaryimage"},"thumbnailUrl":"https:\/\/www.gpjbaker.com\/wp-content\/uploads\/2015\/09\/image-24-1-e1478895084117.jpg","datePublished":"2016-03-07T18:50:18+00:00","dateModified":"2025-09-11T19:06:36+00:00","breadcrumb":{"@id":"https:\/\/www.gpjbaker.com\/fr\/marques\/gp-j-baker\/david-hicks-by-ashley-hicks-wallpaper\/#breadcrumb"},"inLanguage":"fr-FR","potentialAction":[{"@type":"ReadAction","target":["https:\/\/www.gpjbaker.com\/fr\/marques\/gp-j-baker\/david-hicks-by-ashley-hicks-wallpaper\/"]}]},{"@type":"ImageObject","inLanguage":"fr-FR","@id":"https:\/\/www.gpjbaker.com\/fr\/marques\/gp-j-baker\/david-hicks-by-ashley-hicks-wallpaper\/#primaryimage","url":"https:\/\/www.gpjbaker.com\/wp-content\/uploads\/2015\/09\/image-24-1-e1478895084117.jpg","contentUrl":"https:\/\/www.gpjbaker.com\/wp-content\/uploads\/2015\/09\/image-24-1-e1478895084117.jpg","width":400,"height":255,"caption":"Cette tr\u00e8s belle et nouvelle collection de papiers peints de David Hicks associe son graphisme audacieux et son sens inn\u00e9 de la couleur \u00e0 une touche plus contemporaine et passe-partout"},{"@type":"BreadcrumbList","@id":"https:\/\/www.gpjbaker.com\/fr\/marques\/gp-j-baker\/david-hicks-by-ashley-hicks-wallpaper\/#breadcrumb","itemListElement":[{"@type":"ListItem","position":1,"name":"Home","item":"https:\/\/www.gpjbaker.com\/fr\/"},{"@type":"ListItem","position":2,"name":"Marques","item":"https:\/\/www.gpjbaker.com\/fr\/marques\/"},{"@type":"ListItem","position":3,"name":"GP &#038; J Baker","item":"https:\/\/www.gpjbaker.com\/fr\/marques\/gp-j-baker\/"},{"@type":"ListItem","position":4,"name":"David Hicks by Ashley Hicks Wallpaper"}]},{"@type":"WebSite","@id":"https:\/\/www.gpjbaker.com\/#website","url":"https:\/\/www.gpjbaker.com\/","name":"G P &amp; J Baker","description":"","potentialAction":[{"@type":"SearchAction","target":{"@type":"EntryPoint","urlTemplate":"https:\/\/www.gpjbaker.com\/?s={search_term_string}"},"query-input":{"@type":"PropertyValueSpecification","valueRequired":true,"valueName":"search_term_string"}}],"inLanguage":"fr-FR"}]}},"_links":{"self":[{"href":"https:\/\/www.gpjbaker.com\/fr\/wp-json\/wp\/v2\/pages\/5113","targetHints":{"allow":["GET"]}}],"collection":[{"href":"https:\/\/www.gpjbaker.com\/fr\/wp-json\/wp\/v2\/pages"}],"about":[{"href":"https:\/\/www.gpjbaker.com\/fr\/wp-json\/wp\/v2\/types\/page"}],"author":[{"embeddable":true,"href":"https:\/\/www.gpjbaker.com\/fr\/wp-json\/wp\/v2\/users\/1"}],"replies":[{"embeddable":true,"href":"https:\/\/www.gpjbaker.com\/fr\/wp-json\/wp\/v2\/comments?post=5113"}],"version-history":[{"count":1,"href":"https:\/\/www.gpjbaker.com\/fr\/wp-json\/wp\/v2\/pages\/5113\/revisions"}],"predecessor-version":[{"id":6108,"href":"https:\/\/www.gpjbaker.com\/fr\/wp-json\/wp\/v2\/pages\/5113\/revisions\/6108"}],"up":[{"embeddable":true,"href":"https:\/\/www.gpjbaker.com\/fr\/wp-json\/wp\/v2\/pages\/4605"}],"wp:featuredmedia":[{"embeddable":true,"href":"https:\/\/www.gpjbaker.com\/fr\/wp-json\/wp\/v2\/media\/5011"}],"wp:attachment":[{"href":"https:\/\/www.gpjbaker.com\/fr\/wp-json\/wp\/v2\/media?parent=5113"}],"curies":[{"name":"wp","href":"https:\/\/api.w.org\/{rel}","templated":true}]}}