{"id":5109,"date":"2016-03-07T16:51:29","date_gmt":"2016-03-07T21:51:29","guid":{"rendered":"http:\/\/gpjbaker.com\/fr\/?page_id=5109"},"modified":"2025-09-09T11:55:29","modified_gmt":"2025-09-09T16:55:29","slug":"grandiflora-ii","status":"publish","type":"page","link":"https:\/\/www.gpjbaker.com\/fr\/marques\/mulberry-home\/grandiflora-ii\/","title":{"rendered":"Grandiflora II"},"content":{"rendered":"<div class=\"wpb-content-wrapper\">[vc_row full_width=&#8221;1&#8243;][vc_column][vc_column_text]Grandiflora II : Anastasia, Alexandria et Constantine, trois majestueuses interpr\u00e9tations de grands motifs floraux et d&#8217;arbres fruitiers qui s&#8217;appuient sur diverses techniques de travaux d&#8217;aiguille pour r\u00e9aliser une extraordinaire gamme de textures. Des broderies d&#8217;application en velours et satin, ainsi que des points de broderies traditionnelles finies \u00e0 la main offrent de magnifiques pi\u00e8ces de tissus sur de robustes toiles de lin. Des coloris aussi scintillants que des bijoux ajoutent une touche d&#8217;\u00e9l\u00e9gance et de sophistication \u00e0 ces opulents motifs.[\/vc_column_text][vc_raw_js]JTNDc2NyaXB0JTIwdHlwZSUzRCUyMnRleHQlMkZqYXZhc2NyaXB0JTIyJTNFJTIwJTBBJTBBdmFyJTIwc2VhcmNoVVJMJTIwJTNEJTIwJTIyc29ydCUzRERBVEUlMjZ1c2UlM0RNdWx0aXB1cnBvc2UlMkNVcGhvbHN0ZXJ5JTJDQ3VydGFpbnMlMjZjb2xsZWN0aW9uJTNER3JhbmRpZmxvcmElMjBJaSUyMiUzQiUwQSUwQSUzQyUyRnNjcmlwdCUzRQ==[\/vc_raw_js][\/vc_column][\/vc_row]<\/div>","protected":false},"excerpt":{"rendered":"[vc_row full_width=&#8221;1&#8243;][vc_column][vc_column_text]Grandiflora II : Anastasia, Alexandria et Constantine, trois majestueuses interpr\u00e9tations de grands motifs floraux et d&#8217;arbres fruitiers qui s&#8217;appuient sur diverses techniques de travaux d&#8217;aiguille pour r\u00e9aliser une extraordinaire gamme de textures. Des broderies d&#8217;application en velours et satin, ainsi que des points de broderies traditionnelles finies \u00e0 la main offrent de magnifiques pi\u00e8ces&#8230; <a class=\"view-article\" href=\"https:\/\/www.gpjbaker.com\/fr\/marques\/mulberry-home\/grandiflora-ii\/\">Voir l&#8217;article<\/a>","protected":false},"author":1,"featured_media":5540,"parent":5294,"menu_order":5,"comment_status":"closed","ping_status":"closed","template":"template-collections.php","meta":{"footnotes":""},"class_list":["post-5109","page","type-page","status-publish","has-post-thumbnail","hentry","page_language-fr"],"yoast_head":"<!-- This site is optimized with the Yoast SEO plugin v26.8 - https:\/\/yoast.com\/product\/yoast-seo-wordpress\/ -->\n<title>Grandiflora II - G P &amp; J Baker<\/title>\n<meta name=\"robots\" content=\"index, follow, max-snippet:-1, max-image-preview:large, max-video-preview:-1\" \/>\n<link rel=\"canonical\" href=\"https:\/\/www.gpjbaker.com\/fr\/marques\/mulberry-home\/grandiflora-ii\/\" \/>\n<meta property=\"og:locale\" content=\"fr_FR\" \/>\n<meta property=\"og:type\" content=\"article\" \/>\n<meta property=\"og:title\" content=\"Grandiflora II - G P &amp; J Baker\" \/>\n<meta property=\"og:description\" content=\"[vc_row full_width=&#8221;1&#8243;][vc_column][vc_column_text]Grandiflora II : Anastasia, Alexandria et Constantine, trois majestueuses interpr\u00e9tations de grands motifs floraux et d&#8217;arbres fruitiers qui s&#8217;appuient sur diverses techniques de travaux d&#8217;aiguille pour r\u00e9aliser une extraordinaire gamme de textures. Des broderies d&#8217;application en velours et satin, ainsi que des points de broderies traditionnelles finies \u00e0 la main offrent de magnifiques pi\u00e8ces... Voir l&#039;article\" \/>\n<meta property=\"og:url\" content=\"https:\/\/www.gpjbaker.com\/fr\/marques\/mulberry-home\/grandiflora-ii\/\" \/>\n<meta property=\"og:site_name\" content=\"G P &amp; J Baker\" \/>\n<meta property=\"article:modified_time\" content=\"2025-09-09T16:55:29+00:00\" \/>\n<meta property=\"og:image\" content=\"https:\/\/www.gpjbaker.com\/wp-content\/uploads\/2016\/03\/Grandiflora-Thumb.jpg\" \/>\n\t<meta property=\"og:image:width\" content=\"400\" \/>\n\t<meta property=\"og:image:height\" content=\"255\" \/>\n\t<meta property=\"og:image:type\" content=\"image\/jpeg\" \/>\n<meta name=\"twitter:card\" content=\"summary_large_image\" \/>\n<meta name=\"twitter:label1\" content=\"Est. reading time\" \/>\n\t<meta name=\"twitter:data1\" content=\"1 minute\" \/>\n<script type=\"application\/ld+json\" class=\"yoast-schema-graph\">{\"@context\":\"https:\/\/schema.org\",\"@graph\":[{\"@type\":\"WebPage\",\"@id\":\"https:\/\/www.gpjbaker.com\/fr\/marques\/mulberry-home\/grandiflora-ii\/\",\"url\":\"https:\/\/www.gpjbaker.com\/fr\/marques\/mulberry-home\/grandiflora-ii\/\",\"name\":\"Grandiflora II - G P &amp; J Baker\",\"isPartOf\":{\"@id\":\"https:\/\/www.gpjbaker.com\/#website\"},\"primaryImageOfPage\":{\"@id\":\"https:\/\/www.gpjbaker.com\/fr\/marques\/mulberry-home\/grandiflora-ii\/#primaryimage\"},\"image\":{\"@id\":\"https:\/\/www.gpjbaker.com\/fr\/marques\/mulberry-home\/grandiflora-ii\/#primaryimage\"},\"thumbnailUrl\":\"https:\/\/www.gpjbaker.com\/wp-content\/uploads\/2016\/03\/Grandiflora-Thumb.jpg\",\"datePublished\":\"2016-03-07T21:51:29+00:00\",\"dateModified\":\"2025-09-09T16:55:29+00:00\",\"breadcrumb\":{\"@id\":\"https:\/\/www.gpjbaker.com\/fr\/marques\/mulberry-home\/grandiflora-ii\/#breadcrumb\"},\"inLanguage\":\"fr-FR\",\"potentialAction\":[{\"@type\":\"ReadAction\",\"target\":[\"https:\/\/www.gpjbaker.com\/fr\/marques\/mulberry-home\/grandiflora-ii\/\"]}]},{\"@type\":\"ImageObject\",\"inLanguage\":\"fr-FR\",\"@id\":\"https:\/\/www.gpjbaker.com\/fr\/marques\/mulberry-home\/grandiflora-ii\/#primaryimage\",\"url\":\"https:\/\/www.gpjbaker.com\/wp-content\/uploads\/2016\/03\/Grandiflora-Thumb.jpg\",\"contentUrl\":\"https:\/\/www.gpjbaker.com\/wp-content\/uploads\/2016\/03\/Grandiflora-Thumb.jpg\",\"width\":400,\"height\":255,\"caption\":\"Anastasia, Alexandria et Constantine, trois majestueuses interpr\u00e9tations de grands motifs floraux\"},{\"@type\":\"BreadcrumbList\",\"@id\":\"https:\/\/www.gpjbaker.com\/fr\/marques\/mulberry-home\/grandiflora-ii\/#breadcrumb\",\"itemListElement\":[{\"@type\":\"ListItem\",\"position\":1,\"name\":\"Home\",\"item\":\"https:\/\/www.gpjbaker.com\/fr\/\"},{\"@type\":\"ListItem\",\"position\":2,\"name\":\"Marques\",\"item\":\"https:\/\/www.gpjbaker.com\/fr\/marques\/\"},{\"@type\":\"ListItem\",\"position\":3,\"name\":\"Mulberry Home\",\"item\":\"https:\/\/www.gpjbaker.com\/fr\/marques\/mulberry-home\/\"},{\"@type\":\"ListItem\",\"position\":4,\"name\":\"Grandiflora II\"}]},{\"@type\":\"WebSite\",\"@id\":\"https:\/\/www.gpjbaker.com\/#website\",\"url\":\"https:\/\/www.gpjbaker.com\/\",\"name\":\"G P &amp; J Baker\",\"description\":\"\",\"potentialAction\":[{\"@type\":\"SearchAction\",\"target\":{\"@type\":\"EntryPoint\",\"urlTemplate\":\"https:\/\/www.gpjbaker.com\/?s={search_term_string}\"},\"query-input\":{\"@type\":\"PropertyValueSpecification\",\"valueRequired\":true,\"valueName\":\"search_term_string\"}}],\"inLanguage\":\"fr-FR\"}]}<\/script>\n<!-- \/ Yoast SEO plugin. -->","yoast_head_json":{"title":"Grandiflora II - G P &amp; J Baker","robots":{"index":"index","follow":"follow","max-snippet":"max-snippet:-1","max-image-preview":"max-image-preview:large","max-video-preview":"max-video-preview:-1"},"canonical":"https:\/\/www.gpjbaker.com\/fr\/marques\/mulberry-home\/grandiflora-ii\/","og_locale":"fr_FR","og_type":"article","og_title":"Grandiflora II - G P &amp; J Baker","og_description":"[vc_row full_width=&#8221;1&#8243;][vc_column][vc_column_text]Grandiflora II : Anastasia, Alexandria et Constantine, trois majestueuses interpr\u00e9tations de grands motifs floraux et d&#8217;arbres fruitiers qui s&#8217;appuient sur diverses techniques de travaux d&#8217;aiguille pour r\u00e9aliser une extraordinaire gamme de textures. Des broderies d&#8217;application en velours et satin, ainsi que des points de broderies traditionnelles finies \u00e0 la main offrent de magnifiques pi\u00e8ces... Voir l'article","og_url":"https:\/\/www.gpjbaker.com\/fr\/marques\/mulberry-home\/grandiflora-ii\/","og_site_name":"G P &amp; J Baker","article_modified_time":"2025-09-09T16:55:29+00:00","og_image":[{"width":400,"height":255,"url":"https:\/\/www.gpjbaker.com\/wp-content\/uploads\/2016\/03\/Grandiflora-Thumb.jpg","type":"image\/jpeg"}],"twitter_card":"summary_large_image","twitter_misc":{"Est. reading time":"1 minute"},"schema":{"@context":"https:\/\/schema.org","@graph":[{"@type":"WebPage","@id":"https:\/\/www.gpjbaker.com\/fr\/marques\/mulberry-home\/grandiflora-ii\/","url":"https:\/\/www.gpjbaker.com\/fr\/marques\/mulberry-home\/grandiflora-ii\/","name":"Grandiflora II - G P &amp; J Baker","isPartOf":{"@id":"https:\/\/www.gpjbaker.com\/#website"},"primaryImageOfPage":{"@id":"https:\/\/www.gpjbaker.com\/fr\/marques\/mulberry-home\/grandiflora-ii\/#primaryimage"},"image":{"@id":"https:\/\/www.gpjbaker.com\/fr\/marques\/mulberry-home\/grandiflora-ii\/#primaryimage"},"thumbnailUrl":"https:\/\/www.gpjbaker.com\/wp-content\/uploads\/2016\/03\/Grandiflora-Thumb.jpg","datePublished":"2016-03-07T21:51:29+00:00","dateModified":"2025-09-09T16:55:29+00:00","breadcrumb":{"@id":"https:\/\/www.gpjbaker.com\/fr\/marques\/mulberry-home\/grandiflora-ii\/#breadcrumb"},"inLanguage":"fr-FR","potentialAction":[{"@type":"ReadAction","target":["https:\/\/www.gpjbaker.com\/fr\/marques\/mulberry-home\/grandiflora-ii\/"]}]},{"@type":"ImageObject","inLanguage":"fr-FR","@id":"https:\/\/www.gpjbaker.com\/fr\/marques\/mulberry-home\/grandiflora-ii\/#primaryimage","url":"https:\/\/www.gpjbaker.com\/wp-content\/uploads\/2016\/03\/Grandiflora-Thumb.jpg","contentUrl":"https:\/\/www.gpjbaker.com\/wp-content\/uploads\/2016\/03\/Grandiflora-Thumb.jpg","width":400,"height":255,"caption":"Anastasia, Alexandria et Constantine, trois majestueuses interpr\u00e9tations de grands motifs floraux"},{"@type":"BreadcrumbList","@id":"https:\/\/www.gpjbaker.com\/fr\/marques\/mulberry-home\/grandiflora-ii\/#breadcrumb","itemListElement":[{"@type":"ListItem","position":1,"name":"Home","item":"https:\/\/www.gpjbaker.com\/fr\/"},{"@type":"ListItem","position":2,"name":"Marques","item":"https:\/\/www.gpjbaker.com\/fr\/marques\/"},{"@type":"ListItem","position":3,"name":"Mulberry Home","item":"https:\/\/www.gpjbaker.com\/fr\/marques\/mulberry-home\/"},{"@type":"ListItem","position":4,"name":"Grandiflora II"}]},{"@type":"WebSite","@id":"https:\/\/www.gpjbaker.com\/#website","url":"https:\/\/www.gpjbaker.com\/","name":"G P &amp; J Baker","description":"","potentialAction":[{"@type":"SearchAction","target":{"@type":"EntryPoint","urlTemplate":"https:\/\/www.gpjbaker.com\/?s={search_term_string}"},"query-input":{"@type":"PropertyValueSpecification","valueRequired":true,"valueName":"search_term_string"}}],"inLanguage":"fr-FR"}]}},"_links":{"self":[{"href":"https:\/\/www.gpjbaker.com\/fr\/wp-json\/wp\/v2\/pages\/5109","targetHints":{"allow":["GET"]}}],"collection":[{"href":"https:\/\/www.gpjbaker.com\/fr\/wp-json\/wp\/v2\/pages"}],"about":[{"href":"https:\/\/www.gpjbaker.com\/fr\/wp-json\/wp\/v2\/types\/page"}],"author":[{"embeddable":true,"href":"https:\/\/www.gpjbaker.com\/fr\/wp-json\/wp\/v2\/users\/1"}],"replies":[{"embeddable":true,"href":"https:\/\/www.gpjbaker.com\/fr\/wp-json\/wp\/v2\/comments?post=5109"}],"version-history":[{"count":1,"href":"https:\/\/www.gpjbaker.com\/fr\/wp-json\/wp\/v2\/pages\/5109\/revisions"}],"predecessor-version":[{"id":6176,"href":"https:\/\/www.gpjbaker.com\/fr\/wp-json\/wp\/v2\/pages\/5109\/revisions\/6176"}],"up":[{"embeddable":true,"href":"https:\/\/www.gpjbaker.com\/fr\/wp-json\/wp\/v2\/pages\/5294"}],"wp:featuredmedia":[{"embeddable":true,"href":"https:\/\/www.gpjbaker.com\/fr\/wp-json\/wp\/v2\/media\/5540"}],"wp:attachment":[{"href":"https:\/\/www.gpjbaker.com\/fr\/wp-json\/wp\/v2\/media?parent=5109"}],"curies":[{"name":"wp","href":"https:\/\/api.w.org\/{rel}","templated":true}]}}