{"id":4653,"date":"2016-02-25T11:22:06","date_gmt":"2016-02-25T16:22:06","guid":{"rendered":"http:\/\/gpjbaker.com\/fr\/?page_id=4653"},"modified":"2025-09-12T15:22:34","modified_gmt":"2025-09-12T20:22:34","slug":"marques","status":"publish","type":"page","link":"https:\/\/www.gpjbaker.com\/fr\/marques\/","title":{"rendered":"Marques"},"content":{"rendered":"<div class=\"wpb-content-wrapper\"><p>[vc_row full_width=&#8221;1&#8243;][vc_column width=&#8221;1\/2&#8243; offset=&#8221;vc_col-lg-6 vc_col-md-6 vc_col-xs-12&#8243;][vc_single_image image=&#8221;4096&#8243; img_size=&#8221;full&#8221; alignment=&#8221;center&#8221; onclick=&#8221;custom_link&#8221; link=&#8221;\/fr\/brands\/gp-j-baker\/&#8221;][\/vc_column][vc_column width=&#8221;1\/2&#8243; offset=&#8221;vc_col-lg-6 vc_col-md-6 vc_col-xs-12&#8243;][vc_single_image image=&#8221;5931&#8243; img_size=&#8221;full&#8221; alignment=&#8221;center&#8221; onclick=&#8221;custom_link&#8221; el_class=&#8221;brandLogo&#8221; link=&#8221;\/fr\/brands\/gp-j-baker\/&#8221;][vc_column_text el_class=&#8221;brandCopy&#8221;]<\/p>\r\n<div data-canvas-width=\"342.8973955304964\">\r\n<div data-canvas-width=\"337.581156840101\">GP &amp; J Baker, fournisseur de la Cour royale depuis 1982, jouit d\u2019une r\u00e9putation internationale pour ses cr\u00e9ations d\u2019\u00e9toffes somptueuses, rev\u00eatements muraux et passementeries d\u2019une qualit\u00e9 et d\u2019une inventivit\u00e9 exceptionnelles. Fond\u00e9e en 1884 par deux fr\u00e8res entreprenants, les collections actuelles, superbes interpr\u00e9tations de motifs provenant de ses archives renomm\u00e9es, \u00e9tincelants imprim\u00e9s exclusifs, tissages et broderies r\u00e9v\u00e8lent le style \u00e0 la fois unique et \u00e9l\u00e9gant de GP &amp; J Baker, se mariant parfaitement aux int\u00e9rieurs classiques ou contemporains.<\/div>\r\n<\/div>\r\n<p>[\/vc_column_text][vc_column_text css=&#8221;.vc_custom_1465592739786{margin-bottom: 42px !important;}&#8221; el_class=&#8221;arrowLink&#8221;]<\/p>\r\n<p style=\"text-align: center;\"><a href=\"\/fr\/brands\/gp-j-baker\"><strong>EXPLOREZ <\/strong><\/a><i class=\"fa fa-caret-right\"><\/i><\/p>\r\n<p>[\/vc_column_text][\/vc_column][\/vc_row][vc_row full_width=&#8221;1&#8243;][vc_column offset=&#8221;vc_col-lg-12 vc_col-md-12 vc_hidden-xs&#8221;][vc_separator color=&#8221;custom&#8221; style=&#8221;dotted&#8221; border_width=&#8221;2&#8243; css=&#8221;.vc_custom_1444426166776{margin-top: 30px !important;margin-bottom: 30px !important;}&#8221; accent_color=&#8221;#8b8b8b&#8221; el_class=&#8221;hr&#8221;][\/vc_column][\/vc_row][vc_row full_width=&#8221;1&#8243;][vc_column width=&#8221;1\/2&#8243; offset=&#8221;vc_col-lg-6 vc_col-md-6 vc_col-xs-12&#8243;][vc_single_image image=&#8221;1368&#8243; img_size=&#8221;full&#8221; alignment=&#8221;center&#8221; onclick=&#8221;custom_link&#8221; link=&#8221;\/fr\/brands\/mulberry-home\/&#8221;][\/vc_column][vc_column width=&#8221;1\/2&#8243; offset=&#8221;vc_col-lg-6 vc_col-md-6 vc_col-xs-12&#8243;][vc_single_image image=&#8221;8238&#8243; img_size=&#8221;full&#8221; alignment=&#8221;center&#8221; onclick=&#8221;custom_link&#8221; el_class=&#8221;brandLogo&#8221; link=&#8221;\/fr\/brands\/mulberry-home\/&#8221;][vc_column_text el_class=&#8221;brandCopy&#8221;]<\/p>\r\n<div data-canvas-width=\"342.8973955304964\">\r\n<div data-canvas-width=\"337.581156840101\">Mulberry Home est cr\u00e9\u00e9e en 1991 dans le Somerset, pour r\u00e9pondre au succ\u00e8s mondial que remportent ses \u00e9l\u00e9gants sacs et accessoires en cuir. La marque associe un savoir-faire de qualit\u00e9 \u00e0 un style tr\u00e8s personnel. Fi\u00e8re de ses origines, Mulberry Home puise son inspiration dans son h\u00e9ritage, avec une forte volont\u00e9 de se d\u00e9marquer en restant \u00e0 la pointe de la mode. Ses collections s&#8217;inspirent d&#8217;un th\u00e8me \u00e0 chaque fois diff\u00e9rent, avec de nouveaux coloris et mod\u00e8les, mais toujours fid\u00e8les \u00e0 l&#8217;esprit de la marque.<\/div>\r\n<\/div>\r\n<p>[\/vc_column_text][vc_column_text css=&#8221;.vc_custom_1465592758372{margin-bottom: 42px !important;}&#8221; el_class=&#8221;arrowLink&#8221;]<\/p>\r\n<p style=\"text-align: center;\"><a href=\"\/fr\/brands\/mulberry-home\/\"><strong>EXPLOREZ <\/strong><\/a><i class=\"fa fa-caret-right\"><\/i><\/p>\r\n<p>[\/vc_column_text][\/vc_column][\/vc_row][vc_row full_width=&#8221;1&#8243;][vc_column offset=&#8221;vc_col-lg-12 vc_col-md-12 vc_hidden-xs&#8221;][vc_separator color=&#8221;custom&#8221; style=&#8221;dotted&#8221; border_width=&#8221;2&#8243; css=&#8221;.vc_custom_1444426302038{margin-top: 30px !important;margin-bottom: 30px !important;}&#8221; accent_color=&#8221;#8b8b8b&#8221; el_class=&#8221;hr&#8221;][\/vc_column][\/vc_row][vc_row full_width=&#8221;1&#8243;][vc_column width=&#8221;1\/2&#8243; offset=&#8221;vc_col-lg-6 vc_col-md-6 vc_col-xs-12&#8243;][vc_single_image image=&#8221;2463&#8243; img_size=&#8221;full&#8221; alignment=&#8221;center&#8221; onclick=&#8221;custom_link&#8221; link=&#8221;\/fr\/brands\/threads\/&#8221;][\/vc_column][vc_column width=&#8221;1\/2&#8243; offset=&#8221;vc_col-lg-6 vc_col-md-6 vc_col-xs-12&#8243;][vc_single_image image=&#8221;5937&#8243; img_size=&#8221;full&#8221; alignment=&#8221;center&#8221; onclick=&#8221;custom_link&#8221; el_class=&#8221;brandLogo&#8221; link=&#8221;\/fr\/brands\/threads&#8221;][vc_column_text el_class=&#8221;brandCopy&#8221;]<\/p>\r\n<div data-canvas-width=\"342.8973955304964\">\r\n<div data-canvas-width=\"310.1627430411339\">\r\n<div data-canvas-width=\"395.3346158728563\">Threads est synonyme de luxe, \u00e9l\u00e9gance et sophistication d\u00e9contract\u00e9e. De superbes et uniques \u00e9toffes, voilages raffin\u00e9s, somptueuses soieries, \u00e9l\u00e9gants lainages sur mesure, superbes fils chenille et magnifiques broderies. Les \u00e9toffes, sp\u00e9cialement con\u00e7ues pour Threads, illustrent une parfaite ma\u00eetrise des toutes derni\u00e8res innovations en mati\u00e8re de tissage et sont de ce fait des cr\u00e9ations si exceptionnelles. Threads offre une \u00e9l\u00e9gante alternative \u00e0 ceux qui recherchent une approche plus contemporaine.<\/div>\r\n<\/div>\r\n<\/div>\r\n<p>[\/vc_column_text][vc_column_text css=&#8221;.vc_custom_1473366137991{margin-bottom: 42px !important;}&#8221; el_class=&#8221;arrowLink&#8221;]<\/p>\r\n<p style=\"text-align: center;\"><strong><a href=\"http:\/\/gpjbaker.kravet.us\/fr\/marques\/threads\/\">EXPLOREZ <i class=\"fa fa-caret-right\"><\/i><\/a><\/strong><\/p>\r\n<p>[\/vc_column_text][\/vc_column][\/vc_row][vc_row full_width=&#8221;1&#8243;][vc_column offset=&#8221;vc_col-lg-12 vc_col-md-12 vc_hidden-xs&#8221;][vc_separator color=&#8221;custom&#8221; style=&#8221;dotted&#8221; border_width=&#8221;2&#8243; css=&#8221;.vc_custom_1444426347239{margin-top: 30px !important;margin-bottom: 30px !important;}&#8221; accent_color=&#8221;#8b8b8b&#8221; el_class=&#8221;hr&#8221;][\/vc_column][\/vc_row][vc_row full_width=&#8221;1&#8243;][vc_column width=&#8221;1\/2&#8243; offset=&#8221;vc_col-lg-6 vc_col-md-6 vc_col-xs-12&#8243;][vc_single_image image=&#8221;5971&#8243; img_size=&#8221;full&#8221; alignment=&#8221;center&#8221; onclick=&#8221;custom_link&#8221; link=&#8221;\/fr\/brands\/baker-lifestyle\/&#8221;][\/vc_column][vc_column width=&#8221;1\/2&#8243; offset=&#8221;vc_col-lg-6 vc_col-md-6 vc_col-xs-12&#8243;][vc_single_image image=&#8221;5935&#8243; img_size=&#8221;full&#8221; alignment=&#8221;center&#8221; onclick=&#8221;custom_link&#8221; el_class=&#8221;brandLogo&#8221; link=&#8221;\/fr\/brands\/baker-lifestyle\/&#8221;][vc_column_text el_class=&#8221;brandCopy&#8221;]<\/p>\r\n<div data-canvas-width=\"342.8973955304964\">\r\n<div data-canvas-width=\"310.1627430411339\">\r\n<div data-canvas-width=\"395.3346158728563\">\r\n<div data-canvas-width=\"403.8907074122613\">Baker Lifestyle, aux jolis imprim\u00e9s jeunes et frais, est la collection grand public de GP &amp; J Baker. Cette ligne, plus accessible, convient \u00e0 tout style d&#8217;int\u00e9rieurs.\u00a0Ses collections illustrent la cr\u00e9ativit\u00e9 de la marque avec ses motifs pleins de gaiet\u00e9 et de fantaisie, ses tissus confortables ainsi que ses broderies botaniques sur des lins doux et des cotons impeccables. Avec sa large gamme de coloris, les tissus et rev\u00eatements muraux de Baker Lifestyle s&#8217;harmonisent parfaitement avec toutes sortes d&#8217;int\u00e9rieurs tout en offrant une touche d&#8217;originalit\u00e9.<\/div>\r\n<\/div>\r\n<\/div>\r\n<\/div>\r\n<p>[\/vc_column_text][vc_column_text css=&#8221;.vc_custom_1473366164366{margin-bottom: 42px !important;}&#8221; el_class=&#8221;arrowLink&#8221;]<\/p>\r\n<p style=\"text-align: center;\"><a href=\"http:\/\/gpjbaker.kravet.us\/fr\/marques\/baker-lifestyle\/\"><strong>EXPLOREZ <\/strong><\/a><i class=\"fa fa-caret-right\"><\/i><\/p>\r\n<p>[\/vc_column_text][\/vc_column][\/vc_row][vc_row full_width=&#8221;1&#8243;][vc_column offset=&#8221;vc_hidden-xs&#8221;][vc_separator color=&#8221;custom&#8221; style=&#8221;dotted&#8221; border_width=&#8221;2&#8243; css=&#8221;.vc_custom_1444426367375{margin-top: 30px !important;margin-bottom: 30px !important;}&#8221; accent_color=&#8221;#8b8b8b&#8221; el_class=&#8221;hr&#8221;][\/vc_column][\/vc_row][vc_row full_width=&#8221;1&#8243;][vc_column width=&#8221;1\/2&#8243; offset=&#8221;vc_col-xs-12&#8243;][vc_single_image image=&#8221;1750&#8243; img_size=&#8221;full&#8221; alignment=&#8221;center&#8221; onclick=&#8221;custom_link&#8221; link=&#8221;\/fr\/brands\/kravet\/&#8221;][\/vc_column][vc_column width=&#8221;1\/2&#8243; offset=&#8221;vc_col-lg-6 vc_col-md-6 vc_col-xs-12&#8243;][vc_single_image image=&#8221;13273&#8243; img_size=&#8221;full&#8221; alignment=&#8221;center&#8221; onclick=&#8221;custom_link&#8221; css=&#8221;&#8221; el_class=&#8221;brandLogo&#8221; link=&#8221;\/fr\/brands\/kravet&#8221;][vc_column_text el_class=&#8221;brandCopy&#8221;]<\/p>\r\n<div data-canvas-width=\"342.8973955304964\">\r\n<div data-canvas-width=\"310.1627430411339\">\r\n<div data-canvas-width=\"395.3346158728563\">\r\n<div data-canvas-width=\"356.910409012327\">Innovation, luxe, \u00e9l\u00e9gance et superbe savoir-faire artisanal sont les fondamentaux de Kravet Inc, entreprise familiale am\u00e9ricaine de la 5\u00e8me g\u00e9n\u00e9ration cr\u00e9\u00e9e en 1918. Ne travaillant exclusivement qu&#8217;avec des entreprises fabriquant des tissus, rev\u00eatements muraux, ameublement, tapis et accessoires, Kravet, petite entreprise \u00e0 ses d\u00e9buts est devenue maintenant leader mondial, en proposant des marques exclusives et des designers c\u00e9l\u00e8bres comme Diane von Furstenberg, Oscar de la Renta, Calvin Klein et Jonathan Adler.<\/div>\r\n<\/div>\r\n<\/div>\r\n<\/div>\r\n<p>[\/vc_column_text][vc_column_text css=&#8221;.vc_custom_1473366289651{margin-bottom: 42px !important;}&#8221; el_class=&#8221;arrowLink&#8221;]<\/p>\r\n<p style=\"text-align: center;\"><a href=\"http:\/\/gpjbaker.kravet.us\/fr\/marques\/kravet\/\"><strong>EXPLOREZ <\/strong><\/a><i class=\"fa fa-caret-right\"><\/i><\/p>\r\n<p>[\/vc_column_text][\/vc_column][\/vc_row][vc_row full_width=&#8221;1&#8243;][vc_column offset=&#8221;vc_col-lg-12 vc_col-md-12 vc_hidden-xs&#8221;][vc_separator color=&#8221;custom&#8221; style=&#8221;dotted&#8221; border_width=&#8221;2&#8243; css=&#8221;.vc_custom_1444426404971{margin-top: 30px !important;margin-bottom: 30px !important;}&#8221; accent_color=&#8221;#8b8b8b&#8221; el_class=&#8221;hr&#8221;][\/vc_column][\/vc_row][vc_row full_width=&#8221;1&#8243;][vc_column width=&#8221;1\/2&#8243; offset=&#8221;vc_col-lg-6 vc_col-md-6 vc_col-xs-12&#8243;][vc_single_image image=&#8221;8127&#8243; img_size=&#8221;full&#8221; alignment=&#8221;center&#8221; onclick=&#8221;custom_link&#8221; link=&#8221;\/fr\/brands\/brunschwig-fils\/&#8221;][\/vc_column][vc_column width=&#8221;1\/2&#8243; offset=&#8221;vc_col-lg-6 vc_col-md-6 vc_col-xs-12&#8243;][vc_single_image image=&#8221;5932&#8243; img_size=&#8221;full&#8221; alignment=&#8221;center&#8221; onclick=&#8221;custom_link&#8221; el_class=&#8221;brandLogo&#8221; link=&#8221;\/fr\/brands\/brunschwig-fils\/&#8221;][vc_column_text el_class=&#8221;brandCopy&#8221;]<\/p>\r\n<div data-canvas-width=\"342.8973955304964\">\r\n<div data-canvas-width=\"310.1627430411339\">\r\n<div data-canvas-width=\"395.3346158728563\">\r\n<div data-canvas-width=\"385.1157536324163\">\r\n<p>Les tissus, rev\u00eatements muraux et meubles Brunschwig &amp; Fils sont apparus depuis plus d&#8217;un si\u00e8cle dans les int\u00e9rieurs les plus beaux et les plus embl\u00e9matiques du monde, des grandes pi\u00e8ces de la Maison Blanche et du ch\u00e2teau de Versailles aux retraites romantiques \u00e0 la campagne dans les cottages et les maisons en bord de mer.<\/p>\r\n<p>Brunschwig &amp; Fils a \u00e9t\u00e9 fond\u00e9e en France par Achille Brunschwig en 1899 et son fils Roger a ouvert un bureau \u00e0 New York en 1925. L&#8217;entreprise a toujours reconnu que le style fran\u00e7ais, dans la d\u00e9coration, la mode, le design, la couleur et l&#8217;art de vivre, est au c\u0153ur de l&#8217;entreprise.<\/div>\r\n<\/div>\r\n<\/div>\r\n<\/div>\r\n<p>[\/vc_column_text][vc_column_text css=&#8221;.vc_custom_1473366213834{margin-bottom: 42px !important;}&#8221; el_class=&#8221;arrowLink&#8221;]<\/p>\r\n<p style=\"text-align: center;\"><a href=\"http:\/\/gpjbaker.kravet.us\/fr\/marques\/brunschwig-fils\/\"><strong>EXPLOREZ <\/strong><\/a><i class=\"fa fa-caret-right\"><\/i><\/p>\r\n<p>[\/vc_column_text][\/vc_column][\/vc_row][vc_row full_width=&#8221;1&#8243;][vc_column offset=&#8221;vc_col-lg-12 vc_col-md-12 vc_hidden-xs&#8221;][vc_separator color=&#8221;custom&#8221; style=&#8221;dotted&#8221; border_width=&#8221;2&#8243; css=&#8221;.vc_custom_1444426435561{margin-top: 30px !important;margin-bottom: 30px !important;}&#8221; accent_color=&#8221;#8b8b8b&#8221; el_class=&#8221;hr&#8221;][\/vc_column][\/vc_row][vc_row full_width=&#8221;1&#8243;][vc_column width=&#8221;1\/2&#8243; offset=&#8221;vc_col-lg-6 vc_col-md-6 vc_col-xs-12&#8243;][vc_single_image image=&#8221;2468&#8243; img_size=&#8221;full&#8221; alignment=&#8221;center&#8221; onclick=&#8221;custom_link&#8221; link=&#8221;\/fr\/brands\/lee-jofa\/&#8221;][\/vc_column][vc_column width=&#8221;1\/2&#8243; offset=&#8221;vc_col-lg-6 vc_col-md-6 vc_col-xs-12&#8243;][vc_single_image image=&#8221;5934&#8243; img_size=&#8221;full&#8221; alignment=&#8221;center&#8221; onclick=&#8221;custom_link&#8221; el_class=&#8221;brandLogo&#8221; link=&#8221;\/fr\/brands\/lee-jofa\/&#8221;][vc_column_text el_class=&#8221;brandCopy&#8221;]<\/p>\r\n<div data-canvas-width=\"342.8973955304964\">\r\n<div data-canvas-width=\"310.1627430411339\">\r\n<div data-canvas-width=\"395.3346158728563\">\r\n<div data-canvas-width=\"385.1157536324163\">\r\n<div data-canvas-width=\"370.35255316844217\">\r\n<p>Deux si\u00e8cles et demi d&#8217;expertise dans le domaine du textile ont fa\u00e7onn\u00e9 cette marque exclusive.\u00a0La cr\u00e9ation de Lee Jofa remonte au tout d\u00e9but du 19\u00e8me si\u00e8cle lorsqu&#8217;en partenariat avec Johnson and Faulkner (devenu ensuite Jofa) elle importait d&#8217;\u00e9l\u00e9gants tissus de d\u00e9coration aux \u00c9tats-Unis. Ces prestigieux imprim\u00e9s sont pr\u00e9cieusement conserv\u00e9s au sein de la soci\u00e9t\u00e9. L&#8217;entreprise a \u00e9t\u00e9 rachet\u00e9e en 1965 par Arthur H Lee &amp; Sons, aux techniques de tissage innovantes, cr\u00e9ant ainsi une synergie propice \u00e0 la fabrication d&#8217;\u00e9toffes de renomm\u00e9e internationale.<\/div>\r\n<\/div>\r\n<\/div>\r\n<\/div>\r\n<\/div>\r\n<p>[\/vc_column_text][vc_column_text css=&#8221;.vc_custom_1473366230658{margin-bottom: 42px !important;}&#8221; el_class=&#8221;arrowLink&#8221;]<\/p>\r\n<p style=\"text-align: center;\"><a href=\"http:\/\/gpjbaker.kravet.us\/fr\/marques\/lee-jofa\/\"><strong>EXPLOREZ <i class=\"fa fa-caret-right\"><\/i><\/strong><\/a><\/p>\r\n<p>[\/vc_column_text][\/vc_column][\/vc_row]<\/p>\r\n<\/div>","protected":false},"excerpt":{"rendered":"[vc_row full_width=&#8221;1&#8243;][vc_column width=&#8221;1\/2&#8243; offset=&#8221;vc_col-lg-6 vc_col-md-6 vc_col-xs-12&#8243;][vc_single_image image=&#8221;4096&#8243; img_size=&#8221;full&#8221; alignment=&#8221;center&#8221; onclick=&#8221;custom_link&#8221; link=&#8221;\/fr\/brands\/gp-j-baker\/&#8221;][\/vc_column][vc_column width=&#8221;1\/2&#8243; offset=&#8221;vc_col-lg-6 vc_col-md-6 vc_col-xs-12&#8243;][vc_single_image image=&#8221;5931&#8243; img_size=&#8221;full&#8221; alignment=&#8221;center&#8221; onclick=&#8221;custom_link&#8221; el_class=&#8221;brandLogo&#8221; link=&#8221;\/fr\/brands\/gp-j-baker\/&#8221;][vc_column_text el_class=&#8221;brandCopy&#8221;] GP &amp; J Baker, fournisseur de la Cour royale depuis 1982, jouit d\u2019une r\u00e9putation internationale pour ses cr\u00e9ations d\u2019\u00e9toffes somptueuses, rev\u00eatements muraux et passementeries d\u2019une qualit\u00e9 et d\u2019une inventivit\u00e9 exceptionnelles. Fond\u00e9e en 1884&#8230; <a class=\"view-article\" href=\"https:\/\/www.gpjbaker.com\/fr\/marques\/\">Voir l&#8217;article<\/a>","protected":false},"author":1,"featured_media":4391,"parent":0,"menu_order":0,"comment_status":"closed","ping_status":"closed","template":"","meta":{"footnotes":""},"class_list":["post-4653","page","type-page","status-publish","has-post-thumbnail","hentry","page_language-fr"],"yoast_head":"<!-- This site is optimized with the Yoast SEO plugin v26.8 - https:\/\/yoast.com\/product\/yoast-seo-wordpress\/ -->\n<title>Marques - G P &amp; J Baker<\/title>\n<meta name=\"robots\" content=\"index, follow, max-snippet:-1, max-image-preview:large, max-video-preview:-1\" \/>\n<link rel=\"canonical\" href=\"https:\/\/www.gpjbaker.com\/fr\/marques\/\" \/>\n<meta property=\"og:locale\" content=\"fr_FR\" \/>\n<meta property=\"og:type\" content=\"article\" \/>\n<meta property=\"og:title\" content=\"Marques - G P &amp; J Baker\" \/>\n<meta property=\"og:description\" content=\"[vc_row full_width=&#8221;1&#8243;][vc_column width=&#8221;1\/2&#8243; offset=&#8221;vc_col-lg-6 vc_col-md-6 vc_col-xs-12&#8243;][vc_single_image image=&#8221;4096&#8243; img_size=&#8221;full&#8221; alignment=&#8221;center&#8221; onclick=&#8221;custom_link&#8221; link=&#8221;\/fr\/brands\/gp-j-baker\/&#8221;][\/vc_column][vc_column width=&#8221;1\/2&#8243; offset=&#8221;vc_col-lg-6 vc_col-md-6 vc_col-xs-12&#8243;][vc_single_image image=&#8221;5931&#8243; img_size=&#8221;full&#8221; alignment=&#8221;center&#8221; onclick=&#8221;custom_link&#8221; el_class=&#8221;brandLogo&#8221; link=&#8221;\/fr\/brands\/gp-j-baker\/&#8221;][vc_column_text el_class=&#8221;brandCopy&#8221;] GP &amp; J Baker, fournisseur de la Cour royale depuis 1982, jouit d\u2019une r\u00e9putation internationale pour ses cr\u00e9ations d\u2019\u00e9toffes somptueuses, rev\u00eatements muraux et passementeries d\u2019une qualit\u00e9 et d\u2019une inventivit\u00e9 exceptionnelles. Fond\u00e9e en 1884... Voir l&#039;article\" \/>\n<meta property=\"og:url\" content=\"https:\/\/www.gpjbaker.com\/fr\/marques\/\" \/>\n<meta property=\"og:site_name\" content=\"G P &amp; J Baker\" \/>\n<meta property=\"article:modified_time\" content=\"2025-09-12T20:22:34+00:00\" \/>\n<meta property=\"og:image\" content=\"https:\/\/www.gpjbaker.com\/wp-content\/uploads\/2012\/07\/brands_thumb.jpg\" \/>\n\t<meta property=\"og:image:width\" content=\"400\" \/>\n\t<meta property=\"og:image:height\" content=\"255\" \/>\n\t<meta property=\"og:image:type\" content=\"image\/jpeg\" \/>\n<meta name=\"twitter:card\" content=\"summary_large_image\" \/>\n<meta name=\"twitter:label1\" content=\"Est. reading time\" \/>\n\t<meta name=\"twitter:data1\" content=\"4 minutes\" \/>\n<script type=\"application\/ld+json\" class=\"yoast-schema-graph\">{\"@context\":\"https:\/\/schema.org\",\"@graph\":[{\"@type\":\"WebPage\",\"@id\":\"https:\/\/www.gpjbaker.com\/fr\/marques\/\",\"url\":\"https:\/\/www.gpjbaker.com\/fr\/marques\/\",\"name\":\"Marques - G P &amp; J Baker\",\"isPartOf\":{\"@id\":\"https:\/\/www.gpjbaker.com\/#website\"},\"primaryImageOfPage\":{\"@id\":\"https:\/\/www.gpjbaker.com\/fr\/marques\/#primaryimage\"},\"image\":{\"@id\":\"https:\/\/www.gpjbaker.com\/fr\/marques\/#primaryimage\"},\"thumbnailUrl\":\"https:\/\/www.gpjbaker.com\/wp-content\/uploads\/2012\/07\/brands_thumb.jpg\",\"datePublished\":\"2016-02-25T16:22:06+00:00\",\"dateModified\":\"2025-09-12T20:22:34+00:00\",\"breadcrumb\":{\"@id\":\"https:\/\/www.gpjbaker.com\/fr\/marques\/#breadcrumb\"},\"inLanguage\":\"fr-FR\",\"potentialAction\":[{\"@type\":\"ReadAction\",\"target\":[\"https:\/\/www.gpjbaker.com\/fr\/marques\/\"]}]},{\"@type\":\"ImageObject\",\"inLanguage\":\"fr-FR\",\"@id\":\"https:\/\/www.gpjbaker.com\/fr\/marques\/#primaryimage\",\"url\":\"https:\/\/www.gpjbaker.com\/wp-content\/uploads\/2012\/07\/brands_thumb.jpg\",\"contentUrl\":\"https:\/\/www.gpjbaker.com\/wp-content\/uploads\/2012\/07\/brands_thumb.jpg\",\"width\":400,\"height\":255,\"caption\":\"Read more about our brands\"},{\"@type\":\"BreadcrumbList\",\"@id\":\"https:\/\/www.gpjbaker.com\/fr\/marques\/#breadcrumb\",\"itemListElement\":[{\"@type\":\"ListItem\",\"position\":1,\"name\":\"Home\",\"item\":\"https:\/\/www.gpjbaker.com\/fr\/\"},{\"@type\":\"ListItem\",\"position\":2,\"name\":\"Marques\"}]},{\"@type\":\"WebSite\",\"@id\":\"https:\/\/www.gpjbaker.com\/#website\",\"url\":\"https:\/\/www.gpjbaker.com\/\",\"name\":\"G P &amp; J Baker\",\"description\":\"\",\"potentialAction\":[{\"@type\":\"SearchAction\",\"target\":{\"@type\":\"EntryPoint\",\"urlTemplate\":\"https:\/\/www.gpjbaker.com\/?s={search_term_string}\"},\"query-input\":{\"@type\":\"PropertyValueSpecification\",\"valueRequired\":true,\"valueName\":\"search_term_string\"}}],\"inLanguage\":\"fr-FR\"}]}<\/script>\n<!-- \/ Yoast SEO plugin. -->","yoast_head_json":{"title":"Marques - G P &amp; J Baker","robots":{"index":"index","follow":"follow","max-snippet":"max-snippet:-1","max-image-preview":"max-image-preview:large","max-video-preview":"max-video-preview:-1"},"canonical":"https:\/\/www.gpjbaker.com\/fr\/marques\/","og_locale":"fr_FR","og_type":"article","og_title":"Marques - G P &amp; J Baker","og_description":"[vc_row full_width=&#8221;1&#8243;][vc_column width=&#8221;1\/2&#8243; offset=&#8221;vc_col-lg-6 vc_col-md-6 vc_col-xs-12&#8243;][vc_single_image image=&#8221;4096&#8243; img_size=&#8221;full&#8221; alignment=&#8221;center&#8221; onclick=&#8221;custom_link&#8221; link=&#8221;\/fr\/brands\/gp-j-baker\/&#8221;][\/vc_column][vc_column width=&#8221;1\/2&#8243; offset=&#8221;vc_col-lg-6 vc_col-md-6 vc_col-xs-12&#8243;][vc_single_image image=&#8221;5931&#8243; img_size=&#8221;full&#8221; alignment=&#8221;center&#8221; onclick=&#8221;custom_link&#8221; el_class=&#8221;brandLogo&#8221; link=&#8221;\/fr\/brands\/gp-j-baker\/&#8221;][vc_column_text el_class=&#8221;brandCopy&#8221;] GP &amp; J Baker, fournisseur de la Cour royale depuis 1982, jouit d\u2019une r\u00e9putation internationale pour ses cr\u00e9ations d\u2019\u00e9toffes somptueuses, rev\u00eatements muraux et passementeries d\u2019une qualit\u00e9 et d\u2019une inventivit\u00e9 exceptionnelles. Fond\u00e9e en 1884... Voir l'article","og_url":"https:\/\/www.gpjbaker.com\/fr\/marques\/","og_site_name":"G P &amp; J Baker","article_modified_time":"2025-09-12T20:22:34+00:00","og_image":[{"width":400,"height":255,"url":"https:\/\/www.gpjbaker.com\/wp-content\/uploads\/2012\/07\/brands_thumb.jpg","type":"image\/jpeg"}],"twitter_card":"summary_large_image","twitter_misc":{"Est. reading time":"4 minutes"},"schema":{"@context":"https:\/\/schema.org","@graph":[{"@type":"WebPage","@id":"https:\/\/www.gpjbaker.com\/fr\/marques\/","url":"https:\/\/www.gpjbaker.com\/fr\/marques\/","name":"Marques - G P &amp; J Baker","isPartOf":{"@id":"https:\/\/www.gpjbaker.com\/#website"},"primaryImageOfPage":{"@id":"https:\/\/www.gpjbaker.com\/fr\/marques\/#primaryimage"},"image":{"@id":"https:\/\/www.gpjbaker.com\/fr\/marques\/#primaryimage"},"thumbnailUrl":"https:\/\/www.gpjbaker.com\/wp-content\/uploads\/2012\/07\/brands_thumb.jpg","datePublished":"2016-02-25T16:22:06+00:00","dateModified":"2025-09-12T20:22:34+00:00","breadcrumb":{"@id":"https:\/\/www.gpjbaker.com\/fr\/marques\/#breadcrumb"},"inLanguage":"fr-FR","potentialAction":[{"@type":"ReadAction","target":["https:\/\/www.gpjbaker.com\/fr\/marques\/"]}]},{"@type":"ImageObject","inLanguage":"fr-FR","@id":"https:\/\/www.gpjbaker.com\/fr\/marques\/#primaryimage","url":"https:\/\/www.gpjbaker.com\/wp-content\/uploads\/2012\/07\/brands_thumb.jpg","contentUrl":"https:\/\/www.gpjbaker.com\/wp-content\/uploads\/2012\/07\/brands_thumb.jpg","width":400,"height":255,"caption":"Read more about our brands"},{"@type":"BreadcrumbList","@id":"https:\/\/www.gpjbaker.com\/fr\/marques\/#breadcrumb","itemListElement":[{"@type":"ListItem","position":1,"name":"Home","item":"https:\/\/www.gpjbaker.com\/fr\/"},{"@type":"ListItem","position":2,"name":"Marques"}]},{"@type":"WebSite","@id":"https:\/\/www.gpjbaker.com\/#website","url":"https:\/\/www.gpjbaker.com\/","name":"G P &amp; J Baker","description":"","potentialAction":[{"@type":"SearchAction","target":{"@type":"EntryPoint","urlTemplate":"https:\/\/www.gpjbaker.com\/?s={search_term_string}"},"query-input":{"@type":"PropertyValueSpecification","valueRequired":true,"valueName":"search_term_string"}}],"inLanguage":"fr-FR"}]}},"_links":{"self":[{"href":"https:\/\/www.gpjbaker.com\/fr\/wp-json\/wp\/v2\/pages\/4653","targetHints":{"allow":["GET"]}}],"collection":[{"href":"https:\/\/www.gpjbaker.com\/fr\/wp-json\/wp\/v2\/pages"}],"about":[{"href":"https:\/\/www.gpjbaker.com\/fr\/wp-json\/wp\/v2\/types\/page"}],"author":[{"embeddable":true,"href":"https:\/\/www.gpjbaker.com\/fr\/wp-json\/wp\/v2\/users\/1"}],"replies":[{"embeddable":true,"href":"https:\/\/www.gpjbaker.com\/fr\/wp-json\/wp\/v2\/comments?post=4653"}],"version-history":[{"count":9,"href":"https:\/\/www.gpjbaker.com\/fr\/wp-json\/wp\/v2\/pages\/4653\/revisions"}],"predecessor-version":[{"id":13275,"href":"https:\/\/www.gpjbaker.com\/fr\/wp-json\/wp\/v2\/pages\/4653\/revisions\/13275"}],"wp:featuredmedia":[{"embeddable":true,"href":"https:\/\/www.gpjbaker.com\/fr\/wp-json\/wp\/v2\/media\/4391"}],"wp:attachment":[{"href":"https:\/\/www.gpjbaker.com\/fr\/wp-json\/wp\/v2\/media?parent=4653"}],"curies":[{"name":"wp","href":"https:\/\/api.w.org\/{rel}","templated":true}]}}