{"id":4605,"date":"2016-02-15T10:22:25","date_gmt":"2016-02-15T15:22:25","guid":{"rendered":"http:\/\/gpjbaker.com\/fr\/?page_id=4605"},"modified":"2025-09-16T11:28:15","modified_gmt":"2025-09-16T16:28:15","slug":"gp-j-baker","status":"publish","type":"page","link":"https:\/\/www.gpjbaker.com\/fr\/marques\/gp-j-baker\/","title":{"rendered":"GP &#038; J Baker"},"content":{"rendered":"<div data-canvas-width=\"403.8907074122613\">GP &amp; J Baker, fournisseur de la Cour royale depuis 1982, jouit d\u2019une r\u00e9putation internationale pour ses cr\u00e9ations d\u2019\u00e9toffes somptueuses, rev\u00eatements muraux et passementeries d\u2019une qualit\u00e9 et d\u2019une inventivit\u00e9 exceptionnelles. Fond\u00e9e en 1884 par deux fr\u00e8res entreprenants, les collections actuelles, superbes interpr\u00e9tations de motifs provenant de ses archives renomm\u00e9es, imprim\u00e9s cr\u00e9atifs et originaux, tissages et broderies r\u00e9v\u00e8lent le style \u00e0 la fois unique et \u00e9l\u00e9gant de GP &amp; J Baker, se mariant parfaitement aux int\u00e9rieurs classiques ou contemporains.<\/div>\r\n\r\n<style>\r\nimg:is([sizes=\"auto\" i], [sizes^=\"auto,\" i]) { contain-intrinsic-size: 276px 176px; }\r\n<\/style>","protected":false},"excerpt":{"rendered":"GP &amp; J Baker, fournisseur de la Cour royale depuis 1982, jouit d\u2019une r\u00e9putation internationale pour ses cr\u00e9ations d\u2019\u00e9toffes somptueuses, rev\u00eatements muraux et passementeries d\u2019une qualit\u00e9 et d\u2019une inventivit\u00e9 exceptionnelles. Fond\u00e9e en 1884 par deux fr\u00e8res entreprenants, les collections actuelles, superbes interpr\u00e9tations de motifs provenant de ses archives renomm\u00e9es, imprim\u00e9s cr\u00e9atifs et originaux, tissages et&#8230; <a class=\"view-article\" href=\"https:\/\/www.gpjbaker.com\/fr\/marques\/gp-j-baker\/\">Voir l&#8217;article<\/a>","protected":false},"author":1,"featured_media":6020,"parent":4653,"menu_order":8,"comment_status":"closed","ping_status":"closed","template":"template-brands.php","meta":{"footnotes":""},"class_list":["post-4605","page","type-page","status-publish","has-post-thumbnail","hentry","page_language-fr"],"yoast_head":"<!-- This site is optimized with the Yoast SEO plugin v26.8 - https:\/\/yoast.com\/product\/yoast-seo-wordpress\/ -->\n<title>GP &amp; J Baker - G P &amp; J Baker<\/title>\n<meta name=\"robots\" content=\"index, follow, max-snippet:-1, max-image-preview:large, max-video-preview:-1\" \/>\n<link rel=\"canonical\" href=\"https:\/\/www.gpjbaker.com\/fr\/marques\/gp-j-baker\/\" \/>\n<meta property=\"og:locale\" content=\"fr_FR\" \/>\n<meta property=\"og:type\" content=\"article\" \/>\n<meta property=\"og:title\" content=\"GP &amp; J Baker - G P &amp; J Baker\" \/>\n<meta property=\"og:description\" content=\"GP &amp; J Baker, fournisseur de la Cour royale depuis 1982, jouit d\u2019une r\u00e9putation internationale pour ses cr\u00e9ations d\u2019\u00e9toffes somptueuses, rev\u00eatements muraux et passementeries d\u2019une qualit\u00e9 et d\u2019une inventivit\u00e9 exceptionnelles. Fond\u00e9e en 1884 par deux fr\u00e8res entreprenants, les collections actuelles, superbes interpr\u00e9tations de motifs provenant de ses archives renomm\u00e9es, imprim\u00e9s cr\u00e9atifs et originaux, tissages et... Voir l&#039;article\" \/>\n<meta property=\"og:url\" content=\"https:\/\/www.gpjbaker.com\/fr\/marques\/gp-j-baker\/\" \/>\n<meta property=\"og:site_name\" content=\"G P &amp; J Baker\" \/>\n<meta property=\"article:modified_time\" content=\"2025-09-16T16:28:15+00:00\" \/>\n<meta property=\"og:image\" content=\"https:\/\/www.gpjbaker.com\/wp-content\/uploads\/2015\/07\/gpjbaker_collections_thumb.jpg\" \/>\n\t<meta property=\"og:image:width\" content=\"893\" \/>\n\t<meta property=\"og:image:height\" content=\"580\" \/>\n\t<meta property=\"og:image:type\" content=\"image\/jpeg\" \/>\n<meta name=\"twitter:card\" content=\"summary_large_image\" \/>\n<meta name=\"twitter:label1\" content=\"Est. reading time\" \/>\n\t<meta name=\"twitter:data1\" content=\"1 minute\" \/>\n<script type=\"application\/ld+json\" class=\"yoast-schema-graph\">{\"@context\":\"https:\/\/schema.org\",\"@graph\":[{\"@type\":\"WebPage\",\"@id\":\"https:\/\/www.gpjbaker.com\/fr\/marques\/gp-j-baker\/\",\"url\":\"https:\/\/www.gpjbaker.com\/fr\/marques\/gp-j-baker\/\",\"name\":\"GP & J Baker - G P &amp; J Baker\",\"isPartOf\":{\"@id\":\"https:\/\/www.gpjbaker.com\/#website\"},\"primaryImageOfPage\":{\"@id\":\"https:\/\/www.gpjbaker.com\/fr\/marques\/gp-j-baker\/#primaryimage\"},\"image\":{\"@id\":\"https:\/\/www.gpjbaker.com\/fr\/marques\/gp-j-baker\/#primaryimage\"},\"thumbnailUrl\":\"https:\/\/www.gpjbaker.com\/wp-content\/uploads\/2015\/07\/gpjbaker_collections_thumb.jpg\",\"datePublished\":\"2016-02-15T15:22:25+00:00\",\"dateModified\":\"2025-09-16T16:28:15+00:00\",\"breadcrumb\":{\"@id\":\"https:\/\/www.gpjbaker.com\/fr\/marques\/gp-j-baker\/#breadcrumb\"},\"inLanguage\":\"fr-FR\",\"potentialAction\":[{\"@type\":\"ReadAction\",\"target\":[\"https:\/\/www.gpjbaker.com\/fr\/marques\/gp-j-baker\/\"]}]},{\"@type\":\"ImageObject\",\"inLanguage\":\"fr-FR\",\"@id\":\"https:\/\/www.gpjbaker.com\/fr\/marques\/gp-j-baker\/#primaryimage\",\"url\":\"https:\/\/www.gpjbaker.com\/wp-content\/uploads\/2015\/07\/gpjbaker_collections_thumb.jpg\",\"contentUrl\":\"https:\/\/www.gpjbaker.com\/wp-content\/uploads\/2015\/07\/gpjbaker_collections_thumb.jpg\",\"width\":893,\"height\":580,\"caption\":\"GP & J Baker, holder of the Royal Warrant since 1982, enjoys an international reputation for delivering magnificent fabrics, wallcoverings and trimmings exceptional in quality and creative innovation.\"},{\"@type\":\"BreadcrumbList\",\"@id\":\"https:\/\/www.gpjbaker.com\/fr\/marques\/gp-j-baker\/#breadcrumb\",\"itemListElement\":[{\"@type\":\"ListItem\",\"position\":1,\"name\":\"Home\",\"item\":\"https:\/\/www.gpjbaker.com\/fr\/\"},{\"@type\":\"ListItem\",\"position\":2,\"name\":\"Marques\",\"item\":\"https:\/\/www.gpjbaker.com\/fr\/marques\/\"},{\"@type\":\"ListItem\",\"position\":3,\"name\":\"GP &#038; J Baker\"}]},{\"@type\":\"WebSite\",\"@id\":\"https:\/\/www.gpjbaker.com\/#website\",\"url\":\"https:\/\/www.gpjbaker.com\/\",\"name\":\"G P &amp; J Baker\",\"description\":\"\",\"potentialAction\":[{\"@type\":\"SearchAction\",\"target\":{\"@type\":\"EntryPoint\",\"urlTemplate\":\"https:\/\/www.gpjbaker.com\/?s={search_term_string}\"},\"query-input\":{\"@type\":\"PropertyValueSpecification\",\"valueRequired\":true,\"valueName\":\"search_term_string\"}}],\"inLanguage\":\"fr-FR\"}]}<\/script>\n<!-- \/ Yoast SEO plugin. -->","yoast_head_json":{"title":"GP & J Baker - G P &amp; J Baker","robots":{"index":"index","follow":"follow","max-snippet":"max-snippet:-1","max-image-preview":"max-image-preview:large","max-video-preview":"max-video-preview:-1"},"canonical":"https:\/\/www.gpjbaker.com\/fr\/marques\/gp-j-baker\/","og_locale":"fr_FR","og_type":"article","og_title":"GP & J Baker - G P &amp; J Baker","og_description":"GP &amp; J Baker, fournisseur de la Cour royale depuis 1982, jouit d\u2019une r\u00e9putation internationale pour ses cr\u00e9ations d\u2019\u00e9toffes somptueuses, rev\u00eatements muraux et passementeries d\u2019une qualit\u00e9 et d\u2019une inventivit\u00e9 exceptionnelles. Fond\u00e9e en 1884 par deux fr\u00e8res entreprenants, les collections actuelles, superbes interpr\u00e9tations de motifs provenant de ses archives renomm\u00e9es, imprim\u00e9s cr\u00e9atifs et originaux, tissages et... Voir l'article","og_url":"https:\/\/www.gpjbaker.com\/fr\/marques\/gp-j-baker\/","og_site_name":"G P &amp; J Baker","article_modified_time":"2025-09-16T16:28:15+00:00","og_image":[{"width":893,"height":580,"url":"https:\/\/www.gpjbaker.com\/wp-content\/uploads\/2015\/07\/gpjbaker_collections_thumb.jpg","type":"image\/jpeg"}],"twitter_card":"summary_large_image","twitter_misc":{"Est. reading time":"1 minute"},"schema":{"@context":"https:\/\/schema.org","@graph":[{"@type":"WebPage","@id":"https:\/\/www.gpjbaker.com\/fr\/marques\/gp-j-baker\/","url":"https:\/\/www.gpjbaker.com\/fr\/marques\/gp-j-baker\/","name":"GP & J Baker - G P &amp; J Baker","isPartOf":{"@id":"https:\/\/www.gpjbaker.com\/#website"},"primaryImageOfPage":{"@id":"https:\/\/www.gpjbaker.com\/fr\/marques\/gp-j-baker\/#primaryimage"},"image":{"@id":"https:\/\/www.gpjbaker.com\/fr\/marques\/gp-j-baker\/#primaryimage"},"thumbnailUrl":"https:\/\/www.gpjbaker.com\/wp-content\/uploads\/2015\/07\/gpjbaker_collections_thumb.jpg","datePublished":"2016-02-15T15:22:25+00:00","dateModified":"2025-09-16T16:28:15+00:00","breadcrumb":{"@id":"https:\/\/www.gpjbaker.com\/fr\/marques\/gp-j-baker\/#breadcrumb"},"inLanguage":"fr-FR","potentialAction":[{"@type":"ReadAction","target":["https:\/\/www.gpjbaker.com\/fr\/marques\/gp-j-baker\/"]}]},{"@type":"ImageObject","inLanguage":"fr-FR","@id":"https:\/\/www.gpjbaker.com\/fr\/marques\/gp-j-baker\/#primaryimage","url":"https:\/\/www.gpjbaker.com\/wp-content\/uploads\/2015\/07\/gpjbaker_collections_thumb.jpg","contentUrl":"https:\/\/www.gpjbaker.com\/wp-content\/uploads\/2015\/07\/gpjbaker_collections_thumb.jpg","width":893,"height":580,"caption":"GP & J Baker, holder of the Royal Warrant since 1982, enjoys an international reputation for delivering magnificent fabrics, wallcoverings and trimmings exceptional in quality and creative innovation."},{"@type":"BreadcrumbList","@id":"https:\/\/www.gpjbaker.com\/fr\/marques\/gp-j-baker\/#breadcrumb","itemListElement":[{"@type":"ListItem","position":1,"name":"Home","item":"https:\/\/www.gpjbaker.com\/fr\/"},{"@type":"ListItem","position":2,"name":"Marques","item":"https:\/\/www.gpjbaker.com\/fr\/marques\/"},{"@type":"ListItem","position":3,"name":"GP &#038; J Baker"}]},{"@type":"WebSite","@id":"https:\/\/www.gpjbaker.com\/#website","url":"https:\/\/www.gpjbaker.com\/","name":"G P &amp; J Baker","description":"","potentialAction":[{"@type":"SearchAction","target":{"@type":"EntryPoint","urlTemplate":"https:\/\/www.gpjbaker.com\/?s={search_term_string}"},"query-input":{"@type":"PropertyValueSpecification","valueRequired":true,"valueName":"search_term_string"}}],"inLanguage":"fr-FR"}]}},"_links":{"self":[{"href":"https:\/\/www.gpjbaker.com\/fr\/wp-json\/wp\/v2\/pages\/4605","targetHints":{"allow":["GET"]}}],"collection":[{"href":"https:\/\/www.gpjbaker.com\/fr\/wp-json\/wp\/v2\/pages"}],"about":[{"href":"https:\/\/www.gpjbaker.com\/fr\/wp-json\/wp\/v2\/types\/page"}],"author":[{"embeddable":true,"href":"https:\/\/www.gpjbaker.com\/fr\/wp-json\/wp\/v2\/users\/1"}],"replies":[{"embeddable":true,"href":"https:\/\/www.gpjbaker.com\/fr\/wp-json\/wp\/v2\/comments?post=4605"}],"version-history":[{"count":5,"href":"https:\/\/www.gpjbaker.com\/fr\/wp-json\/wp\/v2\/pages\/4605\/revisions"}],"predecessor-version":[{"id":12617,"href":"https:\/\/www.gpjbaker.com\/fr\/wp-json\/wp\/v2\/pages\/4605\/revisions\/12617"}],"up":[{"embeddable":true,"href":"https:\/\/www.gpjbaker.com\/fr\/wp-json\/wp\/v2\/pages\/4653"}],"wp:featuredmedia":[{"embeddable":true,"href":"https:\/\/www.gpjbaker.com\/fr\/wp-json\/wp\/v2\/media\/6020"}],"wp:attachment":[{"href":"https:\/\/www.gpjbaker.com\/fr\/wp-json\/wp\/v2\/media?parent=4605"}],"curies":[{"name":"wp","href":"https:\/\/api.w.org\/{rel}","templated":true}]}}