{"id":13306,"date":"2025-09-19T11:01:14","date_gmt":"2025-09-19T16:01:14","guid":{"rendered":"https:\/\/www.gpjbaker.com\/?page_id=13306"},"modified":"2025-09-26T08:51:10","modified_gmt":"2025-09-26T13:51:10","slug":"house-small-prints-ii","status":"publish","type":"page","link":"https:\/\/www.gpjbaker.com\/fr\/marques\/gp-j-baker\/house-small-prints-ii\/","title":{"rendered":"House Small Prints II"},"content":{"rendered":"<p>Pleine de charme et d&#8217;\u00e9l\u00e9gance discr\u00e8te, la collection House Small Prints II comprend huit motifs textiles de petite taille magnifiquement r\u00e9alis\u00e9s. Qu&#8217;ils soient utilis\u00e9s pour ajouter de la personnalit\u00e9 \u00e0 une cuisine, de la chaleur \u00e0 une chambre \u00e0 coucher ou de la profondeur \u00e0 un espace de vie, ces ravissants motifs s&#8217;int\u00e8grent sans effort dans les int\u00e9rieurs traditionnels et contemporains.<\/p>\r\n\r\n<p><a href=\"https:\/\/www.gpjbaker.com\/fr\/marques\/gp-j-baker\/papiers-peints-house-small-prints-ii\/\" style=\"text-decoration:underline;\">Afficher les rev\u00eatements muraux assortis<\/a><\/p>\r\n<p><a href=\"https:\/\/cloud.3dissue.com\/209583\/209767\/246228\/HOUSE-SMALL-PRINTS-II-FABRICS\/\" style=\"text-decoration:underline;\">Afficher le livre d&#8217;\u00e9chantillons virtuel<\/a><\/p>\r\n\r\n<script type=\"text\/javascript\"> \r\nvar searchURL = \"sort=DATE&use=Multipurpose,Trim, Upholstery,Wallcovering,Curtains&collection=House Small Prints Ii\"\r\n <\/script>\r\n\r\n","protected":false},"excerpt":{"rendered":"Pleine de charme et d&#8217;\u00e9l\u00e9gance discr\u00e8te, la collection House Small Prints II comprend huit motifs textiles de petite taille magnifiquement r\u00e9alis\u00e9s. Qu&#8217;ils soient utilis\u00e9s pour ajouter de la personnalit\u00e9 \u00e0 une cuisine, de la chaleur \u00e0 une chambre \u00e0 coucher ou de la profondeur \u00e0 un espace de vie, ces ravissants motifs s&#8217;int\u00e8grent sans effort&#8230; <a class=\"view-article\" href=\"https:\/\/www.gpjbaker.com\/fr\/marques\/gp-j-baker\/house-small-prints-ii\/\">Voir l&#8217;article<\/a>","protected":false},"author":6,"featured_media":12983,"parent":4605,"menu_order":7,"comment_status":"closed","ping_status":"closed","template":"template-collections.php","meta":{"footnotes":""},"class_list":["post-13306","page","type-page","status-publish","has-post-thumbnail","hentry"],"yoast_head":"<!-- This site is optimized with the Yoast SEO plugin v26.8 - https:\/\/yoast.com\/product\/yoast-seo-wordpress\/ -->\n<title>House Small Prints II - G P &amp; J Baker<\/title>\n<meta name=\"robots\" content=\"index, follow, max-snippet:-1, max-image-preview:large, max-video-preview:-1\" \/>\n<link rel=\"canonical\" href=\"https:\/\/www.gpjbaker.com\/fr\/marques\/gp-j-baker\/house-small-prints-ii\/\" \/>\n<meta property=\"og:locale\" content=\"fr_FR\" \/>\n<meta property=\"og:type\" content=\"article\" \/>\n<meta property=\"og:title\" content=\"House Small Prints II - G P &amp; J Baker\" \/>\n<meta property=\"og:description\" content=\"Pleine de charme et d&#8217;\u00e9l\u00e9gance discr\u00e8te, la collection House Small Prints II comprend huit motifs textiles de petite taille magnifiquement r\u00e9alis\u00e9s. Qu&#8217;ils soient utilis\u00e9s pour ajouter de la personnalit\u00e9 \u00e0 une cuisine, de la chaleur \u00e0 une chambre \u00e0 coucher ou de la profondeur \u00e0 un espace de vie, ces ravissants motifs s&#8217;int\u00e8grent sans effort... Voir l&#039;article\" \/>\n<meta property=\"og:url\" content=\"https:\/\/www.gpjbaker.com\/fr\/marques\/gp-j-baker\/house-small-prints-ii\/\" \/>\n<meta property=\"og:site_name\" content=\"G P &amp; J Baker\" \/>\n<meta property=\"article:modified_time\" content=\"2025-09-26T13:51:10+00:00\" \/>\n<meta property=\"og:image\" content=\"https:\/\/www.gpjbaker.com\/wp-content\/uploads\/2025\/09\/GPJ-House-Small-Prints-II-Thumbnail.jpg\" \/>\n\t<meta property=\"og:image:width\" content=\"400\" \/>\n\t<meta property=\"og:image:height\" content=\"255\" \/>\n\t<meta property=\"og:image:type\" content=\"image\/jpeg\" \/>\n<meta name=\"twitter:card\" content=\"summary_large_image\" \/>\n<meta name=\"twitter:label1\" content=\"Est. reading time\" \/>\n\t<meta name=\"twitter:data1\" content=\"1 minute\" \/>\n<script type=\"application\/ld+json\" class=\"yoast-schema-graph\">{\"@context\":\"https:\/\/schema.org\",\"@graph\":[{\"@type\":\"WebPage\",\"@id\":\"https:\/\/www.gpjbaker.com\/fr\/marques\/gp-j-baker\/house-small-prints-ii\/\",\"url\":\"https:\/\/www.gpjbaker.com\/fr\/marques\/gp-j-baker\/house-small-prints-ii\/\",\"name\":\"House Small Prints II - G P &amp; J Baker\",\"isPartOf\":{\"@id\":\"https:\/\/www.gpjbaker.com\/#website\"},\"primaryImageOfPage\":{\"@id\":\"https:\/\/www.gpjbaker.com\/fr\/marques\/gp-j-baker\/house-small-prints-ii\/#primaryimage\"},\"image\":{\"@id\":\"https:\/\/www.gpjbaker.com\/fr\/marques\/gp-j-baker\/house-small-prints-ii\/#primaryimage\"},\"thumbnailUrl\":\"https:\/\/www.gpjbaker.com\/wp-content\/uploads\/2025\/09\/GPJ-House-Small-Prints-II-Thumbnail.jpg\",\"datePublished\":\"2025-09-19T16:01:14+00:00\",\"dateModified\":\"2025-09-26T13:51:10+00:00\",\"breadcrumb\":{\"@id\":\"https:\/\/www.gpjbaker.com\/fr\/marques\/gp-j-baker\/house-small-prints-ii\/#breadcrumb\"},\"inLanguage\":\"fr-FR\",\"potentialAction\":[{\"@type\":\"ReadAction\",\"target\":[\"https:\/\/www.gpjbaker.com\/fr\/marques\/gp-j-baker\/house-small-prints-ii\/\"]}]},{\"@type\":\"ImageObject\",\"inLanguage\":\"fr-FR\",\"@id\":\"https:\/\/www.gpjbaker.com\/fr\/marques\/gp-j-baker\/house-small-prints-ii\/#primaryimage\",\"url\":\"https:\/\/www.gpjbaker.com\/wp-content\/uploads\/2025\/09\/GPJ-House-Small-Prints-II-Thumbnail.jpg\",\"contentUrl\":\"https:\/\/www.gpjbaker.com\/wp-content\/uploads\/2025\/09\/GPJ-House-Small-Prints-II-Thumbnail.jpg\",\"width\":400,\"height\":255,\"caption\":\"Full of charm and quiet elegance, the House Small Prints II collection features eight beautifully crafted small-scale fabric designs.\"},{\"@type\":\"BreadcrumbList\",\"@id\":\"https:\/\/www.gpjbaker.com\/fr\/marques\/gp-j-baker\/house-small-prints-ii\/#breadcrumb\",\"itemListElement\":[{\"@type\":\"ListItem\",\"position\":1,\"name\":\"Home\",\"item\":\"https:\/\/www.gpjbaker.com\/fr\/\"},{\"@type\":\"ListItem\",\"position\":2,\"name\":\"Marques\",\"item\":\"https:\/\/www.gpjbaker.com\/fr\/marques\/\"},{\"@type\":\"ListItem\",\"position\":3,\"name\":\"GP &#038; J Baker\",\"item\":\"https:\/\/www.gpjbaker.com\/fr\/marques\/gp-j-baker\/\"},{\"@type\":\"ListItem\",\"position\":4,\"name\":\"House Small Prints II\"}]},{\"@type\":\"WebSite\",\"@id\":\"https:\/\/www.gpjbaker.com\/#website\",\"url\":\"https:\/\/www.gpjbaker.com\/\",\"name\":\"G P &amp; J Baker\",\"description\":\"\",\"potentialAction\":[{\"@type\":\"SearchAction\",\"target\":{\"@type\":\"EntryPoint\",\"urlTemplate\":\"https:\/\/www.gpjbaker.com\/?s={search_term_string}\"},\"query-input\":{\"@type\":\"PropertyValueSpecification\",\"valueRequired\":true,\"valueName\":\"search_term_string\"}}],\"inLanguage\":\"fr-FR\"}]}<\/script>\n<!-- \/ Yoast SEO plugin. -->","yoast_head_json":{"title":"House Small Prints II - G P &amp; J Baker","robots":{"index":"index","follow":"follow","max-snippet":"max-snippet:-1","max-image-preview":"max-image-preview:large","max-video-preview":"max-video-preview:-1"},"canonical":"https:\/\/www.gpjbaker.com\/fr\/marques\/gp-j-baker\/house-small-prints-ii\/","og_locale":"fr_FR","og_type":"article","og_title":"House Small Prints II - G P &amp; J Baker","og_description":"Pleine de charme et d&#8217;\u00e9l\u00e9gance discr\u00e8te, la collection House Small Prints II comprend huit motifs textiles de petite taille magnifiquement r\u00e9alis\u00e9s. Qu&#8217;ils soient utilis\u00e9s pour ajouter de la personnalit\u00e9 \u00e0 une cuisine, de la chaleur \u00e0 une chambre \u00e0 coucher ou de la profondeur \u00e0 un espace de vie, ces ravissants motifs s&#8217;int\u00e8grent sans effort... Voir l'article","og_url":"https:\/\/www.gpjbaker.com\/fr\/marques\/gp-j-baker\/house-small-prints-ii\/","og_site_name":"G P &amp; J Baker","article_modified_time":"2025-09-26T13:51:10+00:00","og_image":[{"width":400,"height":255,"url":"https:\/\/www.gpjbaker.com\/wp-content\/uploads\/2025\/09\/GPJ-House-Small-Prints-II-Thumbnail.jpg","type":"image\/jpeg"}],"twitter_card":"summary_large_image","twitter_misc":{"Est. reading time":"1 minute"},"schema":{"@context":"https:\/\/schema.org","@graph":[{"@type":"WebPage","@id":"https:\/\/www.gpjbaker.com\/fr\/marques\/gp-j-baker\/house-small-prints-ii\/","url":"https:\/\/www.gpjbaker.com\/fr\/marques\/gp-j-baker\/house-small-prints-ii\/","name":"House Small Prints II - G P &amp; J Baker","isPartOf":{"@id":"https:\/\/www.gpjbaker.com\/#website"},"primaryImageOfPage":{"@id":"https:\/\/www.gpjbaker.com\/fr\/marques\/gp-j-baker\/house-small-prints-ii\/#primaryimage"},"image":{"@id":"https:\/\/www.gpjbaker.com\/fr\/marques\/gp-j-baker\/house-small-prints-ii\/#primaryimage"},"thumbnailUrl":"https:\/\/www.gpjbaker.com\/wp-content\/uploads\/2025\/09\/GPJ-House-Small-Prints-II-Thumbnail.jpg","datePublished":"2025-09-19T16:01:14+00:00","dateModified":"2025-09-26T13:51:10+00:00","breadcrumb":{"@id":"https:\/\/www.gpjbaker.com\/fr\/marques\/gp-j-baker\/house-small-prints-ii\/#breadcrumb"},"inLanguage":"fr-FR","potentialAction":[{"@type":"ReadAction","target":["https:\/\/www.gpjbaker.com\/fr\/marques\/gp-j-baker\/house-small-prints-ii\/"]}]},{"@type":"ImageObject","inLanguage":"fr-FR","@id":"https:\/\/www.gpjbaker.com\/fr\/marques\/gp-j-baker\/house-small-prints-ii\/#primaryimage","url":"https:\/\/www.gpjbaker.com\/wp-content\/uploads\/2025\/09\/GPJ-House-Small-Prints-II-Thumbnail.jpg","contentUrl":"https:\/\/www.gpjbaker.com\/wp-content\/uploads\/2025\/09\/GPJ-House-Small-Prints-II-Thumbnail.jpg","width":400,"height":255,"caption":"Full of charm and quiet elegance, the House Small Prints II collection features eight beautifully crafted small-scale fabric designs."},{"@type":"BreadcrumbList","@id":"https:\/\/www.gpjbaker.com\/fr\/marques\/gp-j-baker\/house-small-prints-ii\/#breadcrumb","itemListElement":[{"@type":"ListItem","position":1,"name":"Home","item":"https:\/\/www.gpjbaker.com\/fr\/"},{"@type":"ListItem","position":2,"name":"Marques","item":"https:\/\/www.gpjbaker.com\/fr\/marques\/"},{"@type":"ListItem","position":3,"name":"GP &#038; J Baker","item":"https:\/\/www.gpjbaker.com\/fr\/marques\/gp-j-baker\/"},{"@type":"ListItem","position":4,"name":"House Small Prints II"}]},{"@type":"WebSite","@id":"https:\/\/www.gpjbaker.com\/#website","url":"https:\/\/www.gpjbaker.com\/","name":"G P &amp; J Baker","description":"","potentialAction":[{"@type":"SearchAction","target":{"@type":"EntryPoint","urlTemplate":"https:\/\/www.gpjbaker.com\/?s={search_term_string}"},"query-input":{"@type":"PropertyValueSpecification","valueRequired":true,"valueName":"search_term_string"}}],"inLanguage":"fr-FR"}]}},"_links":{"self":[{"href":"https:\/\/www.gpjbaker.com\/fr\/wp-json\/wp\/v2\/pages\/13306","targetHints":{"allow":["GET"]}}],"collection":[{"href":"https:\/\/www.gpjbaker.com\/fr\/wp-json\/wp\/v2\/pages"}],"about":[{"href":"https:\/\/www.gpjbaker.com\/fr\/wp-json\/wp\/v2\/types\/page"}],"author":[{"embeddable":true,"href":"https:\/\/www.gpjbaker.com\/fr\/wp-json\/wp\/v2\/users\/6"}],"replies":[{"embeddable":true,"href":"https:\/\/www.gpjbaker.com\/fr\/wp-json\/wp\/v2\/comments?post=13306"}],"version-history":[{"count":4,"href":"https:\/\/www.gpjbaker.com\/fr\/wp-json\/wp\/v2\/pages\/13306\/revisions"}],"predecessor-version":[{"id":13373,"href":"https:\/\/www.gpjbaker.com\/fr\/wp-json\/wp\/v2\/pages\/13306\/revisions\/13373"}],"up":[{"embeddable":true,"href":"https:\/\/www.gpjbaker.com\/fr\/wp-json\/wp\/v2\/pages\/4605"}],"wp:featuredmedia":[{"embeddable":true,"href":"https:\/\/www.gpjbaker.com\/fr\/wp-json\/wp\/v2\/media\/12983"}],"wp:attachment":[{"href":"https:\/\/www.gpjbaker.com\/fr\/wp-json\/wp\/v2\/media?parent=13306"}],"curies":[{"name":"wp","href":"https:\/\/api.w.org\/{rel}","templated":true}]}}