{"id":13304,"date":"2025-09-24T09:03:09","date_gmt":"2025-09-24T14:03:09","guid":{"rendered":"https:\/\/www.gpjbaker.com\/?page_id=13304"},"modified":"2025-09-24T11:40:15","modified_gmt":"2025-09-24T16:40:15","slug":"revetements-muraux-whitley-hall","status":"publish","type":"page","link":"https:\/\/www.gpjbaker.com\/fr\/marques\/lee-jofa\/revetements-muraux-whitley-hall\/","title":{"rendered":"Rev\u00eatements muraux Whitley Hall"},"content":{"rendered":"<p>Inspir\u00e9e par la grandeur tranquille d&#8217;un manoir anglais du XVIe si\u00e8cle, la collection de papiers peints Whitley Hall donne vie \u00e0 des motifs traditionnels gr\u00e2ce \u00e0 des d\u00e9tails raffin\u00e9s, des textures superpos\u00e9es et une palette \u00e9l\u00e9gante, con\u00e7ue pour enrichir les int\u00e9rieurs intemporels avec chaleur, profondeur et luxe discret.<\/p>\r\n\r\n<p><a style=\"text-decoration:underline;\" href=\"https:\/\/www.gpjbaker.com\/fr\/marques\/lee-jofa\/whitley-hall\/\">Voir les tissus assortis<\/a><\/p>\r\n\r\n<script type=\"text\/javascript\"> \r\nvar searchURL = \"sort=DATE&use=Multipurpose,Trim, Upholstery,Wallcovering,Curtains&collection=Whitley Hall Wallcovering\"\r\n <\/script>","protected":false},"excerpt":{"rendered":"Inspir\u00e9e par la grandeur tranquille d&#8217;un manoir anglais du XVIe si\u00e8cle, la collection de papiers peints Whitley Hall donne vie \u00e0 des motifs traditionnels gr\u00e2ce \u00e0 des d\u00e9tails raffin\u00e9s, des textures superpos\u00e9es et une palette \u00e9l\u00e9gante, con\u00e7ue pour enrichir les int\u00e9rieurs intemporels avec chaleur, profondeur et luxe discret. Voir les tissus assortis","protected":false},"author":6,"featured_media":13424,"parent":5287,"menu_order":9,"comment_status":"closed","ping_status":"closed","template":"template-collections.php","meta":{"footnotes":""},"class_list":["post-13304","page","type-page","status-publish","has-post-thumbnail","hentry"],"yoast_head":"<!-- This site is optimized with the Yoast SEO plugin v26.8 - https:\/\/yoast.com\/product\/yoast-seo-wordpress\/ -->\n<title>Rev\u00eatements muraux Whitley Hall - G P &amp; J Baker<\/title>\n<meta name=\"robots\" content=\"index, follow, max-snippet:-1, max-image-preview:large, max-video-preview:-1\" \/>\n<link rel=\"canonical\" href=\"https:\/\/www.gpjbaker.com\/fr\/marques\/lee-jofa\/revetements-muraux-whitley-hall\/\" \/>\n<meta property=\"og:locale\" content=\"fr_FR\" \/>\n<meta property=\"og:type\" content=\"article\" \/>\n<meta property=\"og:title\" content=\"Rev\u00eatements muraux Whitley Hall - G P &amp; J Baker\" \/>\n<meta property=\"og:description\" content=\"Inspir\u00e9e par la grandeur tranquille d&#8217;un manoir anglais du XVIe si\u00e8cle, la collection de papiers peints Whitley Hall donne vie \u00e0 des motifs traditionnels gr\u00e2ce \u00e0 des d\u00e9tails raffin\u00e9s, des textures superpos\u00e9es et une palette \u00e9l\u00e9gante, con\u00e7ue pour enrichir les int\u00e9rieurs intemporels avec chaleur, profondeur et luxe discret. Voir les tissus assortis\" \/>\n<meta property=\"og:url\" content=\"https:\/\/www.gpjbaker.com\/fr\/marques\/lee-jofa\/revetements-muraux-whitley-hall\/\" \/>\n<meta property=\"og:site_name\" content=\"G P &amp; J Baker\" \/>\n<meta property=\"article:modified_time\" content=\"2025-09-24T16:40:15+00:00\" \/>\n<meta property=\"og:image\" content=\"https:\/\/www.gpjbaker.com\/wp-content\/uploads\/2025\/09\/LJ-Whitley-Hall-Wallpaper-Thumbnail-FR.jpg\" \/>\n\t<meta property=\"og:image:width\" content=\"400\" \/>\n\t<meta property=\"og:image:height\" content=\"255\" \/>\n\t<meta property=\"og:image:type\" content=\"image\/jpeg\" \/>\n<meta name=\"twitter:card\" content=\"summary_large_image\" \/>\n<meta name=\"twitter:label1\" content=\"Est. reading time\" \/>\n\t<meta name=\"twitter:data1\" content=\"1 minute\" \/>\n<script type=\"application\/ld+json\" class=\"yoast-schema-graph\">{\"@context\":\"https:\/\/schema.org\",\"@graph\":[{\"@type\":\"WebPage\",\"@id\":\"https:\/\/www.gpjbaker.com\/fr\/marques\/lee-jofa\/revetements-muraux-whitley-hall\/\",\"url\":\"https:\/\/www.gpjbaker.com\/fr\/marques\/lee-jofa\/revetements-muraux-whitley-hall\/\",\"name\":\"Rev\u00eatements muraux Whitley Hall - G P &amp; J Baker\",\"isPartOf\":{\"@id\":\"https:\/\/www.gpjbaker.com\/#website\"},\"primaryImageOfPage\":{\"@id\":\"https:\/\/www.gpjbaker.com\/fr\/marques\/lee-jofa\/revetements-muraux-whitley-hall\/#primaryimage\"},\"image\":{\"@id\":\"https:\/\/www.gpjbaker.com\/fr\/marques\/lee-jofa\/revetements-muraux-whitley-hall\/#primaryimage\"},\"thumbnailUrl\":\"https:\/\/www.gpjbaker.com\/wp-content\/uploads\/2025\/09\/LJ-Whitley-Hall-Wallpaper-Thumbnail-FR.jpg\",\"datePublished\":\"2025-09-24T14:03:09+00:00\",\"dateModified\":\"2025-09-24T16:40:15+00:00\",\"breadcrumb\":{\"@id\":\"https:\/\/www.gpjbaker.com\/fr\/marques\/lee-jofa\/revetements-muraux-whitley-hall\/#breadcrumb\"},\"inLanguage\":\"fr-FR\",\"potentialAction\":[{\"@type\":\"ReadAction\",\"target\":[\"https:\/\/www.gpjbaker.com\/fr\/marques\/lee-jofa\/revetements-muraux-whitley-hall\/\"]}]},{\"@type\":\"ImageObject\",\"inLanguage\":\"fr-FR\",\"@id\":\"https:\/\/www.gpjbaker.com\/fr\/marques\/lee-jofa\/revetements-muraux-whitley-hall\/#primaryimage\",\"url\":\"https:\/\/www.gpjbaker.com\/wp-content\/uploads\/2025\/09\/LJ-Whitley-Hall-Wallpaper-Thumbnail-FR.jpg\",\"contentUrl\":\"https:\/\/www.gpjbaker.com\/wp-content\/uploads\/2025\/09\/LJ-Whitley-Hall-Wallpaper-Thumbnail-FR.jpg\",\"width\":400,\"height\":255,\"caption\":\"Les papiers peints Whitley Hall m\u00e9langent des motifs patrimoniaux, une texture riche et des tons \u00e9l\u00e9gants pour apporter une sophistication intemporelle \u00e0 n'importe quel espace int\u00e9rieur.\"},{\"@type\":\"BreadcrumbList\",\"@id\":\"https:\/\/www.gpjbaker.com\/fr\/marques\/lee-jofa\/revetements-muraux-whitley-hall\/#breadcrumb\",\"itemListElement\":[{\"@type\":\"ListItem\",\"position\":1,\"name\":\"Home\",\"item\":\"https:\/\/www.gpjbaker.com\/fr\/\"},{\"@type\":\"ListItem\",\"position\":2,\"name\":\"Marques\",\"item\":\"https:\/\/www.gpjbaker.com\/fr\/marques\/\"},{\"@type\":\"ListItem\",\"position\":3,\"name\":\"Lee Jofa\",\"item\":\"https:\/\/www.gpjbaker.com\/fr\/marques\/lee-jofa\/\"},{\"@type\":\"ListItem\",\"position\":4,\"name\":\"Rev\u00eatements muraux Whitley Hall\"}]},{\"@type\":\"WebSite\",\"@id\":\"https:\/\/www.gpjbaker.com\/#website\",\"url\":\"https:\/\/www.gpjbaker.com\/\",\"name\":\"G P &amp; J Baker\",\"description\":\"\",\"potentialAction\":[{\"@type\":\"SearchAction\",\"target\":{\"@type\":\"EntryPoint\",\"urlTemplate\":\"https:\/\/www.gpjbaker.com\/?s={search_term_string}\"},\"query-input\":{\"@type\":\"PropertyValueSpecification\",\"valueRequired\":true,\"valueName\":\"search_term_string\"}}],\"inLanguage\":\"fr-FR\"}]}<\/script>\n<!-- \/ Yoast SEO plugin. -->","yoast_head_json":{"title":"Rev\u00eatements muraux Whitley Hall - G P &amp; J Baker","robots":{"index":"index","follow":"follow","max-snippet":"max-snippet:-1","max-image-preview":"max-image-preview:large","max-video-preview":"max-video-preview:-1"},"canonical":"https:\/\/www.gpjbaker.com\/fr\/marques\/lee-jofa\/revetements-muraux-whitley-hall\/","og_locale":"fr_FR","og_type":"article","og_title":"Rev\u00eatements muraux Whitley Hall - G P &amp; J Baker","og_description":"Inspir\u00e9e par la grandeur tranquille d&#8217;un manoir anglais du XVIe si\u00e8cle, la collection de papiers peints Whitley Hall donne vie \u00e0 des motifs traditionnels gr\u00e2ce \u00e0 des d\u00e9tails raffin\u00e9s, des textures superpos\u00e9es et une palette \u00e9l\u00e9gante, con\u00e7ue pour enrichir les int\u00e9rieurs intemporels avec chaleur, profondeur et luxe discret. Voir les tissus assortis","og_url":"https:\/\/www.gpjbaker.com\/fr\/marques\/lee-jofa\/revetements-muraux-whitley-hall\/","og_site_name":"G P &amp; J Baker","article_modified_time":"2025-09-24T16:40:15+00:00","og_image":[{"width":400,"height":255,"url":"https:\/\/www.gpjbaker.com\/wp-content\/uploads\/2025\/09\/LJ-Whitley-Hall-Wallpaper-Thumbnail-FR.jpg","type":"image\/jpeg"}],"twitter_card":"summary_large_image","twitter_misc":{"Est. reading time":"1 minute"},"schema":{"@context":"https:\/\/schema.org","@graph":[{"@type":"WebPage","@id":"https:\/\/www.gpjbaker.com\/fr\/marques\/lee-jofa\/revetements-muraux-whitley-hall\/","url":"https:\/\/www.gpjbaker.com\/fr\/marques\/lee-jofa\/revetements-muraux-whitley-hall\/","name":"Rev\u00eatements muraux Whitley Hall - G P &amp; J Baker","isPartOf":{"@id":"https:\/\/www.gpjbaker.com\/#website"},"primaryImageOfPage":{"@id":"https:\/\/www.gpjbaker.com\/fr\/marques\/lee-jofa\/revetements-muraux-whitley-hall\/#primaryimage"},"image":{"@id":"https:\/\/www.gpjbaker.com\/fr\/marques\/lee-jofa\/revetements-muraux-whitley-hall\/#primaryimage"},"thumbnailUrl":"https:\/\/www.gpjbaker.com\/wp-content\/uploads\/2025\/09\/LJ-Whitley-Hall-Wallpaper-Thumbnail-FR.jpg","datePublished":"2025-09-24T14:03:09+00:00","dateModified":"2025-09-24T16:40:15+00:00","breadcrumb":{"@id":"https:\/\/www.gpjbaker.com\/fr\/marques\/lee-jofa\/revetements-muraux-whitley-hall\/#breadcrumb"},"inLanguage":"fr-FR","potentialAction":[{"@type":"ReadAction","target":["https:\/\/www.gpjbaker.com\/fr\/marques\/lee-jofa\/revetements-muraux-whitley-hall\/"]}]},{"@type":"ImageObject","inLanguage":"fr-FR","@id":"https:\/\/www.gpjbaker.com\/fr\/marques\/lee-jofa\/revetements-muraux-whitley-hall\/#primaryimage","url":"https:\/\/www.gpjbaker.com\/wp-content\/uploads\/2025\/09\/LJ-Whitley-Hall-Wallpaper-Thumbnail-FR.jpg","contentUrl":"https:\/\/www.gpjbaker.com\/wp-content\/uploads\/2025\/09\/LJ-Whitley-Hall-Wallpaper-Thumbnail-FR.jpg","width":400,"height":255,"caption":"Les papiers peints Whitley Hall m\u00e9langent des motifs patrimoniaux, une texture riche et des tons \u00e9l\u00e9gants pour apporter une sophistication intemporelle \u00e0 n'importe quel espace int\u00e9rieur."},{"@type":"BreadcrumbList","@id":"https:\/\/www.gpjbaker.com\/fr\/marques\/lee-jofa\/revetements-muraux-whitley-hall\/#breadcrumb","itemListElement":[{"@type":"ListItem","position":1,"name":"Home","item":"https:\/\/www.gpjbaker.com\/fr\/"},{"@type":"ListItem","position":2,"name":"Marques","item":"https:\/\/www.gpjbaker.com\/fr\/marques\/"},{"@type":"ListItem","position":3,"name":"Lee Jofa","item":"https:\/\/www.gpjbaker.com\/fr\/marques\/lee-jofa\/"},{"@type":"ListItem","position":4,"name":"Rev\u00eatements muraux Whitley Hall"}]},{"@type":"WebSite","@id":"https:\/\/www.gpjbaker.com\/#website","url":"https:\/\/www.gpjbaker.com\/","name":"G P &amp; J Baker","description":"","potentialAction":[{"@type":"SearchAction","target":{"@type":"EntryPoint","urlTemplate":"https:\/\/www.gpjbaker.com\/?s={search_term_string}"},"query-input":{"@type":"PropertyValueSpecification","valueRequired":true,"valueName":"search_term_string"}}],"inLanguage":"fr-FR"}]}},"_links":{"self":[{"href":"https:\/\/www.gpjbaker.com\/fr\/wp-json\/wp\/v2\/pages\/13304","targetHints":{"allow":["GET"]}}],"collection":[{"href":"https:\/\/www.gpjbaker.com\/fr\/wp-json\/wp\/v2\/pages"}],"about":[{"href":"https:\/\/www.gpjbaker.com\/fr\/wp-json\/wp\/v2\/types\/page"}],"author":[{"embeddable":true,"href":"https:\/\/www.gpjbaker.com\/fr\/wp-json\/wp\/v2\/users\/6"}],"replies":[{"embeddable":true,"href":"https:\/\/www.gpjbaker.com\/fr\/wp-json\/wp\/v2\/comments?post=13304"}],"version-history":[{"count":1,"href":"https:\/\/www.gpjbaker.com\/fr\/wp-json\/wp\/v2\/pages\/13304\/revisions"}],"predecessor-version":[{"id":13413,"href":"https:\/\/www.gpjbaker.com\/fr\/wp-json\/wp\/v2\/pages\/13304\/revisions\/13413"}],"up":[{"embeddable":true,"href":"https:\/\/www.gpjbaker.com\/fr\/wp-json\/wp\/v2\/pages\/5287"}],"wp:featuredmedia":[{"embeddable":true,"href":"https:\/\/www.gpjbaker.com\/fr\/wp-json\/wp\/v2\/media\/13424"}],"wp:attachment":[{"href":"https:\/\/www.gpjbaker.com\/fr\/wp-json\/wp\/v2\/media?parent=13304"}],"curies":[{"name":"wp","href":"https:\/\/api.w.org\/{rel}","templated":true}]}}