{"id":13300,"date":"2025-09-16T11:02:20","date_gmt":"2025-09-16T16:02:20","guid":{"rendered":"https:\/\/www.gpjbaker.com\/?page_id=13300"},"modified":"2025-09-24T11:33:43","modified_gmt":"2025-09-24T16:33:43","slug":"whitley-hall","status":"publish","type":"page","link":"https:\/\/www.gpjbaker.com\/fr\/marques\/lee-jofa\/whitley-hall\/","title":{"rendered":"Whitley Hall"},"content":{"rendered":"<p>Inspir\u00e9e par l&#8217;\u00e9l\u00e9gance intemporelle d&#8217;un domaine anglais du XVIe si\u00e8cle, la collection Whitley Hall pr\u00e9sente une riche gamme de textiles de style traditionnel, revisit\u00e9s avec des motifs sobres et des couleurs fra\u00eeches.<\/p>\r\n\r\n<p><a href=\"https:\/\/www.gpjbaker.com\/fr\/marques\/lee-jofa\/revetements-muraux-whitley-hall\/\" style=\"text-decoration:underline\">Afficher des rev\u00eatements muraux correspondants<\/a><\/p>\r\n\r\n<script type=\"text\/javascript\"> \r\nvar searchURL = \"sort=DATE&use=Multipurpose,Trim, Upholstery,Wallcovering,Curtains&collection=Whitley Hall\"\r\n <\/script>","protected":false},"excerpt":{"rendered":"Inspir\u00e9e par l&#8217;\u00e9l\u00e9gance intemporelle d&#8217;un domaine anglais du XVIe si\u00e8cle, la collection Whitley Hall pr\u00e9sente une riche gamme de textiles de style traditionnel, revisit\u00e9s avec des motifs sobres et des couleurs fra\u00eeches. Afficher des rev\u00eatements muraux correspondants","protected":false},"author":6,"featured_media":13422,"parent":5287,"menu_order":8,"comment_status":"closed","ping_status":"closed","template":"template-collections.php","meta":{"footnotes":""},"class_list":["post-13300","page","type-page","status-publish","has-post-thumbnail","hentry"],"yoast_head":"<!-- This site is optimized with the Yoast SEO plugin v26.8 - https:\/\/yoast.com\/product\/yoast-seo-wordpress\/ -->\n<title>Whitley Hall - G P &amp; J Baker<\/title>\n<meta name=\"robots\" content=\"index, follow, max-snippet:-1, max-image-preview:large, max-video-preview:-1\" \/>\n<link rel=\"canonical\" href=\"https:\/\/www.gpjbaker.com\/fr\/marques\/lee-jofa\/whitley-hall\/\" \/>\n<meta property=\"og:locale\" content=\"fr_FR\" \/>\n<meta property=\"og:type\" content=\"article\" \/>\n<meta property=\"og:title\" content=\"Whitley Hall - G P &amp; J Baker\" \/>\n<meta property=\"og:description\" content=\"Inspir\u00e9e par l&#8217;\u00e9l\u00e9gance intemporelle d&#8217;un domaine anglais du XVIe si\u00e8cle, la collection Whitley Hall pr\u00e9sente une riche gamme de textiles de style traditionnel, revisit\u00e9s avec des motifs sobres et des couleurs fra\u00eeches. Afficher des rev\u00eatements muraux correspondants\" \/>\n<meta property=\"og:url\" content=\"https:\/\/www.gpjbaker.com\/fr\/marques\/lee-jofa\/whitley-hall\/\" \/>\n<meta property=\"og:site_name\" content=\"G P &amp; J Baker\" \/>\n<meta property=\"article:modified_time\" content=\"2025-09-24T16:33:43+00:00\" \/>\n<meta property=\"og:image\" content=\"https:\/\/www.gpjbaker.com\/wp-content\/uploads\/2025\/09\/LJ-Whitley-Thumb-FR.jpg\" \/>\n\t<meta property=\"og:image:width\" content=\"400\" \/>\n\t<meta property=\"og:image:height\" content=\"255\" \/>\n\t<meta property=\"og:image:type\" content=\"image\/jpeg\" \/>\n<meta name=\"twitter:card\" content=\"summary_large_image\" \/>\n<meta name=\"twitter:label1\" content=\"Est. reading time\" \/>\n\t<meta name=\"twitter:data1\" content=\"1 minute\" \/>\n<script type=\"application\/ld+json\" class=\"yoast-schema-graph\">{\"@context\":\"https:\/\/schema.org\",\"@graph\":[{\"@type\":\"WebPage\",\"@id\":\"https:\/\/www.gpjbaker.com\/fr\/marques\/lee-jofa\/whitley-hall\/\",\"url\":\"https:\/\/www.gpjbaker.com\/fr\/marques\/lee-jofa\/whitley-hall\/\",\"name\":\"Whitley Hall - G P &amp; J Baker\",\"isPartOf\":{\"@id\":\"https:\/\/www.gpjbaker.com\/#website\"},\"primaryImageOfPage\":{\"@id\":\"https:\/\/www.gpjbaker.com\/fr\/marques\/lee-jofa\/whitley-hall\/#primaryimage\"},\"image\":{\"@id\":\"https:\/\/www.gpjbaker.com\/fr\/marques\/lee-jofa\/whitley-hall\/#primaryimage\"},\"thumbnailUrl\":\"https:\/\/www.gpjbaker.com\/wp-content\/uploads\/2025\/09\/LJ-Whitley-Thumb-FR.jpg\",\"datePublished\":\"2025-09-16T16:02:20+00:00\",\"dateModified\":\"2025-09-24T16:33:43+00:00\",\"breadcrumb\":{\"@id\":\"https:\/\/www.gpjbaker.com\/fr\/marques\/lee-jofa\/whitley-hall\/#breadcrumb\"},\"inLanguage\":\"fr-FR\",\"potentialAction\":[{\"@type\":\"ReadAction\",\"target\":[\"https:\/\/www.gpjbaker.com\/fr\/marques\/lee-jofa\/whitley-hall\/\"]}]},{\"@type\":\"ImageObject\",\"inLanguage\":\"fr-FR\",\"@id\":\"https:\/\/www.gpjbaker.com\/fr\/marques\/lee-jofa\/whitley-hall\/#primaryimage\",\"url\":\"https:\/\/www.gpjbaker.com\/wp-content\/uploads\/2025\/09\/LJ-Whitley-Thumb-FR.jpg\",\"contentUrl\":\"https:\/\/www.gpjbaker.com\/wp-content\/uploads\/2025\/09\/LJ-Whitley-Thumb-FR.jpg\",\"width\":400,\"height\":255,\"caption\":\"Inspir\u00e9e par l'\u00e9l\u00e9gance intemporelle d'un domaine anglais du XVIe si\u00e8cle, la collection Whitley Hall pr\u00e9sente une riche gamme de textiles de style patrimonial.\"},{\"@type\":\"BreadcrumbList\",\"@id\":\"https:\/\/www.gpjbaker.com\/fr\/marques\/lee-jofa\/whitley-hall\/#breadcrumb\",\"itemListElement\":[{\"@type\":\"ListItem\",\"position\":1,\"name\":\"Home\",\"item\":\"https:\/\/www.gpjbaker.com\/fr\/\"},{\"@type\":\"ListItem\",\"position\":2,\"name\":\"Marques\",\"item\":\"https:\/\/www.gpjbaker.com\/fr\/marques\/\"},{\"@type\":\"ListItem\",\"position\":3,\"name\":\"Lee Jofa\",\"item\":\"https:\/\/www.gpjbaker.com\/fr\/marques\/lee-jofa\/\"},{\"@type\":\"ListItem\",\"position\":4,\"name\":\"Whitley Hall\"}]},{\"@type\":\"WebSite\",\"@id\":\"https:\/\/www.gpjbaker.com\/#website\",\"url\":\"https:\/\/www.gpjbaker.com\/\",\"name\":\"G P &amp; J Baker\",\"description\":\"\",\"potentialAction\":[{\"@type\":\"SearchAction\",\"target\":{\"@type\":\"EntryPoint\",\"urlTemplate\":\"https:\/\/www.gpjbaker.com\/?s={search_term_string}\"},\"query-input\":{\"@type\":\"PropertyValueSpecification\",\"valueRequired\":true,\"valueName\":\"search_term_string\"}}],\"inLanguage\":\"fr-FR\"}]}<\/script>\n<!-- \/ Yoast SEO plugin. -->","yoast_head_json":{"title":"Whitley Hall - G P &amp; J Baker","robots":{"index":"index","follow":"follow","max-snippet":"max-snippet:-1","max-image-preview":"max-image-preview:large","max-video-preview":"max-video-preview:-1"},"canonical":"https:\/\/www.gpjbaker.com\/fr\/marques\/lee-jofa\/whitley-hall\/","og_locale":"fr_FR","og_type":"article","og_title":"Whitley Hall - G P &amp; J Baker","og_description":"Inspir\u00e9e par l&#8217;\u00e9l\u00e9gance intemporelle d&#8217;un domaine anglais du XVIe si\u00e8cle, la collection Whitley Hall pr\u00e9sente une riche gamme de textiles de style traditionnel, revisit\u00e9s avec des motifs sobres et des couleurs fra\u00eeches. Afficher des rev\u00eatements muraux correspondants","og_url":"https:\/\/www.gpjbaker.com\/fr\/marques\/lee-jofa\/whitley-hall\/","og_site_name":"G P &amp; J Baker","article_modified_time":"2025-09-24T16:33:43+00:00","og_image":[{"width":400,"height":255,"url":"https:\/\/www.gpjbaker.com\/wp-content\/uploads\/2025\/09\/LJ-Whitley-Thumb-FR.jpg","type":"image\/jpeg"}],"twitter_card":"summary_large_image","twitter_misc":{"Est. reading time":"1 minute"},"schema":{"@context":"https:\/\/schema.org","@graph":[{"@type":"WebPage","@id":"https:\/\/www.gpjbaker.com\/fr\/marques\/lee-jofa\/whitley-hall\/","url":"https:\/\/www.gpjbaker.com\/fr\/marques\/lee-jofa\/whitley-hall\/","name":"Whitley Hall - G P &amp; J Baker","isPartOf":{"@id":"https:\/\/www.gpjbaker.com\/#website"},"primaryImageOfPage":{"@id":"https:\/\/www.gpjbaker.com\/fr\/marques\/lee-jofa\/whitley-hall\/#primaryimage"},"image":{"@id":"https:\/\/www.gpjbaker.com\/fr\/marques\/lee-jofa\/whitley-hall\/#primaryimage"},"thumbnailUrl":"https:\/\/www.gpjbaker.com\/wp-content\/uploads\/2025\/09\/LJ-Whitley-Thumb-FR.jpg","datePublished":"2025-09-16T16:02:20+00:00","dateModified":"2025-09-24T16:33:43+00:00","breadcrumb":{"@id":"https:\/\/www.gpjbaker.com\/fr\/marques\/lee-jofa\/whitley-hall\/#breadcrumb"},"inLanguage":"fr-FR","potentialAction":[{"@type":"ReadAction","target":["https:\/\/www.gpjbaker.com\/fr\/marques\/lee-jofa\/whitley-hall\/"]}]},{"@type":"ImageObject","inLanguage":"fr-FR","@id":"https:\/\/www.gpjbaker.com\/fr\/marques\/lee-jofa\/whitley-hall\/#primaryimage","url":"https:\/\/www.gpjbaker.com\/wp-content\/uploads\/2025\/09\/LJ-Whitley-Thumb-FR.jpg","contentUrl":"https:\/\/www.gpjbaker.com\/wp-content\/uploads\/2025\/09\/LJ-Whitley-Thumb-FR.jpg","width":400,"height":255,"caption":"Inspir\u00e9e par l'\u00e9l\u00e9gance intemporelle d'un domaine anglais du XVIe si\u00e8cle, la collection Whitley Hall pr\u00e9sente une riche gamme de textiles de style patrimonial."},{"@type":"BreadcrumbList","@id":"https:\/\/www.gpjbaker.com\/fr\/marques\/lee-jofa\/whitley-hall\/#breadcrumb","itemListElement":[{"@type":"ListItem","position":1,"name":"Home","item":"https:\/\/www.gpjbaker.com\/fr\/"},{"@type":"ListItem","position":2,"name":"Marques","item":"https:\/\/www.gpjbaker.com\/fr\/marques\/"},{"@type":"ListItem","position":3,"name":"Lee Jofa","item":"https:\/\/www.gpjbaker.com\/fr\/marques\/lee-jofa\/"},{"@type":"ListItem","position":4,"name":"Whitley Hall"}]},{"@type":"WebSite","@id":"https:\/\/www.gpjbaker.com\/#website","url":"https:\/\/www.gpjbaker.com\/","name":"G P &amp; J Baker","description":"","potentialAction":[{"@type":"SearchAction","target":{"@type":"EntryPoint","urlTemplate":"https:\/\/www.gpjbaker.com\/?s={search_term_string}"},"query-input":{"@type":"PropertyValueSpecification","valueRequired":true,"valueName":"search_term_string"}}],"inLanguage":"fr-FR"}]}},"_links":{"self":[{"href":"https:\/\/www.gpjbaker.com\/fr\/wp-json\/wp\/v2\/pages\/13300","targetHints":{"allow":["GET"]}}],"collection":[{"href":"https:\/\/www.gpjbaker.com\/fr\/wp-json\/wp\/v2\/pages"}],"about":[{"href":"https:\/\/www.gpjbaker.com\/fr\/wp-json\/wp\/v2\/types\/page"}],"author":[{"embeddable":true,"href":"https:\/\/www.gpjbaker.com\/fr\/wp-json\/wp\/v2\/users\/6"}],"replies":[{"embeddable":true,"href":"https:\/\/www.gpjbaker.com\/fr\/wp-json\/wp\/v2\/comments?post=13300"}],"version-history":[{"count":3,"href":"https:\/\/www.gpjbaker.com\/fr\/wp-json\/wp\/v2\/pages\/13300\/revisions"}],"predecessor-version":[{"id":13415,"href":"https:\/\/www.gpjbaker.com\/fr\/wp-json\/wp\/v2\/pages\/13300\/revisions\/13415"}],"up":[{"embeddable":true,"href":"https:\/\/www.gpjbaker.com\/fr\/wp-json\/wp\/v2\/pages\/5287"}],"wp:featuredmedia":[{"embeddable":true,"href":"https:\/\/www.gpjbaker.com\/fr\/wp-json\/wp\/v2\/media\/13422"}],"wp:attachment":[{"href":"https:\/\/www.gpjbaker.com\/fr\/wp-json\/wp\/v2\/media?parent=13300"}],"curies":[{"name":"wp","href":"https:\/\/api.w.org\/{rel}","templated":true}]}}