{"id":13292,"date":"2025-10-08T14:39:20","date_gmt":"2025-10-08T19:39:20","guid":{"rendered":"https:\/\/www.gpjbaker.com\/?page_id=13292"},"modified":"2025-10-08T14:45:33","modified_gmt":"2025-10-08T19:45:33","slug":"transit-de-kelly-wearstler","status":"publish","type":"page","link":"https:\/\/www.gpjbaker.com\/fr\/marques\/lee-jofa\/transit-de-kelly-wearstler\/","title":{"rendered":"Transit, de Kelly Wearstler"},"content":{"rendered":"<p>Inspir\u00e9e par des photographies d&#8217;art urbain et de panneaux de signalisation dans les centres-villes, la collection Transit du studio Kelly Wearstler d\u00e9gage une qualit\u00e9 graphique \u00e0 la fois discr\u00e8tement audacieuse et raffin\u00e9e. Propos\u00e9e dans une palette polyvalente, cette collection visuellement saisissante regorge de mouvement et de mati\u00e8res riches.<\/p>\r\n\r\n<p><a style=\"text-decoration: underline;\" href=\"https:\/\/www.gpjbaker.com\/fr\/marques\/lee-jofa\/papiers-peints-transit-de-kelly-wearstler\/\">Afficher les papiers peints correspondants<\/a><\/p>\r\n\r\n<script type=\"text\/javascript\"> \r\nvar searchURL = \"sort=DATE&use=Multipurpose,Trim, Upholstery,Wallcovering,Curtains&collection=Kelly Wearstler Transit\"\r\n <\/script>","protected":false},"excerpt":{"rendered":"Inspir\u00e9e par des photographies d&#8217;art urbain et de panneaux de signalisation dans les centres-villes, la collection Transit du studio Kelly Wearstler d\u00e9gage une qualit\u00e9 graphique \u00e0 la fois discr\u00e8tement audacieuse et raffin\u00e9e. Propos\u00e9e dans une palette polyvalente, cette collection visuellement saisissante regorge de mouvement et de mati\u00e8res riches. Afficher les papiers peints correspondants","protected":false},"author":6,"featured_media":12875,"parent":5287,"menu_order":5,"comment_status":"closed","ping_status":"closed","template":"template-collections.php","meta":{"footnotes":""},"class_list":["post-13292","page","type-page","status-publish","has-post-thumbnail","hentry"],"yoast_head":"<!-- This site is optimized with the Yoast SEO plugin v26.8 - https:\/\/yoast.com\/product\/yoast-seo-wordpress\/ -->\n<title>Transit, de Kelly Wearstler - G P &amp; J Baker<\/title>\n<meta name=\"robots\" content=\"index, follow, max-snippet:-1, max-image-preview:large, max-video-preview:-1\" \/>\n<link rel=\"canonical\" href=\"https:\/\/www.gpjbaker.com\/fr\/marques\/lee-jofa\/transit-de-kelly-wearstler\/\" \/>\n<meta property=\"og:locale\" content=\"fr_FR\" \/>\n<meta property=\"og:type\" content=\"article\" \/>\n<meta property=\"og:title\" content=\"Transit, de Kelly Wearstler - G P &amp; J Baker\" \/>\n<meta property=\"og:description\" content=\"Inspir\u00e9e par des photographies d&#8217;art urbain et de panneaux de signalisation dans les centres-villes, la collection Transit du studio Kelly Wearstler d\u00e9gage une qualit\u00e9 graphique \u00e0 la fois discr\u00e8tement audacieuse et raffin\u00e9e. Propos\u00e9e dans une palette polyvalente, cette collection visuellement saisissante regorge de mouvement et de mati\u00e8res riches. Afficher les papiers peints correspondants\" \/>\n<meta property=\"og:url\" content=\"https:\/\/www.gpjbaker.com\/fr\/marques\/lee-jofa\/transit-de-kelly-wearstler\/\" \/>\n<meta property=\"og:site_name\" content=\"G P &amp; J Baker\" \/>\n<meta property=\"article:modified_time\" content=\"2025-10-08T19:45:33+00:00\" \/>\n<meta property=\"og:image\" content=\"https:\/\/www.gpjbaker.com\/wp-content\/uploads\/2025\/09\/LJ-KW-Tranist-Fabrics-Thumb.jpg\" \/>\n\t<meta property=\"og:image:width\" content=\"400\" \/>\n\t<meta property=\"og:image:height\" content=\"255\" \/>\n\t<meta property=\"og:image:type\" content=\"image\/jpeg\" \/>\n<meta name=\"twitter:card\" content=\"summary_large_image\" \/>\n<meta name=\"twitter:label1\" content=\"Est. reading time\" \/>\n\t<meta name=\"twitter:data1\" content=\"1 minute\" \/>\n<script type=\"application\/ld+json\" class=\"yoast-schema-graph\">{\"@context\":\"https:\/\/schema.org\",\"@graph\":[{\"@type\":\"WebPage\",\"@id\":\"https:\/\/www.gpjbaker.com\/fr\/marques\/lee-jofa\/transit-de-kelly-wearstler\/\",\"url\":\"https:\/\/www.gpjbaker.com\/fr\/marques\/lee-jofa\/transit-de-kelly-wearstler\/\",\"name\":\"Transit, de Kelly Wearstler - G P &amp; J Baker\",\"isPartOf\":{\"@id\":\"https:\/\/www.gpjbaker.com\/#website\"},\"primaryImageOfPage\":{\"@id\":\"https:\/\/www.gpjbaker.com\/fr\/marques\/lee-jofa\/transit-de-kelly-wearstler\/#primaryimage\"},\"image\":{\"@id\":\"https:\/\/www.gpjbaker.com\/fr\/marques\/lee-jofa\/transit-de-kelly-wearstler\/#primaryimage\"},\"thumbnailUrl\":\"https:\/\/www.gpjbaker.com\/wp-content\/uploads\/2025\/09\/LJ-KW-Tranist-Fabrics-Thumb.jpg\",\"datePublished\":\"2025-10-08T19:39:20+00:00\",\"dateModified\":\"2025-10-08T19:45:33+00:00\",\"breadcrumb\":{\"@id\":\"https:\/\/www.gpjbaker.com\/fr\/marques\/lee-jofa\/transit-de-kelly-wearstler\/#breadcrumb\"},\"inLanguage\":\"fr-FR\",\"potentialAction\":[{\"@type\":\"ReadAction\",\"target\":[\"https:\/\/www.gpjbaker.com\/fr\/marques\/lee-jofa\/transit-de-kelly-wearstler\/\"]}]},{\"@type\":\"ImageObject\",\"inLanguage\":\"fr-FR\",\"@id\":\"https:\/\/www.gpjbaker.com\/fr\/marques\/lee-jofa\/transit-de-kelly-wearstler\/#primaryimage\",\"url\":\"https:\/\/www.gpjbaker.com\/wp-content\/uploads\/2025\/09\/LJ-KW-Tranist-Fabrics-Thumb.jpg\",\"contentUrl\":\"https:\/\/www.gpjbaker.com\/wp-content\/uploads\/2025\/09\/LJ-KW-Tranist-Fabrics-Thumb.jpg\",\"width\":400,\"height\":255,\"caption\":\"Inspired by photographs of inner city street art and urban signs, the Transit collection from the Kelly Wearstler Studio channels a graphic quality that is quietly bold, yet refined.\"},{\"@type\":\"BreadcrumbList\",\"@id\":\"https:\/\/www.gpjbaker.com\/fr\/marques\/lee-jofa\/transit-de-kelly-wearstler\/#breadcrumb\",\"itemListElement\":[{\"@type\":\"ListItem\",\"position\":1,\"name\":\"Home\",\"item\":\"https:\/\/www.gpjbaker.com\/fr\/\"},{\"@type\":\"ListItem\",\"position\":2,\"name\":\"Marques\",\"item\":\"https:\/\/www.gpjbaker.com\/fr\/marques\/\"},{\"@type\":\"ListItem\",\"position\":3,\"name\":\"Lee Jofa\",\"item\":\"https:\/\/www.gpjbaker.com\/fr\/marques\/lee-jofa\/\"},{\"@type\":\"ListItem\",\"position\":4,\"name\":\"Transit, de Kelly Wearstler\"}]},{\"@type\":\"WebSite\",\"@id\":\"https:\/\/www.gpjbaker.com\/#website\",\"url\":\"https:\/\/www.gpjbaker.com\/\",\"name\":\"G P &amp; J Baker\",\"description\":\"\",\"potentialAction\":[{\"@type\":\"SearchAction\",\"target\":{\"@type\":\"EntryPoint\",\"urlTemplate\":\"https:\/\/www.gpjbaker.com\/?s={search_term_string}\"},\"query-input\":{\"@type\":\"PropertyValueSpecification\",\"valueRequired\":true,\"valueName\":\"search_term_string\"}}],\"inLanguage\":\"fr-FR\"}]}<\/script>\n<!-- \/ Yoast SEO plugin. -->","yoast_head_json":{"title":"Transit, de Kelly Wearstler - G P &amp; J Baker","robots":{"index":"index","follow":"follow","max-snippet":"max-snippet:-1","max-image-preview":"max-image-preview:large","max-video-preview":"max-video-preview:-1"},"canonical":"https:\/\/www.gpjbaker.com\/fr\/marques\/lee-jofa\/transit-de-kelly-wearstler\/","og_locale":"fr_FR","og_type":"article","og_title":"Transit, de Kelly Wearstler - G P &amp; J Baker","og_description":"Inspir\u00e9e par des photographies d&#8217;art urbain et de panneaux de signalisation dans les centres-villes, la collection Transit du studio Kelly Wearstler d\u00e9gage une qualit\u00e9 graphique \u00e0 la fois discr\u00e8tement audacieuse et raffin\u00e9e. Propos\u00e9e dans une palette polyvalente, cette collection visuellement saisissante regorge de mouvement et de mati\u00e8res riches. Afficher les papiers peints correspondants","og_url":"https:\/\/www.gpjbaker.com\/fr\/marques\/lee-jofa\/transit-de-kelly-wearstler\/","og_site_name":"G P &amp; J Baker","article_modified_time":"2025-10-08T19:45:33+00:00","og_image":[{"width":400,"height":255,"url":"https:\/\/www.gpjbaker.com\/wp-content\/uploads\/2025\/09\/LJ-KW-Tranist-Fabrics-Thumb.jpg","type":"image\/jpeg"}],"twitter_card":"summary_large_image","twitter_misc":{"Est. reading time":"1 minute"},"schema":{"@context":"https:\/\/schema.org","@graph":[{"@type":"WebPage","@id":"https:\/\/www.gpjbaker.com\/fr\/marques\/lee-jofa\/transit-de-kelly-wearstler\/","url":"https:\/\/www.gpjbaker.com\/fr\/marques\/lee-jofa\/transit-de-kelly-wearstler\/","name":"Transit, de Kelly Wearstler - G P &amp; J Baker","isPartOf":{"@id":"https:\/\/www.gpjbaker.com\/#website"},"primaryImageOfPage":{"@id":"https:\/\/www.gpjbaker.com\/fr\/marques\/lee-jofa\/transit-de-kelly-wearstler\/#primaryimage"},"image":{"@id":"https:\/\/www.gpjbaker.com\/fr\/marques\/lee-jofa\/transit-de-kelly-wearstler\/#primaryimage"},"thumbnailUrl":"https:\/\/www.gpjbaker.com\/wp-content\/uploads\/2025\/09\/LJ-KW-Tranist-Fabrics-Thumb.jpg","datePublished":"2025-10-08T19:39:20+00:00","dateModified":"2025-10-08T19:45:33+00:00","breadcrumb":{"@id":"https:\/\/www.gpjbaker.com\/fr\/marques\/lee-jofa\/transit-de-kelly-wearstler\/#breadcrumb"},"inLanguage":"fr-FR","potentialAction":[{"@type":"ReadAction","target":["https:\/\/www.gpjbaker.com\/fr\/marques\/lee-jofa\/transit-de-kelly-wearstler\/"]}]},{"@type":"ImageObject","inLanguage":"fr-FR","@id":"https:\/\/www.gpjbaker.com\/fr\/marques\/lee-jofa\/transit-de-kelly-wearstler\/#primaryimage","url":"https:\/\/www.gpjbaker.com\/wp-content\/uploads\/2025\/09\/LJ-KW-Tranist-Fabrics-Thumb.jpg","contentUrl":"https:\/\/www.gpjbaker.com\/wp-content\/uploads\/2025\/09\/LJ-KW-Tranist-Fabrics-Thumb.jpg","width":400,"height":255,"caption":"Inspired by photographs of inner city street art and urban signs, the Transit collection from the Kelly Wearstler Studio channels a graphic quality that is quietly bold, yet refined."},{"@type":"BreadcrumbList","@id":"https:\/\/www.gpjbaker.com\/fr\/marques\/lee-jofa\/transit-de-kelly-wearstler\/#breadcrumb","itemListElement":[{"@type":"ListItem","position":1,"name":"Home","item":"https:\/\/www.gpjbaker.com\/fr\/"},{"@type":"ListItem","position":2,"name":"Marques","item":"https:\/\/www.gpjbaker.com\/fr\/marques\/"},{"@type":"ListItem","position":3,"name":"Lee Jofa","item":"https:\/\/www.gpjbaker.com\/fr\/marques\/lee-jofa\/"},{"@type":"ListItem","position":4,"name":"Transit, de Kelly Wearstler"}]},{"@type":"WebSite","@id":"https:\/\/www.gpjbaker.com\/#website","url":"https:\/\/www.gpjbaker.com\/","name":"G P &amp; J Baker","description":"","potentialAction":[{"@type":"SearchAction","target":{"@type":"EntryPoint","urlTemplate":"https:\/\/www.gpjbaker.com\/?s={search_term_string}"},"query-input":{"@type":"PropertyValueSpecification","valueRequired":true,"valueName":"search_term_string"}}],"inLanguage":"fr-FR"}]}},"_links":{"self":[{"href":"https:\/\/www.gpjbaker.com\/fr\/wp-json\/wp\/v2\/pages\/13292","targetHints":{"allow":["GET"]}}],"collection":[{"href":"https:\/\/www.gpjbaker.com\/fr\/wp-json\/wp\/v2\/pages"}],"about":[{"href":"https:\/\/www.gpjbaker.com\/fr\/wp-json\/wp\/v2\/types\/page"}],"author":[{"embeddable":true,"href":"https:\/\/www.gpjbaker.com\/fr\/wp-json\/wp\/v2\/users\/6"}],"replies":[{"embeddable":true,"href":"https:\/\/www.gpjbaker.com\/fr\/wp-json\/wp\/v2\/comments?post=13292"}],"version-history":[{"count":2,"href":"https:\/\/www.gpjbaker.com\/fr\/wp-json\/wp\/v2\/pages\/13292\/revisions"}],"predecessor-version":[{"id":13430,"href":"https:\/\/www.gpjbaker.com\/fr\/wp-json\/wp\/v2\/pages\/13292\/revisions\/13430"}],"up":[{"embeddable":true,"href":"https:\/\/www.gpjbaker.com\/fr\/wp-json\/wp\/v2\/pages\/5287"}],"wp:featuredmedia":[{"embeddable":true,"href":"https:\/\/www.gpjbaker.com\/fr\/wp-json\/wp\/v2\/media\/12875"}],"wp:attachment":[{"href":"https:\/\/www.gpjbaker.com\/fr\/wp-json\/wp\/v2\/media?parent=13292"}],"curies":[{"name":"wp","href":"https:\/\/api.w.org\/{rel}","templated":true}]}}