{"id":13291,"date":"2025-09-24T11:24:56","date_gmt":"2025-09-24T16:24:56","guid":{"rendered":"https:\/\/www.gpjbaker.com\/?page_id=13291"},"modified":"2025-10-08T14:47:05","modified_gmt":"2025-10-08T19:47:05","slug":"papier-peint-glyph-de-kelly-wearstler","status":"publish","type":"page","link":"https:\/\/www.gpjbaker.com\/fr\/marques\/lee-jofa\/papier-peint-glyph-de-kelly-wearstler\/","title":{"rendered":"Papier peint Glyph de Kelly Wearstler"},"content":{"rendered":"<p>S&#8217;inspirant des voyages de Wearstler et de l&#8217;\u00e9nergie vibrante des environnements urbains, la collection de papier peint Glyph du studio Kelly Wearstler est une exploration de la couleur, de la texture et de la structure. Les influences architecturales sont \u00e9videntes dans les motifs rythmiques et les formes structur\u00e9es, c\u00e9l\u00e9brant l&#8217;art pr\u00e9sent dans la vie urbaine quotidienne.<\/p>\r\n\r\n<script type=\"text\/javascript\"> \r\nvar searchURL = \"sort=DATE&use=Multipurpose,Trim, Upholstery,Wallcovering,Curtains&collection=Kelly Wearstler Glyph Wallcovering\"<\/script>","protected":false},"excerpt":{"rendered":"S&#8217;inspirant des voyages de Wearstler et de l&#8217;\u00e9nergie vibrante des environnements urbains, la collection de papier peint Glyph du studio Kelly Wearstler est une exploration de la couleur, de la texture et de la structure. Les influences architecturales sont \u00e9videntes dans les motifs rythmiques et les formes structur\u00e9es, c\u00e9l\u00e9brant l&#8217;art pr\u00e9sent dans la vie urbaine&#8230; <a class=\"view-article\" href=\"https:\/\/www.gpjbaker.com\/fr\/marques\/lee-jofa\/papier-peint-glyph-de-kelly-wearstler\/\">Voir l&#8217;article<\/a>","protected":false},"author":6,"featured_media":13420,"parent":5287,"menu_order":7,"comment_status":"closed","ping_status":"closed","template":"template-collections.php","meta":{"footnotes":""},"class_list":["post-13291","page","type-page","status-publish","has-post-thumbnail","hentry"],"yoast_head":"<!-- This site is optimized with the Yoast SEO plugin v26.8 - https:\/\/yoast.com\/product\/yoast-seo-wordpress\/ -->\n<title>Papier peint Glyph de Kelly Wearstler - G P &amp; J Baker<\/title>\n<meta name=\"description\" content=\"S&#039;inspirant des voyages de Wearstler et de l&#039;\u00e9nergie vibrante des environnements urbains, la collection de papier peint Glyph du studio Kelly Wearstler est une exploration de la couleur, de la texture et de la structure. Les influences architecturales sont \u00e9videntes dans les motifs rythmiques et les formes structur\u00e9es, c\u00e9l\u00e9brant l&#039;art pr\u00e9sent dans la vie urbaine quotidienne.\" \/>\n<meta name=\"robots\" content=\"index, follow, max-snippet:-1, max-image-preview:large, max-video-preview:-1\" \/>\n<link rel=\"canonical\" href=\"https:\/\/www.gpjbaker.com\/fr\/marques\/lee-jofa\/papier-peint-glyph-de-kelly-wearstler\/\" \/>\n<meta property=\"og:locale\" content=\"fr_FR\" \/>\n<meta property=\"og:type\" content=\"article\" \/>\n<meta property=\"og:title\" content=\"Papier peint Glyph de Kelly Wearstler - G P &amp; J Baker\" \/>\n<meta property=\"og:description\" content=\"S&#039;inspirant des voyages de Wearstler et de l&#039;\u00e9nergie vibrante des environnements urbains, la collection de papier peint Glyph du studio Kelly Wearstler est une exploration de la couleur, de la texture et de la structure. Les influences architecturales sont \u00e9videntes dans les motifs rythmiques et les formes structur\u00e9es, c\u00e9l\u00e9brant l&#039;art pr\u00e9sent dans la vie urbaine quotidienne.\" \/>\n<meta property=\"og:url\" content=\"https:\/\/www.gpjbaker.com\/fr\/marques\/lee-jofa\/papier-peint-glyph-de-kelly-wearstler\/\" \/>\n<meta property=\"og:site_name\" content=\"G P &amp; J Baker\" \/>\n<meta property=\"article:modified_time\" content=\"2025-10-08T19:47:05+00:00\" \/>\n<meta property=\"og:image\" content=\"https:\/\/www.gpjbaker.com\/wp-content\/uploads\/2025\/09\/LJ-KW-Glyph-Wallpaper-Thumb-FR.jpg\" \/>\n\t<meta property=\"og:image:width\" content=\"400\" \/>\n\t<meta property=\"og:image:height\" content=\"255\" \/>\n\t<meta property=\"og:image:type\" content=\"image\/jpeg\" \/>\n<meta name=\"twitter:card\" content=\"summary_large_image\" \/>\n<meta name=\"twitter:label1\" content=\"Est. reading time\" \/>\n\t<meta name=\"twitter:data1\" content=\"1 minute\" \/>\n<script type=\"application\/ld+json\" class=\"yoast-schema-graph\">{\"@context\":\"https:\/\/schema.org\",\"@graph\":[{\"@type\":\"WebPage\",\"@id\":\"https:\/\/www.gpjbaker.com\/fr\/marques\/lee-jofa\/papier-peint-glyph-de-kelly-wearstler\/\",\"url\":\"https:\/\/www.gpjbaker.com\/fr\/marques\/lee-jofa\/papier-peint-glyph-de-kelly-wearstler\/\",\"name\":\"Papier peint Glyph de Kelly Wearstler - G P &amp; J Baker\",\"isPartOf\":{\"@id\":\"https:\/\/www.gpjbaker.com\/#website\"},\"primaryImageOfPage\":{\"@id\":\"https:\/\/www.gpjbaker.com\/fr\/marques\/lee-jofa\/papier-peint-glyph-de-kelly-wearstler\/#primaryimage\"},\"image\":{\"@id\":\"https:\/\/www.gpjbaker.com\/fr\/marques\/lee-jofa\/papier-peint-glyph-de-kelly-wearstler\/#primaryimage\"},\"thumbnailUrl\":\"https:\/\/www.gpjbaker.com\/wp-content\/uploads\/2025\/09\/LJ-KW-Glyph-Wallpaper-Thumb-FR.jpg\",\"datePublished\":\"2025-09-24T16:24:56+00:00\",\"dateModified\":\"2025-10-08T19:47:05+00:00\",\"description\":\"S'inspirant des voyages de Wearstler et de l'\u00e9nergie vibrante des environnements urbains, la collection de papier peint Glyph du studio Kelly Wearstler est une exploration de la couleur, de la texture et de la structure. Les influences architecturales sont \u00e9videntes dans les motifs rythmiques et les formes structur\u00e9es, c\u00e9l\u00e9brant l'art pr\u00e9sent dans la vie urbaine quotidienne.\",\"breadcrumb\":{\"@id\":\"https:\/\/www.gpjbaker.com\/fr\/marques\/lee-jofa\/papier-peint-glyph-de-kelly-wearstler\/#breadcrumb\"},\"inLanguage\":\"fr-FR\",\"potentialAction\":[{\"@type\":\"ReadAction\",\"target\":[\"https:\/\/www.gpjbaker.com\/fr\/marques\/lee-jofa\/papier-peint-glyph-de-kelly-wearstler\/\"]}]},{\"@type\":\"ImageObject\",\"inLanguage\":\"fr-FR\",\"@id\":\"https:\/\/www.gpjbaker.com\/fr\/marques\/lee-jofa\/papier-peint-glyph-de-kelly-wearstler\/#primaryimage\",\"url\":\"https:\/\/www.gpjbaker.com\/wp-content\/uploads\/2025\/09\/LJ-KW-Glyph-Wallpaper-Thumb-FR.jpg\",\"contentUrl\":\"https:\/\/www.gpjbaker.com\/wp-content\/uploads\/2025\/09\/LJ-KW-Glyph-Wallpaper-Thumb-FR.jpg\",\"width\":400,\"height\":255,\"caption\":\"La collection de rev\u00eatements muraux Glyph du Kelly Wearstler Studio est une exploration de la couleur, de la texture et de la structure.\"},{\"@type\":\"BreadcrumbList\",\"@id\":\"https:\/\/www.gpjbaker.com\/fr\/marques\/lee-jofa\/papier-peint-glyph-de-kelly-wearstler\/#breadcrumb\",\"itemListElement\":[{\"@type\":\"ListItem\",\"position\":1,\"name\":\"Home\",\"item\":\"https:\/\/www.gpjbaker.com\/fr\/\"},{\"@type\":\"ListItem\",\"position\":2,\"name\":\"Marques\",\"item\":\"https:\/\/www.gpjbaker.com\/fr\/marques\/\"},{\"@type\":\"ListItem\",\"position\":3,\"name\":\"Lee Jofa\",\"item\":\"https:\/\/www.gpjbaker.com\/fr\/marques\/lee-jofa\/\"},{\"@type\":\"ListItem\",\"position\":4,\"name\":\"Papier peint Glyph de Kelly Wearstler\"}]},{\"@type\":\"WebSite\",\"@id\":\"https:\/\/www.gpjbaker.com\/#website\",\"url\":\"https:\/\/www.gpjbaker.com\/\",\"name\":\"G P &amp; J Baker\",\"description\":\"\",\"potentialAction\":[{\"@type\":\"SearchAction\",\"target\":{\"@type\":\"EntryPoint\",\"urlTemplate\":\"https:\/\/www.gpjbaker.com\/?s={search_term_string}\"},\"query-input\":{\"@type\":\"PropertyValueSpecification\",\"valueRequired\":true,\"valueName\":\"search_term_string\"}}],\"inLanguage\":\"fr-FR\"}]}<\/script>\n<!-- \/ Yoast SEO plugin. -->","yoast_head_json":{"title":"Papier peint Glyph de Kelly Wearstler - G P &amp; J Baker","description":"S'inspirant des voyages de Wearstler et de l'\u00e9nergie vibrante des environnements urbains, la collection de papier peint Glyph du studio Kelly Wearstler est une exploration de la couleur, de la texture et de la structure. Les influences architecturales sont \u00e9videntes dans les motifs rythmiques et les formes structur\u00e9es, c\u00e9l\u00e9brant l'art pr\u00e9sent dans la vie urbaine quotidienne.","robots":{"index":"index","follow":"follow","max-snippet":"max-snippet:-1","max-image-preview":"max-image-preview:large","max-video-preview":"max-video-preview:-1"},"canonical":"https:\/\/www.gpjbaker.com\/fr\/marques\/lee-jofa\/papier-peint-glyph-de-kelly-wearstler\/","og_locale":"fr_FR","og_type":"article","og_title":"Papier peint Glyph de Kelly Wearstler - G P &amp; J Baker","og_description":"S'inspirant des voyages de Wearstler et de l'\u00e9nergie vibrante des environnements urbains, la collection de papier peint Glyph du studio Kelly Wearstler est une exploration de la couleur, de la texture et de la structure. Les influences architecturales sont \u00e9videntes dans les motifs rythmiques et les formes structur\u00e9es, c\u00e9l\u00e9brant l'art pr\u00e9sent dans la vie urbaine quotidienne.","og_url":"https:\/\/www.gpjbaker.com\/fr\/marques\/lee-jofa\/papier-peint-glyph-de-kelly-wearstler\/","og_site_name":"G P &amp; J Baker","article_modified_time":"2025-10-08T19:47:05+00:00","og_image":[{"width":400,"height":255,"url":"https:\/\/www.gpjbaker.com\/wp-content\/uploads\/2025\/09\/LJ-KW-Glyph-Wallpaper-Thumb-FR.jpg","type":"image\/jpeg"}],"twitter_card":"summary_large_image","twitter_misc":{"Est. reading time":"1 minute"},"schema":{"@context":"https:\/\/schema.org","@graph":[{"@type":"WebPage","@id":"https:\/\/www.gpjbaker.com\/fr\/marques\/lee-jofa\/papier-peint-glyph-de-kelly-wearstler\/","url":"https:\/\/www.gpjbaker.com\/fr\/marques\/lee-jofa\/papier-peint-glyph-de-kelly-wearstler\/","name":"Papier peint Glyph de Kelly Wearstler - G P &amp; J Baker","isPartOf":{"@id":"https:\/\/www.gpjbaker.com\/#website"},"primaryImageOfPage":{"@id":"https:\/\/www.gpjbaker.com\/fr\/marques\/lee-jofa\/papier-peint-glyph-de-kelly-wearstler\/#primaryimage"},"image":{"@id":"https:\/\/www.gpjbaker.com\/fr\/marques\/lee-jofa\/papier-peint-glyph-de-kelly-wearstler\/#primaryimage"},"thumbnailUrl":"https:\/\/www.gpjbaker.com\/wp-content\/uploads\/2025\/09\/LJ-KW-Glyph-Wallpaper-Thumb-FR.jpg","datePublished":"2025-09-24T16:24:56+00:00","dateModified":"2025-10-08T19:47:05+00:00","description":"S'inspirant des voyages de Wearstler et de l'\u00e9nergie vibrante des environnements urbains, la collection de papier peint Glyph du studio Kelly Wearstler est une exploration de la couleur, de la texture et de la structure. Les influences architecturales sont \u00e9videntes dans les motifs rythmiques et les formes structur\u00e9es, c\u00e9l\u00e9brant l'art pr\u00e9sent dans la vie urbaine quotidienne.","breadcrumb":{"@id":"https:\/\/www.gpjbaker.com\/fr\/marques\/lee-jofa\/papier-peint-glyph-de-kelly-wearstler\/#breadcrumb"},"inLanguage":"fr-FR","potentialAction":[{"@type":"ReadAction","target":["https:\/\/www.gpjbaker.com\/fr\/marques\/lee-jofa\/papier-peint-glyph-de-kelly-wearstler\/"]}]},{"@type":"ImageObject","inLanguage":"fr-FR","@id":"https:\/\/www.gpjbaker.com\/fr\/marques\/lee-jofa\/papier-peint-glyph-de-kelly-wearstler\/#primaryimage","url":"https:\/\/www.gpjbaker.com\/wp-content\/uploads\/2025\/09\/LJ-KW-Glyph-Wallpaper-Thumb-FR.jpg","contentUrl":"https:\/\/www.gpjbaker.com\/wp-content\/uploads\/2025\/09\/LJ-KW-Glyph-Wallpaper-Thumb-FR.jpg","width":400,"height":255,"caption":"La collection de rev\u00eatements muraux Glyph du Kelly Wearstler Studio est une exploration de la couleur, de la texture et de la structure."},{"@type":"BreadcrumbList","@id":"https:\/\/www.gpjbaker.com\/fr\/marques\/lee-jofa\/papier-peint-glyph-de-kelly-wearstler\/#breadcrumb","itemListElement":[{"@type":"ListItem","position":1,"name":"Home","item":"https:\/\/www.gpjbaker.com\/fr\/"},{"@type":"ListItem","position":2,"name":"Marques","item":"https:\/\/www.gpjbaker.com\/fr\/marques\/"},{"@type":"ListItem","position":3,"name":"Lee Jofa","item":"https:\/\/www.gpjbaker.com\/fr\/marques\/lee-jofa\/"},{"@type":"ListItem","position":4,"name":"Papier peint Glyph de Kelly Wearstler"}]},{"@type":"WebSite","@id":"https:\/\/www.gpjbaker.com\/#website","url":"https:\/\/www.gpjbaker.com\/","name":"G P &amp; J Baker","description":"","potentialAction":[{"@type":"SearchAction","target":{"@type":"EntryPoint","urlTemplate":"https:\/\/www.gpjbaker.com\/?s={search_term_string}"},"query-input":{"@type":"PropertyValueSpecification","valueRequired":true,"valueName":"search_term_string"}}],"inLanguage":"fr-FR"}]}},"_links":{"self":[{"href":"https:\/\/www.gpjbaker.com\/fr\/wp-json\/wp\/v2\/pages\/13291","targetHints":{"allow":["GET"]}}],"collection":[{"href":"https:\/\/www.gpjbaker.com\/fr\/wp-json\/wp\/v2\/pages"}],"about":[{"href":"https:\/\/www.gpjbaker.com\/fr\/wp-json\/wp\/v2\/types\/page"}],"author":[{"embeddable":true,"href":"https:\/\/www.gpjbaker.com\/fr\/wp-json\/wp\/v2\/users\/6"}],"replies":[{"embeddable":true,"href":"https:\/\/www.gpjbaker.com\/fr\/wp-json\/wp\/v2\/comments?post=13291"}],"version-history":[{"count":1,"href":"https:\/\/www.gpjbaker.com\/fr\/wp-json\/wp\/v2\/pages\/13291\/revisions"}],"predecessor-version":[{"id":13417,"href":"https:\/\/www.gpjbaker.com\/fr\/wp-json\/wp\/v2\/pages\/13291\/revisions\/13417"}],"up":[{"embeddable":true,"href":"https:\/\/www.gpjbaker.com\/fr\/wp-json\/wp\/v2\/pages\/5287"}],"wp:featuredmedia":[{"embeddable":true,"href":"https:\/\/www.gpjbaker.com\/fr\/wp-json\/wp\/v2\/media\/13420"}],"wp:attachment":[{"href":"https:\/\/www.gpjbaker.com\/fr\/wp-json\/wp\/v2\/media?parent=13291"}],"curies":[{"name":"wp","href":"https:\/\/api.w.org\/{rel}","templated":true}]}}