{"id":13289,"date":"2025-09-24T08:55:50","date_gmt":"2025-09-24T13:55:50","guid":{"rendered":"https:\/\/www.gpjbaker.com\/?page_id=13289"},"modified":"2025-10-08T15:08:56","modified_gmt":"2025-10-08T20:08:56","slug":"papiers-peints-transit-de-kelly-wearstler","status":"publish","type":"page","link":"https:\/\/www.gpjbaker.com\/fr\/marques\/lee-jofa\/papiers-peints-transit-de-kelly-wearstler\/","title":{"rendered":"Papiers peints Transit de Kelly Wearstler"},"content":{"rendered":"<p>Inspir\u00e9e par des photographies d&#8217;art urbain et de panneaux de signalisation, la collection Transit du studio Kelly Wearstler d\u00e9gage une qualit\u00e9 graphique \u00e0 la fois discr\u00e8tement audacieuse et raffin\u00e9e. Propos\u00e9e dans une palette polyvalente, cette collection visuellement saisissante regorge de mouvement et de mati\u00e8res riches.<\/p>\r\n\r\n<p><a style=\"text-decoration: underline;\" href=\"https:\/\/www.gpjbaker.com\/fr\/marques\/lee-jofa\/transit-de-kelly-wearstler\/\">Voir les tissus assortis<\/a><\/p>\r\n\r\n<script type=\"text\/javascript\"> \r\nvar searchURL = \"sort=DATE&use=Multipurpose,Trim, Upholstery,Wallcovering,Curtains&collection=Kelly Wearstler Transit Wallcovering\"\r\n <\/script>","protected":false},"excerpt":{"rendered":"Inspir\u00e9e par des photographies d&#8217;art urbain et de panneaux de signalisation, la collection Transit du studio Kelly Wearstler d\u00e9gage une qualit\u00e9 graphique \u00e0 la fois discr\u00e8tement audacieuse et raffin\u00e9e. Propos\u00e9e dans une palette polyvalente, cette collection visuellement saisissante regorge de mouvement et de mati\u00e8res riches. Voir les tissus assortis","protected":false},"author":6,"featured_media":13418,"parent":5287,"menu_order":6,"comment_status":"closed","ping_status":"closed","template":"template-collections.php","meta":{"footnotes":""},"class_list":["post-13289","page","type-page","status-publish","has-post-thumbnail","hentry"],"yoast_head":"<!-- This site is optimized with the Yoast SEO plugin v26.8 - https:\/\/yoast.com\/product\/yoast-seo-wordpress\/ -->\n<title>Papiers peints Transit de Kelly Wearstler - G P &amp; J Baker<\/title>\n<meta name=\"robots\" content=\"index, follow, max-snippet:-1, max-image-preview:large, max-video-preview:-1\" \/>\n<link rel=\"canonical\" href=\"https:\/\/www.gpjbaker.com\/fr\/marques\/lee-jofa\/papiers-peints-transit-de-kelly-wearstler\/\" \/>\n<meta property=\"og:locale\" content=\"fr_FR\" \/>\n<meta property=\"og:type\" content=\"article\" \/>\n<meta property=\"og:title\" content=\"Papiers peints Transit de Kelly Wearstler - G P &amp; J Baker\" \/>\n<meta property=\"og:description\" content=\"Inspir\u00e9e par des photographies d&#8217;art urbain et de panneaux de signalisation, la collection Transit du studio Kelly Wearstler d\u00e9gage une qualit\u00e9 graphique \u00e0 la fois discr\u00e8tement audacieuse et raffin\u00e9e. Propos\u00e9e dans une palette polyvalente, cette collection visuellement saisissante regorge de mouvement et de mati\u00e8res riches. Voir les tissus assortis\" \/>\n<meta property=\"og:url\" content=\"https:\/\/www.gpjbaker.com\/fr\/marques\/lee-jofa\/papiers-peints-transit-de-kelly-wearstler\/\" \/>\n<meta property=\"og:site_name\" content=\"G P &amp; J Baker\" \/>\n<meta property=\"article:modified_time\" content=\"2025-10-08T20:08:56+00:00\" \/>\n<meta property=\"og:image\" content=\"https:\/\/www.gpjbaker.com\/wp-content\/uploads\/2025\/09\/LeeJofa-KW-Transit-Wallpaper-Thumb-FR.jpg\" \/>\n\t<meta property=\"og:image:width\" content=\"400\" \/>\n\t<meta property=\"og:image:height\" content=\"255\" \/>\n\t<meta property=\"og:image:type\" content=\"image\/jpeg\" \/>\n<meta name=\"twitter:card\" content=\"summary_large_image\" \/>\n<meta name=\"twitter:label1\" content=\"Est. reading time\" \/>\n\t<meta name=\"twitter:data1\" content=\"1 minute\" \/>\n<script type=\"application\/ld+json\" class=\"yoast-schema-graph\">{\"@context\":\"https:\/\/schema.org\",\"@graph\":[{\"@type\":\"WebPage\",\"@id\":\"https:\/\/www.gpjbaker.com\/fr\/marques\/lee-jofa\/papiers-peints-transit-de-kelly-wearstler\/\",\"url\":\"https:\/\/www.gpjbaker.com\/fr\/marques\/lee-jofa\/papiers-peints-transit-de-kelly-wearstler\/\",\"name\":\"Papiers peints Transit de Kelly Wearstler - G P &amp; J Baker\",\"isPartOf\":{\"@id\":\"https:\/\/www.gpjbaker.com\/#website\"},\"primaryImageOfPage\":{\"@id\":\"https:\/\/www.gpjbaker.com\/fr\/marques\/lee-jofa\/papiers-peints-transit-de-kelly-wearstler\/#primaryimage\"},\"image\":{\"@id\":\"https:\/\/www.gpjbaker.com\/fr\/marques\/lee-jofa\/papiers-peints-transit-de-kelly-wearstler\/#primaryimage\"},\"thumbnailUrl\":\"https:\/\/www.gpjbaker.com\/wp-content\/uploads\/2025\/09\/LeeJofa-KW-Transit-Wallpaper-Thumb-FR.jpg\",\"datePublished\":\"2025-09-24T13:55:50+00:00\",\"dateModified\":\"2025-10-08T20:08:56+00:00\",\"breadcrumb\":{\"@id\":\"https:\/\/www.gpjbaker.com\/fr\/marques\/lee-jofa\/papiers-peints-transit-de-kelly-wearstler\/#breadcrumb\"},\"inLanguage\":\"fr-FR\",\"potentialAction\":[{\"@type\":\"ReadAction\",\"target\":[\"https:\/\/www.gpjbaker.com\/fr\/marques\/lee-jofa\/papiers-peints-transit-de-kelly-wearstler\/\"]}]},{\"@type\":\"ImageObject\",\"inLanguage\":\"fr-FR\",\"@id\":\"https:\/\/www.gpjbaker.com\/fr\/marques\/lee-jofa\/papiers-peints-transit-de-kelly-wearstler\/#primaryimage\",\"url\":\"https:\/\/www.gpjbaker.com\/wp-content\/uploads\/2025\/09\/LeeJofa-KW-Transit-Wallpaper-Thumb-FR.jpg\",\"contentUrl\":\"https:\/\/www.gpjbaker.com\/wp-content\/uploads\/2025\/09\/LeeJofa-KW-Transit-Wallpaper-Thumb-FR.jpg\",\"width\":400,\"height\":255,\"caption\":\"Inspir\u00e9e par des photographies d'art de rue et de panneaux urbains du centre-ville, la collection Transit pr\u00e9sente une qualit\u00e9 graphique \u00e0 la fois audacieuse et raffin\u00e9e.\"},{\"@type\":\"BreadcrumbList\",\"@id\":\"https:\/\/www.gpjbaker.com\/fr\/marques\/lee-jofa\/papiers-peints-transit-de-kelly-wearstler\/#breadcrumb\",\"itemListElement\":[{\"@type\":\"ListItem\",\"position\":1,\"name\":\"Home\",\"item\":\"https:\/\/www.gpjbaker.com\/fr\/\"},{\"@type\":\"ListItem\",\"position\":2,\"name\":\"Marques\",\"item\":\"https:\/\/www.gpjbaker.com\/fr\/marques\/\"},{\"@type\":\"ListItem\",\"position\":3,\"name\":\"Lee Jofa\",\"item\":\"https:\/\/www.gpjbaker.com\/fr\/marques\/lee-jofa\/\"},{\"@type\":\"ListItem\",\"position\":4,\"name\":\"Papiers peints Transit de Kelly Wearstler\"}]},{\"@type\":\"WebSite\",\"@id\":\"https:\/\/www.gpjbaker.com\/#website\",\"url\":\"https:\/\/www.gpjbaker.com\/\",\"name\":\"G P &amp; J Baker\",\"description\":\"\",\"potentialAction\":[{\"@type\":\"SearchAction\",\"target\":{\"@type\":\"EntryPoint\",\"urlTemplate\":\"https:\/\/www.gpjbaker.com\/?s={search_term_string}\"},\"query-input\":{\"@type\":\"PropertyValueSpecification\",\"valueRequired\":true,\"valueName\":\"search_term_string\"}}],\"inLanguage\":\"fr-FR\"}]}<\/script>\n<!-- \/ Yoast SEO plugin. -->","yoast_head_json":{"title":"Papiers peints Transit de Kelly Wearstler - G P &amp; J Baker","robots":{"index":"index","follow":"follow","max-snippet":"max-snippet:-1","max-image-preview":"max-image-preview:large","max-video-preview":"max-video-preview:-1"},"canonical":"https:\/\/www.gpjbaker.com\/fr\/marques\/lee-jofa\/papiers-peints-transit-de-kelly-wearstler\/","og_locale":"fr_FR","og_type":"article","og_title":"Papiers peints Transit de Kelly Wearstler - G P &amp; J Baker","og_description":"Inspir\u00e9e par des photographies d&#8217;art urbain et de panneaux de signalisation, la collection Transit du studio Kelly Wearstler d\u00e9gage une qualit\u00e9 graphique \u00e0 la fois discr\u00e8tement audacieuse et raffin\u00e9e. Propos\u00e9e dans une palette polyvalente, cette collection visuellement saisissante regorge de mouvement et de mati\u00e8res riches. Voir les tissus assortis","og_url":"https:\/\/www.gpjbaker.com\/fr\/marques\/lee-jofa\/papiers-peints-transit-de-kelly-wearstler\/","og_site_name":"G P &amp; J Baker","article_modified_time":"2025-10-08T20:08:56+00:00","og_image":[{"width":400,"height":255,"url":"https:\/\/www.gpjbaker.com\/wp-content\/uploads\/2025\/09\/LeeJofa-KW-Transit-Wallpaper-Thumb-FR.jpg","type":"image\/jpeg"}],"twitter_card":"summary_large_image","twitter_misc":{"Est. reading time":"1 minute"},"schema":{"@context":"https:\/\/schema.org","@graph":[{"@type":"WebPage","@id":"https:\/\/www.gpjbaker.com\/fr\/marques\/lee-jofa\/papiers-peints-transit-de-kelly-wearstler\/","url":"https:\/\/www.gpjbaker.com\/fr\/marques\/lee-jofa\/papiers-peints-transit-de-kelly-wearstler\/","name":"Papiers peints Transit de Kelly Wearstler - G P &amp; J Baker","isPartOf":{"@id":"https:\/\/www.gpjbaker.com\/#website"},"primaryImageOfPage":{"@id":"https:\/\/www.gpjbaker.com\/fr\/marques\/lee-jofa\/papiers-peints-transit-de-kelly-wearstler\/#primaryimage"},"image":{"@id":"https:\/\/www.gpjbaker.com\/fr\/marques\/lee-jofa\/papiers-peints-transit-de-kelly-wearstler\/#primaryimage"},"thumbnailUrl":"https:\/\/www.gpjbaker.com\/wp-content\/uploads\/2025\/09\/LeeJofa-KW-Transit-Wallpaper-Thumb-FR.jpg","datePublished":"2025-09-24T13:55:50+00:00","dateModified":"2025-10-08T20:08:56+00:00","breadcrumb":{"@id":"https:\/\/www.gpjbaker.com\/fr\/marques\/lee-jofa\/papiers-peints-transit-de-kelly-wearstler\/#breadcrumb"},"inLanguage":"fr-FR","potentialAction":[{"@type":"ReadAction","target":["https:\/\/www.gpjbaker.com\/fr\/marques\/lee-jofa\/papiers-peints-transit-de-kelly-wearstler\/"]}]},{"@type":"ImageObject","inLanguage":"fr-FR","@id":"https:\/\/www.gpjbaker.com\/fr\/marques\/lee-jofa\/papiers-peints-transit-de-kelly-wearstler\/#primaryimage","url":"https:\/\/www.gpjbaker.com\/wp-content\/uploads\/2025\/09\/LeeJofa-KW-Transit-Wallpaper-Thumb-FR.jpg","contentUrl":"https:\/\/www.gpjbaker.com\/wp-content\/uploads\/2025\/09\/LeeJofa-KW-Transit-Wallpaper-Thumb-FR.jpg","width":400,"height":255,"caption":"Inspir\u00e9e par des photographies d'art de rue et de panneaux urbains du centre-ville, la collection Transit pr\u00e9sente une qualit\u00e9 graphique \u00e0 la fois audacieuse et raffin\u00e9e."},{"@type":"BreadcrumbList","@id":"https:\/\/www.gpjbaker.com\/fr\/marques\/lee-jofa\/papiers-peints-transit-de-kelly-wearstler\/#breadcrumb","itemListElement":[{"@type":"ListItem","position":1,"name":"Home","item":"https:\/\/www.gpjbaker.com\/fr\/"},{"@type":"ListItem","position":2,"name":"Marques","item":"https:\/\/www.gpjbaker.com\/fr\/marques\/"},{"@type":"ListItem","position":3,"name":"Lee Jofa","item":"https:\/\/www.gpjbaker.com\/fr\/marques\/lee-jofa\/"},{"@type":"ListItem","position":4,"name":"Papiers peints Transit de Kelly Wearstler"}]},{"@type":"WebSite","@id":"https:\/\/www.gpjbaker.com\/#website","url":"https:\/\/www.gpjbaker.com\/","name":"G P &amp; J Baker","description":"","potentialAction":[{"@type":"SearchAction","target":{"@type":"EntryPoint","urlTemplate":"https:\/\/www.gpjbaker.com\/?s={search_term_string}"},"query-input":{"@type":"PropertyValueSpecification","valueRequired":true,"valueName":"search_term_string"}}],"inLanguage":"fr-FR"}]}},"_links":{"self":[{"href":"https:\/\/www.gpjbaker.com\/fr\/wp-json\/wp\/v2\/pages\/13289","targetHints":{"allow":["GET"]}}],"collection":[{"href":"https:\/\/www.gpjbaker.com\/fr\/wp-json\/wp\/v2\/pages"}],"about":[{"href":"https:\/\/www.gpjbaker.com\/fr\/wp-json\/wp\/v2\/types\/page"}],"author":[{"embeddable":true,"href":"https:\/\/www.gpjbaker.com\/fr\/wp-json\/wp\/v2\/users\/6"}],"replies":[{"embeddable":true,"href":"https:\/\/www.gpjbaker.com\/fr\/wp-json\/wp\/v2\/comments?post=13289"}],"version-history":[{"count":3,"href":"https:\/\/www.gpjbaker.com\/fr\/wp-json\/wp\/v2\/pages\/13289\/revisions"}],"predecessor-version":[{"id":13434,"href":"https:\/\/www.gpjbaker.com\/fr\/wp-json\/wp\/v2\/pages\/13289\/revisions\/13434"}],"up":[{"embeddable":true,"href":"https:\/\/www.gpjbaker.com\/fr\/wp-json\/wp\/v2\/pages\/5287"}],"wp:featuredmedia":[{"embeddable":true,"href":"https:\/\/www.gpjbaker.com\/fr\/wp-json\/wp\/v2\/media\/13418"}],"wp:attachment":[{"href":"https:\/\/www.gpjbaker.com\/fr\/wp-json\/wp\/v2\/media?parent=13289"}],"curies":[{"name":"wp","href":"https:\/\/api.w.org\/{rel}","templated":true}]}}