{"id":12796,"date":"2025-10-08T15:34:21","date_gmt":"2025-10-08T20:34:21","guid":{"rendered":"https:\/\/www.gpjbaker.com\/?page_id=12796"},"modified":"2025-10-08T15:34:21","modified_gmt":"2025-10-08T20:34:21","slug":"small-prints","status":"publish","type":"page","link":"https:\/\/www.gpjbaker.com\/fr\/marques\/mulberry-home\/small-prints\/","title":{"rendered":"Small Prints"},"content":{"rendered":"Impr\u00e9gn\u00e9e d&#8217;un esprit boh\u00e8me typiquement britannique, cette s\u00e9lection de petits motifs ravissants associe des motifs floraux et animaliers fantaisistes \u00e0 des motifs g\u00e9om\u00e9triques subtils, tous inspir\u00e9s du patrimoine unique de la marque Mulberry Home.\r\n\r\n\r\n<script type=\"text\/javascript\"> \r\nvar searchURL = \"sort=DATE&use=Multipurpose,Trim, Upholstery,Wallcovering,Curtains&collection=Mulberry Small Prints\"\r\n <\/script>","protected":false},"excerpt":{"rendered":"Impr\u00e9gn\u00e9e d&#8217;un esprit boh\u00e8me typiquement britannique, cette s\u00e9lection de petits motifs ravissants associe des motifs floraux et animaliers fantaisistes \u00e0 des motifs g\u00e9om\u00e9triques subtils, tous inspir\u00e9s du patrimoine unique de la marque Mulberry Home.","protected":false},"author":6,"featured_media":12768,"parent":5294,"menu_order":0,"comment_status":"closed","ping_status":"closed","template":"template-collections.php","meta":{"footnotes":""},"class_list":["post-12796","page","type-page","status-publish","has-post-thumbnail","hentry","page_language-fr"],"yoast_head":"<!-- This site is optimized with the Yoast SEO plugin v26.8 - https:\/\/yoast.com\/product\/yoast-seo-wordpress\/ -->\n<title>Small Prints - G P &amp; J Baker<\/title>\n<meta name=\"robots\" content=\"index, follow, max-snippet:-1, max-image-preview:large, max-video-preview:-1\" \/>\n<link rel=\"canonical\" href=\"https:\/\/www.gpjbaker.com\/fr\/marques\/mulberry-home\/small-prints\/\" \/>\n<meta property=\"og:locale\" content=\"fr_FR\" \/>\n<meta property=\"og:type\" content=\"article\" \/>\n<meta property=\"og:title\" content=\"Small Prints - G P &amp; J Baker\" \/>\n<meta property=\"og:description\" content=\"Impr\u00e9gn\u00e9e d&#8217;un esprit boh\u00e8me typiquement britannique, cette s\u00e9lection de petits motifs ravissants associe des motifs floraux et animaliers fantaisistes \u00e0 des motifs g\u00e9om\u00e9triques subtils, tous inspir\u00e9s du patrimoine unique de la marque Mulberry Home.\" \/>\n<meta property=\"og:url\" content=\"https:\/\/www.gpjbaker.com\/fr\/marques\/mulberry-home\/small-prints\/\" \/>\n<meta property=\"og:site_name\" content=\"G P &amp; J Baker\" \/>\n<meta property=\"og:image\" content=\"https:\/\/www.gpjbaker.com\/wp-content\/uploads\/2025\/08\/MH-Small-Prints-Thumb.jpg\" \/>\n\t<meta property=\"og:image:width\" content=\"400\" \/>\n\t<meta property=\"og:image:height\" content=\"255\" \/>\n\t<meta property=\"og:image:type\" content=\"image\/jpeg\" \/>\n<meta name=\"twitter:card\" content=\"summary_large_image\" \/>\n<meta name=\"twitter:label1\" content=\"Est. reading time\" \/>\n\t<meta name=\"twitter:data1\" content=\"1 minute\" \/>\n<script type=\"application\/ld+json\" class=\"yoast-schema-graph\">{\"@context\":\"https:\/\/schema.org\",\"@graph\":[{\"@type\":\"WebPage\",\"@id\":\"https:\/\/www.gpjbaker.com\/fr\/marques\/mulberry-home\/small-prints\/\",\"url\":\"https:\/\/www.gpjbaker.com\/fr\/marques\/mulberry-home\/small-prints\/\",\"name\":\"Small Prints - G P &amp; J Baker\",\"isPartOf\":{\"@id\":\"https:\/\/www.gpjbaker.com\/#website\"},\"primaryImageOfPage\":{\"@id\":\"https:\/\/www.gpjbaker.com\/fr\/marques\/mulberry-home\/small-prints\/#primaryimage\"},\"image\":{\"@id\":\"https:\/\/www.gpjbaker.com\/fr\/marques\/mulberry-home\/small-prints\/#primaryimage\"},\"thumbnailUrl\":\"https:\/\/www.gpjbaker.com\/wp-content\/uploads\/2025\/08\/MH-Small-Prints-Thumb.jpg\",\"datePublished\":\"2025-10-08T20:34:21+00:00\",\"breadcrumb\":{\"@id\":\"https:\/\/www.gpjbaker.com\/fr\/marques\/mulberry-home\/small-prints\/#breadcrumb\"},\"inLanguage\":\"fr-FR\",\"potentialAction\":[{\"@type\":\"ReadAction\",\"target\":[\"https:\/\/www.gpjbaker.com\/fr\/marques\/mulberry-home\/small-prints\/\"]}]},{\"@type\":\"ImageObject\",\"inLanguage\":\"fr-FR\",\"@id\":\"https:\/\/www.gpjbaker.com\/fr\/marques\/mulberry-home\/small-prints\/#primaryimage\",\"url\":\"https:\/\/www.gpjbaker.com\/wp-content\/uploads\/2025\/08\/MH-Small-Prints-Thumb.jpg\",\"contentUrl\":\"https:\/\/www.gpjbaker.com\/wp-content\/uploads\/2025\/08\/MH-Small-Prints-Thumb.jpg\",\"width\":400,\"height\":255,\"caption\":\"Infused with bohemian spirit and designed to mix and match, this selection of delightful small prints adds a hint of English elegance to any decorating scheme.\"},{\"@type\":\"BreadcrumbList\",\"@id\":\"https:\/\/www.gpjbaker.com\/fr\/marques\/mulberry-home\/small-prints\/#breadcrumb\",\"itemListElement\":[{\"@type\":\"ListItem\",\"position\":1,\"name\":\"Home\",\"item\":\"https:\/\/www.gpjbaker.com\/fr\/\"},{\"@type\":\"ListItem\",\"position\":2,\"name\":\"Marques\",\"item\":\"https:\/\/www.gpjbaker.com\/fr\/marques\/\"},{\"@type\":\"ListItem\",\"position\":3,\"name\":\"Mulberry Home\",\"item\":\"https:\/\/www.gpjbaker.com\/fr\/marques\/mulberry-home\/\"},{\"@type\":\"ListItem\",\"position\":4,\"name\":\"Small Prints\"}]},{\"@type\":\"WebSite\",\"@id\":\"https:\/\/www.gpjbaker.com\/#website\",\"url\":\"https:\/\/www.gpjbaker.com\/\",\"name\":\"G P &amp; J Baker\",\"description\":\"\",\"potentialAction\":[{\"@type\":\"SearchAction\",\"target\":{\"@type\":\"EntryPoint\",\"urlTemplate\":\"https:\/\/www.gpjbaker.com\/?s={search_term_string}\"},\"query-input\":{\"@type\":\"PropertyValueSpecification\",\"valueRequired\":true,\"valueName\":\"search_term_string\"}}],\"inLanguage\":\"fr-FR\"}]}<\/script>\n<!-- \/ Yoast SEO plugin. -->","yoast_head_json":{"title":"Small Prints - G P &amp; J Baker","robots":{"index":"index","follow":"follow","max-snippet":"max-snippet:-1","max-image-preview":"max-image-preview:large","max-video-preview":"max-video-preview:-1"},"canonical":"https:\/\/www.gpjbaker.com\/fr\/marques\/mulberry-home\/small-prints\/","og_locale":"fr_FR","og_type":"article","og_title":"Small Prints - G P &amp; J Baker","og_description":"Impr\u00e9gn\u00e9e d&#8217;un esprit boh\u00e8me typiquement britannique, cette s\u00e9lection de petits motifs ravissants associe des motifs floraux et animaliers fantaisistes \u00e0 des motifs g\u00e9om\u00e9triques subtils, tous inspir\u00e9s du patrimoine unique de la marque Mulberry Home.","og_url":"https:\/\/www.gpjbaker.com\/fr\/marques\/mulberry-home\/small-prints\/","og_site_name":"G P &amp; J Baker","og_image":[{"width":400,"height":255,"url":"https:\/\/www.gpjbaker.com\/wp-content\/uploads\/2025\/08\/MH-Small-Prints-Thumb.jpg","type":"image\/jpeg"}],"twitter_card":"summary_large_image","twitter_misc":{"Est. reading time":"1 minute"},"schema":{"@context":"https:\/\/schema.org","@graph":[{"@type":"WebPage","@id":"https:\/\/www.gpjbaker.com\/fr\/marques\/mulberry-home\/small-prints\/","url":"https:\/\/www.gpjbaker.com\/fr\/marques\/mulberry-home\/small-prints\/","name":"Small Prints - G P &amp; J Baker","isPartOf":{"@id":"https:\/\/www.gpjbaker.com\/#website"},"primaryImageOfPage":{"@id":"https:\/\/www.gpjbaker.com\/fr\/marques\/mulberry-home\/small-prints\/#primaryimage"},"image":{"@id":"https:\/\/www.gpjbaker.com\/fr\/marques\/mulberry-home\/small-prints\/#primaryimage"},"thumbnailUrl":"https:\/\/www.gpjbaker.com\/wp-content\/uploads\/2025\/08\/MH-Small-Prints-Thumb.jpg","datePublished":"2025-10-08T20:34:21+00:00","breadcrumb":{"@id":"https:\/\/www.gpjbaker.com\/fr\/marques\/mulberry-home\/small-prints\/#breadcrumb"},"inLanguage":"fr-FR","potentialAction":[{"@type":"ReadAction","target":["https:\/\/www.gpjbaker.com\/fr\/marques\/mulberry-home\/small-prints\/"]}]},{"@type":"ImageObject","inLanguage":"fr-FR","@id":"https:\/\/www.gpjbaker.com\/fr\/marques\/mulberry-home\/small-prints\/#primaryimage","url":"https:\/\/www.gpjbaker.com\/wp-content\/uploads\/2025\/08\/MH-Small-Prints-Thumb.jpg","contentUrl":"https:\/\/www.gpjbaker.com\/wp-content\/uploads\/2025\/08\/MH-Small-Prints-Thumb.jpg","width":400,"height":255,"caption":"Infused with bohemian spirit and designed to mix and match, this selection of delightful small prints adds a hint of English elegance to any decorating scheme."},{"@type":"BreadcrumbList","@id":"https:\/\/www.gpjbaker.com\/fr\/marques\/mulberry-home\/small-prints\/#breadcrumb","itemListElement":[{"@type":"ListItem","position":1,"name":"Home","item":"https:\/\/www.gpjbaker.com\/fr\/"},{"@type":"ListItem","position":2,"name":"Marques","item":"https:\/\/www.gpjbaker.com\/fr\/marques\/"},{"@type":"ListItem","position":3,"name":"Mulberry Home","item":"https:\/\/www.gpjbaker.com\/fr\/marques\/mulberry-home\/"},{"@type":"ListItem","position":4,"name":"Small Prints"}]},{"@type":"WebSite","@id":"https:\/\/www.gpjbaker.com\/#website","url":"https:\/\/www.gpjbaker.com\/","name":"G P &amp; J Baker","description":"","potentialAction":[{"@type":"SearchAction","target":{"@type":"EntryPoint","urlTemplate":"https:\/\/www.gpjbaker.com\/?s={search_term_string}"},"query-input":{"@type":"PropertyValueSpecification","valueRequired":true,"valueName":"search_term_string"}}],"inLanguage":"fr-FR"}]}},"_links":{"self":[{"href":"https:\/\/www.gpjbaker.com\/fr\/wp-json\/wp\/v2\/pages\/12796","targetHints":{"allow":["GET"]}}],"collection":[{"href":"https:\/\/www.gpjbaker.com\/fr\/wp-json\/wp\/v2\/pages"}],"about":[{"href":"https:\/\/www.gpjbaker.com\/fr\/wp-json\/wp\/v2\/types\/page"}],"author":[{"embeddable":true,"href":"https:\/\/www.gpjbaker.com\/fr\/wp-json\/wp\/v2\/users\/6"}],"replies":[{"embeddable":true,"href":"https:\/\/www.gpjbaker.com\/fr\/wp-json\/wp\/v2\/comments?post=12796"}],"version-history":[{"count":2,"href":"https:\/\/www.gpjbaker.com\/fr\/wp-json\/wp\/v2\/pages\/12796\/revisions"}],"predecessor-version":[{"id":13436,"href":"https:\/\/www.gpjbaker.com\/fr\/wp-json\/wp\/v2\/pages\/12796\/revisions\/13436"}],"up":[{"embeddable":true,"href":"https:\/\/www.gpjbaker.com\/fr\/wp-json\/wp\/v2\/pages\/5294"}],"wp:featuredmedia":[{"embeddable":true,"href":"https:\/\/www.gpjbaker.com\/fr\/wp-json\/wp\/v2\/media\/12768"}],"wp:attachment":[{"href":"https:\/\/www.gpjbaker.com\/fr\/wp-json\/wp\/v2\/media?parent=12796"}],"curies":[{"name":"wp","href":"https:\/\/api.w.org\/{rel}","templated":true}]}}