{"id":12795,"date":"2025-09-16T11:20:55","date_gmt":"2025-09-16T16:20:55","guid":{"rendered":"https:\/\/www.gpjbaker.com\/?page_id=12795"},"modified":"2025-09-26T08:54:20","modified_gmt":"2025-09-26T13:54:20","slug":"court-velvet","status":"publish","type":"page","link":"https:\/\/www.gpjbaker.com\/fr\/marques\/gp-j-baker\/court-velvet\/","title":{"rendered":"Court Velvet"},"content":{"rendered":"<p>\u00ab Court Velvet \u00bb est un velours luxueux \u00e0 l&#8217;\u00e9clat subtil et au tomb\u00e9 \u00e9l\u00e9gant, id\u00e9al pour l&#8217;ameublement et les rideaux. Somptueux et merveilleusement agr\u00e9able au toucher, ce tissu uni raffin\u00e9 est disponible dans une palette de 16 coloris intemporels con\u00e7us pour refl\u00e9ter la splendeur \u00e9tincelante des joyaux de la Couronne.<\/p>\r\n\r\n<script type=\"text\/javascript\"> \r\nvar searchURL = \"sort=DATE&use=Multipurpose,Trim, Upholstery,Wallcovering,Curtains&collection=Court Velvet\"\r\n <\/script>","protected":false},"excerpt":{"rendered":"\u00ab Court Velvet \u00bb est un velours luxueux \u00e0 l&#8217;\u00e9clat subtil et au tomb\u00e9 \u00e9l\u00e9gant, id\u00e9al pour l&#8217;ameublement et les rideaux. Somptueux et merveilleusement agr\u00e9able au toucher, ce tissu uni raffin\u00e9 est disponible dans une palette de 16 coloris intemporels con\u00e7us pour refl\u00e9ter la splendeur \u00e9tincelante des joyaux de la Couronne.","protected":false},"author":6,"featured_media":12719,"parent":4605,"menu_order":11,"comment_status":"closed","ping_status":"closed","template":"template-collections.php","meta":{"footnotes":""},"class_list":["post-12795","page","type-page","status-publish","has-post-thumbnail","hentry","page_language-fr"],"yoast_head":"<!-- This site is optimized with the Yoast SEO plugin v26.8 - https:\/\/yoast.com\/product\/yoast-seo-wordpress\/ -->\n<title>Court Velvet - G P &amp; J Baker<\/title>\n<meta name=\"robots\" content=\"index, follow, max-snippet:-1, max-image-preview:large, max-video-preview:-1\" \/>\n<link rel=\"canonical\" href=\"https:\/\/www.gpjbaker.com\/fr\/marques\/gp-j-baker\/court-velvet\/\" \/>\n<meta property=\"og:locale\" content=\"fr_FR\" \/>\n<meta property=\"og:type\" content=\"article\" \/>\n<meta property=\"og:title\" content=\"Court Velvet - G P &amp; J Baker\" \/>\n<meta property=\"og:description\" content=\"\u00ab Court Velvet \u00bb est un velours luxueux \u00e0 l&#8217;\u00e9clat subtil et au tomb\u00e9 \u00e9l\u00e9gant, id\u00e9al pour l&#8217;ameublement et les rideaux. Somptueux et merveilleusement agr\u00e9able au toucher, ce tissu uni raffin\u00e9 est disponible dans une palette de 16 coloris intemporels con\u00e7us pour refl\u00e9ter la splendeur \u00e9tincelante des joyaux de la Couronne.\" \/>\n<meta property=\"og:url\" content=\"https:\/\/www.gpjbaker.com\/fr\/marques\/gp-j-baker\/court-velvet\/\" \/>\n<meta property=\"og:site_name\" content=\"G P &amp; J Baker\" \/>\n<meta property=\"article:modified_time\" content=\"2025-09-26T13:54:20+00:00\" \/>\n<meta property=\"og:image\" content=\"https:\/\/www.gpjbaker.com\/wp-content\/uploads\/2025\/06\/Court-Velvet-Thumb.jpg\" \/>\n\t<meta property=\"og:image:width\" content=\"833\" \/>\n\t<meta property=\"og:image:height\" content=\"531\" \/>\n\t<meta property=\"og:image:type\" content=\"image\/jpeg\" \/>\n<meta name=\"twitter:card\" content=\"summary_large_image\" \/>\n<meta name=\"twitter:label1\" content=\"Est. reading time\" \/>\n\t<meta name=\"twitter:data1\" content=\"1 minute\" \/>\n<script type=\"application\/ld+json\" class=\"yoast-schema-graph\">{\"@context\":\"https:\/\/schema.org\",\"@graph\":[{\"@type\":\"WebPage\",\"@id\":\"https:\/\/www.gpjbaker.com\/fr\/marques\/gp-j-baker\/court-velvet\/\",\"url\":\"https:\/\/www.gpjbaker.com\/fr\/marques\/gp-j-baker\/court-velvet\/\",\"name\":\"Court Velvet - G P &amp; J Baker\",\"isPartOf\":{\"@id\":\"https:\/\/www.gpjbaker.com\/#website\"},\"primaryImageOfPage\":{\"@id\":\"https:\/\/www.gpjbaker.com\/fr\/marques\/gp-j-baker\/court-velvet\/#primaryimage\"},\"image\":{\"@id\":\"https:\/\/www.gpjbaker.com\/fr\/marques\/gp-j-baker\/court-velvet\/#primaryimage\"},\"thumbnailUrl\":\"https:\/\/www.gpjbaker.com\/wp-content\/uploads\/2025\/06\/Court-Velvet-Thumb.jpg\",\"datePublished\":\"2025-09-16T16:20:55+00:00\",\"dateModified\":\"2025-09-26T13:54:20+00:00\",\"breadcrumb\":{\"@id\":\"https:\/\/www.gpjbaker.com\/fr\/marques\/gp-j-baker\/court-velvet\/#breadcrumb\"},\"inLanguage\":\"fr-FR\",\"potentialAction\":[{\"@type\":\"ReadAction\",\"target\":[\"https:\/\/www.gpjbaker.com\/fr\/marques\/gp-j-baker\/court-velvet\/\"]}]},{\"@type\":\"ImageObject\",\"inLanguage\":\"fr-FR\",\"@id\":\"https:\/\/www.gpjbaker.com\/fr\/marques\/gp-j-baker\/court-velvet\/#primaryimage\",\"url\":\"https:\/\/www.gpjbaker.com\/wp-content\/uploads\/2025\/06\/Court-Velvet-Thumb.jpg\",\"contentUrl\":\"https:\/\/www.gpjbaker.com\/wp-content\/uploads\/2025\/06\/Court-Velvet-Thumb.jpg\",\"width\":833,\"height\":531,\"caption\":\"'Court Velvet' is a luxurious velvet with a subtle sheen and elegant drape, suitable for upholstery and curtains.\"},{\"@type\":\"BreadcrumbList\",\"@id\":\"https:\/\/www.gpjbaker.com\/fr\/marques\/gp-j-baker\/court-velvet\/#breadcrumb\",\"itemListElement\":[{\"@type\":\"ListItem\",\"position\":1,\"name\":\"Home\",\"item\":\"https:\/\/www.gpjbaker.com\/fr\/\"},{\"@type\":\"ListItem\",\"position\":2,\"name\":\"Marques\",\"item\":\"https:\/\/www.gpjbaker.com\/fr\/marques\/\"},{\"@type\":\"ListItem\",\"position\":3,\"name\":\"GP &#038; J Baker\",\"item\":\"https:\/\/www.gpjbaker.com\/fr\/marques\/gp-j-baker\/\"},{\"@type\":\"ListItem\",\"position\":4,\"name\":\"Court Velvet\"}]},{\"@type\":\"WebSite\",\"@id\":\"https:\/\/www.gpjbaker.com\/#website\",\"url\":\"https:\/\/www.gpjbaker.com\/\",\"name\":\"G P &amp; J Baker\",\"description\":\"\",\"potentialAction\":[{\"@type\":\"SearchAction\",\"target\":{\"@type\":\"EntryPoint\",\"urlTemplate\":\"https:\/\/www.gpjbaker.com\/?s={search_term_string}\"},\"query-input\":{\"@type\":\"PropertyValueSpecification\",\"valueRequired\":true,\"valueName\":\"search_term_string\"}}],\"inLanguage\":\"fr-FR\"}]}<\/script>\n<!-- \/ Yoast SEO plugin. -->","yoast_head_json":{"title":"Court Velvet - G P &amp; J Baker","robots":{"index":"index","follow":"follow","max-snippet":"max-snippet:-1","max-image-preview":"max-image-preview:large","max-video-preview":"max-video-preview:-1"},"canonical":"https:\/\/www.gpjbaker.com\/fr\/marques\/gp-j-baker\/court-velvet\/","og_locale":"fr_FR","og_type":"article","og_title":"Court Velvet - G P &amp; J Baker","og_description":"\u00ab Court Velvet \u00bb est un velours luxueux \u00e0 l&#8217;\u00e9clat subtil et au tomb\u00e9 \u00e9l\u00e9gant, id\u00e9al pour l&#8217;ameublement et les rideaux. Somptueux et merveilleusement agr\u00e9able au toucher, ce tissu uni raffin\u00e9 est disponible dans une palette de 16 coloris intemporels con\u00e7us pour refl\u00e9ter la splendeur \u00e9tincelante des joyaux de la Couronne.","og_url":"https:\/\/www.gpjbaker.com\/fr\/marques\/gp-j-baker\/court-velvet\/","og_site_name":"G P &amp; J Baker","article_modified_time":"2025-09-26T13:54:20+00:00","og_image":[{"width":833,"height":531,"url":"https:\/\/www.gpjbaker.com\/wp-content\/uploads\/2025\/06\/Court-Velvet-Thumb.jpg","type":"image\/jpeg"}],"twitter_card":"summary_large_image","twitter_misc":{"Est. reading time":"1 minute"},"schema":{"@context":"https:\/\/schema.org","@graph":[{"@type":"WebPage","@id":"https:\/\/www.gpjbaker.com\/fr\/marques\/gp-j-baker\/court-velvet\/","url":"https:\/\/www.gpjbaker.com\/fr\/marques\/gp-j-baker\/court-velvet\/","name":"Court Velvet - G P &amp; J Baker","isPartOf":{"@id":"https:\/\/www.gpjbaker.com\/#website"},"primaryImageOfPage":{"@id":"https:\/\/www.gpjbaker.com\/fr\/marques\/gp-j-baker\/court-velvet\/#primaryimage"},"image":{"@id":"https:\/\/www.gpjbaker.com\/fr\/marques\/gp-j-baker\/court-velvet\/#primaryimage"},"thumbnailUrl":"https:\/\/www.gpjbaker.com\/wp-content\/uploads\/2025\/06\/Court-Velvet-Thumb.jpg","datePublished":"2025-09-16T16:20:55+00:00","dateModified":"2025-09-26T13:54:20+00:00","breadcrumb":{"@id":"https:\/\/www.gpjbaker.com\/fr\/marques\/gp-j-baker\/court-velvet\/#breadcrumb"},"inLanguage":"fr-FR","potentialAction":[{"@type":"ReadAction","target":["https:\/\/www.gpjbaker.com\/fr\/marques\/gp-j-baker\/court-velvet\/"]}]},{"@type":"ImageObject","inLanguage":"fr-FR","@id":"https:\/\/www.gpjbaker.com\/fr\/marques\/gp-j-baker\/court-velvet\/#primaryimage","url":"https:\/\/www.gpjbaker.com\/wp-content\/uploads\/2025\/06\/Court-Velvet-Thumb.jpg","contentUrl":"https:\/\/www.gpjbaker.com\/wp-content\/uploads\/2025\/06\/Court-Velvet-Thumb.jpg","width":833,"height":531,"caption":"'Court Velvet' is a luxurious velvet with a subtle sheen and elegant drape, suitable for upholstery and curtains."},{"@type":"BreadcrumbList","@id":"https:\/\/www.gpjbaker.com\/fr\/marques\/gp-j-baker\/court-velvet\/#breadcrumb","itemListElement":[{"@type":"ListItem","position":1,"name":"Home","item":"https:\/\/www.gpjbaker.com\/fr\/"},{"@type":"ListItem","position":2,"name":"Marques","item":"https:\/\/www.gpjbaker.com\/fr\/marques\/"},{"@type":"ListItem","position":3,"name":"GP &#038; J Baker","item":"https:\/\/www.gpjbaker.com\/fr\/marques\/gp-j-baker\/"},{"@type":"ListItem","position":4,"name":"Court Velvet"}]},{"@type":"WebSite","@id":"https:\/\/www.gpjbaker.com\/#website","url":"https:\/\/www.gpjbaker.com\/","name":"G P &amp; J Baker","description":"","potentialAction":[{"@type":"SearchAction","target":{"@type":"EntryPoint","urlTemplate":"https:\/\/www.gpjbaker.com\/?s={search_term_string}"},"query-input":{"@type":"PropertyValueSpecification","valueRequired":true,"valueName":"search_term_string"}}],"inLanguage":"fr-FR"}]}},"_links":{"self":[{"href":"https:\/\/www.gpjbaker.com\/fr\/wp-json\/wp\/v2\/pages\/12795","targetHints":{"allow":["GET"]}}],"collection":[{"href":"https:\/\/www.gpjbaker.com\/fr\/wp-json\/wp\/v2\/pages"}],"about":[{"href":"https:\/\/www.gpjbaker.com\/fr\/wp-json\/wp\/v2\/types\/page"}],"author":[{"embeddable":true,"href":"https:\/\/www.gpjbaker.com\/fr\/wp-json\/wp\/v2\/users\/6"}],"replies":[{"embeddable":true,"href":"https:\/\/www.gpjbaker.com\/fr\/wp-json\/wp\/v2\/comments?post=12795"}],"version-history":[{"count":1,"href":"https:\/\/www.gpjbaker.com\/fr\/wp-json\/wp\/v2\/pages\/12795\/revisions"}],"predecessor-version":[{"id":12991,"href":"https:\/\/www.gpjbaker.com\/fr\/wp-json\/wp\/v2\/pages\/12795\/revisions\/12991"}],"up":[{"embeddable":true,"href":"https:\/\/www.gpjbaker.com\/fr\/wp-json\/wp\/v2\/pages\/4605"}],"wp:featuredmedia":[{"embeddable":true,"href":"https:\/\/www.gpjbaker.com\/fr\/wp-json\/wp\/v2\/media\/12719"}],"wp:attachment":[{"href":"https:\/\/www.gpjbaker.com\/fr\/wp-json\/wp\/v2\/media?parent=12795"}],"curies":[{"name":"wp","href":"https:\/\/api.w.org\/{rel}","templated":true}]}}