{"id":12785,"date":"2022-02-18T08:56:58","date_gmt":"2022-02-18T13:56:58","guid":{"rendered":"https:\/\/www.gpjbaker.com\/marques\/baker-lifestyle\/bridport\/"},"modified":"2025-09-08T12:49:49","modified_gmt":"2025-09-08T17:49:49","slug":"bridport","status":"publish","type":"page","link":"https:\/\/www.gpjbaker.com\/fr\/marques\/baker-lifestyle\/bridport\/","title":{"rendered":"Bridport"},"content":{"rendered":"La collection Bridport allie des motifs imprim\u00e9s illustratifs \u00e0 des carreaux et des rayures \u00e9l\u00e9gants, parfaits pour cr\u00e9er des pi\u00e8ces contemporaines fra\u00eeches et conviviales. D\u00e9contract\u00e9e et accessible, Bridport a \u00e9t\u00e9 d\u00e9clin\u00e9e avec imagination pour s&#8217;harmoniser avec des th\u00e8mes de couleurs classiques\u00a0: bleu et blanc, infus\u00e9s d&#8217;indigo et de rouge, de rose vif et d&#8217;aqua crayeux, de bleu doux et de vert feuille d\u00e9licat.\r\n<p data-pm-slice=\"1 1 []\"><a style=\"text-decoration: underline;\" href=\"https:\/\/cloud.3dissue.com\/209583\/209767\/246228\/BRIDPORT\/\" target=\"_blank\" rel=\"noopener\">Voir le livre de patrons virtuel<\/a><\/p>\r\n\r\n<script type=\"text\/javascript\"> \r\nvar searchURL = \"sort=DATE&use=Multipurpose,Trim, Upholstery,Wallcovering,Curtains&collection=Bridport\"\r\n <\/script>","protected":false},"excerpt":{"rendered":"La collection Bridport allie des motifs imprim\u00e9s illustratifs \u00e0 des carreaux et des rayures \u00e9l\u00e9gants, parfaits pour cr\u00e9er des pi\u00e8ces contemporaines fra\u00eeches et conviviales. D\u00e9contract\u00e9e et accessible, Bridport a \u00e9t\u00e9 d\u00e9clin\u00e9e avec imagination pour s&#8217;harmoniser avec des th\u00e8mes de couleurs classiques\u00a0: bleu et blanc, infus\u00e9s d&#8217;indigo et de rouge, de rose vif et d&#8217;aqua crayeux,&#8230; <a class=\"view-article\" href=\"https:\/\/www.gpjbaker.com\/fr\/marques\/baker-lifestyle\/bridport\/\">Voir l&#8217;article<\/a>","protected":false},"author":6,"featured_media":9828,"parent":5290,"menu_order":0,"comment_status":"closed","ping_status":"closed","template":"template-collections.php","meta":{"footnotes":""},"class_list":["post-12785","page","type-page","status-publish","has-post-thumbnail","hentry","page_language-fr"],"yoast_head":"<!-- This site is optimized with the Yoast SEO plugin v26.8 - https:\/\/yoast.com\/product\/yoast-seo-wordpress\/ -->\n<title>Bridport - G P &amp; J Baker<\/title>\n<meta name=\"description\" content=\"The Bridport collection combines illustrative, printed designs with stylish checks and stripes, perfect for creating fresh, easy-living contemporary rooms. Informal and accessible, Bridport has been imaginatively shaded to match colour themes of classic blue and white, infused with indigo and red, pretty pink and chalky aqua, soft blue and delicate leaf green.\" \/>\n<meta name=\"robots\" content=\"index, follow, max-snippet:-1, max-image-preview:large, max-video-preview:-1\" \/>\n<link rel=\"canonical\" href=\"https:\/\/www.gpjbaker.com\/fr\/marques\/baker-lifestyle\/bridport\/\" \/>\n<meta property=\"og:locale\" content=\"fr_FR\" \/>\n<meta property=\"og:type\" content=\"article\" \/>\n<meta property=\"og:title\" content=\"Bridport - G P &amp; J Baker\" \/>\n<meta property=\"og:description\" content=\"The Bridport collection combines illustrative, printed designs with stylish checks and stripes, perfect for creating fresh, easy-living contemporary rooms. Informal and accessible, Bridport has been imaginatively shaded to match colour themes of classic blue and white, infused with indigo and red, pretty pink and chalky aqua, soft blue and delicate leaf green.\" \/>\n<meta property=\"og:url\" content=\"https:\/\/www.gpjbaker.com\/fr\/marques\/baker-lifestyle\/bridport\/\" \/>\n<meta property=\"og:site_name\" content=\"G P &amp; J Baker\" \/>\n<meta property=\"article:modified_time\" content=\"2025-09-08T17:49:49+00:00\" \/>\n<meta property=\"og:image\" content=\"https:\/\/www.gpjbaker.com\/wp-content\/uploads\/2022\/02\/Bridport-Thumbnail.jpg\" \/>\n\t<meta property=\"og:image:width\" content=\"400\" \/>\n\t<meta property=\"og:image:height\" content=\"255\" \/>\n\t<meta property=\"og:image:type\" content=\"image\/jpeg\" \/>\n<meta name=\"twitter:card\" content=\"summary_large_image\" \/>\n<meta name=\"twitter:label1\" content=\"Est. reading time\" \/>\n\t<meta name=\"twitter:data1\" content=\"1 minute\" \/>\n<script type=\"application\/ld+json\" class=\"yoast-schema-graph\">{\"@context\":\"https:\/\/schema.org\",\"@graph\":[{\"@type\":\"WebPage\",\"@id\":\"https:\/\/www.gpjbaker.com\/fr\/marques\/baker-lifestyle\/bridport\/\",\"url\":\"https:\/\/www.gpjbaker.com\/fr\/marques\/baker-lifestyle\/bridport\/\",\"name\":\"Bridport - G P &amp; J Baker\",\"isPartOf\":{\"@id\":\"https:\/\/www.gpjbaker.com\/#website\"},\"primaryImageOfPage\":{\"@id\":\"https:\/\/www.gpjbaker.com\/fr\/marques\/baker-lifestyle\/bridport\/#primaryimage\"},\"image\":{\"@id\":\"https:\/\/www.gpjbaker.com\/fr\/marques\/baker-lifestyle\/bridport\/#primaryimage\"},\"thumbnailUrl\":\"https:\/\/www.gpjbaker.com\/wp-content\/uploads\/2022\/02\/Bridport-Thumbnail.jpg\",\"datePublished\":\"2022-02-18T13:56:58+00:00\",\"dateModified\":\"2025-09-08T17:49:49+00:00\",\"description\":\"The Bridport collection combines illustrative, printed designs with stylish checks and stripes, perfect for creating fresh, easy-living contemporary rooms. Informal and accessible, Bridport has been imaginatively shaded to match colour themes of classic blue and white, infused with indigo and red, pretty pink and chalky aqua, soft blue and delicate leaf green.\",\"breadcrumb\":{\"@id\":\"https:\/\/www.gpjbaker.com\/fr\/marques\/baker-lifestyle\/bridport\/#breadcrumb\"},\"inLanguage\":\"fr-FR\",\"potentialAction\":[{\"@type\":\"ReadAction\",\"target\":[\"https:\/\/www.gpjbaker.com\/fr\/marques\/baker-lifestyle\/bridport\/\"]}]},{\"@type\":\"ImageObject\",\"inLanguage\":\"fr-FR\",\"@id\":\"https:\/\/www.gpjbaker.com\/fr\/marques\/baker-lifestyle\/bridport\/#primaryimage\",\"url\":\"https:\/\/www.gpjbaker.com\/wp-content\/uploads\/2022\/02\/Bridport-Thumbnail.jpg\",\"contentUrl\":\"https:\/\/www.gpjbaker.com\/wp-content\/uploads\/2022\/02\/Bridport-Thumbnail.jpg\",\"width\":400,\"height\":255,\"caption\":\"The Bridport collection combines illustrative, printed designs with stylish checks and stripes, perfect for creating fresh, easy-living contemporary rooms.\"},{\"@type\":\"BreadcrumbList\",\"@id\":\"https:\/\/www.gpjbaker.com\/fr\/marques\/baker-lifestyle\/bridport\/#breadcrumb\",\"itemListElement\":[{\"@type\":\"ListItem\",\"position\":1,\"name\":\"Home\",\"item\":\"https:\/\/www.gpjbaker.com\/fr\/\"},{\"@type\":\"ListItem\",\"position\":2,\"name\":\"Marques\",\"item\":\"https:\/\/www.gpjbaker.com\/fr\/marques\/\"},{\"@type\":\"ListItem\",\"position\":3,\"name\":\"Baker Lifestyle\",\"item\":\"https:\/\/www.gpjbaker.com\/fr\/marques\/baker-lifestyle\/\"},{\"@type\":\"ListItem\",\"position\":4,\"name\":\"Bridport\"}]},{\"@type\":\"WebSite\",\"@id\":\"https:\/\/www.gpjbaker.com\/#website\",\"url\":\"https:\/\/www.gpjbaker.com\/\",\"name\":\"G P &amp; J Baker\",\"description\":\"\",\"potentialAction\":[{\"@type\":\"SearchAction\",\"target\":{\"@type\":\"EntryPoint\",\"urlTemplate\":\"https:\/\/www.gpjbaker.com\/?s={search_term_string}\"},\"query-input\":{\"@type\":\"PropertyValueSpecification\",\"valueRequired\":true,\"valueName\":\"search_term_string\"}}],\"inLanguage\":\"fr-FR\"}]}<\/script>\n<!-- \/ Yoast SEO plugin. -->","yoast_head_json":{"title":"Bridport - G P &amp; J Baker","description":"The Bridport collection combines illustrative, printed designs with stylish checks and stripes, perfect for creating fresh, easy-living contemporary rooms. Informal and accessible, Bridport has been imaginatively shaded to match colour themes of classic blue and white, infused with indigo and red, pretty pink and chalky aqua, soft blue and delicate leaf green.","robots":{"index":"index","follow":"follow","max-snippet":"max-snippet:-1","max-image-preview":"max-image-preview:large","max-video-preview":"max-video-preview:-1"},"canonical":"https:\/\/www.gpjbaker.com\/fr\/marques\/baker-lifestyle\/bridport\/","og_locale":"fr_FR","og_type":"article","og_title":"Bridport - G P &amp; J Baker","og_description":"The Bridport collection combines illustrative, printed designs with stylish checks and stripes, perfect for creating fresh, easy-living contemporary rooms. Informal and accessible, Bridport has been imaginatively shaded to match colour themes of classic blue and white, infused with indigo and red, pretty pink and chalky aqua, soft blue and delicate leaf green.","og_url":"https:\/\/www.gpjbaker.com\/fr\/marques\/baker-lifestyle\/bridport\/","og_site_name":"G P &amp; J Baker","article_modified_time":"2025-09-08T17:49:49+00:00","og_image":[{"width":400,"height":255,"url":"https:\/\/www.gpjbaker.com\/wp-content\/uploads\/2022\/02\/Bridport-Thumbnail.jpg","type":"image\/jpeg"}],"twitter_card":"summary_large_image","twitter_misc":{"Est. reading time":"1 minute"},"schema":{"@context":"https:\/\/schema.org","@graph":[{"@type":"WebPage","@id":"https:\/\/www.gpjbaker.com\/fr\/marques\/baker-lifestyle\/bridport\/","url":"https:\/\/www.gpjbaker.com\/fr\/marques\/baker-lifestyle\/bridport\/","name":"Bridport - G P &amp; J Baker","isPartOf":{"@id":"https:\/\/www.gpjbaker.com\/#website"},"primaryImageOfPage":{"@id":"https:\/\/www.gpjbaker.com\/fr\/marques\/baker-lifestyle\/bridport\/#primaryimage"},"image":{"@id":"https:\/\/www.gpjbaker.com\/fr\/marques\/baker-lifestyle\/bridport\/#primaryimage"},"thumbnailUrl":"https:\/\/www.gpjbaker.com\/wp-content\/uploads\/2022\/02\/Bridport-Thumbnail.jpg","datePublished":"2022-02-18T13:56:58+00:00","dateModified":"2025-09-08T17:49:49+00:00","description":"The Bridport collection combines illustrative, printed designs with stylish checks and stripes, perfect for creating fresh, easy-living contemporary rooms. Informal and accessible, Bridport has been imaginatively shaded to match colour themes of classic blue and white, infused with indigo and red, pretty pink and chalky aqua, soft blue and delicate leaf green.","breadcrumb":{"@id":"https:\/\/www.gpjbaker.com\/fr\/marques\/baker-lifestyle\/bridport\/#breadcrumb"},"inLanguage":"fr-FR","potentialAction":[{"@type":"ReadAction","target":["https:\/\/www.gpjbaker.com\/fr\/marques\/baker-lifestyle\/bridport\/"]}]},{"@type":"ImageObject","inLanguage":"fr-FR","@id":"https:\/\/www.gpjbaker.com\/fr\/marques\/baker-lifestyle\/bridport\/#primaryimage","url":"https:\/\/www.gpjbaker.com\/wp-content\/uploads\/2022\/02\/Bridport-Thumbnail.jpg","contentUrl":"https:\/\/www.gpjbaker.com\/wp-content\/uploads\/2022\/02\/Bridport-Thumbnail.jpg","width":400,"height":255,"caption":"The Bridport collection combines illustrative, printed designs with stylish checks and stripes, perfect for creating fresh, easy-living contemporary rooms."},{"@type":"BreadcrumbList","@id":"https:\/\/www.gpjbaker.com\/fr\/marques\/baker-lifestyle\/bridport\/#breadcrumb","itemListElement":[{"@type":"ListItem","position":1,"name":"Home","item":"https:\/\/www.gpjbaker.com\/fr\/"},{"@type":"ListItem","position":2,"name":"Marques","item":"https:\/\/www.gpjbaker.com\/fr\/marques\/"},{"@type":"ListItem","position":3,"name":"Baker Lifestyle","item":"https:\/\/www.gpjbaker.com\/fr\/marques\/baker-lifestyle\/"},{"@type":"ListItem","position":4,"name":"Bridport"}]},{"@type":"WebSite","@id":"https:\/\/www.gpjbaker.com\/#website","url":"https:\/\/www.gpjbaker.com\/","name":"G P &amp; J Baker","description":"","potentialAction":[{"@type":"SearchAction","target":{"@type":"EntryPoint","urlTemplate":"https:\/\/www.gpjbaker.com\/?s={search_term_string}"},"query-input":{"@type":"PropertyValueSpecification","valueRequired":true,"valueName":"search_term_string"}}],"inLanguage":"fr-FR"}]}},"_links":{"self":[{"href":"https:\/\/www.gpjbaker.com\/fr\/wp-json\/wp\/v2\/pages\/12785","targetHints":{"allow":["GET"]}}],"collection":[{"href":"https:\/\/www.gpjbaker.com\/fr\/wp-json\/wp\/v2\/pages"}],"about":[{"href":"https:\/\/www.gpjbaker.com\/fr\/wp-json\/wp\/v2\/types\/page"}],"author":[{"embeddable":true,"href":"https:\/\/www.gpjbaker.com\/fr\/wp-json\/wp\/v2\/users\/6"}],"replies":[{"embeddable":true,"href":"https:\/\/www.gpjbaker.com\/fr\/wp-json\/wp\/v2\/comments?post=12785"}],"version-history":[{"count":5,"href":"https:\/\/www.gpjbaker.com\/fr\/wp-json\/wp\/v2\/pages\/12785\/revisions"}],"predecessor-version":[{"id":12790,"href":"https:\/\/www.gpjbaker.com\/fr\/wp-json\/wp\/v2\/pages\/12785\/revisions\/12790"}],"up":[{"embeddable":true,"href":"https:\/\/www.gpjbaker.com\/fr\/wp-json\/wp\/v2\/pages\/5290"}],"wp:featuredmedia":[{"embeddable":true,"href":"https:\/\/www.gpjbaker.com\/fr\/wp-json\/wp\/v2\/media\/9828"}],"wp:attachment":[{"href":"https:\/\/www.gpjbaker.com\/fr\/wp-json\/wp\/v2\/media?parent=12785"}],"curies":[{"name":"wp","href":"https:\/\/api.w.org\/{rel}","templated":true}]}}