{"id":12521,"date":"2025-03-03T10:19:19","date_gmt":"2025-03-03T15:19:19","guid":{"rendered":"https:\/\/www.gpjbaker.com\/marques\/brunschwig-fils\/la-menagerie-tapisserie\/"},"modified":"2025-09-08T14:44:17","modified_gmt":"2025-09-08T19:44:17","slug":"la-menagerie-tapisserie","status":"publish","type":"page","link":"https:\/\/www.gpjbaker.com\/fr\/marques\/brunschwig-fils\/la-menagerie-tapisserie\/","title":{"rendered":"La M\u00e9nagerie Tapisserie"},"content":{"rendered":"<p>Remplis de trouvailles fantaisistes et adapt\u00e9s \u00e0 une maison qui aspire \u00e0 des f\u00eates somptueuses et \u00e0 des invit\u00e9s inattendus, les rev\u00eatements muraux de La M\u00e9nagerie pr\u00e9sentent des motifs \u00e9clectiques, des motifs in\u00e9dits et des recolorations de dessins d&#8217;archives fran\u00e7ais embl\u00e9matiques.<\/p><p>\r\n\r\n<\/p><p><a style=\"text-decoration: underline;\" href=\"https:\/\/www.gpjbaker.com\/fr\/marques\/brunschwig-fils\/la-menagerie\/\">Voir La Menagerie Fabrics<\/a><\/p>\r\n\r\n<script type=\"text\/javascript\"> \r\nvar searchURL = \"sort=DATE&use=Multipurpose,Trim, Upholstery,Wallcovering,Curtains&collection=La Menagerie Wallcovering\"\r\n <\/script>","protected":false},"excerpt":{"rendered":"Remplis de trouvailles fantaisistes et adapt\u00e9s \u00e0 une maison qui aspire \u00e0 des f\u00eates somptueuses et \u00e0 des invit\u00e9s inattendus, les rev\u00eatements muraux de La M\u00e9nagerie pr\u00e9sentent des motifs \u00e9clectiques, des motifs in\u00e9dits et des recolorations de dessins d&#8217;archives fran\u00e7ais embl\u00e9matiques. Voir La Menagerie Fabrics","protected":false},"author":6,"featured_media":12234,"parent":5288,"menu_order":5,"comment_status":"closed","ping_status":"closed","template":"template-collections.php","meta":{"footnotes":""},"class_list":["post-12521","page","type-page","status-publish","has-post-thumbnail","hentry","page_language-fr"],"yoast_head":"<!-- This site is optimized with the Yoast SEO plugin v26.8 - https:\/\/yoast.com\/product\/yoast-seo-wordpress\/ -->\n<title>La M\u00e9nagerie Tapisserie - G P &amp; J Baker<\/title>\n<meta name=\"robots\" content=\"index, follow, max-snippet:-1, max-image-preview:large, max-video-preview:-1\" \/>\n<link rel=\"canonical\" href=\"https:\/\/www.gpjbaker.com\/fr\/marques\/brunschwig-fils\/la-menagerie-tapisserie\/\" \/>\n<meta property=\"og:locale\" content=\"fr_FR\" \/>\n<meta property=\"og:type\" content=\"article\" \/>\n<meta property=\"og:title\" content=\"La M\u00e9nagerie Tapisserie - G P &amp; J Baker\" \/>\n<meta property=\"og:description\" content=\"Remplis de trouvailles fantaisistes et adapt\u00e9s \u00e0 une maison qui aspire \u00e0 des f\u00eates somptueuses et \u00e0 des invit\u00e9s inattendus, les rev\u00eatements muraux de La M\u00e9nagerie pr\u00e9sentent des motifs \u00e9clectiques, des motifs in\u00e9dits et des recolorations de dessins d&#8217;archives fran\u00e7ais embl\u00e9matiques. Voir La Menagerie Fabrics\" \/>\n<meta property=\"og:url\" content=\"https:\/\/www.gpjbaker.com\/fr\/marques\/brunschwig-fils\/la-menagerie-tapisserie\/\" \/>\n<meta property=\"og:site_name\" content=\"G P &amp; J Baker\" \/>\n<meta property=\"article:modified_time\" content=\"2025-09-08T19:44:17+00:00\" \/>\n<meta property=\"og:image\" content=\"https:\/\/www.gpjbaker.com\/wp-content\/uploads\/2024\/12\/BF_La_Menagerie_Wallpaper_Thumb.jpg\" \/>\n\t<meta property=\"og:image:width\" content=\"400\" \/>\n\t<meta property=\"og:image:height\" content=\"255\" \/>\n\t<meta property=\"og:image:type\" content=\"image\/jpeg\" \/>\n<meta name=\"twitter:card\" content=\"summary_large_image\" \/>\n<meta name=\"twitter:label1\" content=\"Est. reading time\" \/>\n\t<meta name=\"twitter:data1\" content=\"1 minute\" \/>\n<script type=\"application\/ld+json\" class=\"yoast-schema-graph\">{\"@context\":\"https:\/\/schema.org\",\"@graph\":[{\"@type\":\"WebPage\",\"@id\":\"https:\/\/www.gpjbaker.com\/fr\/marques\/brunschwig-fils\/la-menagerie-tapisserie\/\",\"url\":\"https:\/\/www.gpjbaker.com\/fr\/marques\/brunschwig-fils\/la-menagerie-tapisserie\/\",\"name\":\"La M\u00e9nagerie Tapisserie - G P &amp; J Baker\",\"isPartOf\":{\"@id\":\"https:\/\/www.gpjbaker.com\/#website\"},\"primaryImageOfPage\":{\"@id\":\"https:\/\/www.gpjbaker.com\/fr\/marques\/brunschwig-fils\/la-menagerie-tapisserie\/#primaryimage\"},\"image\":{\"@id\":\"https:\/\/www.gpjbaker.com\/fr\/marques\/brunschwig-fils\/la-menagerie-tapisserie\/#primaryimage\"},\"thumbnailUrl\":\"https:\/\/www.gpjbaker.com\/wp-content\/uploads\/2024\/12\/BF_La_Menagerie_Wallpaper_Thumb.jpg\",\"datePublished\":\"2025-03-03T15:19:19+00:00\",\"dateModified\":\"2025-09-08T19:44:17+00:00\",\"breadcrumb\":{\"@id\":\"https:\/\/www.gpjbaker.com\/fr\/marques\/brunschwig-fils\/la-menagerie-tapisserie\/#breadcrumb\"},\"inLanguage\":\"fr-FR\",\"potentialAction\":[{\"@type\":\"ReadAction\",\"target\":[\"https:\/\/www.gpjbaker.com\/fr\/marques\/brunschwig-fils\/la-menagerie-tapisserie\/\"]}]},{\"@type\":\"ImageObject\",\"inLanguage\":\"fr-FR\",\"@id\":\"https:\/\/www.gpjbaker.com\/fr\/marques\/brunschwig-fils\/la-menagerie-tapisserie\/#primaryimage\",\"url\":\"https:\/\/www.gpjbaker.com\/wp-content\/uploads\/2024\/12\/BF_La_Menagerie_Wallpaper_Thumb.jpg\",\"contentUrl\":\"https:\/\/www.gpjbaker.com\/wp-content\/uploads\/2024\/12\/BF_La_Menagerie_Wallpaper_Thumb.jpg\",\"width\":400,\"height\":255,\"caption\":\"A compelling collection of eclectic wallcoverings which captures the charm that is integral to the heritage of Brunschwig & Fils.\"},{\"@type\":\"BreadcrumbList\",\"@id\":\"https:\/\/www.gpjbaker.com\/fr\/marques\/brunschwig-fils\/la-menagerie-tapisserie\/#breadcrumb\",\"itemListElement\":[{\"@type\":\"ListItem\",\"position\":1,\"name\":\"Home\",\"item\":\"https:\/\/www.gpjbaker.com\/fr\/\"},{\"@type\":\"ListItem\",\"position\":2,\"name\":\"Marques\",\"item\":\"https:\/\/www.gpjbaker.com\/fr\/marques\/\"},{\"@type\":\"ListItem\",\"position\":3,\"name\":\"Brunschwig &#038; Fils\",\"item\":\"https:\/\/www.gpjbaker.com\/fr\/marques\/brunschwig-fils\/\"},{\"@type\":\"ListItem\",\"position\":4,\"name\":\"La M\u00e9nagerie Tapisserie\"}]},{\"@type\":\"WebSite\",\"@id\":\"https:\/\/www.gpjbaker.com\/#website\",\"url\":\"https:\/\/www.gpjbaker.com\/\",\"name\":\"G P &amp; J Baker\",\"description\":\"\",\"potentialAction\":[{\"@type\":\"SearchAction\",\"target\":{\"@type\":\"EntryPoint\",\"urlTemplate\":\"https:\/\/www.gpjbaker.com\/?s={search_term_string}\"},\"query-input\":{\"@type\":\"PropertyValueSpecification\",\"valueRequired\":true,\"valueName\":\"search_term_string\"}}],\"inLanguage\":\"fr-FR\"}]}<\/script>\n<!-- \/ Yoast SEO plugin. -->","yoast_head_json":{"title":"La M\u00e9nagerie Tapisserie - G P &amp; J Baker","robots":{"index":"index","follow":"follow","max-snippet":"max-snippet:-1","max-image-preview":"max-image-preview:large","max-video-preview":"max-video-preview:-1"},"canonical":"https:\/\/www.gpjbaker.com\/fr\/marques\/brunschwig-fils\/la-menagerie-tapisserie\/","og_locale":"fr_FR","og_type":"article","og_title":"La M\u00e9nagerie Tapisserie - G P &amp; J Baker","og_description":"Remplis de trouvailles fantaisistes et adapt\u00e9s \u00e0 une maison qui aspire \u00e0 des f\u00eates somptueuses et \u00e0 des invit\u00e9s inattendus, les rev\u00eatements muraux de La M\u00e9nagerie pr\u00e9sentent des motifs \u00e9clectiques, des motifs in\u00e9dits et des recolorations de dessins d&#8217;archives fran\u00e7ais embl\u00e9matiques. Voir La Menagerie Fabrics","og_url":"https:\/\/www.gpjbaker.com\/fr\/marques\/brunschwig-fils\/la-menagerie-tapisserie\/","og_site_name":"G P &amp; J Baker","article_modified_time":"2025-09-08T19:44:17+00:00","og_image":[{"width":400,"height":255,"url":"https:\/\/www.gpjbaker.com\/wp-content\/uploads\/2024\/12\/BF_La_Menagerie_Wallpaper_Thumb.jpg","type":"image\/jpeg"}],"twitter_card":"summary_large_image","twitter_misc":{"Est. reading time":"1 minute"},"schema":{"@context":"https:\/\/schema.org","@graph":[{"@type":"WebPage","@id":"https:\/\/www.gpjbaker.com\/fr\/marques\/brunschwig-fils\/la-menagerie-tapisserie\/","url":"https:\/\/www.gpjbaker.com\/fr\/marques\/brunschwig-fils\/la-menagerie-tapisserie\/","name":"La M\u00e9nagerie Tapisserie - G P &amp; J Baker","isPartOf":{"@id":"https:\/\/www.gpjbaker.com\/#website"},"primaryImageOfPage":{"@id":"https:\/\/www.gpjbaker.com\/fr\/marques\/brunschwig-fils\/la-menagerie-tapisserie\/#primaryimage"},"image":{"@id":"https:\/\/www.gpjbaker.com\/fr\/marques\/brunschwig-fils\/la-menagerie-tapisserie\/#primaryimage"},"thumbnailUrl":"https:\/\/www.gpjbaker.com\/wp-content\/uploads\/2024\/12\/BF_La_Menagerie_Wallpaper_Thumb.jpg","datePublished":"2025-03-03T15:19:19+00:00","dateModified":"2025-09-08T19:44:17+00:00","breadcrumb":{"@id":"https:\/\/www.gpjbaker.com\/fr\/marques\/brunschwig-fils\/la-menagerie-tapisserie\/#breadcrumb"},"inLanguage":"fr-FR","potentialAction":[{"@type":"ReadAction","target":["https:\/\/www.gpjbaker.com\/fr\/marques\/brunschwig-fils\/la-menagerie-tapisserie\/"]}]},{"@type":"ImageObject","inLanguage":"fr-FR","@id":"https:\/\/www.gpjbaker.com\/fr\/marques\/brunschwig-fils\/la-menagerie-tapisserie\/#primaryimage","url":"https:\/\/www.gpjbaker.com\/wp-content\/uploads\/2024\/12\/BF_La_Menagerie_Wallpaper_Thumb.jpg","contentUrl":"https:\/\/www.gpjbaker.com\/wp-content\/uploads\/2024\/12\/BF_La_Menagerie_Wallpaper_Thumb.jpg","width":400,"height":255,"caption":"A compelling collection of eclectic wallcoverings which captures the charm that is integral to the heritage of Brunschwig & Fils."},{"@type":"BreadcrumbList","@id":"https:\/\/www.gpjbaker.com\/fr\/marques\/brunschwig-fils\/la-menagerie-tapisserie\/#breadcrumb","itemListElement":[{"@type":"ListItem","position":1,"name":"Home","item":"https:\/\/www.gpjbaker.com\/fr\/"},{"@type":"ListItem","position":2,"name":"Marques","item":"https:\/\/www.gpjbaker.com\/fr\/marques\/"},{"@type":"ListItem","position":3,"name":"Brunschwig &#038; Fils","item":"https:\/\/www.gpjbaker.com\/fr\/marques\/brunschwig-fils\/"},{"@type":"ListItem","position":4,"name":"La M\u00e9nagerie Tapisserie"}]},{"@type":"WebSite","@id":"https:\/\/www.gpjbaker.com\/#website","url":"https:\/\/www.gpjbaker.com\/","name":"G P &amp; J Baker","description":"","potentialAction":[{"@type":"SearchAction","target":{"@type":"EntryPoint","urlTemplate":"https:\/\/www.gpjbaker.com\/?s={search_term_string}"},"query-input":{"@type":"PropertyValueSpecification","valueRequired":true,"valueName":"search_term_string"}}],"inLanguage":"fr-FR"}]}},"_links":{"self":[{"href":"https:\/\/www.gpjbaker.com\/fr\/wp-json\/wp\/v2\/pages\/12521","targetHints":{"allow":["GET"]}}],"collection":[{"href":"https:\/\/www.gpjbaker.com\/fr\/wp-json\/wp\/v2\/pages"}],"about":[{"href":"https:\/\/www.gpjbaker.com\/fr\/wp-json\/wp\/v2\/types\/page"}],"author":[{"embeddable":true,"href":"https:\/\/www.gpjbaker.com\/fr\/wp-json\/wp\/v2\/users\/6"}],"replies":[{"embeddable":true,"href":"https:\/\/www.gpjbaker.com\/fr\/wp-json\/wp\/v2\/comments?post=12521"}],"version-history":[{"count":2,"href":"https:\/\/www.gpjbaker.com\/fr\/wp-json\/wp\/v2\/pages\/12521\/revisions"}],"predecessor-version":[{"id":12818,"href":"https:\/\/www.gpjbaker.com\/fr\/wp-json\/wp\/v2\/pages\/12521\/revisions\/12818"}],"up":[{"embeddable":true,"href":"https:\/\/www.gpjbaker.com\/fr\/wp-json\/wp\/v2\/pages\/5288"}],"wp:featuredmedia":[{"embeddable":true,"href":"https:\/\/www.gpjbaker.com\/fr\/wp-json\/wp\/v2\/media\/12234"}],"wp:attachment":[{"href":"https:\/\/www.gpjbaker.com\/fr\/wp-json\/wp\/v2\/media?parent=12521"}],"curies":[{"name":"wp","href":"https:\/\/api.w.org\/{rel}","templated":true}]}}