{"id":12517,"date":"2025-03-03T10:19:10","date_gmt":"2025-03-03T15:19:10","guid":{"rendered":"https:\/\/www.gpjbaker.com\/marques\/kravet\/altuzarra-wallcovering\/"},"modified":"2025-09-09T12:19:44","modified_gmt":"2025-09-09T17:19:44","slug":"altuzarra-wallcovering","status":"publish","type":"page","link":"https:\/\/www.gpjbaker.com\/fr\/marques\/kravet\/altuzarra-wallcovering\/","title":{"rendered":"Altuzarra Wallcovering"},"content":{"rendered":"<p>Une collection exclusive de rev\u00eatements muraux de Kravet Couture, cr\u00e9\u00e9e en collaboration avec le c\u00e9l\u00e8bre cr\u00e9ateur de mode Joseph Altuzarra. Explorez la beaut\u00e9 abstraite de la nature dans la vie de tous les jours gr\u00e2ce \u00e0 une gamme de cr\u00e9ations exquises aux tons de bijoux et de terre, inspir\u00e9es par les d\u00e9fil\u00e9s et raffin\u00e9es pour la maison.<\/p>\r\n\r\n<p><a style=\"text-decoration: underline;\" href=\"https:\/\/cloud.3dissue.com\/209583\/209767\/246228\/KRAVETCOUTURE-x-ALTUZARRA\/\" target=\"_blank\" rel=\"noopener\">Voir le livre de patrons virtuel<\/a><\/p>\r\n\r\n<p><a style=\"text-decoration: underline;\" href=\"https:\/\/www.gpjbaker.com\/fr\/marques\/kravet\/altuzarra\/\" target=\"_blank\" rel=\"noopener\">Voir les tissus assortis<\/a><\/p>\r\n\r\n<script type=\"text\/javascript\"> var searchURL = \"sort=DATE&use=Multipurpose,Trim, Upholstery,Wallcovering,Curtains&collection=Altuzarra Wallcovering\"<\/script>","protected":false},"excerpt":{"rendered":"Une collection exclusive de rev\u00eatements muraux de Kravet Couture, cr\u00e9\u00e9e en collaboration avec le c\u00e9l\u00e8bre cr\u00e9ateur de mode Joseph Altuzarra. Explorez la beaut\u00e9 abstraite de la nature dans la vie de tous les jours gr\u00e2ce \u00e0 une gamme de cr\u00e9ations exquises aux tons de bijoux et de terre, inspir\u00e9es par les d\u00e9fil\u00e9s et raffin\u00e9es pour&#8230; <a class=\"view-article\" href=\"https:\/\/www.gpjbaker.com\/fr\/marques\/kravet\/altuzarra-wallcovering\/\">Voir l&#8217;article<\/a>","protected":false},"author":6,"featured_media":12224,"parent":5291,"menu_order":8,"comment_status":"closed","ping_status":"closed","template":"template-collections.php","meta":{"footnotes":""},"class_list":["post-12517","page","type-page","status-publish","has-post-thumbnail","hentry","page_language-fr"],"yoast_head":"<!-- This site is optimized with the Yoast SEO plugin v26.8 - https:\/\/yoast.com\/product\/yoast-seo-wordpress\/ -->\n<title>Altuzarra Wallcovering - G P &amp; J Baker<\/title>\n<meta name=\"robots\" content=\"index, follow, max-snippet:-1, max-image-preview:large, max-video-preview:-1\" \/>\n<link rel=\"canonical\" href=\"https:\/\/www.gpjbaker.com\/fr\/marques\/kravet\/altuzarra-wallcovering\/\" \/>\n<meta property=\"og:locale\" content=\"fr_FR\" \/>\n<meta property=\"og:type\" content=\"article\" \/>\n<meta property=\"og:title\" content=\"Altuzarra Wallcovering - G P &amp; J Baker\" \/>\n<meta property=\"og:description\" content=\"Une collection exclusive de rev\u00eatements muraux de Kravet Couture, cr\u00e9\u00e9e en collaboration avec le c\u00e9l\u00e8bre cr\u00e9ateur de mode Joseph Altuzarra. Explorez la beaut\u00e9 abstraite de la nature dans la vie de tous les jours gr\u00e2ce \u00e0 une gamme de cr\u00e9ations exquises aux tons de bijoux et de terre, inspir\u00e9es par les d\u00e9fil\u00e9s et raffin\u00e9es pour... Voir l&#039;article\" \/>\n<meta property=\"og:url\" content=\"https:\/\/www.gpjbaker.com\/fr\/marques\/kravet\/altuzarra-wallcovering\/\" \/>\n<meta property=\"og:site_name\" content=\"G P &amp; J Baker\" \/>\n<meta property=\"article:modified_time\" content=\"2025-09-09T17:19:44+00:00\" \/>\n<meta property=\"og:image\" content=\"https:\/\/www.gpjbaker.com\/wp-content\/uploads\/2024\/12\/Altuzarra-Wallcovering-Thumb.jpg\" \/>\n\t<meta property=\"og:image:width\" content=\"400\" \/>\n\t<meta property=\"og:image:height\" content=\"255\" \/>\n\t<meta property=\"og:image:type\" content=\"image\/jpeg\" \/>\n<meta name=\"twitter:card\" content=\"summary_large_image\" \/>\n<meta name=\"twitter:label1\" content=\"Est. reading time\" \/>\n\t<meta name=\"twitter:data1\" content=\"1 minute\" \/>\n<script type=\"application\/ld+json\" class=\"yoast-schema-graph\">{\"@context\":\"https:\/\/schema.org\",\"@graph\":[{\"@type\":\"WebPage\",\"@id\":\"https:\/\/www.gpjbaker.com\/fr\/marques\/kravet\/altuzarra-wallcovering\/\",\"url\":\"https:\/\/www.gpjbaker.com\/fr\/marques\/kravet\/altuzarra-wallcovering\/\",\"name\":\"Altuzarra Wallcovering - G P &amp; J Baker\",\"isPartOf\":{\"@id\":\"https:\/\/www.gpjbaker.com\/#website\"},\"primaryImageOfPage\":{\"@id\":\"https:\/\/www.gpjbaker.com\/fr\/marques\/kravet\/altuzarra-wallcovering\/#primaryimage\"},\"image\":{\"@id\":\"https:\/\/www.gpjbaker.com\/fr\/marques\/kravet\/altuzarra-wallcovering\/#primaryimage\"},\"thumbnailUrl\":\"https:\/\/www.gpjbaker.com\/wp-content\/uploads\/2024\/12\/Altuzarra-Wallcovering-Thumb.jpg\",\"datePublished\":\"2025-03-03T15:19:10+00:00\",\"dateModified\":\"2025-09-09T17:19:44+00:00\",\"breadcrumb\":{\"@id\":\"https:\/\/www.gpjbaker.com\/fr\/marques\/kravet\/altuzarra-wallcovering\/#breadcrumb\"},\"inLanguage\":\"fr-FR\",\"potentialAction\":[{\"@type\":\"ReadAction\",\"target\":[\"https:\/\/www.gpjbaker.com\/fr\/marques\/kravet\/altuzarra-wallcovering\/\"]}]},{\"@type\":\"ImageObject\",\"inLanguage\":\"fr-FR\",\"@id\":\"https:\/\/www.gpjbaker.com\/fr\/marques\/kravet\/altuzarra-wallcovering\/#primaryimage\",\"url\":\"https:\/\/www.gpjbaker.com\/wp-content\/uploads\/2024\/12\/Altuzarra-Wallcovering-Thumb.jpg\",\"contentUrl\":\"https:\/\/www.gpjbaker.com\/wp-content\/uploads\/2024\/12\/Altuzarra-Wallcovering-Thumb.jpg\",\"width\":400,\"height\":255,\"caption\":\"An exclusive collection of wallcoverings from Kravet Couture, created in collaboration with renowned fashion designer Joseph Altuzarra and inspired by the beauty of nature.\"},{\"@type\":\"BreadcrumbList\",\"@id\":\"https:\/\/www.gpjbaker.com\/fr\/marques\/kravet\/altuzarra-wallcovering\/#breadcrumb\",\"itemListElement\":[{\"@type\":\"ListItem\",\"position\":1,\"name\":\"Home\",\"item\":\"https:\/\/www.gpjbaker.com\/fr\/\"},{\"@type\":\"ListItem\",\"position\":2,\"name\":\"Marques\",\"item\":\"https:\/\/www.gpjbaker.com\/fr\/marques\/\"},{\"@type\":\"ListItem\",\"position\":3,\"name\":\"Kravet\",\"item\":\"https:\/\/www.gpjbaker.com\/fr\/marques\/kravet\/\"},{\"@type\":\"ListItem\",\"position\":4,\"name\":\"Altuzarra Wallcovering\"}]},{\"@type\":\"WebSite\",\"@id\":\"https:\/\/www.gpjbaker.com\/#website\",\"url\":\"https:\/\/www.gpjbaker.com\/\",\"name\":\"G P &amp; J Baker\",\"description\":\"\",\"potentialAction\":[{\"@type\":\"SearchAction\",\"target\":{\"@type\":\"EntryPoint\",\"urlTemplate\":\"https:\/\/www.gpjbaker.com\/?s={search_term_string}\"},\"query-input\":{\"@type\":\"PropertyValueSpecification\",\"valueRequired\":true,\"valueName\":\"search_term_string\"}}],\"inLanguage\":\"fr-FR\"}]}<\/script>\n<!-- \/ Yoast SEO plugin. -->","yoast_head_json":{"title":"Altuzarra Wallcovering - G P &amp; J Baker","robots":{"index":"index","follow":"follow","max-snippet":"max-snippet:-1","max-image-preview":"max-image-preview:large","max-video-preview":"max-video-preview:-1"},"canonical":"https:\/\/www.gpjbaker.com\/fr\/marques\/kravet\/altuzarra-wallcovering\/","og_locale":"fr_FR","og_type":"article","og_title":"Altuzarra Wallcovering - G P &amp; J Baker","og_description":"Une collection exclusive de rev\u00eatements muraux de Kravet Couture, cr\u00e9\u00e9e en collaboration avec le c\u00e9l\u00e8bre cr\u00e9ateur de mode Joseph Altuzarra. Explorez la beaut\u00e9 abstraite de la nature dans la vie de tous les jours gr\u00e2ce \u00e0 une gamme de cr\u00e9ations exquises aux tons de bijoux et de terre, inspir\u00e9es par les d\u00e9fil\u00e9s et raffin\u00e9es pour... Voir l'article","og_url":"https:\/\/www.gpjbaker.com\/fr\/marques\/kravet\/altuzarra-wallcovering\/","og_site_name":"G P &amp; J Baker","article_modified_time":"2025-09-09T17:19:44+00:00","og_image":[{"width":400,"height":255,"url":"https:\/\/www.gpjbaker.com\/wp-content\/uploads\/2024\/12\/Altuzarra-Wallcovering-Thumb.jpg","type":"image\/jpeg"}],"twitter_card":"summary_large_image","twitter_misc":{"Est. reading time":"1 minute"},"schema":{"@context":"https:\/\/schema.org","@graph":[{"@type":"WebPage","@id":"https:\/\/www.gpjbaker.com\/fr\/marques\/kravet\/altuzarra-wallcovering\/","url":"https:\/\/www.gpjbaker.com\/fr\/marques\/kravet\/altuzarra-wallcovering\/","name":"Altuzarra Wallcovering - G P &amp; J Baker","isPartOf":{"@id":"https:\/\/www.gpjbaker.com\/#website"},"primaryImageOfPage":{"@id":"https:\/\/www.gpjbaker.com\/fr\/marques\/kravet\/altuzarra-wallcovering\/#primaryimage"},"image":{"@id":"https:\/\/www.gpjbaker.com\/fr\/marques\/kravet\/altuzarra-wallcovering\/#primaryimage"},"thumbnailUrl":"https:\/\/www.gpjbaker.com\/wp-content\/uploads\/2024\/12\/Altuzarra-Wallcovering-Thumb.jpg","datePublished":"2025-03-03T15:19:10+00:00","dateModified":"2025-09-09T17:19:44+00:00","breadcrumb":{"@id":"https:\/\/www.gpjbaker.com\/fr\/marques\/kravet\/altuzarra-wallcovering\/#breadcrumb"},"inLanguage":"fr-FR","potentialAction":[{"@type":"ReadAction","target":["https:\/\/www.gpjbaker.com\/fr\/marques\/kravet\/altuzarra-wallcovering\/"]}]},{"@type":"ImageObject","inLanguage":"fr-FR","@id":"https:\/\/www.gpjbaker.com\/fr\/marques\/kravet\/altuzarra-wallcovering\/#primaryimage","url":"https:\/\/www.gpjbaker.com\/wp-content\/uploads\/2024\/12\/Altuzarra-Wallcovering-Thumb.jpg","contentUrl":"https:\/\/www.gpjbaker.com\/wp-content\/uploads\/2024\/12\/Altuzarra-Wallcovering-Thumb.jpg","width":400,"height":255,"caption":"An exclusive collection of wallcoverings from Kravet Couture, created in collaboration with renowned fashion designer Joseph Altuzarra and inspired by the beauty of nature."},{"@type":"BreadcrumbList","@id":"https:\/\/www.gpjbaker.com\/fr\/marques\/kravet\/altuzarra-wallcovering\/#breadcrumb","itemListElement":[{"@type":"ListItem","position":1,"name":"Home","item":"https:\/\/www.gpjbaker.com\/fr\/"},{"@type":"ListItem","position":2,"name":"Marques","item":"https:\/\/www.gpjbaker.com\/fr\/marques\/"},{"@type":"ListItem","position":3,"name":"Kravet","item":"https:\/\/www.gpjbaker.com\/fr\/marques\/kravet\/"},{"@type":"ListItem","position":4,"name":"Altuzarra Wallcovering"}]},{"@type":"WebSite","@id":"https:\/\/www.gpjbaker.com\/#website","url":"https:\/\/www.gpjbaker.com\/","name":"G P &amp; J Baker","description":"","potentialAction":[{"@type":"SearchAction","target":{"@type":"EntryPoint","urlTemplate":"https:\/\/www.gpjbaker.com\/?s={search_term_string}"},"query-input":{"@type":"PropertyValueSpecification","valueRequired":true,"valueName":"search_term_string"}}],"inLanguage":"fr-FR"}]}},"_links":{"self":[{"href":"https:\/\/www.gpjbaker.com\/fr\/wp-json\/wp\/v2\/pages\/12517","targetHints":{"allow":["GET"]}}],"collection":[{"href":"https:\/\/www.gpjbaker.com\/fr\/wp-json\/wp\/v2\/pages"}],"about":[{"href":"https:\/\/www.gpjbaker.com\/fr\/wp-json\/wp\/v2\/types\/page"}],"author":[{"embeddable":true,"href":"https:\/\/www.gpjbaker.com\/fr\/wp-json\/wp\/v2\/users\/6"}],"replies":[{"embeddable":true,"href":"https:\/\/www.gpjbaker.com\/fr\/wp-json\/wp\/v2\/comments?post=12517"}],"version-history":[{"count":2,"href":"https:\/\/www.gpjbaker.com\/fr\/wp-json\/wp\/v2\/pages\/12517\/revisions"}],"predecessor-version":[{"id":13078,"href":"https:\/\/www.gpjbaker.com\/fr\/wp-json\/wp\/v2\/pages\/12517\/revisions\/13078"}],"up":[{"embeddable":true,"href":"https:\/\/www.gpjbaker.com\/fr\/wp-json\/wp\/v2\/pages\/5291"}],"wp:featuredmedia":[{"embeddable":true,"href":"https:\/\/www.gpjbaker.com\/fr\/wp-json\/wp\/v2\/media\/12224"}],"wp:attachment":[{"href":"https:\/\/www.gpjbaker.com\/fr\/wp-json\/wp\/v2\/media?parent=12517"}],"curies":[{"name":"wp","href":"https:\/\/api.w.org\/{rel}","templated":true}]}}