{"id":12516,"date":"2025-03-03T10:19:10","date_gmt":"2025-03-03T15:19:10","guid":{"rendered":"https:\/\/www.gpjbaker.com\/marques\/kravet\/revetement-mural-casa-botanica\/"},"modified":"2025-09-09T12:14:47","modified_gmt":"2025-09-09T17:14:47","slug":"revetement-mural-casa-botanica","status":"publish","type":"page","link":"https:\/\/www.gpjbaker.com\/fr\/marques\/kravet\/revetement-mural-casa-botanica\/","title":{"rendered":"Rev\u00eatement mural Casa Botanica"},"content":{"rendered":"Fra\u00eeche et tendance avec une touche tropicale, Casa Botanica by Kravet Couture s&#8217;inspire de la for\u00eat tropicale, en incorporant des motifs fantaisistes de flore et de faune provenant des archives Kravet. Cette collection contemporaine apporte une touche sophistiqu\u00e9e et d\u00e9contract\u00e9e \u00e0 tout espace.\r\n\r\n<a style=\"text-decoration: underline;\" href=\"https:\/\/www.gpjbaker.com\/fr\/marques\/kravet\/casa-botanica\/\">Voir les tissus Casa Botanica<\/a>\r\n\r\n<script type=\"text\/javascript\"> \r\nvar searchURL = \"sort=DATE&use=Multipurpose,Trim, Upholstery,Wallcovering,Curtains&collection=Casa Botanica Wallcovering\"<\/script>","protected":false},"excerpt":{"rendered":"Fra\u00eeche et tendance avec une touche tropicale, Casa Botanica by Kravet Couture s&#8217;inspire de la for\u00eat tropicale, en incorporant des motifs fantaisistes de flore et de faune provenant des archives Kravet. Cette collection contemporaine apporte une touche sophistiqu\u00e9e et d\u00e9contract\u00e9e \u00e0 tout espace. Voir les tissus Casa Botanica","protected":false},"author":6,"featured_media":12170,"parent":5291,"menu_order":6,"comment_status":"closed","ping_status":"closed","template":"template-collections.php","meta":{"footnotes":""},"class_list":["post-12516","page","type-page","status-publish","has-post-thumbnail","hentry","page_language-fr"],"yoast_head":"<!-- This site is optimized with the Yoast SEO plugin v26.8 - https:\/\/yoast.com\/product\/yoast-seo-wordpress\/ -->\n<title>Rev\u00eatement mural Casa Botanica - G P &amp; J Baker<\/title>\n<meta name=\"robots\" content=\"index, follow, max-snippet:-1, max-image-preview:large, max-video-preview:-1\" \/>\n<link rel=\"canonical\" href=\"https:\/\/www.gpjbaker.com\/fr\/marques\/kravet\/revetement-mural-casa-botanica\/\" \/>\n<meta property=\"og:locale\" content=\"fr_FR\" \/>\n<meta property=\"og:type\" content=\"article\" \/>\n<meta property=\"og:title\" content=\"Rev\u00eatement mural Casa Botanica - G P &amp; J Baker\" \/>\n<meta property=\"og:description\" content=\"Fra\u00eeche et tendance avec une touche tropicale, Casa Botanica by Kravet Couture s&#8217;inspire de la for\u00eat tropicale, en incorporant des motifs fantaisistes de flore et de faune provenant des archives Kravet. Cette collection contemporaine apporte une touche sophistiqu\u00e9e et d\u00e9contract\u00e9e \u00e0 tout espace. Voir les tissus Casa Botanica\" \/>\n<meta property=\"og:url\" content=\"https:\/\/www.gpjbaker.com\/fr\/marques\/kravet\/revetement-mural-casa-botanica\/\" \/>\n<meta property=\"og:site_name\" content=\"G P &amp; J Baker\" \/>\n<meta property=\"article:modified_time\" content=\"2025-09-09T17:14:47+00:00\" \/>\n<meta property=\"og:image\" content=\"https:\/\/www.gpjbaker.com\/wp-content\/uploads\/2024\/11\/Casa-Botanica-Thumbnail.jpg\" \/>\n\t<meta property=\"og:image:width\" content=\"400\" \/>\n\t<meta property=\"og:image:height\" content=\"255\" \/>\n\t<meta property=\"og:image:type\" content=\"image\/jpeg\" \/>\n<meta name=\"twitter:card\" content=\"summary_large_image\" \/>\n<meta name=\"twitter:label1\" content=\"Est. reading time\" \/>\n\t<meta name=\"twitter:data1\" content=\"1 minute\" \/>\n<script type=\"application\/ld+json\" class=\"yoast-schema-graph\">{\"@context\":\"https:\/\/schema.org\",\"@graph\":[{\"@type\":\"WebPage\",\"@id\":\"https:\/\/www.gpjbaker.com\/fr\/marques\/kravet\/revetement-mural-casa-botanica\/\",\"url\":\"https:\/\/www.gpjbaker.com\/fr\/marques\/kravet\/revetement-mural-casa-botanica\/\",\"name\":\"Rev\u00eatement mural Casa Botanica - G P &amp; J Baker\",\"isPartOf\":{\"@id\":\"https:\/\/www.gpjbaker.com\/#website\"},\"primaryImageOfPage\":{\"@id\":\"https:\/\/www.gpjbaker.com\/fr\/marques\/kravet\/revetement-mural-casa-botanica\/#primaryimage\"},\"image\":{\"@id\":\"https:\/\/www.gpjbaker.com\/fr\/marques\/kravet\/revetement-mural-casa-botanica\/#primaryimage\"},\"thumbnailUrl\":\"https:\/\/www.gpjbaker.com\/wp-content\/uploads\/2024\/11\/Casa-Botanica-Thumbnail.jpg\",\"datePublished\":\"2025-03-03T15:19:10+00:00\",\"dateModified\":\"2025-09-09T17:14:47+00:00\",\"breadcrumb\":{\"@id\":\"https:\/\/www.gpjbaker.com\/fr\/marques\/kravet\/revetement-mural-casa-botanica\/#breadcrumb\"},\"inLanguage\":\"fr-FR\",\"potentialAction\":[{\"@type\":\"ReadAction\",\"target\":[\"https:\/\/www.gpjbaker.com\/fr\/marques\/kravet\/revetement-mural-casa-botanica\/\"]}]},{\"@type\":\"ImageObject\",\"inLanguage\":\"fr-FR\",\"@id\":\"https:\/\/www.gpjbaker.com\/fr\/marques\/kravet\/revetement-mural-casa-botanica\/#primaryimage\",\"url\":\"https:\/\/www.gpjbaker.com\/wp-content\/uploads\/2024\/11\/Casa-Botanica-Thumbnail.jpg\",\"contentUrl\":\"https:\/\/www.gpjbaker.com\/wp-content\/uploads\/2024\/11\/Casa-Botanica-Thumbnail.jpg\",\"width\":400,\"height\":255,\"caption\":\"Fresh and fashionable with a tropical twist, Casa Botanica Wallcoverings by Kravet Couture incorporates fanciful flora and fauna designs sourced from the archives.\"},{\"@type\":\"BreadcrumbList\",\"@id\":\"https:\/\/www.gpjbaker.com\/fr\/marques\/kravet\/revetement-mural-casa-botanica\/#breadcrumb\",\"itemListElement\":[{\"@type\":\"ListItem\",\"position\":1,\"name\":\"Home\",\"item\":\"https:\/\/www.gpjbaker.com\/fr\/\"},{\"@type\":\"ListItem\",\"position\":2,\"name\":\"Marques\",\"item\":\"https:\/\/www.gpjbaker.com\/fr\/marques\/\"},{\"@type\":\"ListItem\",\"position\":3,\"name\":\"Kravet\",\"item\":\"https:\/\/www.gpjbaker.com\/fr\/marques\/kravet\/\"},{\"@type\":\"ListItem\",\"position\":4,\"name\":\"Rev\u00eatement mural Casa Botanica\"}]},{\"@type\":\"WebSite\",\"@id\":\"https:\/\/www.gpjbaker.com\/#website\",\"url\":\"https:\/\/www.gpjbaker.com\/\",\"name\":\"G P &amp; J Baker\",\"description\":\"\",\"potentialAction\":[{\"@type\":\"SearchAction\",\"target\":{\"@type\":\"EntryPoint\",\"urlTemplate\":\"https:\/\/www.gpjbaker.com\/?s={search_term_string}\"},\"query-input\":{\"@type\":\"PropertyValueSpecification\",\"valueRequired\":true,\"valueName\":\"search_term_string\"}}],\"inLanguage\":\"fr-FR\"}]}<\/script>\n<!-- \/ Yoast SEO plugin. -->","yoast_head_json":{"title":"Rev\u00eatement mural Casa Botanica - G P &amp; J Baker","robots":{"index":"index","follow":"follow","max-snippet":"max-snippet:-1","max-image-preview":"max-image-preview:large","max-video-preview":"max-video-preview:-1"},"canonical":"https:\/\/www.gpjbaker.com\/fr\/marques\/kravet\/revetement-mural-casa-botanica\/","og_locale":"fr_FR","og_type":"article","og_title":"Rev\u00eatement mural Casa Botanica - G P &amp; J Baker","og_description":"Fra\u00eeche et tendance avec une touche tropicale, Casa Botanica by Kravet Couture s&#8217;inspire de la for\u00eat tropicale, en incorporant des motifs fantaisistes de flore et de faune provenant des archives Kravet. Cette collection contemporaine apporte une touche sophistiqu\u00e9e et d\u00e9contract\u00e9e \u00e0 tout espace. Voir les tissus Casa Botanica","og_url":"https:\/\/www.gpjbaker.com\/fr\/marques\/kravet\/revetement-mural-casa-botanica\/","og_site_name":"G P &amp; J Baker","article_modified_time":"2025-09-09T17:14:47+00:00","og_image":[{"width":400,"height":255,"url":"https:\/\/www.gpjbaker.com\/wp-content\/uploads\/2024\/11\/Casa-Botanica-Thumbnail.jpg","type":"image\/jpeg"}],"twitter_card":"summary_large_image","twitter_misc":{"Est. reading time":"1 minute"},"schema":{"@context":"https:\/\/schema.org","@graph":[{"@type":"WebPage","@id":"https:\/\/www.gpjbaker.com\/fr\/marques\/kravet\/revetement-mural-casa-botanica\/","url":"https:\/\/www.gpjbaker.com\/fr\/marques\/kravet\/revetement-mural-casa-botanica\/","name":"Rev\u00eatement mural Casa Botanica - G P &amp; J Baker","isPartOf":{"@id":"https:\/\/www.gpjbaker.com\/#website"},"primaryImageOfPage":{"@id":"https:\/\/www.gpjbaker.com\/fr\/marques\/kravet\/revetement-mural-casa-botanica\/#primaryimage"},"image":{"@id":"https:\/\/www.gpjbaker.com\/fr\/marques\/kravet\/revetement-mural-casa-botanica\/#primaryimage"},"thumbnailUrl":"https:\/\/www.gpjbaker.com\/wp-content\/uploads\/2024\/11\/Casa-Botanica-Thumbnail.jpg","datePublished":"2025-03-03T15:19:10+00:00","dateModified":"2025-09-09T17:14:47+00:00","breadcrumb":{"@id":"https:\/\/www.gpjbaker.com\/fr\/marques\/kravet\/revetement-mural-casa-botanica\/#breadcrumb"},"inLanguage":"fr-FR","potentialAction":[{"@type":"ReadAction","target":["https:\/\/www.gpjbaker.com\/fr\/marques\/kravet\/revetement-mural-casa-botanica\/"]}]},{"@type":"ImageObject","inLanguage":"fr-FR","@id":"https:\/\/www.gpjbaker.com\/fr\/marques\/kravet\/revetement-mural-casa-botanica\/#primaryimage","url":"https:\/\/www.gpjbaker.com\/wp-content\/uploads\/2024\/11\/Casa-Botanica-Thumbnail.jpg","contentUrl":"https:\/\/www.gpjbaker.com\/wp-content\/uploads\/2024\/11\/Casa-Botanica-Thumbnail.jpg","width":400,"height":255,"caption":"Fresh and fashionable with a tropical twist, Casa Botanica Wallcoverings by Kravet Couture incorporates fanciful flora and fauna designs sourced from the archives."},{"@type":"BreadcrumbList","@id":"https:\/\/www.gpjbaker.com\/fr\/marques\/kravet\/revetement-mural-casa-botanica\/#breadcrumb","itemListElement":[{"@type":"ListItem","position":1,"name":"Home","item":"https:\/\/www.gpjbaker.com\/fr\/"},{"@type":"ListItem","position":2,"name":"Marques","item":"https:\/\/www.gpjbaker.com\/fr\/marques\/"},{"@type":"ListItem","position":3,"name":"Kravet","item":"https:\/\/www.gpjbaker.com\/fr\/marques\/kravet\/"},{"@type":"ListItem","position":4,"name":"Rev\u00eatement mural Casa Botanica"}]},{"@type":"WebSite","@id":"https:\/\/www.gpjbaker.com\/#website","url":"https:\/\/www.gpjbaker.com\/","name":"G P &amp; J Baker","description":"","potentialAction":[{"@type":"SearchAction","target":{"@type":"EntryPoint","urlTemplate":"https:\/\/www.gpjbaker.com\/?s={search_term_string}"},"query-input":{"@type":"PropertyValueSpecification","valueRequired":true,"valueName":"search_term_string"}}],"inLanguage":"fr-FR"}]}},"_links":{"self":[{"href":"https:\/\/www.gpjbaker.com\/fr\/wp-json\/wp\/v2\/pages\/12516","targetHints":{"allow":["GET"]}}],"collection":[{"href":"https:\/\/www.gpjbaker.com\/fr\/wp-json\/wp\/v2\/pages"}],"about":[{"href":"https:\/\/www.gpjbaker.com\/fr\/wp-json\/wp\/v2\/types\/page"}],"author":[{"embeddable":true,"href":"https:\/\/www.gpjbaker.com\/fr\/wp-json\/wp\/v2\/users\/6"}],"replies":[{"embeddable":true,"href":"https:\/\/www.gpjbaker.com\/fr\/wp-json\/wp\/v2\/comments?post=12516"}],"version-history":[{"count":2,"href":"https:\/\/www.gpjbaker.com\/fr\/wp-json\/wp\/v2\/pages\/12516\/revisions"}],"predecessor-version":[{"id":13076,"href":"https:\/\/www.gpjbaker.com\/fr\/wp-json\/wp\/v2\/pages\/12516\/revisions\/13076"}],"up":[{"embeddable":true,"href":"https:\/\/www.gpjbaker.com\/fr\/wp-json\/wp\/v2\/pages\/5291"}],"wp:featuredmedia":[{"embeddable":true,"href":"https:\/\/www.gpjbaker.com\/fr\/wp-json\/wp\/v2\/media\/12170"}],"wp:attachment":[{"href":"https:\/\/www.gpjbaker.com\/fr\/wp-json\/wp\/v2\/media?parent=12516"}],"curies":[{"name":"wp","href":"https:\/\/api.w.org\/{rel}","templated":true}]}}