{"id":12515,"date":"2025-03-03T10:19:10","date_gmt":"2025-03-03T15:19:10","guid":{"rendered":"https:\/\/www.gpjbaker.com\/marques\/mulberry-home\/croft-weaves\/"},"modified":"2025-09-08T14:44:39","modified_gmt":"2025-09-08T19:44:39","slug":"croft-weaves","status":"publish","type":"page","link":"https:\/\/www.gpjbaker.com\/fr\/marques\/mulberry-home\/croft-weaves\/","title":{"rendered":"Croft Weaves"},"content":{"rendered":"Croft Weaves&#8221; est une collection polyvalente de quatre tissages d\u00e9coratifs \u00e9l\u00e9gants qui s&#8217;harmonisent parfaitement avec tous les tissus et papiers peints de Mulberry Home. Croft&#8221; est un chevron sophistiqu\u00e9, &#8220;Seaton&#8221; est un semi-uni textur\u00e9, &#8220;Felbrigg&#8221; apporte un caract\u00e8re informel avec des touches de couleur ludiques et &#8220;Monroe&#8221; est un uni subtil.\r\n\r\n<script type=\"text\/javascript\"> \r\nvar searchURL = \"sort=DATE&use=Multipurpose,Trim, Upholstery,Wallcovering,Curtains&collection=Mulberry Croft Weaves\"\r\n <\/script>","protected":false},"excerpt":{"rendered":"Croft Weaves&#8221; est une collection polyvalente de quatre tissages d\u00e9coratifs \u00e9l\u00e9gants qui s&#8217;harmonisent parfaitement avec tous les tissus et papiers peints de Mulberry Home. Croft&#8221; est un chevron sophistiqu\u00e9, &#8220;Seaton&#8221; est un semi-uni textur\u00e9, &#8220;Felbrigg&#8221; apporte un caract\u00e8re informel avec des touches de couleur ludiques et &#8220;Monroe&#8221; est un uni subtil.","protected":false},"author":6,"featured_media":12409,"parent":5294,"menu_order":1,"comment_status":"closed","ping_status":"closed","template":"template-collections.php","meta":{"footnotes":""},"class_list":["post-12515","page","type-page","status-publish","has-post-thumbnail","hentry","page_language-fr"],"yoast_head":"<!-- This site is optimized with the Yoast SEO plugin v26.8 - https:\/\/yoast.com\/product\/yoast-seo-wordpress\/ -->\n<title>Croft Weaves - G P &amp; J Baker<\/title>\n<meta name=\"robots\" content=\"index, follow, max-snippet:-1, max-image-preview:large, max-video-preview:-1\" \/>\n<link rel=\"canonical\" href=\"https:\/\/www.gpjbaker.com\/fr\/marques\/mulberry-home\/croft-weaves\/\" \/>\n<meta property=\"og:locale\" content=\"fr_FR\" \/>\n<meta property=\"og:type\" content=\"article\" \/>\n<meta property=\"og:title\" content=\"Croft Weaves - G P &amp; J Baker\" \/>\n<meta property=\"og:description\" content=\"Croft Weaves&#8221; est une collection polyvalente de quatre tissages d\u00e9coratifs \u00e9l\u00e9gants qui s&#8217;harmonisent parfaitement avec tous les tissus et papiers peints de Mulberry Home. Croft&#8221; est un chevron sophistiqu\u00e9, &#8220;Seaton&#8221; est un semi-uni textur\u00e9, &#8220;Felbrigg&#8221; apporte un caract\u00e8re informel avec des touches de couleur ludiques et &#8220;Monroe&#8221; est un uni subtil.\" \/>\n<meta property=\"og:url\" content=\"https:\/\/www.gpjbaker.com\/fr\/marques\/mulberry-home\/croft-weaves\/\" \/>\n<meta property=\"og:site_name\" content=\"G P &amp; J Baker\" \/>\n<meta property=\"article:modified_time\" content=\"2025-09-08T19:44:39+00:00\" \/>\n<meta property=\"og:image\" content=\"https:\/\/www.gpjbaker.com\/wp-content\/uploads\/2025\/02\/Croft-Weaves-Thumb.jpg\" \/>\n\t<meta property=\"og:image:width\" content=\"833\" \/>\n\t<meta property=\"og:image:height\" content=\"531\" \/>\n\t<meta property=\"og:image:type\" content=\"image\/jpeg\" \/>\n<meta name=\"twitter:card\" content=\"summary_large_image\" \/>\n<meta name=\"twitter:label1\" content=\"Est. reading time\" \/>\n\t<meta name=\"twitter:data1\" content=\"1 minute\" \/>\n<script type=\"application\/ld+json\" class=\"yoast-schema-graph\">{\"@context\":\"https:\/\/schema.org\",\"@graph\":[{\"@type\":\"WebPage\",\"@id\":\"https:\/\/www.gpjbaker.com\/fr\/marques\/mulberry-home\/croft-weaves\/\",\"url\":\"https:\/\/www.gpjbaker.com\/fr\/marques\/mulberry-home\/croft-weaves\/\",\"name\":\"Croft Weaves - G P &amp; J Baker\",\"isPartOf\":{\"@id\":\"https:\/\/www.gpjbaker.com\/#website\"},\"primaryImageOfPage\":{\"@id\":\"https:\/\/www.gpjbaker.com\/fr\/marques\/mulberry-home\/croft-weaves\/#primaryimage\"},\"image\":{\"@id\":\"https:\/\/www.gpjbaker.com\/fr\/marques\/mulberry-home\/croft-weaves\/#primaryimage\"},\"thumbnailUrl\":\"https:\/\/www.gpjbaker.com\/wp-content\/uploads\/2025\/02\/Croft-Weaves-Thumb.jpg\",\"datePublished\":\"2025-03-03T15:19:10+00:00\",\"dateModified\":\"2025-09-08T19:44:39+00:00\",\"breadcrumb\":{\"@id\":\"https:\/\/www.gpjbaker.com\/fr\/marques\/mulberry-home\/croft-weaves\/#breadcrumb\"},\"inLanguage\":\"fr-FR\",\"potentialAction\":[{\"@type\":\"ReadAction\",\"target\":[\"https:\/\/www.gpjbaker.com\/fr\/marques\/mulberry-home\/croft-weaves\/\"]}]},{\"@type\":\"ImageObject\",\"inLanguage\":\"fr-FR\",\"@id\":\"https:\/\/www.gpjbaker.com\/fr\/marques\/mulberry-home\/croft-weaves\/#primaryimage\",\"url\":\"https:\/\/www.gpjbaker.com\/wp-content\/uploads\/2025\/02\/Croft-Weaves-Thumb.jpg\",\"contentUrl\":\"https:\/\/www.gpjbaker.com\/wp-content\/uploads\/2025\/02\/Croft-Weaves-Thumb.jpg\",\"width\":833,\"height\":531,\"caption\":\"\u2018Croft Weaves\u2019 is a versatile collection of four smart decorative weaves that perfectly coordinate across all of Mulberry Home\u2019s fabric and wallpaper designs.\"},{\"@type\":\"BreadcrumbList\",\"@id\":\"https:\/\/www.gpjbaker.com\/fr\/marques\/mulberry-home\/croft-weaves\/#breadcrumb\",\"itemListElement\":[{\"@type\":\"ListItem\",\"position\":1,\"name\":\"Home\",\"item\":\"https:\/\/www.gpjbaker.com\/fr\/\"},{\"@type\":\"ListItem\",\"position\":2,\"name\":\"Marques\",\"item\":\"https:\/\/www.gpjbaker.com\/fr\/marques\/\"},{\"@type\":\"ListItem\",\"position\":3,\"name\":\"Mulberry Home\",\"item\":\"https:\/\/www.gpjbaker.com\/fr\/marques\/mulberry-home\/\"},{\"@type\":\"ListItem\",\"position\":4,\"name\":\"Croft Weaves\"}]},{\"@type\":\"WebSite\",\"@id\":\"https:\/\/www.gpjbaker.com\/#website\",\"url\":\"https:\/\/www.gpjbaker.com\/\",\"name\":\"G P &amp; J Baker\",\"description\":\"\",\"potentialAction\":[{\"@type\":\"SearchAction\",\"target\":{\"@type\":\"EntryPoint\",\"urlTemplate\":\"https:\/\/www.gpjbaker.com\/?s={search_term_string}\"},\"query-input\":{\"@type\":\"PropertyValueSpecification\",\"valueRequired\":true,\"valueName\":\"search_term_string\"}}],\"inLanguage\":\"fr-FR\"}]}<\/script>\n<!-- \/ Yoast SEO plugin. -->","yoast_head_json":{"title":"Croft Weaves - G P &amp; J Baker","robots":{"index":"index","follow":"follow","max-snippet":"max-snippet:-1","max-image-preview":"max-image-preview:large","max-video-preview":"max-video-preview:-1"},"canonical":"https:\/\/www.gpjbaker.com\/fr\/marques\/mulberry-home\/croft-weaves\/","og_locale":"fr_FR","og_type":"article","og_title":"Croft Weaves - G P &amp; J Baker","og_description":"Croft Weaves&#8221; est une collection polyvalente de quatre tissages d\u00e9coratifs \u00e9l\u00e9gants qui s&#8217;harmonisent parfaitement avec tous les tissus et papiers peints de Mulberry Home. Croft&#8221; est un chevron sophistiqu\u00e9, &#8220;Seaton&#8221; est un semi-uni textur\u00e9, &#8220;Felbrigg&#8221; apporte un caract\u00e8re informel avec des touches de couleur ludiques et &#8220;Monroe&#8221; est un uni subtil.","og_url":"https:\/\/www.gpjbaker.com\/fr\/marques\/mulberry-home\/croft-weaves\/","og_site_name":"G P &amp; J Baker","article_modified_time":"2025-09-08T19:44:39+00:00","og_image":[{"width":833,"height":531,"url":"https:\/\/www.gpjbaker.com\/wp-content\/uploads\/2025\/02\/Croft-Weaves-Thumb.jpg","type":"image\/jpeg"}],"twitter_card":"summary_large_image","twitter_misc":{"Est. reading time":"1 minute"},"schema":{"@context":"https:\/\/schema.org","@graph":[{"@type":"WebPage","@id":"https:\/\/www.gpjbaker.com\/fr\/marques\/mulberry-home\/croft-weaves\/","url":"https:\/\/www.gpjbaker.com\/fr\/marques\/mulberry-home\/croft-weaves\/","name":"Croft Weaves - G P &amp; J Baker","isPartOf":{"@id":"https:\/\/www.gpjbaker.com\/#website"},"primaryImageOfPage":{"@id":"https:\/\/www.gpjbaker.com\/fr\/marques\/mulberry-home\/croft-weaves\/#primaryimage"},"image":{"@id":"https:\/\/www.gpjbaker.com\/fr\/marques\/mulberry-home\/croft-weaves\/#primaryimage"},"thumbnailUrl":"https:\/\/www.gpjbaker.com\/wp-content\/uploads\/2025\/02\/Croft-Weaves-Thumb.jpg","datePublished":"2025-03-03T15:19:10+00:00","dateModified":"2025-09-08T19:44:39+00:00","breadcrumb":{"@id":"https:\/\/www.gpjbaker.com\/fr\/marques\/mulberry-home\/croft-weaves\/#breadcrumb"},"inLanguage":"fr-FR","potentialAction":[{"@type":"ReadAction","target":["https:\/\/www.gpjbaker.com\/fr\/marques\/mulberry-home\/croft-weaves\/"]}]},{"@type":"ImageObject","inLanguage":"fr-FR","@id":"https:\/\/www.gpjbaker.com\/fr\/marques\/mulberry-home\/croft-weaves\/#primaryimage","url":"https:\/\/www.gpjbaker.com\/wp-content\/uploads\/2025\/02\/Croft-Weaves-Thumb.jpg","contentUrl":"https:\/\/www.gpjbaker.com\/wp-content\/uploads\/2025\/02\/Croft-Weaves-Thumb.jpg","width":833,"height":531,"caption":"\u2018Croft Weaves\u2019 is a versatile collection of four smart decorative weaves that perfectly coordinate across all of Mulberry Home\u2019s fabric and wallpaper designs."},{"@type":"BreadcrumbList","@id":"https:\/\/www.gpjbaker.com\/fr\/marques\/mulberry-home\/croft-weaves\/#breadcrumb","itemListElement":[{"@type":"ListItem","position":1,"name":"Home","item":"https:\/\/www.gpjbaker.com\/fr\/"},{"@type":"ListItem","position":2,"name":"Marques","item":"https:\/\/www.gpjbaker.com\/fr\/marques\/"},{"@type":"ListItem","position":3,"name":"Mulberry Home","item":"https:\/\/www.gpjbaker.com\/fr\/marques\/mulberry-home\/"},{"@type":"ListItem","position":4,"name":"Croft Weaves"}]},{"@type":"WebSite","@id":"https:\/\/www.gpjbaker.com\/#website","url":"https:\/\/www.gpjbaker.com\/","name":"G P &amp; J Baker","description":"","potentialAction":[{"@type":"SearchAction","target":{"@type":"EntryPoint","urlTemplate":"https:\/\/www.gpjbaker.com\/?s={search_term_string}"},"query-input":{"@type":"PropertyValueSpecification","valueRequired":true,"valueName":"search_term_string"}}],"inLanguage":"fr-FR"}]}},"_links":{"self":[{"href":"https:\/\/www.gpjbaker.com\/fr\/wp-json\/wp\/v2\/pages\/12515","targetHints":{"allow":["GET"]}}],"collection":[{"href":"https:\/\/www.gpjbaker.com\/fr\/wp-json\/wp\/v2\/pages"}],"about":[{"href":"https:\/\/www.gpjbaker.com\/fr\/wp-json\/wp\/v2\/types\/page"}],"author":[{"embeddable":true,"href":"https:\/\/www.gpjbaker.com\/fr\/wp-json\/wp\/v2\/users\/6"}],"replies":[{"embeddable":true,"href":"https:\/\/www.gpjbaker.com\/fr\/wp-json\/wp\/v2\/comments?post=12515"}],"version-history":[{"count":1,"href":"https:\/\/www.gpjbaker.com\/fr\/wp-json\/wp\/v2\/pages\/12515\/revisions"}],"predecessor-version":[{"id":12802,"href":"https:\/\/www.gpjbaker.com\/fr\/wp-json\/wp\/v2\/pages\/12515\/revisions\/12802"}],"up":[{"embeddable":true,"href":"https:\/\/www.gpjbaker.com\/fr\/wp-json\/wp\/v2\/pages\/5294"}],"wp:featuredmedia":[{"embeddable":true,"href":"https:\/\/www.gpjbaker.com\/fr\/wp-json\/wp\/v2\/media\/12409"}],"wp:attachment":[{"href":"https:\/\/www.gpjbaker.com\/fr\/wp-json\/wp\/v2\/media?parent=12515"}],"curies":[{"name":"wp","href":"https:\/\/api.w.org\/{rel}","templated":true}]}}