{"id":12512,"date":"2025-03-03T10:19:09","date_gmt":"2025-03-03T15:19:09","guid":{"rendered":"https:\/\/www.gpjbaker.com\/marques\/mulberry-home\/promenade-en-campagne\/"},"modified":"2025-09-08T14:44:44","modified_gmt":"2025-09-08T19:44:44","slug":"promenade-en-campagne","status":"publish","type":"page","link":"https:\/\/www.gpjbaker.com\/fr\/marques\/mulberry-home\/promenade-en-campagne\/","title":{"rendered":"Promenade en campagne"},"content":{"rendered":"<p>Entrez dans la campagne anglaise enchanteresse avec la collection de tissus &#8220;Country Walk&#8221; de Mulberry Home. Cette superbe collection capture l&#8217;esprit de la vie rurale, c\u00e9l\u00e9brant la beaut\u00e9 intemporelle de la nature avec une riche tapisserie de motifs qui allient savoir-faire artisanal et fantaisie charmante. <\/p>\r\n\r\n<p><a style=\"text-decoration: underline;\" href=\"https:\/\/cloud.3dissue.com\/209583\/209767\/246228\/COUNTRY-WALK-FABRIC\/\" target=\"_blank\" rel=\"noopener\">Voir le livre de patrons virtuel<\/a><\/p>\r\n\r\n<p><a style=\"text-decoration: underline;\" href=\"https:\/\/www.gpjbaker.com\/fr\/marques\/mulberry-home\/tapisserie-de-promenade-a-la-campagne\/\" rel=\"noopener\">Voir le papier peint assorti<\/a><\/p>\r\n\r\n\r\n\r\n<script type=\"text\/javascript\"> \r\nvar searchURL = \"sort=DATE&use=Multipurpose,Trim, Upholstery,Wallcovering,Curtains&collection=Mulberry Country Walk\"\r\n <\/script>","protected":false},"excerpt":{"rendered":"Entrez dans la campagne anglaise enchanteresse avec la collection de tissus &#8220;Country Walk&#8221; de Mulberry Home. Cette superbe collection capture l&#8217;esprit de la vie rurale, c\u00e9l\u00e9brant la beaut\u00e9 intemporelle de la nature avec une riche tapisserie de motifs qui allient savoir-faire artisanal et fantaisie charmante. Voir le livre de patrons virtuel Voir le papier peint&#8230; <a class=\"view-article\" href=\"https:\/\/www.gpjbaker.com\/fr\/marques\/mulberry-home\/promenade-en-campagne\/\">Voir l&#8217;article<\/a>","protected":false},"author":6,"featured_media":12425,"parent":5294,"menu_order":1,"comment_status":"closed","ping_status":"closed","template":"template-collections.php","meta":{"footnotes":""},"class_list":["post-12512","page","type-page","status-publish","has-post-thumbnail","hentry","page_language-fr"],"yoast_head":"<!-- This site is optimized with the Yoast SEO plugin v26.8 - https:\/\/yoast.com\/product\/yoast-seo-wordpress\/ -->\n<title>Promenade en campagne - G P &amp; J Baker<\/title>\n<meta name=\"robots\" content=\"index, follow, max-snippet:-1, max-image-preview:large, max-video-preview:-1\" \/>\n<link rel=\"canonical\" href=\"https:\/\/www.gpjbaker.com\/fr\/marques\/mulberry-home\/promenade-en-campagne\/\" \/>\n<meta property=\"og:locale\" content=\"fr_FR\" \/>\n<meta property=\"og:type\" content=\"article\" \/>\n<meta property=\"og:title\" content=\"Promenade en campagne - G P &amp; J Baker\" \/>\n<meta property=\"og:description\" content=\"Entrez dans la campagne anglaise enchanteresse avec la collection de tissus &#8220;Country Walk&#8221; de Mulberry Home. Cette superbe collection capture l&#8217;esprit de la vie rurale, c\u00e9l\u00e9brant la beaut\u00e9 intemporelle de la nature avec une riche tapisserie de motifs qui allient savoir-faire artisanal et fantaisie charmante. Voir le livre de patrons virtuel Voir le papier peint... Voir l&#039;article\" \/>\n<meta property=\"og:url\" content=\"https:\/\/www.gpjbaker.com\/fr\/marques\/mulberry-home\/promenade-en-campagne\/\" \/>\n<meta property=\"og:site_name\" content=\"G P &amp; J Baker\" \/>\n<meta property=\"article:modified_time\" content=\"2025-09-08T19:44:44+00:00\" \/>\n<meta property=\"og:image\" content=\"https:\/\/www.gpjbaker.com\/wp-content\/uploads\/2025\/02\/MH-Country-Walk-Thumb.jpg\" \/>\n\t<meta property=\"og:image:width\" content=\"833\" \/>\n\t<meta property=\"og:image:height\" content=\"531\" \/>\n\t<meta property=\"og:image:type\" content=\"image\/jpeg\" \/>\n<meta name=\"twitter:card\" content=\"summary_large_image\" \/>\n<meta name=\"twitter:label1\" content=\"Est. reading time\" \/>\n\t<meta name=\"twitter:data1\" content=\"1 minute\" \/>\n<script type=\"application\/ld+json\" class=\"yoast-schema-graph\">{\"@context\":\"https:\/\/schema.org\",\"@graph\":[{\"@type\":\"WebPage\",\"@id\":\"https:\/\/www.gpjbaker.com\/fr\/marques\/mulberry-home\/promenade-en-campagne\/\",\"url\":\"https:\/\/www.gpjbaker.com\/fr\/marques\/mulberry-home\/promenade-en-campagne\/\",\"name\":\"Promenade en campagne - G P &amp; J Baker\",\"isPartOf\":{\"@id\":\"https:\/\/www.gpjbaker.com\/#website\"},\"primaryImageOfPage\":{\"@id\":\"https:\/\/www.gpjbaker.com\/fr\/marques\/mulberry-home\/promenade-en-campagne\/#primaryimage\"},\"image\":{\"@id\":\"https:\/\/www.gpjbaker.com\/fr\/marques\/mulberry-home\/promenade-en-campagne\/#primaryimage\"},\"thumbnailUrl\":\"https:\/\/www.gpjbaker.com\/wp-content\/uploads\/2025\/02\/MH-Country-Walk-Thumb.jpg\",\"datePublished\":\"2025-03-03T15:19:09+00:00\",\"dateModified\":\"2025-09-08T19:44:44+00:00\",\"breadcrumb\":{\"@id\":\"https:\/\/www.gpjbaker.com\/fr\/marques\/mulberry-home\/promenade-en-campagne\/#breadcrumb\"},\"inLanguage\":\"fr-FR\",\"potentialAction\":[{\"@type\":\"ReadAction\",\"target\":[\"https:\/\/www.gpjbaker.com\/fr\/marques\/mulberry-home\/promenade-en-campagne\/\"]}]},{\"@type\":\"ImageObject\",\"inLanguage\":\"fr-FR\",\"@id\":\"https:\/\/www.gpjbaker.com\/fr\/marques\/mulberry-home\/promenade-en-campagne\/#primaryimage\",\"url\":\"https:\/\/www.gpjbaker.com\/wp-content\/uploads\/2025\/02\/MH-Country-Walk-Thumb.jpg\",\"contentUrl\":\"https:\/\/www.gpjbaker.com\/wp-content\/uploads\/2025\/02\/MH-Country-Walk-Thumb.jpg\",\"width\":833,\"height\":531,\"caption\":\"Step into the enchanting English countryside with the \u2018Country Walk\u2019 collection, a rich tapestry of fabric designs that blend heritage craftsmanship and charming whimsy.\"},{\"@type\":\"BreadcrumbList\",\"@id\":\"https:\/\/www.gpjbaker.com\/fr\/marques\/mulberry-home\/promenade-en-campagne\/#breadcrumb\",\"itemListElement\":[{\"@type\":\"ListItem\",\"position\":1,\"name\":\"Home\",\"item\":\"https:\/\/www.gpjbaker.com\/fr\/\"},{\"@type\":\"ListItem\",\"position\":2,\"name\":\"Marques\",\"item\":\"https:\/\/www.gpjbaker.com\/fr\/marques\/\"},{\"@type\":\"ListItem\",\"position\":3,\"name\":\"Mulberry Home\",\"item\":\"https:\/\/www.gpjbaker.com\/fr\/marques\/mulberry-home\/\"},{\"@type\":\"ListItem\",\"position\":4,\"name\":\"Promenade en campagne\"}]},{\"@type\":\"WebSite\",\"@id\":\"https:\/\/www.gpjbaker.com\/#website\",\"url\":\"https:\/\/www.gpjbaker.com\/\",\"name\":\"G P &amp; J Baker\",\"description\":\"\",\"potentialAction\":[{\"@type\":\"SearchAction\",\"target\":{\"@type\":\"EntryPoint\",\"urlTemplate\":\"https:\/\/www.gpjbaker.com\/?s={search_term_string}\"},\"query-input\":{\"@type\":\"PropertyValueSpecification\",\"valueRequired\":true,\"valueName\":\"search_term_string\"}}],\"inLanguage\":\"fr-FR\"}]}<\/script>\n<!-- \/ Yoast SEO plugin. -->","yoast_head_json":{"title":"Promenade en campagne - G P &amp; J Baker","robots":{"index":"index","follow":"follow","max-snippet":"max-snippet:-1","max-image-preview":"max-image-preview:large","max-video-preview":"max-video-preview:-1"},"canonical":"https:\/\/www.gpjbaker.com\/fr\/marques\/mulberry-home\/promenade-en-campagne\/","og_locale":"fr_FR","og_type":"article","og_title":"Promenade en campagne - G P &amp; J Baker","og_description":"Entrez dans la campagne anglaise enchanteresse avec la collection de tissus &#8220;Country Walk&#8221; de Mulberry Home. Cette superbe collection capture l&#8217;esprit de la vie rurale, c\u00e9l\u00e9brant la beaut\u00e9 intemporelle de la nature avec une riche tapisserie de motifs qui allient savoir-faire artisanal et fantaisie charmante. Voir le livre de patrons virtuel Voir le papier peint... Voir l'article","og_url":"https:\/\/www.gpjbaker.com\/fr\/marques\/mulberry-home\/promenade-en-campagne\/","og_site_name":"G P &amp; J Baker","article_modified_time":"2025-09-08T19:44:44+00:00","og_image":[{"width":833,"height":531,"url":"https:\/\/www.gpjbaker.com\/wp-content\/uploads\/2025\/02\/MH-Country-Walk-Thumb.jpg","type":"image\/jpeg"}],"twitter_card":"summary_large_image","twitter_misc":{"Est. reading time":"1 minute"},"schema":{"@context":"https:\/\/schema.org","@graph":[{"@type":"WebPage","@id":"https:\/\/www.gpjbaker.com\/fr\/marques\/mulberry-home\/promenade-en-campagne\/","url":"https:\/\/www.gpjbaker.com\/fr\/marques\/mulberry-home\/promenade-en-campagne\/","name":"Promenade en campagne - G P &amp; J Baker","isPartOf":{"@id":"https:\/\/www.gpjbaker.com\/#website"},"primaryImageOfPage":{"@id":"https:\/\/www.gpjbaker.com\/fr\/marques\/mulberry-home\/promenade-en-campagne\/#primaryimage"},"image":{"@id":"https:\/\/www.gpjbaker.com\/fr\/marques\/mulberry-home\/promenade-en-campagne\/#primaryimage"},"thumbnailUrl":"https:\/\/www.gpjbaker.com\/wp-content\/uploads\/2025\/02\/MH-Country-Walk-Thumb.jpg","datePublished":"2025-03-03T15:19:09+00:00","dateModified":"2025-09-08T19:44:44+00:00","breadcrumb":{"@id":"https:\/\/www.gpjbaker.com\/fr\/marques\/mulberry-home\/promenade-en-campagne\/#breadcrumb"},"inLanguage":"fr-FR","potentialAction":[{"@type":"ReadAction","target":["https:\/\/www.gpjbaker.com\/fr\/marques\/mulberry-home\/promenade-en-campagne\/"]}]},{"@type":"ImageObject","inLanguage":"fr-FR","@id":"https:\/\/www.gpjbaker.com\/fr\/marques\/mulberry-home\/promenade-en-campagne\/#primaryimage","url":"https:\/\/www.gpjbaker.com\/wp-content\/uploads\/2025\/02\/MH-Country-Walk-Thumb.jpg","contentUrl":"https:\/\/www.gpjbaker.com\/wp-content\/uploads\/2025\/02\/MH-Country-Walk-Thumb.jpg","width":833,"height":531,"caption":"Step into the enchanting English countryside with the \u2018Country Walk\u2019 collection, a rich tapestry of fabric designs that blend heritage craftsmanship and charming whimsy."},{"@type":"BreadcrumbList","@id":"https:\/\/www.gpjbaker.com\/fr\/marques\/mulberry-home\/promenade-en-campagne\/#breadcrumb","itemListElement":[{"@type":"ListItem","position":1,"name":"Home","item":"https:\/\/www.gpjbaker.com\/fr\/"},{"@type":"ListItem","position":2,"name":"Marques","item":"https:\/\/www.gpjbaker.com\/fr\/marques\/"},{"@type":"ListItem","position":3,"name":"Mulberry Home","item":"https:\/\/www.gpjbaker.com\/fr\/marques\/mulberry-home\/"},{"@type":"ListItem","position":4,"name":"Promenade en campagne"}]},{"@type":"WebSite","@id":"https:\/\/www.gpjbaker.com\/#website","url":"https:\/\/www.gpjbaker.com\/","name":"G P &amp; J Baker","description":"","potentialAction":[{"@type":"SearchAction","target":{"@type":"EntryPoint","urlTemplate":"https:\/\/www.gpjbaker.com\/?s={search_term_string}"},"query-input":{"@type":"PropertyValueSpecification","valueRequired":true,"valueName":"search_term_string"}}],"inLanguage":"fr-FR"}]}},"_links":{"self":[{"href":"https:\/\/www.gpjbaker.com\/fr\/wp-json\/wp\/v2\/pages\/12512","targetHints":{"allow":["GET"]}}],"collection":[{"href":"https:\/\/www.gpjbaker.com\/fr\/wp-json\/wp\/v2\/pages"}],"about":[{"href":"https:\/\/www.gpjbaker.com\/fr\/wp-json\/wp\/v2\/types\/page"}],"author":[{"embeddable":true,"href":"https:\/\/www.gpjbaker.com\/fr\/wp-json\/wp\/v2\/users\/6"}],"replies":[{"embeddable":true,"href":"https:\/\/www.gpjbaker.com\/fr\/wp-json\/wp\/v2\/comments?post=12512"}],"version-history":[{"count":4,"href":"https:\/\/www.gpjbaker.com\/fr\/wp-json\/wp\/v2\/pages\/12512\/revisions"}],"predecessor-version":[{"id":13010,"href":"https:\/\/www.gpjbaker.com\/fr\/wp-json\/wp\/v2\/pages\/12512\/revisions\/13010"}],"up":[{"embeddable":true,"href":"https:\/\/www.gpjbaker.com\/fr\/wp-json\/wp\/v2\/pages\/5294"}],"wp:featuredmedia":[{"embeddable":true,"href":"https:\/\/www.gpjbaker.com\/fr\/wp-json\/wp\/v2\/media\/12425"}],"wp:attachment":[{"href":"https:\/\/www.gpjbaker.com\/fr\/wp-json\/wp\/v2\/media?parent=12512"}],"curies":[{"name":"wp","href":"https:\/\/api.w.org\/{rel}","templated":true}]}}