{"id":12144,"date":"2024-11-20T13:26:16","date_gmt":"2024-11-20T18:26:16","guid":{"rendered":"https:\/\/www.gpjbaker.com\/marques\/lee-jofa\/lee-jofa-200\/"},"modified":"2026-02-27T20:05:54","modified_gmt":"2026-02-28T01:05:54","slug":"lee-jofa-200","status":"publish","type":"page","link":"https:\/\/www.gpjbaker.com\/fr\/marques\/lee-jofa\/lee-jofa-200\/","title":{"rendered":"Lee Jofa 200"},"content":{"rendered":"<div class=\"wpb-content-wrapper\">[vc_row][vc_column][vc_column_text]La collection Lee Jofa 200 c\u00e9l\u00e8bre deux cents ans de design intemporel avec une collection embl\u00e9matique de motifs d&#8217;archives dans de nouvelles couleurs. Cette s\u00e9lection dynamique met en valeur les nombreuses g\u00e9n\u00e9rations de la marque en mati\u00e8re de design, du palampore traditionnel du XVIIIe si\u00e8cle \u00e0 la chinoiserie des ann\u00e9es 1960.[\/vc_column_text][\/vc_column][\/vc_row]<\/div>","protected":false},"excerpt":{"rendered":"[vc_row][vc_column][vc_column_text]La collection Lee Jofa 200 c\u00e9l\u00e8bre deux cents ans de design intemporel avec une collection embl\u00e9matique de motifs d&#8217;archives dans de nouvelles couleurs. Cette s\u00e9lection dynamique met en valeur les nombreuses g\u00e9n\u00e9rations de la marque en mati\u00e8re de design, du palampore traditionnel du XVIIIe si\u00e8cle \u00e0 la chinoiserie des ann\u00e9es 1960.[\/vc_column_text][\/vc_column][\/vc_row]","protected":false},"author":6,"featured_media":10888,"parent":5287,"menu_order":3,"comment_status":"closed","ping_status":"closed","template":"template-collections.php","meta":{"footnotes":""},"class_list":["post-12144","page","type-page","status-publish","has-post-thumbnail","hentry","page_language-fr"],"yoast_head":"<!-- This site is optimized with the Yoast SEO plugin v26.8 - https:\/\/yoast.com\/product\/yoast-seo-wordpress\/ -->\n<title>Lee Jofa 200 - G P &amp; J Baker<\/title>\n<meta name=\"robots\" content=\"index, follow, max-snippet:-1, max-image-preview:large, max-video-preview:-1\" \/>\n<link rel=\"canonical\" href=\"https:\/\/www.gpjbaker.com\/fr\/marques\/lee-jofa\/lee-jofa-200\/\" \/>\n<meta property=\"og:locale\" content=\"fr_FR\" \/>\n<meta property=\"og:type\" content=\"article\" \/>\n<meta property=\"og:title\" content=\"Lee Jofa 200 - G P &amp; J Baker\" \/>\n<meta property=\"og:description\" content=\"[vc_row][vc_column][vc_column_text]La collection Lee Jofa 200 c\u00e9l\u00e8bre deux cents ans de design intemporel avec une collection embl\u00e9matique de motifs d&#8217;archives dans de nouvelles couleurs. Cette s\u00e9lection dynamique met en valeur les nombreuses g\u00e9n\u00e9rations de la marque en mati\u00e8re de design, du palampore traditionnel du XVIIIe si\u00e8cle \u00e0 la chinoiserie des ann\u00e9es 1960.[\/vc_column_text][\/vc_column][\/vc_row]\" \/>\n<meta property=\"og:url\" content=\"https:\/\/www.gpjbaker.com\/fr\/marques\/lee-jofa\/lee-jofa-200\/\" \/>\n<meta property=\"og:site_name\" content=\"G P &amp; J Baker\" \/>\n<meta property=\"article:modified_time\" content=\"2026-02-28T01:05:54+00:00\" \/>\n<meta property=\"og:image\" content=\"https:\/\/www.gpjbaker.com\/wp-content\/uploads\/2023\/09\/LJ-200-THUMBNAIL-ON-BRAND-PAGE-400-x-255-px.jpg\" \/>\n\t<meta property=\"og:image:width\" content=\"400\" \/>\n\t<meta property=\"og:image:height\" content=\"255\" \/>\n\t<meta property=\"og:image:type\" content=\"image\/jpeg\" \/>\n<meta name=\"twitter:card\" content=\"summary_large_image\" \/>\n<meta name=\"twitter:label1\" content=\"Est. reading time\" \/>\n\t<meta name=\"twitter:data1\" content=\"1 minute\" \/>\n<script type=\"application\/ld+json\" class=\"yoast-schema-graph\">{\"@context\":\"https:\/\/schema.org\",\"@graph\":[{\"@type\":\"WebPage\",\"@id\":\"https:\/\/www.gpjbaker.com\/fr\/marques\/lee-jofa\/lee-jofa-200\/\",\"url\":\"https:\/\/www.gpjbaker.com\/fr\/marques\/lee-jofa\/lee-jofa-200\/\",\"name\":\"Lee Jofa 200 - G P &amp; J Baker\",\"isPartOf\":{\"@id\":\"https:\/\/www.gpjbaker.com\/#website\"},\"primaryImageOfPage\":{\"@id\":\"https:\/\/www.gpjbaker.com\/fr\/marques\/lee-jofa\/lee-jofa-200\/#primaryimage\"},\"image\":{\"@id\":\"https:\/\/www.gpjbaker.com\/fr\/marques\/lee-jofa\/lee-jofa-200\/#primaryimage\"},\"thumbnailUrl\":\"https:\/\/www.gpjbaker.com\/wp-content\/uploads\/2023\/09\/LJ-200-THUMBNAIL-ON-BRAND-PAGE-400-x-255-px.jpg\",\"datePublished\":\"2024-11-20T18:26:16+00:00\",\"dateModified\":\"2026-02-28T01:05:54+00:00\",\"breadcrumb\":{\"@id\":\"https:\/\/www.gpjbaker.com\/fr\/marques\/lee-jofa\/lee-jofa-200\/#breadcrumb\"},\"inLanguage\":\"fr-FR\",\"potentialAction\":[{\"@type\":\"ReadAction\",\"target\":[\"https:\/\/www.gpjbaker.com\/fr\/marques\/lee-jofa\/lee-jofa-200\/\"]}]},{\"@type\":\"ImageObject\",\"inLanguage\":\"fr-FR\",\"@id\":\"https:\/\/www.gpjbaker.com\/fr\/marques\/lee-jofa\/lee-jofa-200\/#primaryimage\",\"url\":\"https:\/\/www.gpjbaker.com\/wp-content\/uploads\/2023\/09\/LJ-200-THUMBNAIL-ON-BRAND-PAGE-400-x-255-px.jpg\",\"contentUrl\":\"https:\/\/www.gpjbaker.com\/wp-content\/uploads\/2023\/09\/LJ-200-THUMBNAIL-ON-BRAND-PAGE-400-x-255-px.jpg\",\"width\":400,\"height\":255,\"caption\":\"The Lee Jofa 200 Collection celebrates two hundred years of timeless design with a signature collection of archival patterns in fresh re-colourations.\"},{\"@type\":\"BreadcrumbList\",\"@id\":\"https:\/\/www.gpjbaker.com\/fr\/marques\/lee-jofa\/lee-jofa-200\/#breadcrumb\",\"itemListElement\":[{\"@type\":\"ListItem\",\"position\":1,\"name\":\"Home\",\"item\":\"https:\/\/www.gpjbaker.com\/fr\/\"},{\"@type\":\"ListItem\",\"position\":2,\"name\":\"Marques\",\"item\":\"https:\/\/www.gpjbaker.com\/fr\/marques\/\"},{\"@type\":\"ListItem\",\"position\":3,\"name\":\"Lee Jofa\",\"item\":\"https:\/\/www.gpjbaker.com\/fr\/marques\/lee-jofa\/\"},{\"@type\":\"ListItem\",\"position\":4,\"name\":\"Lee Jofa 200\"}]},{\"@type\":\"WebSite\",\"@id\":\"https:\/\/www.gpjbaker.com\/#website\",\"url\":\"https:\/\/www.gpjbaker.com\/\",\"name\":\"G P &amp; J Baker\",\"description\":\"\",\"potentialAction\":[{\"@type\":\"SearchAction\",\"target\":{\"@type\":\"EntryPoint\",\"urlTemplate\":\"https:\/\/www.gpjbaker.com\/?s={search_term_string}\"},\"query-input\":{\"@type\":\"PropertyValueSpecification\",\"valueRequired\":true,\"valueName\":\"search_term_string\"}}],\"inLanguage\":\"fr-FR\"}]}<\/script>\n<!-- \/ Yoast SEO plugin. -->","yoast_head_json":{"title":"Lee Jofa 200 - G P &amp; J Baker","robots":{"index":"index","follow":"follow","max-snippet":"max-snippet:-1","max-image-preview":"max-image-preview:large","max-video-preview":"max-video-preview:-1"},"canonical":"https:\/\/www.gpjbaker.com\/fr\/marques\/lee-jofa\/lee-jofa-200\/","og_locale":"fr_FR","og_type":"article","og_title":"Lee Jofa 200 - G P &amp; J Baker","og_description":"[vc_row][vc_column][vc_column_text]La collection Lee Jofa 200 c\u00e9l\u00e8bre deux cents ans de design intemporel avec une collection embl\u00e9matique de motifs d&#8217;archives dans de nouvelles couleurs. Cette s\u00e9lection dynamique met en valeur les nombreuses g\u00e9n\u00e9rations de la marque en mati\u00e8re de design, du palampore traditionnel du XVIIIe si\u00e8cle \u00e0 la chinoiserie des ann\u00e9es 1960.[\/vc_column_text][\/vc_column][\/vc_row]","og_url":"https:\/\/www.gpjbaker.com\/fr\/marques\/lee-jofa\/lee-jofa-200\/","og_site_name":"G P &amp; J Baker","article_modified_time":"2026-02-28T01:05:54+00:00","og_image":[{"width":400,"height":255,"url":"https:\/\/www.gpjbaker.com\/wp-content\/uploads\/2023\/09\/LJ-200-THUMBNAIL-ON-BRAND-PAGE-400-x-255-px.jpg","type":"image\/jpeg"}],"twitter_card":"summary_large_image","twitter_misc":{"Est. reading time":"1 minute"},"schema":{"@context":"https:\/\/schema.org","@graph":[{"@type":"WebPage","@id":"https:\/\/www.gpjbaker.com\/fr\/marques\/lee-jofa\/lee-jofa-200\/","url":"https:\/\/www.gpjbaker.com\/fr\/marques\/lee-jofa\/lee-jofa-200\/","name":"Lee Jofa 200 - G P &amp; J Baker","isPartOf":{"@id":"https:\/\/www.gpjbaker.com\/#website"},"primaryImageOfPage":{"@id":"https:\/\/www.gpjbaker.com\/fr\/marques\/lee-jofa\/lee-jofa-200\/#primaryimage"},"image":{"@id":"https:\/\/www.gpjbaker.com\/fr\/marques\/lee-jofa\/lee-jofa-200\/#primaryimage"},"thumbnailUrl":"https:\/\/www.gpjbaker.com\/wp-content\/uploads\/2023\/09\/LJ-200-THUMBNAIL-ON-BRAND-PAGE-400-x-255-px.jpg","datePublished":"2024-11-20T18:26:16+00:00","dateModified":"2026-02-28T01:05:54+00:00","breadcrumb":{"@id":"https:\/\/www.gpjbaker.com\/fr\/marques\/lee-jofa\/lee-jofa-200\/#breadcrumb"},"inLanguage":"fr-FR","potentialAction":[{"@type":"ReadAction","target":["https:\/\/www.gpjbaker.com\/fr\/marques\/lee-jofa\/lee-jofa-200\/"]}]},{"@type":"ImageObject","inLanguage":"fr-FR","@id":"https:\/\/www.gpjbaker.com\/fr\/marques\/lee-jofa\/lee-jofa-200\/#primaryimage","url":"https:\/\/www.gpjbaker.com\/wp-content\/uploads\/2023\/09\/LJ-200-THUMBNAIL-ON-BRAND-PAGE-400-x-255-px.jpg","contentUrl":"https:\/\/www.gpjbaker.com\/wp-content\/uploads\/2023\/09\/LJ-200-THUMBNAIL-ON-BRAND-PAGE-400-x-255-px.jpg","width":400,"height":255,"caption":"The Lee Jofa 200 Collection celebrates two hundred years of timeless design with a signature collection of archival patterns in fresh re-colourations."},{"@type":"BreadcrumbList","@id":"https:\/\/www.gpjbaker.com\/fr\/marques\/lee-jofa\/lee-jofa-200\/#breadcrumb","itemListElement":[{"@type":"ListItem","position":1,"name":"Home","item":"https:\/\/www.gpjbaker.com\/fr\/"},{"@type":"ListItem","position":2,"name":"Marques","item":"https:\/\/www.gpjbaker.com\/fr\/marques\/"},{"@type":"ListItem","position":3,"name":"Lee Jofa","item":"https:\/\/www.gpjbaker.com\/fr\/marques\/lee-jofa\/"},{"@type":"ListItem","position":4,"name":"Lee Jofa 200"}]},{"@type":"WebSite","@id":"https:\/\/www.gpjbaker.com\/#website","url":"https:\/\/www.gpjbaker.com\/","name":"G P &amp; J Baker","description":"","potentialAction":[{"@type":"SearchAction","target":{"@type":"EntryPoint","urlTemplate":"https:\/\/www.gpjbaker.com\/?s={search_term_string}"},"query-input":{"@type":"PropertyValueSpecification","valueRequired":true,"valueName":"search_term_string"}}],"inLanguage":"fr-FR"}]}},"_links":{"self":[{"href":"https:\/\/www.gpjbaker.com\/fr\/wp-json\/wp\/v2\/pages\/12144","targetHints":{"allow":["GET"]}}],"collection":[{"href":"https:\/\/www.gpjbaker.com\/fr\/wp-json\/wp\/v2\/pages"}],"about":[{"href":"https:\/\/www.gpjbaker.com\/fr\/wp-json\/wp\/v2\/types\/page"}],"author":[{"embeddable":true,"href":"https:\/\/www.gpjbaker.com\/fr\/wp-json\/wp\/v2\/users\/6"}],"replies":[{"embeddable":true,"href":"https:\/\/www.gpjbaker.com\/fr\/wp-json\/wp\/v2\/comments?post=12144"}],"version-history":[{"count":2,"href":"https:\/\/www.gpjbaker.com\/fr\/wp-json\/wp\/v2\/pages\/12144\/revisions"}],"predecessor-version":[{"id":12146,"href":"https:\/\/www.gpjbaker.com\/fr\/wp-json\/wp\/v2\/pages\/12144\/revisions\/12146"}],"up":[{"embeddable":true,"href":"https:\/\/www.gpjbaker.com\/fr\/wp-json\/wp\/v2\/pages\/5287"}],"wp:featuredmedia":[{"embeddable":true,"href":"https:\/\/www.gpjbaker.com\/fr\/wp-json\/wp\/v2\/media\/10888"}],"wp:attachment":[{"href":"https:\/\/www.gpjbaker.com\/fr\/wp-json\/wp\/v2\/media?parent=12144"}],"curies":[{"name":"wp","href":"https:\/\/api.w.org\/{rel}","templated":true}]}}