{"id":12071,"date":"2024-09-12T00:54:08","date_gmt":"2024-09-12T05:54:08","guid":{"rendered":"https:\/\/www.gpjbaker.com\/marques\/kravet\/latitude-de-thom-filicia\/"},"modified":"2025-09-09T12:21:58","modified_gmt":"2025-09-09T17:21:58","slug":"latitude-de-thom-filicia","status":"publish","type":"page","link":"https:\/\/www.gpjbaker.com\/fr\/marques\/kravet\/latitude-de-thom-filicia\/","title":{"rendered":"Latitude de Thom Filicia"},"content":{"rendered":"La collection d&#8217;int\u00e9rieur\/ext\u00e9rieur Latitude deThom Filicia est inspir\u00e9e par le monde qui nous entoure, depuis l&#8217;eau ondulante jusqu&#8217;\u00e0 la lumi\u00e8re et aux ombres. Elle est n\u00e9e du d\u00e9sir de Thom de cr\u00e9er des espaces qui sont \u00e0 la fois actuels et intemporels. Avec un m\u00e9lange de motifs \u00e0 petite et grande \u00e9chelle, de rayures, de textures et d&#8217;unis, les tissus s\u00e8chent rapidement et r\u00e9sistent \u00e0 la d\u00e9coloration. Pr\u00e9sentant un m\u00e9lange de motifs \u00e0 petite et grande \u00e9chelle, de rayures, de textures et d&#8217;unis, les tissus s\u00e8chent rapidement et r\u00e9sistent \u00e0 la d\u00e9coloration.\r\n\r\n<script type=\"text\/javascript\"> \r\nvar searchURL = \"sort=DATE&use=Multipurpose,Trim, Upholstery,Wallcovering,Curtains&collection=Thom Filicia Latitude\"\r\n <\/script>","protected":false},"excerpt":{"rendered":"La collection d&#8217;int\u00e9rieur\/ext\u00e9rieur Latitude deThom Filicia est inspir\u00e9e par le monde qui nous entoure, depuis l&#8217;eau ondulante jusqu&#8217;\u00e0 la lumi\u00e8re et aux ombres. Elle est n\u00e9e du d\u00e9sir de Thom de cr\u00e9er des espaces qui sont \u00e0 la fois actuels et intemporels. Avec un m\u00e9lange de motifs \u00e0 petite et grande \u00e9chelle, de rayures, de&#8230; <a class=\"view-article\" href=\"https:\/\/www.gpjbaker.com\/fr\/marques\/kravet\/latitude-de-thom-filicia\/\">Voir l&#8217;article<\/a>","protected":false},"author":6,"featured_media":11318,"parent":5291,"menu_order":10,"comment_status":"closed","ping_status":"closed","template":"template-collections.php","meta":{"footnotes":""},"class_list":["post-12071","page","type-page","status-publish","has-post-thumbnail","hentry","page_language-fr"],"yoast_head":"<!-- This site is optimized with the Yoast SEO plugin v26.8 - https:\/\/yoast.com\/product\/yoast-seo-wordpress\/ -->\n<title>Latitude de Thom Filicia - G P &amp; J Baker<\/title>\n<meta name=\"robots\" content=\"index, follow, max-snippet:-1, max-image-preview:large, max-video-preview:-1\" \/>\n<link rel=\"canonical\" href=\"https:\/\/www.gpjbaker.com\/fr\/marques\/kravet\/latitude-de-thom-filicia\/\" \/>\n<meta property=\"og:locale\" content=\"fr_FR\" \/>\n<meta property=\"og:type\" content=\"article\" \/>\n<meta property=\"og:title\" content=\"Latitude de Thom Filicia - G P &amp; J Baker\" \/>\n<meta property=\"og:description\" content=\"La collection d&#8217;int\u00e9rieur\/ext\u00e9rieur Latitude deThom Filicia est inspir\u00e9e par le monde qui nous entoure, depuis l&#8217;eau ondulante jusqu&#8217;\u00e0 la lumi\u00e8re et aux ombres. Elle est n\u00e9e du d\u00e9sir de Thom de cr\u00e9er des espaces qui sont \u00e0 la fois actuels et intemporels. Avec un m\u00e9lange de motifs \u00e0 petite et grande \u00e9chelle, de rayures, de... Voir l&#039;article\" \/>\n<meta property=\"og:url\" content=\"https:\/\/www.gpjbaker.com\/fr\/marques\/kravet\/latitude-de-thom-filicia\/\" \/>\n<meta property=\"og:site_name\" content=\"G P &amp; J Baker\" \/>\n<meta property=\"article:modified_time\" content=\"2025-09-09T17:21:58+00:00\" \/>\n<meta property=\"og:image\" content=\"https:\/\/www.gpjbaker.com\/wp-content\/uploads\/2024\/05\/TF-Latitude-Thumb.jpg\" \/>\n\t<meta property=\"og:image:width\" content=\"400\" \/>\n\t<meta property=\"og:image:height\" content=\"255\" \/>\n\t<meta property=\"og:image:type\" content=\"image\/jpeg\" \/>\n<meta name=\"twitter:card\" content=\"summary_large_image\" \/>\n<meta name=\"twitter:label1\" content=\"Est. reading time\" \/>\n\t<meta name=\"twitter:data1\" content=\"1 minute\" \/>\n<script type=\"application\/ld+json\" class=\"yoast-schema-graph\">{\"@context\":\"https:\/\/schema.org\",\"@graph\":[{\"@type\":\"WebPage\",\"@id\":\"https:\/\/www.gpjbaker.com\/fr\/marques\/kravet\/latitude-de-thom-filicia\/\",\"url\":\"https:\/\/www.gpjbaker.com\/fr\/marques\/kravet\/latitude-de-thom-filicia\/\",\"name\":\"Latitude de Thom Filicia - G P &amp; J Baker\",\"isPartOf\":{\"@id\":\"https:\/\/www.gpjbaker.com\/#website\"},\"primaryImageOfPage\":{\"@id\":\"https:\/\/www.gpjbaker.com\/fr\/marques\/kravet\/latitude-de-thom-filicia\/#primaryimage\"},\"image\":{\"@id\":\"https:\/\/www.gpjbaker.com\/fr\/marques\/kravet\/latitude-de-thom-filicia\/#primaryimage\"},\"thumbnailUrl\":\"https:\/\/www.gpjbaker.com\/wp-content\/uploads\/2024\/05\/TF-Latitude-Thumb.jpg\",\"datePublished\":\"2024-09-12T05:54:08+00:00\",\"dateModified\":\"2025-09-09T17:21:58+00:00\",\"breadcrumb\":{\"@id\":\"https:\/\/www.gpjbaker.com\/fr\/marques\/kravet\/latitude-de-thom-filicia\/#breadcrumb\"},\"inLanguage\":\"fr-FR\",\"potentialAction\":[{\"@type\":\"ReadAction\",\"target\":[\"https:\/\/www.gpjbaker.com\/fr\/marques\/kravet\/latitude-de-thom-filicia\/\"]}]},{\"@type\":\"ImageObject\",\"inLanguage\":\"fr-FR\",\"@id\":\"https:\/\/www.gpjbaker.com\/fr\/marques\/kravet\/latitude-de-thom-filicia\/#primaryimage\",\"url\":\"https:\/\/www.gpjbaker.com\/wp-content\/uploads\/2024\/05\/TF-Latitude-Thumb.jpg\",\"contentUrl\":\"https:\/\/www.gpjbaker.com\/wp-content\/uploads\/2024\/05\/TF-Latitude-Thumb.jpg\",\"width\":400,\"height\":255,\"caption\":\"Thom Filicia's Latitude indoor\/outdoor collection features a mix of large and small-scale patterns, stripes, textures and solids, for elegant and easy spaces.\"},{\"@type\":\"BreadcrumbList\",\"@id\":\"https:\/\/www.gpjbaker.com\/fr\/marques\/kravet\/latitude-de-thom-filicia\/#breadcrumb\",\"itemListElement\":[{\"@type\":\"ListItem\",\"position\":1,\"name\":\"Home\",\"item\":\"https:\/\/www.gpjbaker.com\/fr\/\"},{\"@type\":\"ListItem\",\"position\":2,\"name\":\"Marques\",\"item\":\"https:\/\/www.gpjbaker.com\/fr\/marques\/\"},{\"@type\":\"ListItem\",\"position\":3,\"name\":\"Kravet\",\"item\":\"https:\/\/www.gpjbaker.com\/fr\/marques\/kravet\/\"},{\"@type\":\"ListItem\",\"position\":4,\"name\":\"Latitude de Thom Filicia\"}]},{\"@type\":\"WebSite\",\"@id\":\"https:\/\/www.gpjbaker.com\/#website\",\"url\":\"https:\/\/www.gpjbaker.com\/\",\"name\":\"G P &amp; J Baker\",\"description\":\"\",\"potentialAction\":[{\"@type\":\"SearchAction\",\"target\":{\"@type\":\"EntryPoint\",\"urlTemplate\":\"https:\/\/www.gpjbaker.com\/?s={search_term_string}\"},\"query-input\":{\"@type\":\"PropertyValueSpecification\",\"valueRequired\":true,\"valueName\":\"search_term_string\"}}],\"inLanguage\":\"fr-FR\"}]}<\/script>\n<!-- \/ Yoast SEO plugin. -->","yoast_head_json":{"title":"Latitude de Thom Filicia - G P &amp; J Baker","robots":{"index":"index","follow":"follow","max-snippet":"max-snippet:-1","max-image-preview":"max-image-preview:large","max-video-preview":"max-video-preview:-1"},"canonical":"https:\/\/www.gpjbaker.com\/fr\/marques\/kravet\/latitude-de-thom-filicia\/","og_locale":"fr_FR","og_type":"article","og_title":"Latitude de Thom Filicia - G P &amp; J Baker","og_description":"La collection d&#8217;int\u00e9rieur\/ext\u00e9rieur Latitude deThom Filicia est inspir\u00e9e par le monde qui nous entoure, depuis l&#8217;eau ondulante jusqu&#8217;\u00e0 la lumi\u00e8re et aux ombres. Elle est n\u00e9e du d\u00e9sir de Thom de cr\u00e9er des espaces qui sont \u00e0 la fois actuels et intemporels. Avec un m\u00e9lange de motifs \u00e0 petite et grande \u00e9chelle, de rayures, de... Voir l'article","og_url":"https:\/\/www.gpjbaker.com\/fr\/marques\/kravet\/latitude-de-thom-filicia\/","og_site_name":"G P &amp; J Baker","article_modified_time":"2025-09-09T17:21:58+00:00","og_image":[{"width":400,"height":255,"url":"https:\/\/www.gpjbaker.com\/wp-content\/uploads\/2024\/05\/TF-Latitude-Thumb.jpg","type":"image\/jpeg"}],"twitter_card":"summary_large_image","twitter_misc":{"Est. reading time":"1 minute"},"schema":{"@context":"https:\/\/schema.org","@graph":[{"@type":"WebPage","@id":"https:\/\/www.gpjbaker.com\/fr\/marques\/kravet\/latitude-de-thom-filicia\/","url":"https:\/\/www.gpjbaker.com\/fr\/marques\/kravet\/latitude-de-thom-filicia\/","name":"Latitude de Thom Filicia - G P &amp; J Baker","isPartOf":{"@id":"https:\/\/www.gpjbaker.com\/#website"},"primaryImageOfPage":{"@id":"https:\/\/www.gpjbaker.com\/fr\/marques\/kravet\/latitude-de-thom-filicia\/#primaryimage"},"image":{"@id":"https:\/\/www.gpjbaker.com\/fr\/marques\/kravet\/latitude-de-thom-filicia\/#primaryimage"},"thumbnailUrl":"https:\/\/www.gpjbaker.com\/wp-content\/uploads\/2024\/05\/TF-Latitude-Thumb.jpg","datePublished":"2024-09-12T05:54:08+00:00","dateModified":"2025-09-09T17:21:58+00:00","breadcrumb":{"@id":"https:\/\/www.gpjbaker.com\/fr\/marques\/kravet\/latitude-de-thom-filicia\/#breadcrumb"},"inLanguage":"fr-FR","potentialAction":[{"@type":"ReadAction","target":["https:\/\/www.gpjbaker.com\/fr\/marques\/kravet\/latitude-de-thom-filicia\/"]}]},{"@type":"ImageObject","inLanguage":"fr-FR","@id":"https:\/\/www.gpjbaker.com\/fr\/marques\/kravet\/latitude-de-thom-filicia\/#primaryimage","url":"https:\/\/www.gpjbaker.com\/wp-content\/uploads\/2024\/05\/TF-Latitude-Thumb.jpg","contentUrl":"https:\/\/www.gpjbaker.com\/wp-content\/uploads\/2024\/05\/TF-Latitude-Thumb.jpg","width":400,"height":255,"caption":"Thom Filicia's Latitude indoor\/outdoor collection features a mix of large and small-scale patterns, stripes, textures and solids, for elegant and easy spaces."},{"@type":"BreadcrumbList","@id":"https:\/\/www.gpjbaker.com\/fr\/marques\/kravet\/latitude-de-thom-filicia\/#breadcrumb","itemListElement":[{"@type":"ListItem","position":1,"name":"Home","item":"https:\/\/www.gpjbaker.com\/fr\/"},{"@type":"ListItem","position":2,"name":"Marques","item":"https:\/\/www.gpjbaker.com\/fr\/marques\/"},{"@type":"ListItem","position":3,"name":"Kravet","item":"https:\/\/www.gpjbaker.com\/fr\/marques\/kravet\/"},{"@type":"ListItem","position":4,"name":"Latitude de Thom Filicia"}]},{"@type":"WebSite","@id":"https:\/\/www.gpjbaker.com\/#website","url":"https:\/\/www.gpjbaker.com\/","name":"G P &amp; J Baker","description":"","potentialAction":[{"@type":"SearchAction","target":{"@type":"EntryPoint","urlTemplate":"https:\/\/www.gpjbaker.com\/?s={search_term_string}"},"query-input":{"@type":"PropertyValueSpecification","valueRequired":true,"valueName":"search_term_string"}}],"inLanguage":"fr-FR"}]}},"_links":{"self":[{"href":"https:\/\/www.gpjbaker.com\/fr\/wp-json\/wp\/v2\/pages\/12071","targetHints":{"allow":["GET"]}}],"collection":[{"href":"https:\/\/www.gpjbaker.com\/fr\/wp-json\/wp\/v2\/pages"}],"about":[{"href":"https:\/\/www.gpjbaker.com\/fr\/wp-json\/wp\/v2\/types\/page"}],"author":[{"embeddable":true,"href":"https:\/\/www.gpjbaker.com\/fr\/wp-json\/wp\/v2\/users\/6"}],"replies":[{"embeddable":true,"href":"https:\/\/www.gpjbaker.com\/fr\/wp-json\/wp\/v2\/comments?post=12071"}],"version-history":[{"count":1,"href":"https:\/\/www.gpjbaker.com\/fr\/wp-json\/wp\/v2\/pages\/12071\/revisions"}],"predecessor-version":[{"id":13002,"href":"https:\/\/www.gpjbaker.com\/fr\/wp-json\/wp\/v2\/pages\/12071\/revisions\/13002"}],"up":[{"embeddable":true,"href":"https:\/\/www.gpjbaker.com\/fr\/wp-json\/wp\/v2\/pages\/5291"}],"wp:featuredmedia":[{"embeddable":true,"href":"https:\/\/www.gpjbaker.com\/fr\/wp-json\/wp\/v2\/media\/11318"}],"wp:attachment":[{"href":"https:\/\/www.gpjbaker.com\/fr\/wp-json\/wp\/v2\/media?parent=12071"}],"curies":[{"name":"wp","href":"https:\/\/api.w.org\/{rel}","templated":true}]}}