{"id":12070,"date":"2024-09-12T00:49:33","date_gmt":"2024-09-12T05:49:33","guid":{"rendered":"https:\/\/www.gpjbaker.com\/marques\/brunschwig-fils\/broderies-danduze\/"},"modified":"2025-09-08T14:44:38","modified_gmt":"2025-09-08T19:44:38","slug":"broderies-danduze","status":"publish","type":"page","link":"https:\/\/www.gpjbaker.com\/fr\/marques\/brunschwig-fils\/broderies-danduze\/","title":{"rendered":"Broderies d&#8217;Anduze"},"content":{"rendered":"S&#8217;inspirant d&#8217;influences diverses, Anduze Embroideries est une magnifique offre de motifs de tissus brod\u00e9s. Dans une palette de couleurs allant des joyaux vibrants aux tons pastel, les motifs brod\u00e9s par des experts comprennent un suzani flamboyant, une sc\u00e8ne de chasse persane spectaculaire, un feuillage tropical luxuriant et un arbre de vie classique.\n\n<script type=\"text\/javascript\"> \nvar searchURL = \"sort=DATE&use=Multipurpose,Trim, Upholstery,Wallcovering,Curtains&collection=Anduze Embroideries\"\n <\/script>","protected":false},"excerpt":{"rendered":"S&#8217;inspirant d&#8217;influences diverses, Anduze Embroideries est une magnifique offre de motifs de tissus brod\u00e9s. Dans une palette de couleurs allant des joyaux vibrants aux tons pastel, les motifs brod\u00e9s par des experts comprennent un suzani flamboyant, une sc\u00e8ne de chasse persane spectaculaire, un feuillage tropical luxuriant et un arbre de vie classique.","protected":false},"author":6,"featured_media":11292,"parent":5288,"menu_order":9,"comment_status":"closed","ping_status":"closed","template":"template-collections.php","meta":{"footnotes":""},"class_list":["post-12070","page","type-page","status-publish","has-post-thumbnail","hentry","page_language-fr"],"yoast_head":"<!-- This site is optimized with the Yoast SEO plugin v26.8 - https:\/\/yoast.com\/product\/yoast-seo-wordpress\/ -->\n<title>Broderies d&#039;Anduze - G P &amp; J Baker<\/title>\n<meta name=\"robots\" content=\"index, follow, max-snippet:-1, max-image-preview:large, max-video-preview:-1\" \/>\n<link rel=\"canonical\" href=\"https:\/\/www.gpjbaker.com\/fr\/marques\/brunschwig-fils\/broderies-danduze\/\" \/>\n<meta property=\"og:locale\" content=\"fr_FR\" \/>\n<meta property=\"og:type\" content=\"article\" \/>\n<meta property=\"og:title\" content=\"Broderies d&#039;Anduze - G P &amp; J Baker\" \/>\n<meta property=\"og:description\" content=\"S&#8217;inspirant d&#8217;influences diverses, Anduze Embroideries est une magnifique offre de motifs de tissus brod\u00e9s. Dans une palette de couleurs allant des joyaux vibrants aux tons pastel, les motifs brod\u00e9s par des experts comprennent un suzani flamboyant, une sc\u00e8ne de chasse persane spectaculaire, un feuillage tropical luxuriant et un arbre de vie classique.\" \/>\n<meta property=\"og:url\" content=\"https:\/\/www.gpjbaker.com\/fr\/marques\/brunschwig-fils\/broderies-danduze\/\" \/>\n<meta property=\"og:site_name\" content=\"G P &amp; J Baker\" \/>\n<meta property=\"article:modified_time\" content=\"2025-09-08T19:44:38+00:00\" \/>\n<meta property=\"og:image\" content=\"https:\/\/www.gpjbaker.com\/wp-content\/uploads\/2024\/03\/AnduzeEmbroideries-Thumb.jpg\" \/>\n\t<meta property=\"og:image:width\" content=\"400\" \/>\n\t<meta property=\"og:image:height\" content=\"255\" \/>\n\t<meta property=\"og:image:type\" content=\"image\/jpeg\" \/>\n<meta name=\"twitter:card\" content=\"summary_large_image\" \/>\n<script type=\"application\/ld+json\" class=\"yoast-schema-graph\">{\"@context\":\"https:\/\/schema.org\",\"@graph\":[{\"@type\":\"WebPage\",\"@id\":\"https:\/\/www.gpjbaker.com\/fr\/marques\/brunschwig-fils\/broderies-danduze\/\",\"url\":\"https:\/\/www.gpjbaker.com\/fr\/marques\/brunschwig-fils\/broderies-danduze\/\",\"name\":\"Broderies d'Anduze - G P &amp; J Baker\",\"isPartOf\":{\"@id\":\"https:\/\/www.gpjbaker.com\/#website\"},\"primaryImageOfPage\":{\"@id\":\"https:\/\/www.gpjbaker.com\/fr\/marques\/brunschwig-fils\/broderies-danduze\/#primaryimage\"},\"image\":{\"@id\":\"https:\/\/www.gpjbaker.com\/fr\/marques\/brunschwig-fils\/broderies-danduze\/#primaryimage\"},\"thumbnailUrl\":\"https:\/\/www.gpjbaker.com\/wp-content\/uploads\/2024\/03\/AnduzeEmbroideries-Thumb.jpg\",\"datePublished\":\"2024-09-12T05:49:33+00:00\",\"dateModified\":\"2025-09-08T19:44:38+00:00\",\"breadcrumb\":{\"@id\":\"https:\/\/www.gpjbaker.com\/fr\/marques\/brunschwig-fils\/broderies-danduze\/#breadcrumb\"},\"inLanguage\":\"fr-FR\",\"potentialAction\":[{\"@type\":\"ReadAction\",\"target\":[\"https:\/\/www.gpjbaker.com\/fr\/marques\/brunschwig-fils\/broderies-danduze\/\"]}]},{\"@type\":\"ImageObject\",\"inLanguage\":\"fr-FR\",\"@id\":\"https:\/\/www.gpjbaker.com\/fr\/marques\/brunschwig-fils\/broderies-danduze\/#primaryimage\",\"url\":\"https:\/\/www.gpjbaker.com\/wp-content\/uploads\/2024\/03\/AnduzeEmbroideries-Thumb.jpg\",\"contentUrl\":\"https:\/\/www.gpjbaker.com\/wp-content\/uploads\/2024\/03\/AnduzeEmbroideries-Thumb.jpg\",\"width\":400,\"height\":255,\"caption\":\"Drawing on far-ranging influences, Anduze Embroideries is a magnificent offering of embroidered fabric patterns, from a flamboyant suzani to a classic tree-of-life.\"},{\"@type\":\"BreadcrumbList\",\"@id\":\"https:\/\/www.gpjbaker.com\/fr\/marques\/brunschwig-fils\/broderies-danduze\/#breadcrumb\",\"itemListElement\":[{\"@type\":\"ListItem\",\"position\":1,\"name\":\"Home\",\"item\":\"https:\/\/www.gpjbaker.com\/fr\/\"},{\"@type\":\"ListItem\",\"position\":2,\"name\":\"Marques\",\"item\":\"https:\/\/www.gpjbaker.com\/fr\/marques\/\"},{\"@type\":\"ListItem\",\"position\":3,\"name\":\"Brunschwig &#038; Fils\",\"item\":\"https:\/\/www.gpjbaker.com\/fr\/marques\/brunschwig-fils\/\"},{\"@type\":\"ListItem\",\"position\":4,\"name\":\"Broderies d&#8217;Anduze\"}]},{\"@type\":\"WebSite\",\"@id\":\"https:\/\/www.gpjbaker.com\/#website\",\"url\":\"https:\/\/www.gpjbaker.com\/\",\"name\":\"G P &amp; J Baker\",\"description\":\"\",\"potentialAction\":[{\"@type\":\"SearchAction\",\"target\":{\"@type\":\"EntryPoint\",\"urlTemplate\":\"https:\/\/www.gpjbaker.com\/?s={search_term_string}\"},\"query-input\":{\"@type\":\"PropertyValueSpecification\",\"valueRequired\":true,\"valueName\":\"search_term_string\"}}],\"inLanguage\":\"fr-FR\"}]}<\/script>\n<!-- \/ Yoast SEO plugin. -->","yoast_head_json":{"title":"Broderies d'Anduze - G P &amp; J Baker","robots":{"index":"index","follow":"follow","max-snippet":"max-snippet:-1","max-image-preview":"max-image-preview:large","max-video-preview":"max-video-preview:-1"},"canonical":"https:\/\/www.gpjbaker.com\/fr\/marques\/brunschwig-fils\/broderies-danduze\/","og_locale":"fr_FR","og_type":"article","og_title":"Broderies d'Anduze - G P &amp; J Baker","og_description":"S&#8217;inspirant d&#8217;influences diverses, Anduze Embroideries est une magnifique offre de motifs de tissus brod\u00e9s. Dans une palette de couleurs allant des joyaux vibrants aux tons pastel, les motifs brod\u00e9s par des experts comprennent un suzani flamboyant, une sc\u00e8ne de chasse persane spectaculaire, un feuillage tropical luxuriant et un arbre de vie classique.","og_url":"https:\/\/www.gpjbaker.com\/fr\/marques\/brunschwig-fils\/broderies-danduze\/","og_site_name":"G P &amp; J Baker","article_modified_time":"2025-09-08T19:44:38+00:00","og_image":[{"width":400,"height":255,"url":"https:\/\/www.gpjbaker.com\/wp-content\/uploads\/2024\/03\/AnduzeEmbroideries-Thumb.jpg","type":"image\/jpeg"}],"twitter_card":"summary_large_image","schema":{"@context":"https:\/\/schema.org","@graph":[{"@type":"WebPage","@id":"https:\/\/www.gpjbaker.com\/fr\/marques\/brunschwig-fils\/broderies-danduze\/","url":"https:\/\/www.gpjbaker.com\/fr\/marques\/brunschwig-fils\/broderies-danduze\/","name":"Broderies d'Anduze - G P &amp; J Baker","isPartOf":{"@id":"https:\/\/www.gpjbaker.com\/#website"},"primaryImageOfPage":{"@id":"https:\/\/www.gpjbaker.com\/fr\/marques\/brunschwig-fils\/broderies-danduze\/#primaryimage"},"image":{"@id":"https:\/\/www.gpjbaker.com\/fr\/marques\/brunschwig-fils\/broderies-danduze\/#primaryimage"},"thumbnailUrl":"https:\/\/www.gpjbaker.com\/wp-content\/uploads\/2024\/03\/AnduzeEmbroideries-Thumb.jpg","datePublished":"2024-09-12T05:49:33+00:00","dateModified":"2025-09-08T19:44:38+00:00","breadcrumb":{"@id":"https:\/\/www.gpjbaker.com\/fr\/marques\/brunschwig-fils\/broderies-danduze\/#breadcrumb"},"inLanguage":"fr-FR","potentialAction":[{"@type":"ReadAction","target":["https:\/\/www.gpjbaker.com\/fr\/marques\/brunschwig-fils\/broderies-danduze\/"]}]},{"@type":"ImageObject","inLanguage":"fr-FR","@id":"https:\/\/www.gpjbaker.com\/fr\/marques\/brunschwig-fils\/broderies-danduze\/#primaryimage","url":"https:\/\/www.gpjbaker.com\/wp-content\/uploads\/2024\/03\/AnduzeEmbroideries-Thumb.jpg","contentUrl":"https:\/\/www.gpjbaker.com\/wp-content\/uploads\/2024\/03\/AnduzeEmbroideries-Thumb.jpg","width":400,"height":255,"caption":"Drawing on far-ranging influences, Anduze Embroideries is a magnificent offering of embroidered fabric patterns, from a flamboyant suzani to a classic tree-of-life."},{"@type":"BreadcrumbList","@id":"https:\/\/www.gpjbaker.com\/fr\/marques\/brunschwig-fils\/broderies-danduze\/#breadcrumb","itemListElement":[{"@type":"ListItem","position":1,"name":"Home","item":"https:\/\/www.gpjbaker.com\/fr\/"},{"@type":"ListItem","position":2,"name":"Marques","item":"https:\/\/www.gpjbaker.com\/fr\/marques\/"},{"@type":"ListItem","position":3,"name":"Brunschwig &#038; Fils","item":"https:\/\/www.gpjbaker.com\/fr\/marques\/brunschwig-fils\/"},{"@type":"ListItem","position":4,"name":"Broderies d&#8217;Anduze"}]},{"@type":"WebSite","@id":"https:\/\/www.gpjbaker.com\/#website","url":"https:\/\/www.gpjbaker.com\/","name":"G P &amp; J Baker","description":"","potentialAction":[{"@type":"SearchAction","target":{"@type":"EntryPoint","urlTemplate":"https:\/\/www.gpjbaker.com\/?s={search_term_string}"},"query-input":{"@type":"PropertyValueSpecification","valueRequired":true,"valueName":"search_term_string"}}],"inLanguage":"fr-FR"}]}},"_links":{"self":[{"href":"https:\/\/www.gpjbaker.com\/fr\/wp-json\/wp\/v2\/pages\/12070","targetHints":{"allow":["GET"]}}],"collection":[{"href":"https:\/\/www.gpjbaker.com\/fr\/wp-json\/wp\/v2\/pages"}],"about":[{"href":"https:\/\/www.gpjbaker.com\/fr\/wp-json\/wp\/v2\/types\/page"}],"author":[{"embeddable":true,"href":"https:\/\/www.gpjbaker.com\/fr\/wp-json\/wp\/v2\/users\/6"}],"replies":[{"embeddable":true,"href":"https:\/\/www.gpjbaker.com\/fr\/wp-json\/wp\/v2\/comments?post=12070"}],"version-history":[{"count":1,"href":"https:\/\/www.gpjbaker.com\/fr\/wp-json\/wp\/v2\/pages\/12070\/revisions"}],"predecessor-version":[{"id":13008,"href":"https:\/\/www.gpjbaker.com\/fr\/wp-json\/wp\/v2\/pages\/12070\/revisions\/13008"}],"up":[{"embeddable":true,"href":"https:\/\/www.gpjbaker.com\/fr\/wp-json\/wp\/v2\/pages\/5288"}],"wp:featuredmedia":[{"embeddable":true,"href":"https:\/\/www.gpjbaker.com\/fr\/wp-json\/wp\/v2\/media\/11292"}],"wp:attachment":[{"href":"https:\/\/www.gpjbaker.com\/fr\/wp-json\/wp\/v2\/media?parent=12070"}],"curies":[{"name":"wp","href":"https:\/\/api.w.org\/{rel}","templated":true}]}}