{"id":11927,"date":"2024-09-05T15:35:08","date_gmt":"2024-09-05T20:35:08","guid":{"rendered":"https:\/\/www.gpjbaker.com\/?page_id=11927"},"modified":"2025-09-08T14:39:04","modified_gmt":"2025-09-08T19:39:04","slug":"kit-kemp-wallpapers","status":"publish","type":"page","link":"https:\/\/www.gpjbaker.com\/fr\/marques\/gp-j-baker\/kit-kemp-wallpapers\/","title":{"rendered":"Papiers peints de Kit Kemp"},"content":{"rendered":"Sept motifs de papiers peints captivants et color\u00e9s associent le style \u00e9clectique et color\u00e9 caract\u00e9ristique de Kit \u00e0 l&#8217;expertise en mati\u00e8re de design et au riche h\u00e9ritage de GP &amp; J Baker, offrant aux designers la possibilit\u00e9 d&#8217;insuffler \u00e0 leurs projets une touche d&#8217;individualit\u00e9 et le style distinctif qu&#8217;incarne cette collaboration.<br><br>\n<a style=\"text-decoration: underline;\" href=\"https:\/\/cloud.3dissue.com\/209583\/209767\/246228\/GP-J-BAKER-x-KIT-KEMP-WALLPAPERS\/\" target=\"_blank\" rel=\"noopener\">Voir le livre d&#8217;\u00e9chantillons virtuel<\/a>\n<br><br>\n\n<a style=\"text-decoration: underline;\" href=\"https:\/\/www.gpjbaker.com\/fr\/marques\/gp-j-baker\/kit-kemp-prints-embroideries\/\">Voir les tissus assortis<\/a>\n\n\n<script type=\"text\/javascript\"> \nvar searchURL = \"sort=DATE&use=Multipurpose,Trim, Upholstery,Wallcovering,Curtains&collection=Kit Kemp Wallpaper\"\n<\/script>","protected":false},"excerpt":{"rendered":"Sept motifs de papiers peints captivants et color\u00e9s associent le style \u00e9clectique et color\u00e9 caract\u00e9ristique de Kit \u00e0 l&#8217;expertise en mati\u00e8re de design et au riche h\u00e9ritage de GP &amp; J Baker, offrant aux designers la possibilit\u00e9 d&#8217;insuffler \u00e0 leurs projets une touche d&#8217;individualit\u00e9 et le style distinctif qu&#8217;incarne cette collaboration. Voir le livre d&#8217;\u00e9chantillons&#8230; <a class=\"view-article\" href=\"https:\/\/www.gpjbaker.com\/fr\/marques\/gp-j-baker\/kit-kemp-wallpapers\/\">Voir l&#8217;article<\/a>","protected":false},"author":1,"featured_media":11929,"parent":4605,"menu_order":13,"comment_status":"closed","ping_status":"closed","template":"template-collections.php","meta":{"footnotes":""},"class_list":["post-11927","page","type-page","status-publish","has-post-thumbnail","hentry","page_language-fr"],"yoast_head":"<!-- This site is optimized with the Yoast SEO plugin v26.8 - https:\/\/yoast.com\/product\/yoast-seo-wordpress\/ -->\n<title>Papiers peints de Kit Kemp - G P &amp; J Baker<\/title>\n<meta name=\"robots\" content=\"index, follow, max-snippet:-1, max-image-preview:large, max-video-preview:-1\" \/>\n<link rel=\"canonical\" href=\"https:\/\/www.gpjbaker.com\/fr\/marques\/gp-j-baker\/kit-kemp-wallpapers\/\" \/>\n<meta property=\"og:locale\" content=\"fr_FR\" \/>\n<meta property=\"og:type\" content=\"article\" \/>\n<meta property=\"og:title\" content=\"Papiers peints de Kit Kemp - G P &amp; J Baker\" \/>\n<meta property=\"og:description\" content=\"Sept motifs de papiers peints captivants et color\u00e9s associent le style \u00e9clectique et color\u00e9 caract\u00e9ristique de Kit \u00e0 l&#8217;expertise en mati\u00e8re de design et au riche h\u00e9ritage de GP &amp; J Baker, offrant aux designers la possibilit\u00e9 d&#8217;insuffler \u00e0 leurs projets une touche d&#8217;individualit\u00e9 et le style distinctif qu&#8217;incarne cette collaboration. Voir le livre d&#8217;\u00e9chantillons... Voir l&#039;article\" \/>\n<meta property=\"og:url\" content=\"https:\/\/www.gpjbaker.com\/fr\/marques\/gp-j-baker\/kit-kemp-wallpapers\/\" \/>\n<meta property=\"og:site_name\" content=\"G P &amp; J Baker\" \/>\n<meta property=\"article:modified_time\" content=\"2025-09-08T19:39:04+00:00\" \/>\n<meta property=\"og:image\" content=\"https:\/\/www.gpjbaker.com\/wp-content\/uploads\/2024\/09\/KitKemp-Wallpaper-ThumbNail-FR.jpg\" \/>\n\t<meta property=\"og:image:width\" content=\"400\" \/>\n\t<meta property=\"og:image:height\" content=\"255\" \/>\n\t<meta property=\"og:image:type\" content=\"image\/jpeg\" \/>\n<meta name=\"twitter:card\" content=\"summary_large_image\" \/>\n<meta name=\"twitter:label1\" content=\"Est. reading time\" \/>\n\t<meta name=\"twitter:data1\" content=\"1 minute\" \/>\n<script type=\"application\/ld+json\" class=\"yoast-schema-graph\">{\"@context\":\"https:\/\/schema.org\",\"@graph\":[{\"@type\":\"WebPage\",\"@id\":\"https:\/\/www.gpjbaker.com\/fr\/marques\/gp-j-baker\/kit-kemp-wallpapers\/\",\"url\":\"https:\/\/www.gpjbaker.com\/fr\/marques\/gp-j-baker\/kit-kemp-wallpapers\/\",\"name\":\"Papiers peints de Kit Kemp - G P &amp; J Baker\",\"isPartOf\":{\"@id\":\"https:\/\/www.gpjbaker.com\/#website\"},\"primaryImageOfPage\":{\"@id\":\"https:\/\/www.gpjbaker.com\/fr\/marques\/gp-j-baker\/kit-kemp-wallpapers\/#primaryimage\"},\"image\":{\"@id\":\"https:\/\/www.gpjbaker.com\/fr\/marques\/gp-j-baker\/kit-kemp-wallpapers\/#primaryimage\"},\"thumbnailUrl\":\"https:\/\/www.gpjbaker.com\/wp-content\/uploads\/2024\/09\/KitKemp-Wallpaper-ThumbNail-FR.jpg\",\"datePublished\":\"2024-09-05T20:35:08+00:00\",\"dateModified\":\"2025-09-08T19:39:04+00:00\",\"breadcrumb\":{\"@id\":\"https:\/\/www.gpjbaker.com\/fr\/marques\/gp-j-baker\/kit-kemp-wallpapers\/#breadcrumb\"},\"inLanguage\":\"fr-FR\",\"potentialAction\":[{\"@type\":\"ReadAction\",\"target\":[\"https:\/\/www.gpjbaker.com\/fr\/marques\/gp-j-baker\/kit-kemp-wallpapers\/\"]}]},{\"@type\":\"ImageObject\",\"inLanguage\":\"fr-FR\",\"@id\":\"https:\/\/www.gpjbaker.com\/fr\/marques\/gp-j-baker\/kit-kemp-wallpapers\/#primaryimage\",\"url\":\"https:\/\/www.gpjbaker.com\/wp-content\/uploads\/2024\/09\/KitKemp-Wallpaper-ThumbNail-FR.jpg\",\"contentUrl\":\"https:\/\/www.gpjbaker.com\/wp-content\/uploads\/2024\/09\/KitKemp-Wallpaper-ThumbNail-FR.jpg\",\"width\":400,\"height\":255,\"caption\":\"even captivating and colourful wallpaper designs blend Kit's signature, eclectic, colourful style with GP & J Baker's design expertise and rich heritage.\"},{\"@type\":\"BreadcrumbList\",\"@id\":\"https:\/\/www.gpjbaker.com\/fr\/marques\/gp-j-baker\/kit-kemp-wallpapers\/#breadcrumb\",\"itemListElement\":[{\"@type\":\"ListItem\",\"position\":1,\"name\":\"Home\",\"item\":\"https:\/\/www.gpjbaker.com\/fr\/\"},{\"@type\":\"ListItem\",\"position\":2,\"name\":\"Marques\",\"item\":\"https:\/\/www.gpjbaker.com\/fr\/marques\/\"},{\"@type\":\"ListItem\",\"position\":3,\"name\":\"GP &#038; J Baker\",\"item\":\"https:\/\/www.gpjbaker.com\/fr\/marques\/gp-j-baker\/\"},{\"@type\":\"ListItem\",\"position\":4,\"name\":\"Papiers peints de Kit Kemp\"}]},{\"@type\":\"WebSite\",\"@id\":\"https:\/\/www.gpjbaker.com\/#website\",\"url\":\"https:\/\/www.gpjbaker.com\/\",\"name\":\"G P &amp; J Baker\",\"description\":\"\",\"potentialAction\":[{\"@type\":\"SearchAction\",\"target\":{\"@type\":\"EntryPoint\",\"urlTemplate\":\"https:\/\/www.gpjbaker.com\/?s={search_term_string}\"},\"query-input\":{\"@type\":\"PropertyValueSpecification\",\"valueRequired\":true,\"valueName\":\"search_term_string\"}}],\"inLanguage\":\"fr-FR\"}]}<\/script>\n<!-- \/ Yoast SEO plugin. -->","yoast_head_json":{"title":"Papiers peints de Kit Kemp - G P &amp; J Baker","robots":{"index":"index","follow":"follow","max-snippet":"max-snippet:-1","max-image-preview":"max-image-preview:large","max-video-preview":"max-video-preview:-1"},"canonical":"https:\/\/www.gpjbaker.com\/fr\/marques\/gp-j-baker\/kit-kemp-wallpapers\/","og_locale":"fr_FR","og_type":"article","og_title":"Papiers peints de Kit Kemp - G P &amp; J Baker","og_description":"Sept motifs de papiers peints captivants et color\u00e9s associent le style \u00e9clectique et color\u00e9 caract\u00e9ristique de Kit \u00e0 l&#8217;expertise en mati\u00e8re de design et au riche h\u00e9ritage de GP &amp; J Baker, offrant aux designers la possibilit\u00e9 d&#8217;insuffler \u00e0 leurs projets une touche d&#8217;individualit\u00e9 et le style distinctif qu&#8217;incarne cette collaboration. Voir le livre d&#8217;\u00e9chantillons... Voir l'article","og_url":"https:\/\/www.gpjbaker.com\/fr\/marques\/gp-j-baker\/kit-kemp-wallpapers\/","og_site_name":"G P &amp; J Baker","article_modified_time":"2025-09-08T19:39:04+00:00","og_image":[{"width":400,"height":255,"url":"https:\/\/www.gpjbaker.com\/wp-content\/uploads\/2024\/09\/KitKemp-Wallpaper-ThumbNail-FR.jpg","type":"image\/jpeg"}],"twitter_card":"summary_large_image","twitter_misc":{"Est. reading time":"1 minute"},"schema":{"@context":"https:\/\/schema.org","@graph":[{"@type":"WebPage","@id":"https:\/\/www.gpjbaker.com\/fr\/marques\/gp-j-baker\/kit-kemp-wallpapers\/","url":"https:\/\/www.gpjbaker.com\/fr\/marques\/gp-j-baker\/kit-kemp-wallpapers\/","name":"Papiers peints de Kit Kemp - G P &amp; J Baker","isPartOf":{"@id":"https:\/\/www.gpjbaker.com\/#website"},"primaryImageOfPage":{"@id":"https:\/\/www.gpjbaker.com\/fr\/marques\/gp-j-baker\/kit-kemp-wallpapers\/#primaryimage"},"image":{"@id":"https:\/\/www.gpjbaker.com\/fr\/marques\/gp-j-baker\/kit-kemp-wallpapers\/#primaryimage"},"thumbnailUrl":"https:\/\/www.gpjbaker.com\/wp-content\/uploads\/2024\/09\/KitKemp-Wallpaper-ThumbNail-FR.jpg","datePublished":"2024-09-05T20:35:08+00:00","dateModified":"2025-09-08T19:39:04+00:00","breadcrumb":{"@id":"https:\/\/www.gpjbaker.com\/fr\/marques\/gp-j-baker\/kit-kemp-wallpapers\/#breadcrumb"},"inLanguage":"fr-FR","potentialAction":[{"@type":"ReadAction","target":["https:\/\/www.gpjbaker.com\/fr\/marques\/gp-j-baker\/kit-kemp-wallpapers\/"]}]},{"@type":"ImageObject","inLanguage":"fr-FR","@id":"https:\/\/www.gpjbaker.com\/fr\/marques\/gp-j-baker\/kit-kemp-wallpapers\/#primaryimage","url":"https:\/\/www.gpjbaker.com\/wp-content\/uploads\/2024\/09\/KitKemp-Wallpaper-ThumbNail-FR.jpg","contentUrl":"https:\/\/www.gpjbaker.com\/wp-content\/uploads\/2024\/09\/KitKemp-Wallpaper-ThumbNail-FR.jpg","width":400,"height":255,"caption":"even captivating and colourful wallpaper designs blend Kit's signature, eclectic, colourful style with GP & J Baker's design expertise and rich heritage."},{"@type":"BreadcrumbList","@id":"https:\/\/www.gpjbaker.com\/fr\/marques\/gp-j-baker\/kit-kemp-wallpapers\/#breadcrumb","itemListElement":[{"@type":"ListItem","position":1,"name":"Home","item":"https:\/\/www.gpjbaker.com\/fr\/"},{"@type":"ListItem","position":2,"name":"Marques","item":"https:\/\/www.gpjbaker.com\/fr\/marques\/"},{"@type":"ListItem","position":3,"name":"GP &#038; J Baker","item":"https:\/\/www.gpjbaker.com\/fr\/marques\/gp-j-baker\/"},{"@type":"ListItem","position":4,"name":"Papiers peints de Kit Kemp"}]},{"@type":"WebSite","@id":"https:\/\/www.gpjbaker.com\/#website","url":"https:\/\/www.gpjbaker.com\/","name":"G P &amp; J Baker","description":"","potentialAction":[{"@type":"SearchAction","target":{"@type":"EntryPoint","urlTemplate":"https:\/\/www.gpjbaker.com\/?s={search_term_string}"},"query-input":{"@type":"PropertyValueSpecification","valueRequired":true,"valueName":"search_term_string"}}],"inLanguage":"fr-FR"}]}},"_links":{"self":[{"href":"https:\/\/www.gpjbaker.com\/fr\/wp-json\/wp\/v2\/pages\/11927","targetHints":{"allow":["GET"]}}],"collection":[{"href":"https:\/\/www.gpjbaker.com\/fr\/wp-json\/wp\/v2\/pages"}],"about":[{"href":"https:\/\/www.gpjbaker.com\/fr\/wp-json\/wp\/v2\/types\/page"}],"author":[{"embeddable":true,"href":"https:\/\/www.gpjbaker.com\/fr\/wp-json\/wp\/v2\/users\/1"}],"replies":[{"embeddable":true,"href":"https:\/\/www.gpjbaker.com\/fr\/wp-json\/wp\/v2\/comments?post=11927"}],"version-history":[{"count":4,"href":"https:\/\/www.gpjbaker.com\/fr\/wp-json\/wp\/v2\/pages\/11927\/revisions"}],"predecessor-version":[{"id":12780,"href":"https:\/\/www.gpjbaker.com\/fr\/wp-json\/wp\/v2\/pages\/11927\/revisions\/12780"}],"up":[{"embeddable":true,"href":"https:\/\/www.gpjbaker.com\/fr\/wp-json\/wp\/v2\/pages\/4605"}],"wp:featuredmedia":[{"embeddable":true,"href":"https:\/\/www.gpjbaker.com\/fr\/wp-json\/wp\/v2\/media\/11929"}],"wp:attachment":[{"href":"https:\/\/www.gpjbaker.com\/fr\/wp-json\/wp\/v2\/media?parent=11927"}],"curies":[{"name":"wp","href":"https:\/\/api.w.org\/{rel}","templated":true}]}}