{"id":11920,"date":"2024-03-07T09:33:38","date_gmt":"2024-03-07T14:33:38","guid":{"rendered":"https:\/\/www.gpjbaker.com\/marques\/gp-j-baker\/kit-kemp-kits-linen\/"},"modified":"2025-09-08T14:35:55","modified_gmt":"2025-09-08T19:35:55","slug":"kit-kemp-kits-linen","status":"publish","type":"page","link":"https:\/\/www.gpjbaker.com\/fr\/marques\/gp-j-baker\/kit-kemp-kits-linen\/","title":{"rendered":"Kit Kemp Kit&#8217;s Linen"},"content":{"rendered":"&#8216;Kit&#8217;s Linen&#8217; est une collection compl\u00e8te de toiles de lin polyvalentes adapt\u00e9es aux rideaux, aux murs et aux tissus d&#8217;ameublement. Intemporel, color\u00e9 et dot\u00e9 d&#8217;un merveilleux drap\u00e9, ce lin uni est disponible en 26 couleurs contemporaines et se coordonne parfaitement avec les imprim\u00e9s d\u00e9coratifs et les \u00e9l\u00e9ments de papier peint de la collection \u00ab GP &amp; Collection J Baker x Kit Kemp.\r\n<br><br>\r\n<a style=\"text-decoration:underline\" href=\"https:\/\/cloud.3dissue.com\/209583\/209767\/246228\/GP-J-BAKER-x-KIT-KEMP-PRINTS-EMBROIDERIES\/\">Voir le livre de mod\u00e8les virtuel<\/a>\r\n\r\n<script type=\"text\/javascript\"> \r\nvar searchURL = \"sort=DATE&use=Multipurpose,Trim, Upholstery,Wallcovering,Curtains&collection=G P amp J Baker X Kit Kemp Kit'S Linen\"\r\n <\/script>","protected":false},"excerpt":{"rendered":"&#8216;Kit&#8217;s Linen&#8217; est une collection compl\u00e8te de toiles de lin polyvalentes adapt\u00e9es aux rideaux, aux murs et aux tissus d&#8217;ameublement. Intemporel, color\u00e9 et dot\u00e9 d&#8217;un merveilleux drap\u00e9, ce lin uni est disponible en 26 couleurs contemporaines et se coordonne parfaitement avec les imprim\u00e9s d\u00e9coratifs et les \u00e9l\u00e9ments de papier peint de la collection \u00ab GP&#8230; <a class=\"view-article\" href=\"https:\/\/www.gpjbaker.com\/fr\/marques\/gp-j-baker\/kit-kemp-kits-linen\/\">Voir l&#8217;article<\/a>","protected":false},"author":6,"featured_media":11925,"parent":4605,"menu_order":16,"comment_status":"closed","ping_status":"closed","template":"template-collections.php","meta":{"footnotes":""},"class_list":["post-11920","page","type-page","status-publish","has-post-thumbnail","hentry","page_language-fr"],"yoast_head":"<!-- This site is optimized with the Yoast SEO plugin v26.8 - https:\/\/yoast.com\/product\/yoast-seo-wordpress\/ -->\n<title>Kit Kemp Kit&#039;s Linen - G P &amp; J Baker<\/title>\n<meta name=\"robots\" content=\"index, follow, max-snippet:-1, max-image-preview:large, max-video-preview:-1\" \/>\n<link rel=\"canonical\" href=\"https:\/\/www.gpjbaker.com\/fr\/marques\/gp-j-baker\/kit-kemp-kits-linen\/\" \/>\n<meta property=\"og:locale\" content=\"fr_FR\" \/>\n<meta property=\"og:type\" content=\"article\" \/>\n<meta property=\"og:title\" content=\"Kit Kemp Kit&#039;s Linen - G P &amp; J Baker\" \/>\n<meta property=\"og:description\" content=\"&#8216;Kit&#8217;s Linen&#8217; est une collection compl\u00e8te de toiles de lin polyvalentes adapt\u00e9es aux rideaux, aux murs et aux tissus d&#8217;ameublement. Intemporel, color\u00e9 et dot\u00e9 d&#8217;un merveilleux drap\u00e9, ce lin uni est disponible en 26 couleurs contemporaines et se coordonne parfaitement avec les imprim\u00e9s d\u00e9coratifs et les \u00e9l\u00e9ments de papier peint de la collection \u00ab GP... Voir l&#039;article\" \/>\n<meta property=\"og:url\" content=\"https:\/\/www.gpjbaker.com\/fr\/marques\/gp-j-baker\/kit-kemp-kits-linen\/\" \/>\n<meta property=\"og:site_name\" content=\"G P &amp; J Baker\" \/>\n<meta property=\"article:modified_time\" content=\"2025-09-08T19:35:55+00:00\" \/>\n<meta property=\"og:image\" content=\"https:\/\/www.gpjbaker.com\/wp-content\/uploads\/2024\/09\/Kit-Kemp-Linen-Thumbnail.jpg\" \/>\n\t<meta property=\"og:image:width\" content=\"400\" \/>\n\t<meta property=\"og:image:height\" content=\"255\" \/>\n\t<meta property=\"og:image:type\" content=\"image\/jpeg\" \/>\n<meta name=\"twitter:card\" content=\"summary_large_image\" \/>\n<meta name=\"twitter:label1\" content=\"Est. reading time\" \/>\n\t<meta name=\"twitter:data1\" content=\"1 minute\" \/>\n<script type=\"application\/ld+json\" class=\"yoast-schema-graph\">{\"@context\":\"https:\/\/schema.org\",\"@graph\":[{\"@type\":\"WebPage\",\"@id\":\"https:\/\/www.gpjbaker.com\/fr\/marques\/gp-j-baker\/kit-kemp-kits-linen\/\",\"url\":\"https:\/\/www.gpjbaker.com\/fr\/marques\/gp-j-baker\/kit-kemp-kits-linen\/\",\"name\":\"Kit Kemp Kit's Linen - G P &amp; J Baker\",\"isPartOf\":{\"@id\":\"https:\/\/www.gpjbaker.com\/#website\"},\"primaryImageOfPage\":{\"@id\":\"https:\/\/www.gpjbaker.com\/fr\/marques\/gp-j-baker\/kit-kemp-kits-linen\/#primaryimage\"},\"image\":{\"@id\":\"https:\/\/www.gpjbaker.com\/fr\/marques\/gp-j-baker\/kit-kemp-kits-linen\/#primaryimage\"},\"thumbnailUrl\":\"https:\/\/www.gpjbaker.com\/wp-content\/uploads\/2024\/09\/Kit-Kemp-Linen-Thumbnail.jpg\",\"datePublished\":\"2024-03-07T14:33:38+00:00\",\"dateModified\":\"2025-09-08T19:35:55+00:00\",\"breadcrumb\":{\"@id\":\"https:\/\/www.gpjbaker.com\/fr\/marques\/gp-j-baker\/kit-kemp-kits-linen\/#breadcrumb\"},\"inLanguage\":\"fr-FR\",\"potentialAction\":[{\"@type\":\"ReadAction\",\"target\":[\"https:\/\/www.gpjbaker.com\/fr\/marques\/gp-j-baker\/kit-kemp-kits-linen\/\"]}]},{\"@type\":\"ImageObject\",\"inLanguage\":\"fr-FR\",\"@id\":\"https:\/\/www.gpjbaker.com\/fr\/marques\/gp-j-baker\/kit-kemp-kits-linen\/#primaryimage\",\"url\":\"https:\/\/www.gpjbaker.com\/wp-content\/uploads\/2024\/09\/Kit-Kemp-Linen-Thumbnail.jpg\",\"contentUrl\":\"https:\/\/www.gpjbaker.com\/wp-content\/uploads\/2024\/09\/Kit-Kemp-Linen-Thumbnail.jpg\",\"width\":400,\"height\":255,\"caption\":\"'Kit's Linen' est une collection compl\u00e8te de toiles en lin polyvalentes et color\u00e9es, adapt\u00e9es aux rideaux, aux murs et aux tissus d'ameublement.\"},{\"@type\":\"BreadcrumbList\",\"@id\":\"https:\/\/www.gpjbaker.com\/fr\/marques\/gp-j-baker\/kit-kemp-kits-linen\/#breadcrumb\",\"itemListElement\":[{\"@type\":\"ListItem\",\"position\":1,\"name\":\"Home\",\"item\":\"https:\/\/www.gpjbaker.com\/fr\/\"},{\"@type\":\"ListItem\",\"position\":2,\"name\":\"Marques\",\"item\":\"https:\/\/www.gpjbaker.com\/fr\/marques\/\"},{\"@type\":\"ListItem\",\"position\":3,\"name\":\"GP &#038; J Baker\",\"item\":\"https:\/\/www.gpjbaker.com\/fr\/marques\/gp-j-baker\/\"},{\"@type\":\"ListItem\",\"position\":4,\"name\":\"Kit Kemp Kit&#8217;s Linen\"}]},{\"@type\":\"WebSite\",\"@id\":\"https:\/\/www.gpjbaker.com\/#website\",\"url\":\"https:\/\/www.gpjbaker.com\/\",\"name\":\"G P &amp; J Baker\",\"description\":\"\",\"potentialAction\":[{\"@type\":\"SearchAction\",\"target\":{\"@type\":\"EntryPoint\",\"urlTemplate\":\"https:\/\/www.gpjbaker.com\/?s={search_term_string}\"},\"query-input\":{\"@type\":\"PropertyValueSpecification\",\"valueRequired\":true,\"valueName\":\"search_term_string\"}}],\"inLanguage\":\"fr-FR\"}]}<\/script>\n<!-- \/ Yoast SEO plugin. -->","yoast_head_json":{"title":"Kit Kemp Kit's Linen - G P &amp; J Baker","robots":{"index":"index","follow":"follow","max-snippet":"max-snippet:-1","max-image-preview":"max-image-preview:large","max-video-preview":"max-video-preview:-1"},"canonical":"https:\/\/www.gpjbaker.com\/fr\/marques\/gp-j-baker\/kit-kemp-kits-linen\/","og_locale":"fr_FR","og_type":"article","og_title":"Kit Kemp Kit's Linen - G P &amp; J Baker","og_description":"&#8216;Kit&#8217;s Linen&#8217; est une collection compl\u00e8te de toiles de lin polyvalentes adapt\u00e9es aux rideaux, aux murs et aux tissus d&#8217;ameublement. Intemporel, color\u00e9 et dot\u00e9 d&#8217;un merveilleux drap\u00e9, ce lin uni est disponible en 26 couleurs contemporaines et se coordonne parfaitement avec les imprim\u00e9s d\u00e9coratifs et les \u00e9l\u00e9ments de papier peint de la collection \u00ab GP... Voir l'article","og_url":"https:\/\/www.gpjbaker.com\/fr\/marques\/gp-j-baker\/kit-kemp-kits-linen\/","og_site_name":"G P &amp; J Baker","article_modified_time":"2025-09-08T19:35:55+00:00","og_image":[{"width":400,"height":255,"url":"https:\/\/www.gpjbaker.com\/wp-content\/uploads\/2024\/09\/Kit-Kemp-Linen-Thumbnail.jpg","type":"image\/jpeg"}],"twitter_card":"summary_large_image","twitter_misc":{"Est. reading time":"1 minute"},"schema":{"@context":"https:\/\/schema.org","@graph":[{"@type":"WebPage","@id":"https:\/\/www.gpjbaker.com\/fr\/marques\/gp-j-baker\/kit-kemp-kits-linen\/","url":"https:\/\/www.gpjbaker.com\/fr\/marques\/gp-j-baker\/kit-kemp-kits-linen\/","name":"Kit Kemp Kit's Linen - G P &amp; J Baker","isPartOf":{"@id":"https:\/\/www.gpjbaker.com\/#website"},"primaryImageOfPage":{"@id":"https:\/\/www.gpjbaker.com\/fr\/marques\/gp-j-baker\/kit-kemp-kits-linen\/#primaryimage"},"image":{"@id":"https:\/\/www.gpjbaker.com\/fr\/marques\/gp-j-baker\/kit-kemp-kits-linen\/#primaryimage"},"thumbnailUrl":"https:\/\/www.gpjbaker.com\/wp-content\/uploads\/2024\/09\/Kit-Kemp-Linen-Thumbnail.jpg","datePublished":"2024-03-07T14:33:38+00:00","dateModified":"2025-09-08T19:35:55+00:00","breadcrumb":{"@id":"https:\/\/www.gpjbaker.com\/fr\/marques\/gp-j-baker\/kit-kemp-kits-linen\/#breadcrumb"},"inLanguage":"fr-FR","potentialAction":[{"@type":"ReadAction","target":["https:\/\/www.gpjbaker.com\/fr\/marques\/gp-j-baker\/kit-kemp-kits-linen\/"]}]},{"@type":"ImageObject","inLanguage":"fr-FR","@id":"https:\/\/www.gpjbaker.com\/fr\/marques\/gp-j-baker\/kit-kemp-kits-linen\/#primaryimage","url":"https:\/\/www.gpjbaker.com\/wp-content\/uploads\/2024\/09\/Kit-Kemp-Linen-Thumbnail.jpg","contentUrl":"https:\/\/www.gpjbaker.com\/wp-content\/uploads\/2024\/09\/Kit-Kemp-Linen-Thumbnail.jpg","width":400,"height":255,"caption":"'Kit's Linen' est une collection compl\u00e8te de toiles en lin polyvalentes et color\u00e9es, adapt\u00e9es aux rideaux, aux murs et aux tissus d'ameublement."},{"@type":"BreadcrumbList","@id":"https:\/\/www.gpjbaker.com\/fr\/marques\/gp-j-baker\/kit-kemp-kits-linen\/#breadcrumb","itemListElement":[{"@type":"ListItem","position":1,"name":"Home","item":"https:\/\/www.gpjbaker.com\/fr\/"},{"@type":"ListItem","position":2,"name":"Marques","item":"https:\/\/www.gpjbaker.com\/fr\/marques\/"},{"@type":"ListItem","position":3,"name":"GP &#038; J Baker","item":"https:\/\/www.gpjbaker.com\/fr\/marques\/gp-j-baker\/"},{"@type":"ListItem","position":4,"name":"Kit Kemp Kit&#8217;s Linen"}]},{"@type":"WebSite","@id":"https:\/\/www.gpjbaker.com\/#website","url":"https:\/\/www.gpjbaker.com\/","name":"G P &amp; J Baker","description":"","potentialAction":[{"@type":"SearchAction","target":{"@type":"EntryPoint","urlTemplate":"https:\/\/www.gpjbaker.com\/?s={search_term_string}"},"query-input":{"@type":"PropertyValueSpecification","valueRequired":true,"valueName":"search_term_string"}}],"inLanguage":"fr-FR"}]}},"_links":{"self":[{"href":"https:\/\/www.gpjbaker.com\/fr\/wp-json\/wp\/v2\/pages\/11920","targetHints":{"allow":["GET"]}}],"collection":[{"href":"https:\/\/www.gpjbaker.com\/fr\/wp-json\/wp\/v2\/pages"}],"about":[{"href":"https:\/\/www.gpjbaker.com\/fr\/wp-json\/wp\/v2\/types\/page"}],"author":[{"embeddable":true,"href":"https:\/\/www.gpjbaker.com\/fr\/wp-json\/wp\/v2\/users\/6"}],"replies":[{"embeddable":true,"href":"https:\/\/www.gpjbaker.com\/fr\/wp-json\/wp\/v2\/comments?post=11920"}],"version-history":[{"count":1,"href":"https:\/\/www.gpjbaker.com\/fr\/wp-json\/wp\/v2\/pages\/11920\/revisions"}],"predecessor-version":[{"id":11924,"href":"https:\/\/www.gpjbaker.com\/fr\/wp-json\/wp\/v2\/pages\/11920\/revisions\/11924"}],"up":[{"embeddable":true,"href":"https:\/\/www.gpjbaker.com\/fr\/wp-json\/wp\/v2\/pages\/4605"}],"wp:featuredmedia":[{"embeddable":true,"href":"https:\/\/www.gpjbaker.com\/fr\/wp-json\/wp\/v2\/media\/11925"}],"wp:attachment":[{"href":"https:\/\/www.gpjbaker.com\/fr\/wp-json\/wp\/v2\/media?parent=11920"}],"curies":[{"name":"wp","href":"https:\/\/api.w.org\/{rel}","templated":true}]}}