{"id":11343,"date":"2024-03-06T17:40:09","date_gmt":"2024-03-06T22:40:09","guid":{"rendered":"https:\/\/www.gpjbaker.com\/marques\/kravet\/riviera\/"},"modified":"2025-09-09T12:09:51","modified_gmt":"2025-09-09T17:09:51","slug":"riviera","status":"publish","type":"page","link":"https:\/\/www.gpjbaker.com\/fr\/marques\/kravet\/riviera\/","title":{"rendered":"Riviera"},"content":{"rendered":"La collection Riviera de Kravet Couture transforme les maisons d&#8217;\u00e9t\u00e9 en ch\u00e2teaux fran\u00e7ais, \u00e9voquant les apr\u00e8s-midi d\u00e9contract\u00e9s pass\u00e9s au bord de la piscine. Avec des motifs inspir\u00e9s des archives Kravet dans une palette de neutres sablonneux et de bleus oc\u00e9aniques, ces textiles performants sont con\u00e7us pour un usage int\u00e9rieur et ext\u00e9rieur et r\u00e9sistent \u00e0 la d\u00e9coloration.\r\n\r\n<script type=\"text\/javascript\"> \r\nvar searchURL = \"sort=DATE&use=Multipurpose,Trim, Upholstery,Wallcovering,Curtains&collection=Riviera Collection\"\r\n <\/script>","protected":false},"excerpt":{"rendered":"La collection Riviera de Kravet Couture transforme les maisons d&#8217;\u00e9t\u00e9 en ch\u00e2teaux fran\u00e7ais, \u00e9voquant les apr\u00e8s-midi d\u00e9contract\u00e9s pass\u00e9s au bord de la piscine. Avec des motifs inspir\u00e9s des archives Kravet dans une palette de neutres sablonneux et de bleus oc\u00e9aniques, ces textiles performants sont con\u00e7us pour un usage int\u00e9rieur et ext\u00e9rieur et r\u00e9sistent \u00e0 la&#8230; <a class=\"view-article\" href=\"https:\/\/www.gpjbaker.com\/fr\/marques\/kravet\/riviera\/\">Voir l&#8217;article<\/a>","protected":false},"author":6,"featured_media":11132,"parent":5291,"menu_order":9,"comment_status":"closed","ping_status":"closed","template":"template-collections.php","meta":{"footnotes":""},"class_list":["post-11343","page","type-page","status-publish","has-post-thumbnail","hentry","page_language-fr"],"yoast_head":"<!-- This site is optimized with the Yoast SEO plugin v26.8 - https:\/\/yoast.com\/product\/yoast-seo-wordpress\/ -->\n<title>Riviera - G P &amp; J Baker<\/title>\n<meta name=\"robots\" content=\"index, follow, max-snippet:-1, max-image-preview:large, max-video-preview:-1\" \/>\n<link rel=\"canonical\" href=\"https:\/\/www.gpjbaker.com\/fr\/marques\/kravet\/riviera\/\" \/>\n<meta property=\"og:locale\" content=\"fr_FR\" \/>\n<meta property=\"og:type\" content=\"article\" \/>\n<meta property=\"og:title\" content=\"Riviera - G P &amp; J Baker\" \/>\n<meta property=\"og:description\" content=\"La collection Riviera de Kravet Couture transforme les maisons d&#8217;\u00e9t\u00e9 en ch\u00e2teaux fran\u00e7ais, \u00e9voquant les apr\u00e8s-midi d\u00e9contract\u00e9s pass\u00e9s au bord de la piscine. Avec des motifs inspir\u00e9s des archives Kravet dans une palette de neutres sablonneux et de bleus oc\u00e9aniques, ces textiles performants sont con\u00e7us pour un usage int\u00e9rieur et ext\u00e9rieur et r\u00e9sistent \u00e0 la... Voir l&#039;article\" \/>\n<meta property=\"og:url\" content=\"https:\/\/www.gpjbaker.com\/fr\/marques\/kravet\/riviera\/\" \/>\n<meta property=\"og:site_name\" content=\"G P &amp; J Baker\" \/>\n<meta property=\"article:modified_time\" content=\"2025-09-09T17:09:51+00:00\" \/>\n<meta property=\"og:image\" content=\"https:\/\/www.gpjbaker.com\/wp-content\/uploads\/2024\/03\/KRAVET-RIVIERA-THUMBNAIL-ON-BRAND-PAGE-400-x-255-px.jpg\" \/>\n\t<meta property=\"og:image:width\" content=\"400\" \/>\n\t<meta property=\"og:image:height\" content=\"255\" \/>\n\t<meta property=\"og:image:type\" content=\"image\/jpeg\" \/>\n<meta name=\"twitter:card\" content=\"summary_large_image\" \/>\n<meta name=\"twitter:label1\" content=\"Est. reading time\" \/>\n\t<meta name=\"twitter:data1\" content=\"1 minute\" \/>\n<script type=\"application\/ld+json\" class=\"yoast-schema-graph\">{\"@context\":\"https:\/\/schema.org\",\"@graph\":[{\"@type\":\"WebPage\",\"@id\":\"https:\/\/www.gpjbaker.com\/fr\/marques\/kravet\/riviera\/\",\"url\":\"https:\/\/www.gpjbaker.com\/fr\/marques\/kravet\/riviera\/\",\"name\":\"Riviera - G P &amp; J Baker\",\"isPartOf\":{\"@id\":\"https:\/\/www.gpjbaker.com\/#website\"},\"primaryImageOfPage\":{\"@id\":\"https:\/\/www.gpjbaker.com\/fr\/marques\/kravet\/riviera\/#primaryimage\"},\"image\":{\"@id\":\"https:\/\/www.gpjbaker.com\/fr\/marques\/kravet\/riviera\/#primaryimage\"},\"thumbnailUrl\":\"https:\/\/www.gpjbaker.com\/wp-content\/uploads\/2024\/03\/KRAVET-RIVIERA-THUMBNAIL-ON-BRAND-PAGE-400-x-255-px.jpg\",\"datePublished\":\"2024-03-06T22:40:09+00:00\",\"dateModified\":\"2025-09-09T17:09:51+00:00\",\"breadcrumb\":{\"@id\":\"https:\/\/www.gpjbaker.com\/fr\/marques\/kravet\/riviera\/#breadcrumb\"},\"inLanguage\":\"fr-FR\",\"potentialAction\":[{\"@type\":\"ReadAction\",\"target\":[\"https:\/\/www.gpjbaker.com\/fr\/marques\/kravet\/riviera\/\"]}]},{\"@type\":\"ImageObject\",\"inLanguage\":\"fr-FR\",\"@id\":\"https:\/\/www.gpjbaker.com\/fr\/marques\/kravet\/riviera\/#primaryimage\",\"url\":\"https:\/\/www.gpjbaker.com\/wp-content\/uploads\/2024\/03\/KRAVET-RIVIERA-THUMBNAIL-ON-BRAND-PAGE-400-x-255-px.jpg\",\"contentUrl\":\"https:\/\/www.gpjbaker.com\/wp-content\/uploads\/2024\/03\/KRAVET-RIVIERA-THUMBNAIL-ON-BRAND-PAGE-400-x-255-px.jpg\",\"width\":400,\"height\":255,\"caption\":\"The Riviera Collection by Kravet Couture features performance fabrics in sandy neutrals and ocean blues designed for indoor and outdoor use.\"},{\"@type\":\"BreadcrumbList\",\"@id\":\"https:\/\/www.gpjbaker.com\/fr\/marques\/kravet\/riviera\/#breadcrumb\",\"itemListElement\":[{\"@type\":\"ListItem\",\"position\":1,\"name\":\"Home\",\"item\":\"https:\/\/www.gpjbaker.com\/fr\/\"},{\"@type\":\"ListItem\",\"position\":2,\"name\":\"Marques\",\"item\":\"https:\/\/www.gpjbaker.com\/fr\/marques\/\"},{\"@type\":\"ListItem\",\"position\":3,\"name\":\"Kravet\",\"item\":\"https:\/\/www.gpjbaker.com\/fr\/marques\/kravet\/\"},{\"@type\":\"ListItem\",\"position\":4,\"name\":\"Riviera\"}]},{\"@type\":\"WebSite\",\"@id\":\"https:\/\/www.gpjbaker.com\/#website\",\"url\":\"https:\/\/www.gpjbaker.com\/\",\"name\":\"G P &amp; J Baker\",\"description\":\"\",\"potentialAction\":[{\"@type\":\"SearchAction\",\"target\":{\"@type\":\"EntryPoint\",\"urlTemplate\":\"https:\/\/www.gpjbaker.com\/?s={search_term_string}\"},\"query-input\":{\"@type\":\"PropertyValueSpecification\",\"valueRequired\":true,\"valueName\":\"search_term_string\"}}],\"inLanguage\":\"fr-FR\"}]}<\/script>\n<!-- \/ Yoast SEO plugin. -->","yoast_head_json":{"title":"Riviera - G P &amp; J Baker","robots":{"index":"index","follow":"follow","max-snippet":"max-snippet:-1","max-image-preview":"max-image-preview:large","max-video-preview":"max-video-preview:-1"},"canonical":"https:\/\/www.gpjbaker.com\/fr\/marques\/kravet\/riviera\/","og_locale":"fr_FR","og_type":"article","og_title":"Riviera - G P &amp; J Baker","og_description":"La collection Riviera de Kravet Couture transforme les maisons d&#8217;\u00e9t\u00e9 en ch\u00e2teaux fran\u00e7ais, \u00e9voquant les apr\u00e8s-midi d\u00e9contract\u00e9s pass\u00e9s au bord de la piscine. Avec des motifs inspir\u00e9s des archives Kravet dans une palette de neutres sablonneux et de bleus oc\u00e9aniques, ces textiles performants sont con\u00e7us pour un usage int\u00e9rieur et ext\u00e9rieur et r\u00e9sistent \u00e0 la... Voir l'article","og_url":"https:\/\/www.gpjbaker.com\/fr\/marques\/kravet\/riviera\/","og_site_name":"G P &amp; J Baker","article_modified_time":"2025-09-09T17:09:51+00:00","og_image":[{"width":400,"height":255,"url":"https:\/\/www.gpjbaker.com\/wp-content\/uploads\/2024\/03\/KRAVET-RIVIERA-THUMBNAIL-ON-BRAND-PAGE-400-x-255-px.jpg","type":"image\/jpeg"}],"twitter_card":"summary_large_image","twitter_misc":{"Est. reading time":"1 minute"},"schema":{"@context":"https:\/\/schema.org","@graph":[{"@type":"WebPage","@id":"https:\/\/www.gpjbaker.com\/fr\/marques\/kravet\/riviera\/","url":"https:\/\/www.gpjbaker.com\/fr\/marques\/kravet\/riviera\/","name":"Riviera - G P &amp; J Baker","isPartOf":{"@id":"https:\/\/www.gpjbaker.com\/#website"},"primaryImageOfPage":{"@id":"https:\/\/www.gpjbaker.com\/fr\/marques\/kravet\/riviera\/#primaryimage"},"image":{"@id":"https:\/\/www.gpjbaker.com\/fr\/marques\/kravet\/riviera\/#primaryimage"},"thumbnailUrl":"https:\/\/www.gpjbaker.com\/wp-content\/uploads\/2024\/03\/KRAVET-RIVIERA-THUMBNAIL-ON-BRAND-PAGE-400-x-255-px.jpg","datePublished":"2024-03-06T22:40:09+00:00","dateModified":"2025-09-09T17:09:51+00:00","breadcrumb":{"@id":"https:\/\/www.gpjbaker.com\/fr\/marques\/kravet\/riviera\/#breadcrumb"},"inLanguage":"fr-FR","potentialAction":[{"@type":"ReadAction","target":["https:\/\/www.gpjbaker.com\/fr\/marques\/kravet\/riviera\/"]}]},{"@type":"ImageObject","inLanguage":"fr-FR","@id":"https:\/\/www.gpjbaker.com\/fr\/marques\/kravet\/riviera\/#primaryimage","url":"https:\/\/www.gpjbaker.com\/wp-content\/uploads\/2024\/03\/KRAVET-RIVIERA-THUMBNAIL-ON-BRAND-PAGE-400-x-255-px.jpg","contentUrl":"https:\/\/www.gpjbaker.com\/wp-content\/uploads\/2024\/03\/KRAVET-RIVIERA-THUMBNAIL-ON-BRAND-PAGE-400-x-255-px.jpg","width":400,"height":255,"caption":"The Riviera Collection by Kravet Couture features performance fabrics in sandy neutrals and ocean blues designed for indoor and outdoor use."},{"@type":"BreadcrumbList","@id":"https:\/\/www.gpjbaker.com\/fr\/marques\/kravet\/riviera\/#breadcrumb","itemListElement":[{"@type":"ListItem","position":1,"name":"Home","item":"https:\/\/www.gpjbaker.com\/fr\/"},{"@type":"ListItem","position":2,"name":"Marques","item":"https:\/\/www.gpjbaker.com\/fr\/marques\/"},{"@type":"ListItem","position":3,"name":"Kravet","item":"https:\/\/www.gpjbaker.com\/fr\/marques\/kravet\/"},{"@type":"ListItem","position":4,"name":"Riviera"}]},{"@type":"WebSite","@id":"https:\/\/www.gpjbaker.com\/#website","url":"https:\/\/www.gpjbaker.com\/","name":"G P &amp; J Baker","description":"","potentialAction":[{"@type":"SearchAction","target":{"@type":"EntryPoint","urlTemplate":"https:\/\/www.gpjbaker.com\/?s={search_term_string}"},"query-input":{"@type":"PropertyValueSpecification","valueRequired":true,"valueName":"search_term_string"}}],"inLanguage":"fr-FR"}]}},"_links":{"self":[{"href":"https:\/\/www.gpjbaker.com\/fr\/wp-json\/wp\/v2\/pages\/11343","targetHints":{"allow":["GET"]}}],"collection":[{"href":"https:\/\/www.gpjbaker.com\/fr\/wp-json\/wp\/v2\/pages"}],"about":[{"href":"https:\/\/www.gpjbaker.com\/fr\/wp-json\/wp\/v2\/types\/page"}],"author":[{"embeddable":true,"href":"https:\/\/www.gpjbaker.com\/fr\/wp-json\/wp\/v2\/users\/6"}],"replies":[{"embeddable":true,"href":"https:\/\/www.gpjbaker.com\/fr\/wp-json\/wp\/v2\/comments?post=11343"}],"version-history":[{"count":2,"href":"https:\/\/www.gpjbaker.com\/fr\/wp-json\/wp\/v2\/pages\/11343\/revisions"}],"predecessor-version":[{"id":12152,"href":"https:\/\/www.gpjbaker.com\/fr\/wp-json\/wp\/v2\/pages\/11343\/revisions\/12152"}],"up":[{"embeddable":true,"href":"https:\/\/www.gpjbaker.com\/fr\/wp-json\/wp\/v2\/pages\/5291"}],"wp:featuredmedia":[{"embeddable":true,"href":"https:\/\/www.gpjbaker.com\/fr\/wp-json\/wp\/v2\/media\/11132"}],"wp:attachment":[{"href":"https:\/\/www.gpjbaker.com\/fr\/wp-json\/wp\/v2\/media?parent=11343"}],"curies":[{"name":"wp","href":"https:\/\/api.w.org\/{rel}","templated":true}]}}