{"id":11339,"date":"2025-09-09T12:24:27","date_gmt":"2025-09-09T17:24:27","guid":{"rendered":"https:\/\/www.gpjbaker.com\/?page_id=11339"},"modified":"2025-09-09T12:24:27","modified_gmt":"2025-09-09T17:24:27","slug":"atelier-weaves","status":"publish","type":"page","link":"https:\/\/www.gpjbaker.com\/fr\/marques\/kravet\/atelier-weaves\/","title":{"rendered":"Atelier Weaves"},"content":{"rendered":"L&#8217;incarnation du luxe et de la sophistication est fi\u00e8rement pr\u00e9sent\u00e9e dans la collection Atelier Weaves de Kravet Couture. Inspir\u00e9 par l&#8217;\u00e9l\u00e9gance d\u00e9contract\u00e9e de la c\u00f4te ouest et pr\u00e9sentant des palettes de couleurs sourdes, des motifs terriens et des textures organiques, Atelier Weaves apporte une essence de tranquillit\u00e9 et de luxe discret.\r\n\r\n<script type=\"text\/javascript\"> \r\nvar searchURL = \"sort=DATE&use=Multipurpose,Trim, Upholstery,Wallcovering,Curtains&collection=Atelier Weaves\"\r\n <\/script>","protected":false},"excerpt":{"rendered":"L&#8217;incarnation du luxe et de la sophistication est fi\u00e8rement pr\u00e9sent\u00e9e dans la collection Atelier Weaves de Kravet Couture. Inspir\u00e9 par l&#8217;\u00e9l\u00e9gance d\u00e9contract\u00e9e de la c\u00f4te ouest et pr\u00e9sentant des palettes de couleurs sourdes, des motifs terriens et des textures organiques, Atelier Weaves apporte une essence de tranquillit\u00e9 et de luxe discret.","protected":false},"author":6,"featured_media":11287,"parent":5291,"menu_order":11,"comment_status":"closed","ping_status":"closed","template":"template-collections.php","meta":{"footnotes":""},"class_list":["post-11339","page","type-page","status-publish","has-post-thumbnail","hentry","page_language-fr"],"yoast_head":"<!-- This site is optimized with the Yoast SEO plugin v26.8 - https:\/\/yoast.com\/product\/yoast-seo-wordpress\/ -->\n<title>Atelier Weaves - G P &amp; J Baker<\/title>\n<meta name=\"robots\" content=\"index, follow, max-snippet:-1, max-image-preview:large, max-video-preview:-1\" \/>\n<link rel=\"canonical\" href=\"https:\/\/www.gpjbaker.com\/fr\/marques\/kravet\/atelier-weaves\/\" \/>\n<meta property=\"og:locale\" content=\"fr_FR\" \/>\n<meta property=\"og:type\" content=\"article\" \/>\n<meta property=\"og:title\" content=\"Atelier Weaves - G P &amp; J Baker\" \/>\n<meta property=\"og:description\" content=\"L&#8217;incarnation du luxe et de la sophistication est fi\u00e8rement pr\u00e9sent\u00e9e dans la collection Atelier Weaves de Kravet Couture. Inspir\u00e9 par l&#8217;\u00e9l\u00e9gance d\u00e9contract\u00e9e de la c\u00f4te ouest et pr\u00e9sentant des palettes de couleurs sourdes, des motifs terriens et des textures organiques, Atelier Weaves apporte une essence de tranquillit\u00e9 et de luxe discret.\" \/>\n<meta property=\"og:url\" content=\"https:\/\/www.gpjbaker.com\/fr\/marques\/kravet\/atelier-weaves\/\" \/>\n<meta property=\"og:site_name\" content=\"G P &amp; J Baker\" \/>\n<meta property=\"og:image\" content=\"https:\/\/www.gpjbaker.com\/wp-content\/uploads\/2024\/03\/Atelier-Weaves-Thumb.jpg\" \/>\n\t<meta property=\"og:image:width\" content=\"400\" \/>\n\t<meta property=\"og:image:height\" content=\"255\" \/>\n\t<meta property=\"og:image:type\" content=\"image\/jpeg\" \/>\n<meta name=\"twitter:card\" content=\"summary_large_image\" \/>\n<meta name=\"twitter:label1\" content=\"Est. reading time\" \/>\n\t<meta name=\"twitter:data1\" content=\"1 minute\" \/>\n<script type=\"application\/ld+json\" class=\"yoast-schema-graph\">{\"@context\":\"https:\/\/schema.org\",\"@graph\":[{\"@type\":\"WebPage\",\"@id\":\"https:\/\/www.gpjbaker.com\/fr\/marques\/kravet\/atelier-weaves\/\",\"url\":\"https:\/\/www.gpjbaker.com\/fr\/marques\/kravet\/atelier-weaves\/\",\"name\":\"Atelier Weaves - G P &amp; J Baker\",\"isPartOf\":{\"@id\":\"https:\/\/www.gpjbaker.com\/#website\"},\"primaryImageOfPage\":{\"@id\":\"https:\/\/www.gpjbaker.com\/fr\/marques\/kravet\/atelier-weaves\/#primaryimage\"},\"image\":{\"@id\":\"https:\/\/www.gpjbaker.com\/fr\/marques\/kravet\/atelier-weaves\/#primaryimage\"},\"thumbnailUrl\":\"https:\/\/www.gpjbaker.com\/wp-content\/uploads\/2024\/03\/Atelier-Weaves-Thumb.jpg\",\"datePublished\":\"2025-09-09T17:24:27+00:00\",\"breadcrumb\":{\"@id\":\"https:\/\/www.gpjbaker.com\/fr\/marques\/kravet\/atelier-weaves\/#breadcrumb\"},\"inLanguage\":\"fr-FR\",\"potentialAction\":[{\"@type\":\"ReadAction\",\"target\":[\"https:\/\/www.gpjbaker.com\/fr\/marques\/kravet\/atelier-weaves\/\"]}]},{\"@type\":\"ImageObject\",\"inLanguage\":\"fr-FR\",\"@id\":\"https:\/\/www.gpjbaker.com\/fr\/marques\/kravet\/atelier-weaves\/#primaryimage\",\"url\":\"https:\/\/www.gpjbaker.com\/wp-content\/uploads\/2024\/03\/Atelier-Weaves-Thumb.jpg\",\"contentUrl\":\"https:\/\/www.gpjbaker.com\/wp-content\/uploads\/2024\/03\/Atelier-Weaves-Thumb.jpg\",\"width\":400,\"height\":255,\"caption\":\"Featuring muted colour palettes, earthy patterns, and organic textures, Atelier Weaves by Kravet Couture brings an essence of tranquility and sophistication.\"},{\"@type\":\"BreadcrumbList\",\"@id\":\"https:\/\/www.gpjbaker.com\/fr\/marques\/kravet\/atelier-weaves\/#breadcrumb\",\"itemListElement\":[{\"@type\":\"ListItem\",\"position\":1,\"name\":\"Home\",\"item\":\"https:\/\/www.gpjbaker.com\/fr\/\"},{\"@type\":\"ListItem\",\"position\":2,\"name\":\"Marques\",\"item\":\"https:\/\/www.gpjbaker.com\/fr\/marques\/\"},{\"@type\":\"ListItem\",\"position\":3,\"name\":\"Kravet\",\"item\":\"https:\/\/www.gpjbaker.com\/fr\/marques\/kravet\/\"},{\"@type\":\"ListItem\",\"position\":4,\"name\":\"Atelier Weaves\"}]},{\"@type\":\"WebSite\",\"@id\":\"https:\/\/www.gpjbaker.com\/#website\",\"url\":\"https:\/\/www.gpjbaker.com\/\",\"name\":\"G P &amp; J Baker\",\"description\":\"\",\"potentialAction\":[{\"@type\":\"SearchAction\",\"target\":{\"@type\":\"EntryPoint\",\"urlTemplate\":\"https:\/\/www.gpjbaker.com\/?s={search_term_string}\"},\"query-input\":{\"@type\":\"PropertyValueSpecification\",\"valueRequired\":true,\"valueName\":\"search_term_string\"}}],\"inLanguage\":\"fr-FR\"}]}<\/script>\n<!-- \/ Yoast SEO plugin. -->","yoast_head_json":{"title":"Atelier Weaves - G P &amp; J Baker","robots":{"index":"index","follow":"follow","max-snippet":"max-snippet:-1","max-image-preview":"max-image-preview:large","max-video-preview":"max-video-preview:-1"},"canonical":"https:\/\/www.gpjbaker.com\/fr\/marques\/kravet\/atelier-weaves\/","og_locale":"fr_FR","og_type":"article","og_title":"Atelier Weaves - G P &amp; J Baker","og_description":"L&#8217;incarnation du luxe et de la sophistication est fi\u00e8rement pr\u00e9sent\u00e9e dans la collection Atelier Weaves de Kravet Couture. Inspir\u00e9 par l&#8217;\u00e9l\u00e9gance d\u00e9contract\u00e9e de la c\u00f4te ouest et pr\u00e9sentant des palettes de couleurs sourdes, des motifs terriens et des textures organiques, Atelier Weaves apporte une essence de tranquillit\u00e9 et de luxe discret.","og_url":"https:\/\/www.gpjbaker.com\/fr\/marques\/kravet\/atelier-weaves\/","og_site_name":"G P &amp; J Baker","og_image":[{"width":400,"height":255,"url":"https:\/\/www.gpjbaker.com\/wp-content\/uploads\/2024\/03\/Atelier-Weaves-Thumb.jpg","type":"image\/jpeg"}],"twitter_card":"summary_large_image","twitter_misc":{"Est. reading time":"1 minute"},"schema":{"@context":"https:\/\/schema.org","@graph":[{"@type":"WebPage","@id":"https:\/\/www.gpjbaker.com\/fr\/marques\/kravet\/atelier-weaves\/","url":"https:\/\/www.gpjbaker.com\/fr\/marques\/kravet\/atelier-weaves\/","name":"Atelier Weaves - G P &amp; J Baker","isPartOf":{"@id":"https:\/\/www.gpjbaker.com\/#website"},"primaryImageOfPage":{"@id":"https:\/\/www.gpjbaker.com\/fr\/marques\/kravet\/atelier-weaves\/#primaryimage"},"image":{"@id":"https:\/\/www.gpjbaker.com\/fr\/marques\/kravet\/atelier-weaves\/#primaryimage"},"thumbnailUrl":"https:\/\/www.gpjbaker.com\/wp-content\/uploads\/2024\/03\/Atelier-Weaves-Thumb.jpg","datePublished":"2025-09-09T17:24:27+00:00","breadcrumb":{"@id":"https:\/\/www.gpjbaker.com\/fr\/marques\/kravet\/atelier-weaves\/#breadcrumb"},"inLanguage":"fr-FR","potentialAction":[{"@type":"ReadAction","target":["https:\/\/www.gpjbaker.com\/fr\/marques\/kravet\/atelier-weaves\/"]}]},{"@type":"ImageObject","inLanguage":"fr-FR","@id":"https:\/\/www.gpjbaker.com\/fr\/marques\/kravet\/atelier-weaves\/#primaryimage","url":"https:\/\/www.gpjbaker.com\/wp-content\/uploads\/2024\/03\/Atelier-Weaves-Thumb.jpg","contentUrl":"https:\/\/www.gpjbaker.com\/wp-content\/uploads\/2024\/03\/Atelier-Weaves-Thumb.jpg","width":400,"height":255,"caption":"Featuring muted colour palettes, earthy patterns, and organic textures, Atelier Weaves by Kravet Couture brings an essence of tranquility and sophistication."},{"@type":"BreadcrumbList","@id":"https:\/\/www.gpjbaker.com\/fr\/marques\/kravet\/atelier-weaves\/#breadcrumb","itemListElement":[{"@type":"ListItem","position":1,"name":"Home","item":"https:\/\/www.gpjbaker.com\/fr\/"},{"@type":"ListItem","position":2,"name":"Marques","item":"https:\/\/www.gpjbaker.com\/fr\/marques\/"},{"@type":"ListItem","position":3,"name":"Kravet","item":"https:\/\/www.gpjbaker.com\/fr\/marques\/kravet\/"},{"@type":"ListItem","position":4,"name":"Atelier Weaves"}]},{"@type":"WebSite","@id":"https:\/\/www.gpjbaker.com\/#website","url":"https:\/\/www.gpjbaker.com\/","name":"G P &amp; J Baker","description":"","potentialAction":[{"@type":"SearchAction","target":{"@type":"EntryPoint","urlTemplate":"https:\/\/www.gpjbaker.com\/?s={search_term_string}"},"query-input":{"@type":"PropertyValueSpecification","valueRequired":true,"valueName":"search_term_string"}}],"inLanguage":"fr-FR"}]}},"_links":{"self":[{"href":"https:\/\/www.gpjbaker.com\/fr\/wp-json\/wp\/v2\/pages\/11339","targetHints":{"allow":["GET"]}}],"collection":[{"href":"https:\/\/www.gpjbaker.com\/fr\/wp-json\/wp\/v2\/pages"}],"about":[{"href":"https:\/\/www.gpjbaker.com\/fr\/wp-json\/wp\/v2\/types\/page"}],"author":[{"embeddable":true,"href":"https:\/\/www.gpjbaker.com\/fr\/wp-json\/wp\/v2\/users\/6"}],"replies":[{"embeddable":true,"href":"https:\/\/www.gpjbaker.com\/fr\/wp-json\/wp\/v2\/comments?post=11339"}],"version-history":[{"count":3,"href":"https:\/\/www.gpjbaker.com\/fr\/wp-json\/wp\/v2\/pages\/11339\/revisions"}],"predecessor-version":[{"id":12153,"href":"https:\/\/www.gpjbaker.com\/fr\/wp-json\/wp\/v2\/pages\/11339\/revisions\/12153"}],"up":[{"embeddable":true,"href":"https:\/\/www.gpjbaker.com\/fr\/wp-json\/wp\/v2\/pages\/5291"}],"wp:featuredmedia":[{"embeddable":true,"href":"https:\/\/www.gpjbaker.com\/fr\/wp-json\/wp\/v2\/media\/11287"}],"wp:attachment":[{"href":"https:\/\/www.gpjbaker.com\/fr\/wp-json\/wp\/v2\/media?parent=11339"}],"curies":[{"name":"wp","href":"https:\/\/api.w.org\/{rel}","templated":true}]}}