{"id":10501,"date":"2023-02-16T12:25:20","date_gmt":"2023-02-16T17:25:20","guid":{"rendered":"https:\/\/www.gpjbaker.com\/?page_id=10501"},"modified":"2025-09-09T11:02:07","modified_gmt":"2025-09-09T16:02:07","slug":"icons-fabric","status":"publish","type":"page","link":"https:\/\/www.gpjbaker.com\/fr\/marques\/mulberry-home\/icons-fabric\/","title":{"rendered":"Icons Fabric"},"content":{"rendered":"<div class=\"wpb-content-wrapper\">[vc_row][vc_column][vc_column_text]Adapt\u00e9s \u00e0 la fois \u00e0 la ville et \u00e0 la campagne, les motifs tr\u00e8s appr\u00e9ci\u00e9s sur le lin, le velours riche et le pur coton ont \u00e9t\u00e9 r\u00e9invent\u00e9s de mani\u00e8re cr\u00e9ative dans de nouvelles couleurs \u00e9poustouflantes, aux c\u00f4t\u00e9s de deux tissages intemporels avec un esprit d&#8217;individualit\u00e9, c\u00e9l\u00e9brant une esth\u00e9tique typiquement britannique.\r\n\r\n<a style=\"text-decoration: underline;\" href=\"https:\/\/www.gpjbaker.com\/fr\/marques\/mulberry-home\/icons-wallpaper\/\" rel=\"noopener noreferrer\">Afficher le Papier Peint Assortil<\/a>\r\n\r\n<a style=\"text-decoration: underline;\" href=\"https:\/\/cloud.3dissue.com\/209583\/209767\/246228\/ICONS-FABRIC\/\" rel=\"noopener noreferrer\">Voir le Livre de Patrons Virtuel<\/a>[\/vc_column_text][\/vc_column][\/vc_row][vc_row][vc_column][vc_raw_js]JTNDc2NyaXB0JTIwdHlwZSUzRCUyMnRleHQlMkZqYXZhc2NyaXB0JTIyJTNFJTIwJTBBdmFyJTIwc2VhcmNoVVJMJTIwJTNEJTIwJTIyc29ydCUzRERBVEUlMjZ1c2UlM0RNdWx0aXB1cnBvc2UlMkNUcmltJTJDJTIwVXBob2xzdGVyeSUyQ1dhbGxjb3ZlcmluZyUyQ0N1cnRhaW5zJTI2Y29sbGVjdGlvbiUzREljb25zJTIwRmFicmljcyUyMiUwQSUyMCUzQyUyRnNjcmlwdCUzRQ==[\/vc_raw_js][\/vc_column][\/vc_row]<\/div>","protected":false},"excerpt":{"rendered":"[vc_row][vc_column][vc_column_text]Adapt\u00e9s \u00e0 la fois \u00e0 la ville et \u00e0 la campagne, les motifs tr\u00e8s appr\u00e9ci\u00e9s sur le lin, le velours riche et le pur coton ont \u00e9t\u00e9 r\u00e9invent\u00e9s de mani\u00e8re cr\u00e9ative dans de nouvelles couleurs \u00e9poustouflantes, aux c\u00f4t\u00e9s de deux tissages intemporels avec un esprit d&#8217;individualit\u00e9, c\u00e9l\u00e9brant une esth\u00e9tique typiquement britannique. Afficher le Papier Peint&#8230; <a class=\"view-article\" href=\"https:\/\/www.gpjbaker.com\/fr\/marques\/mulberry-home\/icons-fabric\/\">Voir l&#8217;article<\/a>","protected":false},"author":6,"featured_media":10007,"parent":5294,"menu_order":10,"comment_status":"closed","ping_status":"closed","template":"template-collections.php","meta":{"footnotes":""},"class_list":["post-10501","page","type-page","status-publish","has-post-thumbnail","hentry","page_language-fr"],"yoast_head":"<!-- This site is optimized with the Yoast SEO plugin v26.8 - https:\/\/yoast.com\/product\/yoast-seo-wordpress\/ -->\n<title>Icons Fabric - G P &amp; J Baker<\/title>\n<meta name=\"robots\" content=\"index, follow, max-snippet:-1, max-image-preview:large, max-video-preview:-1\" \/>\n<link rel=\"canonical\" href=\"https:\/\/www.gpjbaker.com\/fr\/marques\/mulberry-home\/icons-fabric\/\" \/>\n<meta property=\"og:locale\" content=\"fr_FR\" \/>\n<meta property=\"og:type\" content=\"article\" \/>\n<meta property=\"og:title\" content=\"Icons Fabric - G P &amp; J Baker\" \/>\n<meta property=\"og:description\" content=\"[vc_row][vc_column][vc_column_text]Adapt\u00e9s \u00e0 la fois \u00e0 la ville et \u00e0 la campagne, les motifs tr\u00e8s appr\u00e9ci\u00e9s sur le lin, le velours riche et le pur coton ont \u00e9t\u00e9 r\u00e9invent\u00e9s de mani\u00e8re cr\u00e9ative dans de nouvelles couleurs \u00e9poustouflantes, aux c\u00f4t\u00e9s de deux tissages intemporels avec un esprit d&#8217;individualit\u00e9, c\u00e9l\u00e9brant une esth\u00e9tique typiquement britannique. Afficher le Papier Peint... Voir l&#039;article\" \/>\n<meta property=\"og:url\" content=\"https:\/\/www.gpjbaker.com\/fr\/marques\/mulberry-home\/icons-fabric\/\" \/>\n<meta property=\"og:site_name\" content=\"G P &amp; J Baker\" \/>\n<meta property=\"article:modified_time\" content=\"2025-09-09T16:02:07+00:00\" \/>\n<meta property=\"og:image\" content=\"https:\/\/www.gpjbaker.com\/wp-content\/uploads\/2022\/04\/MH-Icons-Fabrics-Thumb.jpg\" \/>\n\t<meta property=\"og:image:width\" content=\"400\" \/>\n\t<meta property=\"og:image:height\" content=\"255\" \/>\n\t<meta property=\"og:image:type\" content=\"image\/jpeg\" \/>\n<meta name=\"twitter:card\" content=\"summary_large_image\" \/>\n<meta name=\"twitter:label1\" content=\"Est. reading time\" \/>\n\t<meta name=\"twitter:data1\" content=\"1 minute\" \/>\n<script type=\"application\/ld+json\" class=\"yoast-schema-graph\">{\"@context\":\"https:\/\/schema.org\",\"@graph\":[{\"@type\":\"WebPage\",\"@id\":\"https:\/\/www.gpjbaker.com\/fr\/marques\/mulberry-home\/icons-fabric\/\",\"url\":\"https:\/\/www.gpjbaker.com\/fr\/marques\/mulberry-home\/icons-fabric\/\",\"name\":\"Icons Fabric - G P &amp; J Baker\",\"isPartOf\":{\"@id\":\"https:\/\/www.gpjbaker.com\/#website\"},\"primaryImageOfPage\":{\"@id\":\"https:\/\/www.gpjbaker.com\/fr\/marques\/mulberry-home\/icons-fabric\/#primaryimage\"},\"image\":{\"@id\":\"https:\/\/www.gpjbaker.com\/fr\/marques\/mulberry-home\/icons-fabric\/#primaryimage\"},\"thumbnailUrl\":\"https:\/\/www.gpjbaker.com\/wp-content\/uploads\/2022\/04\/MH-Icons-Fabrics-Thumb.jpg\",\"datePublished\":\"2023-02-16T17:25:20+00:00\",\"dateModified\":\"2025-09-09T16:02:07+00:00\",\"breadcrumb\":{\"@id\":\"https:\/\/www.gpjbaker.com\/fr\/marques\/mulberry-home\/icons-fabric\/#breadcrumb\"},\"inLanguage\":\"fr-FR\",\"potentialAction\":[{\"@type\":\"ReadAction\",\"target\":[\"https:\/\/www.gpjbaker.com\/fr\/marques\/mulberry-home\/icons-fabric\/\"]}]},{\"@type\":\"ImageObject\",\"inLanguage\":\"fr-FR\",\"@id\":\"https:\/\/www.gpjbaker.com\/fr\/marques\/mulberry-home\/icons-fabric\/#primaryimage\",\"url\":\"https:\/\/www.gpjbaker.com\/wp-content\/uploads\/2022\/04\/MH-Icons-Fabrics-Thumb.jpg\",\"contentUrl\":\"https:\/\/www.gpjbaker.com\/wp-content\/uploads\/2022\/04\/MH-Icons-Fabrics-Thumb.jpg\",\"width\":400,\"height\":255,\"caption\":\"Des motifs pr\u00e9cieux r\u00e9invent\u00e9s de mani\u00e8re cr\u00e9ative dans de nouvelles couleurs \u00e9poustouflantes\"},{\"@type\":\"BreadcrumbList\",\"@id\":\"https:\/\/www.gpjbaker.com\/fr\/marques\/mulberry-home\/icons-fabric\/#breadcrumb\",\"itemListElement\":[{\"@type\":\"ListItem\",\"position\":1,\"name\":\"Home\",\"item\":\"https:\/\/www.gpjbaker.com\/fr\/\"},{\"@type\":\"ListItem\",\"position\":2,\"name\":\"Marques\",\"item\":\"https:\/\/www.gpjbaker.com\/fr\/marques\/\"},{\"@type\":\"ListItem\",\"position\":3,\"name\":\"Mulberry Home\",\"item\":\"https:\/\/www.gpjbaker.com\/fr\/marques\/mulberry-home\/\"},{\"@type\":\"ListItem\",\"position\":4,\"name\":\"Icons Fabric\"}]},{\"@type\":\"WebSite\",\"@id\":\"https:\/\/www.gpjbaker.com\/#website\",\"url\":\"https:\/\/www.gpjbaker.com\/\",\"name\":\"G P &amp; J Baker\",\"description\":\"\",\"potentialAction\":[{\"@type\":\"SearchAction\",\"target\":{\"@type\":\"EntryPoint\",\"urlTemplate\":\"https:\/\/www.gpjbaker.com\/?s={search_term_string}\"},\"query-input\":{\"@type\":\"PropertyValueSpecification\",\"valueRequired\":true,\"valueName\":\"search_term_string\"}}],\"inLanguage\":\"fr-FR\"}]}<\/script>\n<!-- \/ Yoast SEO plugin. -->","yoast_head_json":{"title":"Icons Fabric - G P &amp; J Baker","robots":{"index":"index","follow":"follow","max-snippet":"max-snippet:-1","max-image-preview":"max-image-preview:large","max-video-preview":"max-video-preview:-1"},"canonical":"https:\/\/www.gpjbaker.com\/fr\/marques\/mulberry-home\/icons-fabric\/","og_locale":"fr_FR","og_type":"article","og_title":"Icons Fabric - G P &amp; J Baker","og_description":"[vc_row][vc_column][vc_column_text]Adapt\u00e9s \u00e0 la fois \u00e0 la ville et \u00e0 la campagne, les motifs tr\u00e8s appr\u00e9ci\u00e9s sur le lin, le velours riche et le pur coton ont \u00e9t\u00e9 r\u00e9invent\u00e9s de mani\u00e8re cr\u00e9ative dans de nouvelles couleurs \u00e9poustouflantes, aux c\u00f4t\u00e9s de deux tissages intemporels avec un esprit d&#8217;individualit\u00e9, c\u00e9l\u00e9brant une esth\u00e9tique typiquement britannique. Afficher le Papier Peint... Voir l'article","og_url":"https:\/\/www.gpjbaker.com\/fr\/marques\/mulberry-home\/icons-fabric\/","og_site_name":"G P &amp; J Baker","article_modified_time":"2025-09-09T16:02:07+00:00","og_image":[{"width":400,"height":255,"url":"https:\/\/www.gpjbaker.com\/wp-content\/uploads\/2022\/04\/MH-Icons-Fabrics-Thumb.jpg","type":"image\/jpeg"}],"twitter_card":"summary_large_image","twitter_misc":{"Est. reading time":"1 minute"},"schema":{"@context":"https:\/\/schema.org","@graph":[{"@type":"WebPage","@id":"https:\/\/www.gpjbaker.com\/fr\/marques\/mulberry-home\/icons-fabric\/","url":"https:\/\/www.gpjbaker.com\/fr\/marques\/mulberry-home\/icons-fabric\/","name":"Icons Fabric - G P &amp; J Baker","isPartOf":{"@id":"https:\/\/www.gpjbaker.com\/#website"},"primaryImageOfPage":{"@id":"https:\/\/www.gpjbaker.com\/fr\/marques\/mulberry-home\/icons-fabric\/#primaryimage"},"image":{"@id":"https:\/\/www.gpjbaker.com\/fr\/marques\/mulberry-home\/icons-fabric\/#primaryimage"},"thumbnailUrl":"https:\/\/www.gpjbaker.com\/wp-content\/uploads\/2022\/04\/MH-Icons-Fabrics-Thumb.jpg","datePublished":"2023-02-16T17:25:20+00:00","dateModified":"2025-09-09T16:02:07+00:00","breadcrumb":{"@id":"https:\/\/www.gpjbaker.com\/fr\/marques\/mulberry-home\/icons-fabric\/#breadcrumb"},"inLanguage":"fr-FR","potentialAction":[{"@type":"ReadAction","target":["https:\/\/www.gpjbaker.com\/fr\/marques\/mulberry-home\/icons-fabric\/"]}]},{"@type":"ImageObject","inLanguage":"fr-FR","@id":"https:\/\/www.gpjbaker.com\/fr\/marques\/mulberry-home\/icons-fabric\/#primaryimage","url":"https:\/\/www.gpjbaker.com\/wp-content\/uploads\/2022\/04\/MH-Icons-Fabrics-Thumb.jpg","contentUrl":"https:\/\/www.gpjbaker.com\/wp-content\/uploads\/2022\/04\/MH-Icons-Fabrics-Thumb.jpg","width":400,"height":255,"caption":"Des motifs pr\u00e9cieux r\u00e9invent\u00e9s de mani\u00e8re cr\u00e9ative dans de nouvelles couleurs \u00e9poustouflantes"},{"@type":"BreadcrumbList","@id":"https:\/\/www.gpjbaker.com\/fr\/marques\/mulberry-home\/icons-fabric\/#breadcrumb","itemListElement":[{"@type":"ListItem","position":1,"name":"Home","item":"https:\/\/www.gpjbaker.com\/fr\/"},{"@type":"ListItem","position":2,"name":"Marques","item":"https:\/\/www.gpjbaker.com\/fr\/marques\/"},{"@type":"ListItem","position":3,"name":"Mulberry Home","item":"https:\/\/www.gpjbaker.com\/fr\/marques\/mulberry-home\/"},{"@type":"ListItem","position":4,"name":"Icons Fabric"}]},{"@type":"WebSite","@id":"https:\/\/www.gpjbaker.com\/#website","url":"https:\/\/www.gpjbaker.com\/","name":"G P &amp; J Baker","description":"","potentialAction":[{"@type":"SearchAction","target":{"@type":"EntryPoint","urlTemplate":"https:\/\/www.gpjbaker.com\/?s={search_term_string}"},"query-input":{"@type":"PropertyValueSpecification","valueRequired":true,"valueName":"search_term_string"}}],"inLanguage":"fr-FR"}]}},"_links":{"self":[{"href":"https:\/\/www.gpjbaker.com\/fr\/wp-json\/wp\/v2\/pages\/10501","targetHints":{"allow":["GET"]}}],"collection":[{"href":"https:\/\/www.gpjbaker.com\/fr\/wp-json\/wp\/v2\/pages"}],"about":[{"href":"https:\/\/www.gpjbaker.com\/fr\/wp-json\/wp\/v2\/types\/page"}],"author":[{"embeddable":true,"href":"https:\/\/www.gpjbaker.com\/fr\/wp-json\/wp\/v2\/users\/6"}],"replies":[{"embeddable":true,"href":"https:\/\/www.gpjbaker.com\/fr\/wp-json\/wp\/v2\/comments?post=10501"}],"version-history":[{"count":4,"href":"https:\/\/www.gpjbaker.com\/fr\/wp-json\/wp\/v2\/pages\/10501\/revisions"}],"predecessor-version":[{"id":10507,"href":"https:\/\/www.gpjbaker.com\/fr\/wp-json\/wp\/v2\/pages\/10501\/revisions\/10507"}],"up":[{"embeddable":true,"href":"https:\/\/www.gpjbaker.com\/fr\/wp-json\/wp\/v2\/pages\/5294"}],"wp:featuredmedia":[{"embeddable":true,"href":"https:\/\/www.gpjbaker.com\/fr\/wp-json\/wp\/v2\/media\/10007"}],"wp:attachment":[{"href":"https:\/\/www.gpjbaker.com\/fr\/wp-json\/wp\/v2\/media?parent=10501"}],"curies":[{"name":"wp","href":"https:\/\/api.w.org\/{rel}","templated":true}]}}