{"id":10383,"date":"2023-01-26T15:02:24","date_gmt":"2023-01-26T20:02:24","guid":{"rendered":"https:\/\/www.gpjbaker.com\/?page_id=10383"},"modified":"2025-09-11T11:41:07","modified_gmt":"2025-09-11T16:41:07","slug":"house-small-prints","status":"publish","type":"page","link":"https:\/\/www.gpjbaker.com\/fr\/marques\/gp-j-baker\/house-small-prints\/","title":{"rendered":"House Small Prints"},"content":{"rendered":"<div class=\"wpb-content-wrapper\">[vc_row][vc_column][vc_column_text css=&#8221;&#8221;]&#8221;House Small Prints&#8221; est une ravissante collection de sept petits motifs adaptables pour cr\u00e9er des pi\u00e8ces joyeuses. Intelligents et attrayants, ces petits mod\u00e8les exceptionnels sont d\u00e9riv\u00e9s de blocs de bois originaux et sont pr\u00e9sent\u00e9s dans une palette concise et contemporaine qui mettra en valeur les int\u00e9rieurs traditionnels et modernes.\r\n\r\n<a style=\"text-decoration: underline;\" href=\"https:\/\/www.gpjbaker.com\/fr\/marques\/gp-j-baker\/house-small-prints-wallpaper\/\">Voir Les Fonds D\u2019\u00e9cran Correspondants<\/a>\r\n\r\n<a style=\"text-decoration: underline;\" href=\"https:\/\/cloud.3dissue.com\/209583\/209767\/246228\/HOUSE-SMALL-PRINTS-FABRIC\/\" target=\"_blank\" rel=\"noopener\">Voir le livre de patrons virtuel<\/a>\r\n\r\n<script type=\"text\/javascript\"> \r\nvar searchURL = \"sort=DATE&use=Multipurpose,Trim, Upholstery,Wallcovering,Curtains&collection=House Small Prints\"\r\n <\/script>[\/vc_column_text][\/vc_column][\/vc_row]<\/div>","protected":false},"excerpt":{"rendered":"[vc_row][vc_column][vc_column_text css=&#8221;&#8221;]&#8221;House Small Prints&#8221; est une ravissante collection de sept petits motifs adaptables pour cr\u00e9er des pi\u00e8ces joyeuses. Intelligents et attrayants, ces petits mod\u00e8les exceptionnels sont d\u00e9riv\u00e9s de blocs de bois originaux et sont pr\u00e9sent\u00e9s dans une palette concise et contemporaine qui mettra en valeur les int\u00e9rieurs traditionnels et modernes. Voir Les Fonds D\u2019\u00e9cran Correspondants&#8230; <a class=\"view-article\" href=\"https:\/\/www.gpjbaker.com\/fr\/marques\/gp-j-baker\/house-small-prints\/\">Voir l&#8217;article<\/a>","protected":false},"author":6,"featured_media":10144,"parent":4605,"menu_order":0,"comment_status":"closed","ping_status":"closed","template":"template-collections.php","meta":{"footnotes":""},"class_list":["post-10383","page","type-page","status-publish","has-post-thumbnail","hentry","page_language-fr"],"yoast_head":"<!-- This site is optimized with the Yoast SEO plugin v26.8 - https:\/\/yoast.com\/product\/yoast-seo-wordpress\/ -->\n<title>House Small Prints - G P &amp; J Baker<\/title>\n<meta name=\"robots\" content=\"index, follow, max-snippet:-1, max-image-preview:large, max-video-preview:-1\" \/>\n<link rel=\"canonical\" href=\"https:\/\/www.gpjbaker.com\/fr\/marques\/gp-j-baker\/house-small-prints\/\" \/>\n<meta property=\"og:locale\" content=\"fr_FR\" \/>\n<meta property=\"og:type\" content=\"article\" \/>\n<meta property=\"og:title\" content=\"House Small Prints - G P &amp; J Baker\" \/>\n<meta property=\"og:description\" content=\"[vc_row][vc_column][vc_column_text css=&#8221;&#8221;]&#8221;House Small Prints&#8221; est une ravissante collection de sept petits motifs adaptables pour cr\u00e9er des pi\u00e8ces joyeuses. Intelligents et attrayants, ces petits mod\u00e8les exceptionnels sont d\u00e9riv\u00e9s de blocs de bois originaux et sont pr\u00e9sent\u00e9s dans une palette concise et contemporaine qui mettra en valeur les int\u00e9rieurs traditionnels et modernes. Voir Les Fonds D\u2019\u00e9cran Correspondants... Voir l&#039;article\" \/>\n<meta property=\"og:url\" content=\"https:\/\/www.gpjbaker.com\/fr\/marques\/gp-j-baker\/house-small-prints\/\" \/>\n<meta property=\"og:site_name\" content=\"G P &amp; J Baker\" \/>\n<meta property=\"article:modified_time\" content=\"2025-09-11T16:41:07+00:00\" \/>\n<meta property=\"og:image\" content=\"https:\/\/www.gpjbaker.com\/wp-content\/uploads\/2022\/09\/House_Small_Prints_Fabric_Thumb.jpg\" \/>\n\t<meta property=\"og:image:width\" content=\"400\" \/>\n\t<meta property=\"og:image:height\" content=\"255\" \/>\n\t<meta property=\"og:image:type\" content=\"image\/jpeg\" \/>\n<meta name=\"twitter:card\" content=\"summary_large_image\" \/>\n<meta name=\"twitter:label1\" content=\"Est. reading time\" \/>\n\t<meta name=\"twitter:data1\" content=\"1 minute\" \/>\n<script type=\"application\/ld+json\" class=\"yoast-schema-graph\">{\"@context\":\"https:\/\/schema.org\",\"@graph\":[{\"@type\":\"WebPage\",\"@id\":\"https:\/\/www.gpjbaker.com\/fr\/marques\/gp-j-baker\/house-small-prints\/\",\"url\":\"https:\/\/www.gpjbaker.com\/fr\/marques\/gp-j-baker\/house-small-prints\/\",\"name\":\"House Small Prints - G P &amp; J Baker\",\"isPartOf\":{\"@id\":\"https:\/\/www.gpjbaker.com\/#website\"},\"primaryImageOfPage\":{\"@id\":\"https:\/\/www.gpjbaker.com\/fr\/marques\/gp-j-baker\/house-small-prints\/#primaryimage\"},\"image\":{\"@id\":\"https:\/\/www.gpjbaker.com\/fr\/marques\/gp-j-baker\/house-small-prints\/#primaryimage\"},\"thumbnailUrl\":\"https:\/\/www.gpjbaker.com\/wp-content\/uploads\/2022\/09\/House_Small_Prints_Fabric_Thumb.jpg\",\"datePublished\":\"2023-01-26T20:02:24+00:00\",\"dateModified\":\"2025-09-11T16:41:07+00:00\",\"breadcrumb\":{\"@id\":\"https:\/\/www.gpjbaker.com\/fr\/marques\/gp-j-baker\/house-small-prints\/#breadcrumb\"},\"inLanguage\":\"fr-FR\",\"potentialAction\":[{\"@type\":\"ReadAction\",\"target\":[\"https:\/\/www.gpjbaker.com\/fr\/marques\/gp-j-baker\/house-small-prints\/\"]}]},{\"@type\":\"ImageObject\",\"inLanguage\":\"fr-FR\",\"@id\":\"https:\/\/www.gpjbaker.com\/fr\/marques\/gp-j-baker\/house-small-prints\/#primaryimage\",\"url\":\"https:\/\/www.gpjbaker.com\/wp-content\/uploads\/2022\/09\/House_Small_Prints_Fabric_Thumb.jpg\",\"contentUrl\":\"https:\/\/www.gpjbaker.com\/wp-content\/uploads\/2022\/09\/House_Small_Prints_Fabric_Thumb.jpg\",\"width\":400,\"height\":255,\"caption\":\"\\\"House Small Prints\\\" est une ravissante collection de sept petits motifs adaptables pour cr\u00e9er des pi\u00e8ces joyeuses.\"},{\"@type\":\"BreadcrumbList\",\"@id\":\"https:\/\/www.gpjbaker.com\/fr\/marques\/gp-j-baker\/house-small-prints\/#breadcrumb\",\"itemListElement\":[{\"@type\":\"ListItem\",\"position\":1,\"name\":\"Home\",\"item\":\"https:\/\/www.gpjbaker.com\/fr\/\"},{\"@type\":\"ListItem\",\"position\":2,\"name\":\"Marques\",\"item\":\"https:\/\/www.gpjbaker.com\/fr\/marques\/\"},{\"@type\":\"ListItem\",\"position\":3,\"name\":\"GP &#038; J Baker\",\"item\":\"https:\/\/www.gpjbaker.com\/fr\/marques\/gp-j-baker\/\"},{\"@type\":\"ListItem\",\"position\":4,\"name\":\"House Small Prints\"}]},{\"@type\":\"WebSite\",\"@id\":\"https:\/\/www.gpjbaker.com\/#website\",\"url\":\"https:\/\/www.gpjbaker.com\/\",\"name\":\"G P &amp; J Baker\",\"description\":\"\",\"potentialAction\":[{\"@type\":\"SearchAction\",\"target\":{\"@type\":\"EntryPoint\",\"urlTemplate\":\"https:\/\/www.gpjbaker.com\/?s={search_term_string}\"},\"query-input\":{\"@type\":\"PropertyValueSpecification\",\"valueRequired\":true,\"valueName\":\"search_term_string\"}}],\"inLanguage\":\"fr-FR\"}]}<\/script>\n<!-- \/ Yoast SEO plugin. -->","yoast_head_json":{"title":"House Small Prints - G P &amp; J Baker","robots":{"index":"index","follow":"follow","max-snippet":"max-snippet:-1","max-image-preview":"max-image-preview:large","max-video-preview":"max-video-preview:-1"},"canonical":"https:\/\/www.gpjbaker.com\/fr\/marques\/gp-j-baker\/house-small-prints\/","og_locale":"fr_FR","og_type":"article","og_title":"House Small Prints - G P &amp; J Baker","og_description":"[vc_row][vc_column][vc_column_text css=&#8221;&#8221;]&#8221;House Small Prints&#8221; est une ravissante collection de sept petits motifs adaptables pour cr\u00e9er des pi\u00e8ces joyeuses. Intelligents et attrayants, ces petits mod\u00e8les exceptionnels sont d\u00e9riv\u00e9s de blocs de bois originaux et sont pr\u00e9sent\u00e9s dans une palette concise et contemporaine qui mettra en valeur les int\u00e9rieurs traditionnels et modernes. Voir Les Fonds D\u2019\u00e9cran Correspondants... Voir l'article","og_url":"https:\/\/www.gpjbaker.com\/fr\/marques\/gp-j-baker\/house-small-prints\/","og_site_name":"G P &amp; J Baker","article_modified_time":"2025-09-11T16:41:07+00:00","og_image":[{"width":400,"height":255,"url":"https:\/\/www.gpjbaker.com\/wp-content\/uploads\/2022\/09\/House_Small_Prints_Fabric_Thumb.jpg","type":"image\/jpeg"}],"twitter_card":"summary_large_image","twitter_misc":{"Est. reading time":"1 minute"},"schema":{"@context":"https:\/\/schema.org","@graph":[{"@type":"WebPage","@id":"https:\/\/www.gpjbaker.com\/fr\/marques\/gp-j-baker\/house-small-prints\/","url":"https:\/\/www.gpjbaker.com\/fr\/marques\/gp-j-baker\/house-small-prints\/","name":"House Small Prints - G P &amp; J Baker","isPartOf":{"@id":"https:\/\/www.gpjbaker.com\/#website"},"primaryImageOfPage":{"@id":"https:\/\/www.gpjbaker.com\/fr\/marques\/gp-j-baker\/house-small-prints\/#primaryimage"},"image":{"@id":"https:\/\/www.gpjbaker.com\/fr\/marques\/gp-j-baker\/house-small-prints\/#primaryimage"},"thumbnailUrl":"https:\/\/www.gpjbaker.com\/wp-content\/uploads\/2022\/09\/House_Small_Prints_Fabric_Thumb.jpg","datePublished":"2023-01-26T20:02:24+00:00","dateModified":"2025-09-11T16:41:07+00:00","breadcrumb":{"@id":"https:\/\/www.gpjbaker.com\/fr\/marques\/gp-j-baker\/house-small-prints\/#breadcrumb"},"inLanguage":"fr-FR","potentialAction":[{"@type":"ReadAction","target":["https:\/\/www.gpjbaker.com\/fr\/marques\/gp-j-baker\/house-small-prints\/"]}]},{"@type":"ImageObject","inLanguage":"fr-FR","@id":"https:\/\/www.gpjbaker.com\/fr\/marques\/gp-j-baker\/house-small-prints\/#primaryimage","url":"https:\/\/www.gpjbaker.com\/wp-content\/uploads\/2022\/09\/House_Small_Prints_Fabric_Thumb.jpg","contentUrl":"https:\/\/www.gpjbaker.com\/wp-content\/uploads\/2022\/09\/House_Small_Prints_Fabric_Thumb.jpg","width":400,"height":255,"caption":"\"House Small Prints\" est une ravissante collection de sept petits motifs adaptables pour cr\u00e9er des pi\u00e8ces joyeuses."},{"@type":"BreadcrumbList","@id":"https:\/\/www.gpjbaker.com\/fr\/marques\/gp-j-baker\/house-small-prints\/#breadcrumb","itemListElement":[{"@type":"ListItem","position":1,"name":"Home","item":"https:\/\/www.gpjbaker.com\/fr\/"},{"@type":"ListItem","position":2,"name":"Marques","item":"https:\/\/www.gpjbaker.com\/fr\/marques\/"},{"@type":"ListItem","position":3,"name":"GP &#038; J Baker","item":"https:\/\/www.gpjbaker.com\/fr\/marques\/gp-j-baker\/"},{"@type":"ListItem","position":4,"name":"House Small Prints"}]},{"@type":"WebSite","@id":"https:\/\/www.gpjbaker.com\/#website","url":"https:\/\/www.gpjbaker.com\/","name":"G P &amp; J Baker","description":"","potentialAction":[{"@type":"SearchAction","target":{"@type":"EntryPoint","urlTemplate":"https:\/\/www.gpjbaker.com\/?s={search_term_string}"},"query-input":{"@type":"PropertyValueSpecification","valueRequired":true,"valueName":"search_term_string"}}],"inLanguage":"fr-FR"}]}},"_links":{"self":[{"href":"https:\/\/www.gpjbaker.com\/fr\/wp-json\/wp\/v2\/pages\/10383","targetHints":{"allow":["GET"]}}],"collection":[{"href":"https:\/\/www.gpjbaker.com\/fr\/wp-json\/wp\/v2\/pages"}],"about":[{"href":"https:\/\/www.gpjbaker.com\/fr\/wp-json\/wp\/v2\/types\/page"}],"author":[{"embeddable":true,"href":"https:\/\/www.gpjbaker.com\/fr\/wp-json\/wp\/v2\/users\/6"}],"replies":[{"embeddable":true,"href":"https:\/\/www.gpjbaker.com\/fr\/wp-json\/wp\/v2\/comments?post=10383"}],"version-history":[{"count":6,"href":"https:\/\/www.gpjbaker.com\/fr\/wp-json\/wp\/v2\/pages\/10383\/revisions"}],"predecessor-version":[{"id":10419,"href":"https:\/\/www.gpjbaker.com\/fr\/wp-json\/wp\/v2\/pages\/10383\/revisions\/10419"}],"up":[{"embeddable":true,"href":"https:\/\/www.gpjbaker.com\/fr\/wp-json\/wp\/v2\/pages\/4605"}],"wp:featuredmedia":[{"embeddable":true,"href":"https:\/\/www.gpjbaker.com\/fr\/wp-json\/wp\/v2\/media\/10144"}],"wp:attachment":[{"href":"https:\/\/www.gpjbaker.com\/fr\/wp-json\/wp\/v2\/media?parent=10383"}],"curies":[{"name":"wp","href":"https:\/\/api.w.org\/{rel}","templated":true}]}}