{"id":10059,"date":"2022-06-06T11:58:56","date_gmt":"2022-06-06T16:58:56","guid":{"rendered":"https:\/\/www.gpjbaker.com\/?page_id=10059"},"modified":"2025-09-10T16:26:22","modified_gmt":"2025-09-10T21:26:22","slug":"ashmore-wallpaper","status":"publish","type":"page","link":"https:\/\/www.gpjbaker.com\/fr\/marques\/gp-j-baker\/ashmore-wallpaper\/","title":{"rendered":"Ashmore Wallpaper"},"content":{"rendered":"<div class=\"wpb-content-wrapper\">[vc_row][vc_column][vc_column_text css=&#8221;&#8221;]Ashmore Wallpaper est une collection exceptionnelle de rev\u00eatements muraux d\u00e9coratifs, offrant une vision moderne de la quintessence de la maison de campagne anglaise et de la campagne environnante. Les motifs sont \u00e9l\u00e9gants et polyvalents, parfaitement adapt\u00e9s \u00e0 tous les styles d&#8217;int\u00e9rieurs et pr\u00e9sent\u00e9s dans une jolie palette allant des nuances douces et modernes de parchemin, de fard \u00e0 joues et de sauge \u00e0 l&#8217;opulent \u00e9meraude et au denim.\r\n\r\n<a style=\"text-decoration: underline;\" href=\"https:\/\/www.gpjbaker.com\/fr\/marques\/gp-j-baker\/ashmore\/\">Voir Les Tissus Assortis<\/a>\r\n\r\n<a style=\"text-decoration: underline;\" href=\"https:\/\/cloud.3dissue.com\/209583\/209767\/246228\/ASHMORE-WALLPAPER\" target=\"_new\" rel=\"noopener noreferrer\">Voir le livre de patrons virtuel<\/a>\r\n\r\n<script type=\"text\/javascript\"> \r\nvar searchURL = \"sort=DATE&use=Multipurpose,Trim, Upholstery,Wallcovering,Curtains&collection=Ashmore Wallpaper\"\r\n <\/script>[\/vc_column_text][\/vc_column][\/vc_row]<\/div>","protected":false},"excerpt":{"rendered":"[vc_row][vc_column][vc_column_text css=&#8221;&#8221;]Ashmore Wallpaper est une collection exceptionnelle de rev\u00eatements muraux d\u00e9coratifs, offrant une vision moderne de la quintessence de la maison de campagne anglaise et de la campagne environnante. Les motifs sont \u00e9l\u00e9gants et polyvalents, parfaitement adapt\u00e9s \u00e0 tous les styles d&#8217;int\u00e9rieurs et pr\u00e9sent\u00e9s dans une jolie palette allant des nuances douces et modernes de&#8230; <a class=\"view-article\" href=\"https:\/\/www.gpjbaker.com\/fr\/marques\/gp-j-baker\/ashmore-wallpaper\/\">Voir l&#8217;article<\/a>","protected":false},"author":6,"featured_media":10063,"parent":4605,"menu_order":0,"comment_status":"closed","ping_status":"closed","template":"template-collections.php","meta":{"footnotes":""},"class_list":["post-10059","page","type-page","status-publish","has-post-thumbnail","hentry","page_language-fr"],"yoast_head":"<!-- This site is optimized with the Yoast SEO plugin v26.8 - https:\/\/yoast.com\/product\/yoast-seo-wordpress\/ -->\n<title>Ashmore Wallpaper - G P &amp; J Baker<\/title>\n<meta name=\"robots\" content=\"index, follow, max-snippet:-1, max-image-preview:large, max-video-preview:-1\" \/>\n<link rel=\"canonical\" href=\"https:\/\/www.gpjbaker.com\/fr\/marques\/gp-j-baker\/ashmore-wallpaper\/\" \/>\n<meta property=\"og:locale\" content=\"fr_FR\" \/>\n<meta property=\"og:type\" content=\"article\" \/>\n<meta property=\"og:title\" content=\"Ashmore Wallpaper - G P &amp; J Baker\" \/>\n<meta property=\"og:description\" content=\"[vc_row][vc_column][vc_column_text css=&#8221;&#8221;]Ashmore Wallpaper est une collection exceptionnelle de rev\u00eatements muraux d\u00e9coratifs, offrant une vision moderne de la quintessence de la maison de campagne anglaise et de la campagne environnante. Les motifs sont \u00e9l\u00e9gants et polyvalents, parfaitement adapt\u00e9s \u00e0 tous les styles d&#8217;int\u00e9rieurs et pr\u00e9sent\u00e9s dans une jolie palette allant des nuances douces et modernes de... Voir l&#039;article\" \/>\n<meta property=\"og:url\" content=\"https:\/\/www.gpjbaker.com\/fr\/marques\/gp-j-baker\/ashmore-wallpaper\/\" \/>\n<meta property=\"og:site_name\" content=\"G P &amp; J Baker\" \/>\n<meta property=\"article:modified_time\" content=\"2025-09-10T21:26:22+00:00\" \/>\n<meta property=\"og:image\" content=\"https:\/\/www.gpjbaker.com\/wp-content\/uploads\/2022\/06\/Ashmore-Thumb-FR-1.jpg\" \/>\n\t<meta property=\"og:image:width\" content=\"400\" \/>\n\t<meta property=\"og:image:height\" content=\"255\" \/>\n\t<meta property=\"og:image:type\" content=\"image\/jpeg\" \/>\n<meta name=\"twitter:card\" content=\"summary_large_image\" \/>\n<meta name=\"twitter:label1\" content=\"Est. reading time\" \/>\n\t<meta name=\"twitter:data1\" content=\"1 minute\" \/>\n<script type=\"application\/ld+json\" class=\"yoast-schema-graph\">{\"@context\":\"https:\/\/schema.org\",\"@graph\":[{\"@type\":\"WebPage\",\"@id\":\"https:\/\/www.gpjbaker.com\/fr\/marques\/gp-j-baker\/ashmore-wallpaper\/\",\"url\":\"https:\/\/www.gpjbaker.com\/fr\/marques\/gp-j-baker\/ashmore-wallpaper\/\",\"name\":\"Ashmore Wallpaper - G P &amp; J Baker\",\"isPartOf\":{\"@id\":\"https:\/\/www.gpjbaker.com\/#website\"},\"primaryImageOfPage\":{\"@id\":\"https:\/\/www.gpjbaker.com\/fr\/marques\/gp-j-baker\/ashmore-wallpaper\/#primaryimage\"},\"image\":{\"@id\":\"https:\/\/www.gpjbaker.com\/fr\/marques\/gp-j-baker\/ashmore-wallpaper\/#primaryimage\"},\"thumbnailUrl\":\"https:\/\/www.gpjbaker.com\/wp-content\/uploads\/2022\/06\/Ashmore-Thumb-FR-1.jpg\",\"datePublished\":\"2022-06-06T16:58:56+00:00\",\"dateModified\":\"2025-09-10T21:26:22+00:00\",\"breadcrumb\":{\"@id\":\"https:\/\/www.gpjbaker.com\/fr\/marques\/gp-j-baker\/ashmore-wallpaper\/#breadcrumb\"},\"inLanguage\":\"fr-FR\",\"potentialAction\":[{\"@type\":\"ReadAction\",\"target\":[\"https:\/\/www.gpjbaker.com\/fr\/marques\/gp-j-baker\/ashmore-wallpaper\/\"]}]},{\"@type\":\"ImageObject\",\"inLanguage\":\"fr-FR\",\"@id\":\"https:\/\/www.gpjbaker.com\/fr\/marques\/gp-j-baker\/ashmore-wallpaper\/#primaryimage\",\"url\":\"https:\/\/www.gpjbaker.com\/wp-content\/uploads\/2022\/06\/Ashmore-Thumb-FR-1.jpg\",\"contentUrl\":\"https:\/\/www.gpjbaker.com\/wp-content\/uploads\/2022\/06\/Ashmore-Thumb-FR-1.jpg\",\"width\":400,\"height\":255,\"caption\":\"Ashmore Wallpaper est une collection exceptionnelle de rev\u00eatements muraux d\u00e9coratifs. El\u00e9gants et polyvalents, les designs s'adaptent parfaitement \u00e0 tous les styles d'int\u00e9rieurs.\"},{\"@type\":\"BreadcrumbList\",\"@id\":\"https:\/\/www.gpjbaker.com\/fr\/marques\/gp-j-baker\/ashmore-wallpaper\/#breadcrumb\",\"itemListElement\":[{\"@type\":\"ListItem\",\"position\":1,\"name\":\"Home\",\"item\":\"https:\/\/www.gpjbaker.com\/fr\/\"},{\"@type\":\"ListItem\",\"position\":2,\"name\":\"Marques\",\"item\":\"https:\/\/www.gpjbaker.com\/fr\/marques\/\"},{\"@type\":\"ListItem\",\"position\":3,\"name\":\"GP &#038; J Baker\",\"item\":\"https:\/\/www.gpjbaker.com\/fr\/marques\/gp-j-baker\/\"},{\"@type\":\"ListItem\",\"position\":4,\"name\":\"Ashmore Wallpaper\"}]},{\"@type\":\"WebSite\",\"@id\":\"https:\/\/www.gpjbaker.com\/#website\",\"url\":\"https:\/\/www.gpjbaker.com\/\",\"name\":\"G P &amp; J Baker\",\"description\":\"\",\"potentialAction\":[{\"@type\":\"SearchAction\",\"target\":{\"@type\":\"EntryPoint\",\"urlTemplate\":\"https:\/\/www.gpjbaker.com\/?s={search_term_string}\"},\"query-input\":{\"@type\":\"PropertyValueSpecification\",\"valueRequired\":true,\"valueName\":\"search_term_string\"}}],\"inLanguage\":\"fr-FR\"}]}<\/script>\n<!-- \/ Yoast SEO plugin. -->","yoast_head_json":{"title":"Ashmore Wallpaper - G P &amp; J Baker","robots":{"index":"index","follow":"follow","max-snippet":"max-snippet:-1","max-image-preview":"max-image-preview:large","max-video-preview":"max-video-preview:-1"},"canonical":"https:\/\/www.gpjbaker.com\/fr\/marques\/gp-j-baker\/ashmore-wallpaper\/","og_locale":"fr_FR","og_type":"article","og_title":"Ashmore Wallpaper - G P &amp; J Baker","og_description":"[vc_row][vc_column][vc_column_text css=&#8221;&#8221;]Ashmore Wallpaper est une collection exceptionnelle de rev\u00eatements muraux d\u00e9coratifs, offrant une vision moderne de la quintessence de la maison de campagne anglaise et de la campagne environnante. Les motifs sont \u00e9l\u00e9gants et polyvalents, parfaitement adapt\u00e9s \u00e0 tous les styles d&#8217;int\u00e9rieurs et pr\u00e9sent\u00e9s dans une jolie palette allant des nuances douces et modernes de... Voir l'article","og_url":"https:\/\/www.gpjbaker.com\/fr\/marques\/gp-j-baker\/ashmore-wallpaper\/","og_site_name":"G P &amp; J Baker","article_modified_time":"2025-09-10T21:26:22+00:00","og_image":[{"width":400,"height":255,"url":"https:\/\/www.gpjbaker.com\/wp-content\/uploads\/2022\/06\/Ashmore-Thumb-FR-1.jpg","type":"image\/jpeg"}],"twitter_card":"summary_large_image","twitter_misc":{"Est. reading time":"1 minute"},"schema":{"@context":"https:\/\/schema.org","@graph":[{"@type":"WebPage","@id":"https:\/\/www.gpjbaker.com\/fr\/marques\/gp-j-baker\/ashmore-wallpaper\/","url":"https:\/\/www.gpjbaker.com\/fr\/marques\/gp-j-baker\/ashmore-wallpaper\/","name":"Ashmore Wallpaper - G P &amp; J Baker","isPartOf":{"@id":"https:\/\/www.gpjbaker.com\/#website"},"primaryImageOfPage":{"@id":"https:\/\/www.gpjbaker.com\/fr\/marques\/gp-j-baker\/ashmore-wallpaper\/#primaryimage"},"image":{"@id":"https:\/\/www.gpjbaker.com\/fr\/marques\/gp-j-baker\/ashmore-wallpaper\/#primaryimage"},"thumbnailUrl":"https:\/\/www.gpjbaker.com\/wp-content\/uploads\/2022\/06\/Ashmore-Thumb-FR-1.jpg","datePublished":"2022-06-06T16:58:56+00:00","dateModified":"2025-09-10T21:26:22+00:00","breadcrumb":{"@id":"https:\/\/www.gpjbaker.com\/fr\/marques\/gp-j-baker\/ashmore-wallpaper\/#breadcrumb"},"inLanguage":"fr-FR","potentialAction":[{"@type":"ReadAction","target":["https:\/\/www.gpjbaker.com\/fr\/marques\/gp-j-baker\/ashmore-wallpaper\/"]}]},{"@type":"ImageObject","inLanguage":"fr-FR","@id":"https:\/\/www.gpjbaker.com\/fr\/marques\/gp-j-baker\/ashmore-wallpaper\/#primaryimage","url":"https:\/\/www.gpjbaker.com\/wp-content\/uploads\/2022\/06\/Ashmore-Thumb-FR-1.jpg","contentUrl":"https:\/\/www.gpjbaker.com\/wp-content\/uploads\/2022\/06\/Ashmore-Thumb-FR-1.jpg","width":400,"height":255,"caption":"Ashmore Wallpaper est une collection exceptionnelle de rev\u00eatements muraux d\u00e9coratifs. El\u00e9gants et polyvalents, les designs s'adaptent parfaitement \u00e0 tous les styles d'int\u00e9rieurs."},{"@type":"BreadcrumbList","@id":"https:\/\/www.gpjbaker.com\/fr\/marques\/gp-j-baker\/ashmore-wallpaper\/#breadcrumb","itemListElement":[{"@type":"ListItem","position":1,"name":"Home","item":"https:\/\/www.gpjbaker.com\/fr\/"},{"@type":"ListItem","position":2,"name":"Marques","item":"https:\/\/www.gpjbaker.com\/fr\/marques\/"},{"@type":"ListItem","position":3,"name":"GP &#038; J Baker","item":"https:\/\/www.gpjbaker.com\/fr\/marques\/gp-j-baker\/"},{"@type":"ListItem","position":4,"name":"Ashmore Wallpaper"}]},{"@type":"WebSite","@id":"https:\/\/www.gpjbaker.com\/#website","url":"https:\/\/www.gpjbaker.com\/","name":"G P &amp; J Baker","description":"","potentialAction":[{"@type":"SearchAction","target":{"@type":"EntryPoint","urlTemplate":"https:\/\/www.gpjbaker.com\/?s={search_term_string}"},"query-input":{"@type":"PropertyValueSpecification","valueRequired":true,"valueName":"search_term_string"}}],"inLanguage":"fr-FR"}]}},"_links":{"self":[{"href":"https:\/\/www.gpjbaker.com\/fr\/wp-json\/wp\/v2\/pages\/10059","targetHints":{"allow":["GET"]}}],"collection":[{"href":"https:\/\/www.gpjbaker.com\/fr\/wp-json\/wp\/v2\/pages"}],"about":[{"href":"https:\/\/www.gpjbaker.com\/fr\/wp-json\/wp\/v2\/types\/page"}],"author":[{"embeddable":true,"href":"https:\/\/www.gpjbaker.com\/fr\/wp-json\/wp\/v2\/users\/6"}],"replies":[{"embeddable":true,"href":"https:\/\/www.gpjbaker.com\/fr\/wp-json\/wp\/v2\/comments?post=10059"}],"version-history":[{"count":6,"href":"https:\/\/www.gpjbaker.com\/fr\/wp-json\/wp\/v2\/pages\/10059\/revisions"}],"predecessor-version":[{"id":13185,"href":"https:\/\/www.gpjbaker.com\/fr\/wp-json\/wp\/v2\/pages\/10059\/revisions\/13185"}],"up":[{"embeddable":true,"href":"https:\/\/www.gpjbaker.com\/fr\/wp-json\/wp\/v2\/pages\/4605"}],"wp:featuredmedia":[{"embeddable":true,"href":"https:\/\/www.gpjbaker.com\/fr\/wp-json\/wp\/v2\/media\/10063"}],"wp:attachment":[{"href":"https:\/\/www.gpjbaker.com\/fr\/wp-json\/wp\/v2\/media?parent=10059"}],"curies":[{"name":"wp","href":"https:\/\/api.w.org\/{rel}","templated":true}]}}